{"id":9,"date":"2020-10-24T19:37:52","date_gmt":"2020-10-24T19:37:52","guid":{"rendered":"http:\/\/10.40.0.11\/?page_id=9"},"modified":"2020-11-02T16:06:55","modified_gmt":"2020-11-02T16:06:55","slug":"gamle-bilder-fra-tveito","status":"publish","type":"page","link":"https:\/\/tveitosida.no\/index.php\/gamle-bilder-fra-tveito\/","title":{"rendered":"Gamle bilder fr\u00e5 Tveito"},"content":{"rendered":"<p>Familiebilde fr\u00e5 1912. Fr\u00e5 venstre: Mons Tvedt, Johanna (s\u00f8ster til<br \/>\nKarolina), Ragnhild, Elias, Karolina, B\u00e5rd, Ola, Ragnvald, Ragnhild og Jakob Tvedt.&nbsp; B\u00e5rd Tvedt f.1910, (min bestefar), sitter her p\u00e5 fanget til mor si. Her kan ein ogs\u00e5 sj\u00e5 pipe i kammerset.<br \/>\n<img loading=\"lazy\" src=\"http:\/\/tveitosida.no\/wp-content\/uploads\/gamle_folder\/gamletveito\/Tveito_fam2_600.jpg\" width=\"600\" height=\"430\" border=\"0\"><\/p>\n<p>Familiebilde fr\u00e5 1908 ca. Fr\u00e5 venstre Ragnvald Tvedt, Mons Tvedt, Ola B\u00e5rson \u00d8vretveit (far til Karolina), Ragnhild Hauge, Karoline Tvedt og Johannes Tvedt.<br \/>\n<img loading=\"lazy\" src=\"http:\/\/tveitosida.no\/wp-content\/uploads\/gamle_folder\/gamletveito\/Tveito_fam_Ole_c.jpg\" width=\"600\" height=\"407\" border=\"0\"><\/p>\n<p>Mons og Karolina<br \/>\n<img loading=\"lazy\" src=\"http:\/\/tveitosida.no\/wp-content\/uploads\/gamle_folder\/gamletveito\/MonsKaro.jpg\" width=\"600\" height=\"429\" border=\"0\"><\/p>\n<p>Mons&#8217; forfedre<br \/>\n<img loading=\"lazy\" src=\"http:\/\/tveitosida.no\/wp-content\/uploads\/gamle_folder\/gamletveito\/MonsNTSlekt.jpg\" width=\"689\" height=\"663\" border=\"0\"><\/p>\n<p>Karolina m\/s\u00f8nene: Kristian, B\u00e5rd, Johannes, Elias.<br \/>\n<img loading=\"lazy\" src=\"http:\/\/tveitosida.no\/wp-content\/uploads\/gamle_folder\/gamletveito\/Karsoner.jpg\" width=\"600\" height=\"407\" border=\"0\"><\/p>\n<p>B\u00e5rd som liten, f\u00f8dt 1910.<br \/>\n<img loading=\"lazy\" src=\"http:\/\/tveitosida.no\/wp-content\/uploads\/gamle_folder\/gamletveito\/BaardLiten.jpg\" width=\"350\" height=\"529\" border=\"0\"><\/p>\n<p>Familiebilde fr\u00e5 Tveito ca 1925: Mons Tvedt, Magnhild Nesb\u00f8, Karoline Tvedt, Bestemora Ragnhild, Gunnhild Tjora, Ragnhild Hauge, Kristian Tvedt og ukjent kvinne.<br \/>\n<img loading=\"lazy\" src=\"http:\/\/tveitosida.no\/wp-content\/uploads\/gamle_folder\/gamletveito\/FamilieTveito_ca1925.jpg\" width=\"600\" height=\"511\" border=\"0\"><\/p>\n<p>Sitjande bilde fr\u00e5 Tveito ca 1925: Karoline Tvedt, Bestemora Ragnhild, ukjent kvinne, Ragnvald Tvedt, Ragnhild Hauge. Framme: Kristian Tvedt, Gunnhild Tjora, Magnhild Nesb\u00f8.<br \/>\n<img loading=\"lazy\" src=\"http:\/\/tveitosida.no\/wp-content\/uploads\/gamle_folder\/gamletveito\/FamilieTveito_ca1925_3_600.jpg\" width=\"600\" height=\"406\" border=\"0\"><\/p>\n<p>B\u00e5rd Tvedt, Aslaug Tvedt, Ragnhild Hauge, Kristian Tvedt, Gunnhild Tjora, Elias Tvedt, Magnhild Nesb\u00f8 og Olaug s\u00f8ster til Aslaug.<br \/>\n<img loading=\"lazy\" src=\"http:\/\/tveitosida.no\/wp-content\/uploads\/gamle_folder\/gamletveito\/BardSosken_mfl_csv.jpg\" width=\"600\" height=\"422\" border=\"0\"><\/p>\n<p>Fr\u00e5 venstre: Ragnhild med K\u00e5re (baby), Borgny, Kjellaug. Fr\u00e5 h\u00f8gre Karoline, Aslaug med Pernhild, Magnus. Bak fr\u00e5 venstre: Gunnhild, Kristian, Magnhild.<br \/>\n<img loading=\"lazy\" src=\"http:\/\/tveitosida.no\/wp-content\/uploads\/gamle_folder\/gamletveito\/KarolinaGumfl.jpg\" width=\"600\" height=\"398\" border=\"0\"><\/p>\n<p>Karolina og Gunnhild (mor og datter).<br \/>\n<img loading=\"lazy\" src=\"http:\/\/tveitosida.no\/wp-content\/uploads\/gamle_folder\/gamletveito\/KarolinaGunnhild.jpg\" width=\"350\" height=\"505\" border=\"0\"><\/p>\n<p>Karolina med John og Birger p\u00e5 fanget. Mi oldemor (mor til B\u00e5rd). Her ser ein ogs\u00e5 korleis tunet s\u00e5g ut f\u00f8r siloane vart bygd.<br \/>\n<img loading=\"lazy\" src=\"http:\/\/tveitosida.no\/wp-content\/uploads\/gamle_folder\/gamletveito\/Bestemor_mStoretv_c.jpg\" width=\"600\" height=\"383\" border=\"0\"><\/p>\n<p>B\u00e5rd.<br \/>\nB\u00e5rd i 1932.<br \/>\n<img loading=\"lazy\" src=\"http:\/\/tveitosida.no\/wp-content\/uploads\/gamle_folder\/gamletveito\/BardP2.jpg\" width=\"345\" height=\"528\" border=\"0\"><\/p>\n<p><img loading=\"lazy\" src=\"http:\/\/tveitosida.no\/wp-content\/uploads\/gamle_folder\/gamletveito\/Baard1932.jpg\" width=\"350\" height=\"528\" border=\"0\"><\/p>\n<p>Jenny og B\u00e5rd. Desse bildene gav dei til kvarande som bilder av kvarandre.<br \/>\n<img loading=\"lazy\" src=\"http:\/\/tveitosida.no\/wp-content\/uploads\/gamle_folder\/gamletveito\/100_5434_Jen_.jpg\" width=\"350\" height=\"466\" border=\"0\"><\/p>\n<p><img loading=\"lazy\" src=\"http:\/\/tveitosida.no\/wp-content\/uploads\/gamle_folder\/gamletveito\/Baard1937mat.jpg\" width=\"294\" height=\"466\" border=\"0\"><\/p>\n<p>Jenny og B\u00e5rd p\u00e5 Tveito i 1934.<br \/>\n<img loading=\"lazy\" src=\"http:\/\/tveitosida.no\/wp-content\/uploads\/gamle_folder\/gamletveito\/JennyBardTveito1934.jpg\" width=\"363\" height=\"432\" border=\"0\"><\/p>\n<p><img loading=\"lazy\" src=\"http:\/\/tveitosida.no\/wp-content\/uploads\/gamle_folder\/gamletveito\/100_5428R_BJ_.jpg\" width=\"338\" height=\"432\" border=\"0\"><\/p>\n<p>Bryllupet til Jenny og B\u00e5rd i 1937.<br \/>\n<img loading=\"lazy\" src=\"http:\/\/tveitosida.no\/wp-content\/uploads\/gamle_folder\/gamletveito\/JennyBrudsv.jpg\" width=\"350\" height=\"500\" border=\"0\"><\/p>\n<p><img loading=\"lazy\" src=\"http:\/\/tveitosida.no\/wp-content\/uploads\/gamle_folder\/gamletveito\/JennyBaardBrudsv.jpg\" width=\"352\" height=\"500\" border=\"0\"><\/p>\n<p>Familien Mons og Karoline Tvedt (sittande): Fr\u00e5 venstre st\u00e5ande: Ola, Elias, Ragnhild, B\u00e5rd, Gunnhild, Kristian, Magnhild, Johannes, Ragnvald.<br \/>\n<img loading=\"lazy\" src=\"http:\/\/tveitosida.no\/wp-content\/uploads\/gamle_folder\/gamletveito\/SoskenBaard9A.jpg\" width=\"600\" height=\"440\" border=\"0\"><\/p>\n<p>Fv.b. Johannes, B\u00e5rd, Elias, Kristian<br \/>\nFv.f. Ragnhild, Ole, Magnhild, Gunnhild (J. Nesb\u00f8 sin 75 \u00e5rs dag.)<br \/>\n<img loading=\"lazy\" src=\"http:\/\/tveitosida.no\/wp-content\/uploads\/gamle_folder\/gamletveito\/BardmSosken.jpg\" width=\"600\" height=\"414\" border=\"0\"><\/p>\n<p>Bak: Elias, Kristian, B\u00e5rd, Ola, Johannes, framme: Magnhild, Gunnhild,<br \/>\nRagnhild.<br \/>\n<img loading=\"lazy\" src=\"http:\/\/tveitosida.no\/wp-content\/uploads\/gamle_folder\/gamletveito\/BardSosk3.jpg\" width=\"600\" height=\"410\" border=\"0\"><\/p>\n<p>Mons og Karolina.<br \/>\n<img loading=\"lazy\" src=\"http:\/\/tveitosida.no\/wp-content\/uploads\/gamle_folder\/gamletveito\/MonsKarolinasv.jpg\" width=\"350\" height=\"393\" border=\"0\"><\/p>\n<p>Mons og Karolina sitt gullbryllup.<br \/>\n<img loading=\"lazy\" src=\"http:\/\/tveitosida.no\/wp-content\/uploads\/gamle_folder\/gamletveito\/KaMon50b.jpg\" width=\"350\" height=\"530\" border=\"0\"><\/p>\n<p>John og Birger (f\u00f8dt 1938).<br \/>\n<img loading=\"lazy\" src=\"http:\/\/tveitosida.no\/wp-content\/uploads\/gamle_folder\/gamletveito\/BirgJohn.jpg\" width=\"350\" height=\"437\" border=\"0\"><\/p>\n<p>Jenny og B\u00e5rd med dei eldste tvillingane.<br \/>\n<img loading=\"lazy\" src=\"http:\/\/tveitosida.no\/wp-content\/uploads\/gamle_folder\/gamletveito\/JBTvTalvik1939.jpg\" width=\"600\" height=\"416\" border=\"0\"><\/p>\n<p>Birger og John<br \/>\n<img loading=\"lazy\" src=\"http:\/\/tveitosida.no\/wp-content\/uploads\/gamle_folder\/gamletveito\/BirgerJohnsv.jpg\" width=\"600\" height=\"448\" border=\"0\"><\/p>\n<p>Jenny, John, Birger og B\u00e5rd<br \/>\n<img loading=\"lazy\" src=\"http:\/\/tveitosida.no\/wp-content\/uploads\/gamle_folder\/gamletveito\/JennyJBBard2_600.jpg\" width=\"600\" height=\"396\" border=\"0\"><\/p>\n<p>Arne, John, Knut og Birger.<br \/>\n<img loading=\"lazy\" src=\"http:\/\/tveitosida.no\/wp-content\/uploads\/gamle_folder\/gamletveito\/XJohnXBirger.jpg\" width=\"350\" height=\"524\" border=\"0\"><\/p>\n<p>Jenny og B\u00e5rd<br \/>\n<img loading=\"lazy\" src=\"http:\/\/tveitosida.no\/wp-content\/uploads\/gamle_folder\/gamletveito\/Jen_Baard.jpg\" width=\"300\" height=\"393\" border=\"0\"><br \/>\nGunnhild og Johan Tjora sitt bryllup 1943. Her ser me l\u00f8nna og tunet i bakgrunnen.<br \/>\n<img loading=\"lazy\" src=\"http:\/\/tveitosida.no\/wp-content\/uploads\/gamle_folder\/gamletveito\/JTjora.jpg\" width=\"600\" height=\"408\" border=\"0\"><\/p>\n<p>Ninni.<br \/>\n<img loading=\"lazy\" src=\"http:\/\/tveitosida.no\/wp-content\/uploads\/gamle_folder\/gamletveito\/100_5425RNinni.jpg\" width=\"600\" height=\"460\" border=\"0\"><\/p>\n<p>Bestemora Karoline med Ninni.<br \/>\n<img loading=\"lazy\" src=\"http:\/\/tveitosida.no\/wp-content\/uploads\/gamle_folder\/gamletveito\/100_5426RBeNinni_.jpg\" width=\"465\" height=\"779\" border=\"0\"><\/p>\n<p>Jenny og B\u00e5rd med John, Ninni og Birger.<br \/>\n<img loading=\"lazy\" src=\"http:\/\/tveitosida.no\/wp-content\/uploads\/gamle_folder\/gamletveito\/100_5433SoskNi.jpg\" width=\"600\" height=\"450\" border=\"0\"><\/p>\n<p>Jenny og Ninni.<br \/>\n<img loading=\"lazy\" src=\"http:\/\/tveitosida.no\/wp-content\/uploads\/gamle_folder\/gamletveito\/Jen_Nin3.jpg\" width=\"350\" height=\"470\" border=\"0\"><\/p>\n<p>Ninni sin konfirmasjon 1956.<br \/>\n<img loading=\"lazy\" src=\"http:\/\/tveitosida.no\/wp-content\/uploads\/gamle_folder\/gamletveito\/NinniKonf1956x.jpg\" width=\"600\" height=\"384\" border=\"0\"><\/p>\n<p>Ove og Magne.<br \/>\n<img loading=\"lazy\" src=\"http:\/\/tveitosida.no\/wp-content\/uploads\/gamle_folder\/gamletveito\/OveMag.jpg\" width=\"600\" height=\"371\" border=\"0\"><\/p>\n<p>Ove og Magne<br \/>\n<img loading=\"lazy\" src=\"http:\/\/tveitosida.no\/wp-content\/uploads\/gamle_folder\/gamletveito\/OveMag4.jpg\" width=\"600\" height=\"393\" border=\"0\"><\/p>\n<p>Magne, \u00c5sta Lid (g. 1857 med Asbj\u00f8rn Lid brn 8, tjeneste jente her) og Ove<br \/>\n<img loading=\"lazy\" src=\"http:\/\/tveitosida.no\/wp-content\/uploads\/gamle_folder\/gamletveito\/MagDaOve.jpg\" width=\"600\" height=\"392\" border=\"0\"><\/p>\n<p>Ei av luene dei brukte p\u00e5 bildene. Ser ut som dei hadde lysebl\u00e5 tr\u00f8ye lik.<br \/>\n<img loading=\"lazy\" src=\"http:\/\/tveitosida.no\/wp-content\/uploads\/gamle_folder\/gamletveito\/IMG_7165LueMO.jpg\" width=\"600\" height=\"508\" border=\"0\"><\/p>\n<p>Jenny (mi bestemor) med barna.<br \/>\n<img loading=\"lazy\" src=\"http:\/\/tveitosida.no\/wp-content\/uploads\/gamle_folder\/gamletveito\/JeBarn.jpg\" width=\"600\" height=\"415\" border=\"0\"><\/p>\n<p>Magne og Ove<br \/>\n<img loading=\"lazy\" src=\"http:\/\/tveitosida.no\/wp-content\/uploads\/gamle_folder\/gamletveito\/OvMaMel.jpg\" width=\"400\" height=\"438\" border=\"0\"><\/p>\n<p>Ove og Magne i trilleb\u00e5ra.<br \/>\n<img loading=\"lazy\" src=\"http:\/\/tveitosida.no\/wp-content\/uploads\/gamle_folder\/gamletveito\/OvMaTril.jpg\" width=\"600\" height=\"395\" border=\"0\"><\/p>\n<p>Magne og Ove.<br \/>\n<img loading=\"lazy\" src=\"http:\/\/tveitosida.no\/wp-content\/uploads\/gamle_folder\/gamletveito\/MagOve.jpg\" width=\"600\" height=\"390\" border=\"0\"><\/p>\n<p>Ove, Kjellaug Nesb\u00f8 og Magne<br \/>\n<img loading=\"lazy\" src=\"http:\/\/tveitosida.no\/wp-content\/uploads\/gamle_folder\/gamletveito\/OveMag3.jpg\" width=\"600\" height=\"491\" border=\"0\"><\/p>\n<p>Ove og Magne<br \/>\n<img loading=\"lazy\" src=\"http:\/\/tveitosida.no\/wp-content\/uploads\/gamle_folder\/gamletveito\/OveMag2.jpg\" width=\"600\" height=\"445\" border=\"0\"><\/p>\n<p>Magne og Ove<br \/>\n<img loading=\"lazy\" src=\"http:\/\/tveitosida.no\/wp-content\/uploads\/gamle_folder\/gamletveito\/MagneOveSv.jpg\" width=\"600\" height=\"398\" border=\"0\"><\/p>\n<p>Magne, Jenny og Ove<br \/>\n<img loading=\"lazy\" src=\"http:\/\/tveitosida.no\/wp-content\/uploads\/gamle_folder\/gamletveito\/IMG_6755JennMagOve.jpg\" width=\"600\" height=\"406\" border=\"0\"><\/p>\n<p>John med Magne, og Birger med Ove.<br \/>\n<img loading=\"lazy\" src=\"http:\/\/tveitosida.no\/wp-content\/uploads\/gamle_folder\/gamletveito\/Tosetttvilling2.jpg\" width=\"600\" height=\"386\" border=\"0\"><\/p>\n<p>Magne, John, Ninni, Birger og Ove.<br \/>\n<img loading=\"lazy\" src=\"http:\/\/tveitosida.no\/wp-content\/uploads\/gamle_folder\/gamletveito\/Fem_sosken.jpg\" width=\"600\" height=\"448\" border=\"0\"><\/p>\n<p>Magne, Ole B\u00e5rdsen og Ove.<br \/>\n<img loading=\"lazy\" src=\"http:\/\/tveitosida.no\/wp-content\/uploads\/gamle_folder\/gamletveito\/MaOleOv.jpg\" width=\"600\" height=\"494\" border=\"0\"><\/p>\n<p>Ove og Magne<br \/>\n<img loading=\"lazy\" src=\"http:\/\/tveitosida.no\/wp-content\/uploads\/gamle_folder\/gamletveito\/Ov_Ma.jpg\" width=\"350\" height=\"340\" border=\"0\"><\/p>\n<p>Birger og John<br \/>\n<img loading=\"lazy\" src=\"http:\/\/tveitosida.no\/wp-content\/uploads\/gamle_folder\/gamletveito\/DapBirJoh2.jpg\" width=\"350\" height=\"472\" border=\"0\"><\/p>\n<p>D\u00e5pen til Magne og Ove<br \/>\n<img loading=\"lazy\" src=\"http:\/\/tveitosida.no\/wp-content\/uploads\/gamle_folder\/gamletveito\/DapMaOv.jpg\" width=\"350\" height=\"484\" border=\"0\"><\/p>\n<p><img loading=\"lazy\" src=\"http:\/\/tveitosida.no\/wp-content\/uploads\/gamle_folder\/gamletveito\/MagneOveDaap2_c.jpg\" width=\"600\" height=\"469\" border=\"0\"><\/p>\n<p>Tunet, med sm\u00e5 tvillingane.<br \/>\n<img loading=\"lazy\" src=\"http:\/\/tveitosida.no\/wp-content\/uploads\/gamle_folder\/gamletveito\/TunetGml.jpg\" width=\"600\" height=\"392\" border=\"0\"><\/p>\n<p>Ove og Magne<br \/>\n<img loading=\"lazy\" src=\"http:\/\/tveitosida.no\/wp-content\/uploads\/gamle_folder\/gamletveito\/Smatv.jpg\" width=\"300\" height=\"444\" border=\"0\"><\/p>\n<p>Magne, Ninni og Ove.<br \/>\n<img loading=\"lazy\" src=\"http:\/\/tveitosida.no\/wp-content\/uploads\/gamle_folder\/gamletveito\/MaNinOv.jpg\" width=\"600\" height=\"416\" border=\"0\"><\/p>\n<p>Sm\u00e5tvillingane rotar i vatn<br \/>\n<img loading=\"lazy\" src=\"http:\/\/tveitosida.no\/wp-content\/uploads\/gamle_folder\/gamletveito\/IMG_6751MagOve.jpg\" width=\"600\" height=\"451\" border=\"0\"><\/p>\n<p>Framme fr\u00e5 venstre: Ole Nesb\u00f8, Mons Tjora, Ove Tvedt, Torhild Tjora, Magne Tvedt.<br \/>\nBak fr\u00e5 venstre: Johan Tjora, B\u00e5rd Tvedt, Magnhild Nesb\u00f8, Hans Magne Tjora, Ninni Tvedt, Ragnhild Hauge.<br \/>\n<img loading=\"lazy\" src=\"http:\/\/tveitosida.no\/wp-content\/uploads\/gamle_folder\/gamletveito\/GmlhuMM.jpg\" width=\"600\" height=\"357\" border=\"0\"><\/p>\n<p>Familiebilde.<br \/>\n<img loading=\"lazy\" src=\"http:\/\/tveitosida.no\/wp-content\/uploads\/gamle_folder\/gamletveito\/JennyBaardFam.jpg\" width=\"600\" height=\"416\" border=\"0\"><\/p>\n<p>I tunet, Magne og Ove.<br \/>\n<img loading=\"lazy\" src=\"http:\/\/tveitosida.no\/wp-content\/uploads\/gamle_folder\/gamletveito\/MagneOveKatt.jpg\" width=\"600\" height=\"389\" border=\"0\"><\/p>\n<p>Konfirmasjonen. Ove og Magne.<br \/>\n<img loading=\"lazy\" src=\"http:\/\/tveitosida.no\/wp-content\/uploads\/gamle_folder\/gamletveito\/OveMagneKonf.jpg\" width=\"350\" height=\"504\" border=\"0\"><\/p>\n<p>B\u00e5rd Tvedt 1962.<br \/>\n<img loading=\"lazy\" src=\"http:\/\/tveitosida.no\/wp-content\/uploads\/gamle_folder\/gamletveito\/BaardTvedt1962.jpg\" width=\"350\" height=\"425\" border=\"0\"><\/p>\n<p>Konfirmasjonsalder<br \/>\n<img loading=\"lazy\" src=\"http:\/\/tveitosida.no\/wp-content\/uploads\/gamle_folder\/gamletveito\/Konfalder\/Stovamat.jpg\" width=\"600\" height=\"514\" border=\"0\"><\/p>\n<p><img loading=\"lazy\" src=\"http:\/\/tveitosida.no\/wp-content\/uploads\/gamle_folder\/gamletveito\/Konfalder\/FamTreplb.jpg\" width=\"600\" height=\"525\" border=\"0\"><\/p>\n<p><img loading=\"lazy\" src=\"http:\/\/tveitosida.no\/wp-content\/uploads\/gamle_folder\/gamletveito\/Konfalder\/FamTvvatn2b.jpg\" width=\"600\" height=\"404\" border=\"0\"><\/p>\n<p><img loading=\"lazy\" src=\"http:\/\/tveitosida.no\/wp-content\/uploads\/gamle_folder\/gamletveito\/Konfalder\/FamTvvatnb.jpg\" width=\"600\" height=\"450\" border=\"0\"><\/p>\n<p>Konfirmasjonen<br \/>\n<img loading=\"lazy\" src=\"http:\/\/tveitosida.no\/wp-content\/uploads\/gamle_folder\/gamletveito\/Konfalder\/Konffam2.jpg\" width=\"600\" height=\"450\" border=\"0\"><\/p>\n<p><img loading=\"lazy\" src=\"http:\/\/tveitosida.no\/wp-content\/uploads\/gamle_folder\/gamletveito\/Konfalder\/Konffrdr.jpg\" width=\"600\" height=\"627\" border=\"0\"><\/p>\n<p><img loading=\"lazy\" src=\"http:\/\/tveitosida.no\/wp-content\/uploads\/gamle_folder\/gamletveito\/Konfalder\/Konfkort2.jpg\" width=\"600\" height=\"412\" border=\"0\"><\/p>\n<p><img loading=\"lazy\" src=\"http:\/\/tveitosida.no\/wp-content\/uploads\/gamle_folder\/gamletveito\/Konfalder\/Konfkort.jpg\" width=\"600\" height=\"450\" border=\"0\"><\/p>\n<p><img loading=\"lazy\" src=\"http:\/\/tveitosida.no\/wp-content\/uploads\/gamle_folder\/gamletveito\/Konfalder\/Konfmat2b.jpg\" width=\"600\" height=\"485\" border=\"0\"><\/p>\n<p><img loading=\"lazy\" src=\"http:\/\/tveitosida.no\/wp-content\/uploads\/gamle_folder\/gamletveito\/Konfalder\/Konfmat.jpg\" width=\"600\" height=\"448\" border=\"0\"><\/p>\n<p><img loading=\"lazy\" src=\"http:\/\/tveitosida.no\/wp-content\/uploads\/gamle_folder\/gamletveito\/Konfalder\/Konfsosk.jpg\" width=\"600\" height=\"458\" border=\"0\"><\/p>\n<p><img loading=\"lazy\" src=\"http:\/\/tveitosida.no\/wp-content\/uploads\/gamle_folder\/gamletveito\/Konfalder\/Konfutsi.jpg\" width=\"600\" height=\"454\" border=\"0\"><\/p>\n<p><img loading=\"lazy\" src=\"http:\/\/tveitosida.no\/wp-content\/uploads\/gamle_folder\/gamletveito\/Konfalder\/Bilpaatunet.jpg\" width=\"600\" height=\"450\" border=\"0\"><\/p>\n<p><img loading=\"lazy\" src=\"http:\/\/tveitosida.no\/wp-content\/uploads\/gamle_folder\/gamletveito\/Konfalder\/MaOvkalv.jpg\" width=\"600\" height=\"425\" border=\"0\"><\/p>\n<p><img loading=\"lazy\" src=\"http:\/\/tveitosida.no\/wp-content\/uploads\/gamle_folder\/gamletveito\/Konfalder\/SlottHeiab.jpg\" width=\"600\" height=\"456\" border=\"0\"><\/p>\n<p>P\u00e5 \u00d8stlandet<br \/>\n<img loading=\"lazy\" src=\"http:\/\/tveitosida.no\/wp-content\/uploads\/gamle_folder\/gamletveito\/Konfalder\/BrReinHard65.jpg\" width=\"600\" height=\"450\" border=\"0\"><\/p>\n<p><img loading=\"lazy\" src=\"http:\/\/tveitosida.no\/wp-content\/uploads\/gamle_folder\/gamletveito\/Konfalder\/BrJeMO.jpg\" width=\"600\" height=\"450\" border=\"0\"><\/p>\n<p><img loading=\"lazy\" src=\"http:\/\/tveitosida.no\/wp-content\/uploads\/gamle_folder\/gamletveito\/Konfalder\/BrKokstad65.jpg\" width=\"600\" height=\"450\" border=\"0\"><\/p>\n<p>Magne og Ove.<br \/>\n<img loading=\"lazy\" src=\"http:\/\/tveitosida.no\/wp-content\/uploads\/gamle_folder\/gamletveito\/MagneOveKan.jpg\" width=\"600\" height=\"437\" border=\"0\"><\/p>\n<p>Fargebilde<br \/>\n<img loading=\"lazy\" src=\"http:\/\/tveitosida.no\/wp-content\/uploads\/gamle_folder\/gamletveito\/JennyBaardFamK.jpg\" width=\"600\" height=\"387\" border=\"0\"><\/p>\n<p>Jenny og B\u00e5rd feirer jul<br \/>\n<img loading=\"lazy\" src=\"http:\/\/tveitosida.no\/wp-content\/uploads\/gamle_folder\/gamletveito\/JennyBardJul_600.jpg\" width=\"600\" height=\"460\" border=\"0\"><\/p>\n<p>B\u00e5rd<br \/>\n<img loading=\"lazy\" src=\"http:\/\/tveitosida.no\/wp-content\/uploads\/gamle_folder\/gamletveito\/BardKjokk.jpg\" width=\"600\" height=\"600\" border=\"0\"><\/p>\n<p>Jenny og B\u00e5rd<br \/>\n<img loading=\"lazy\" src=\"http:\/\/tveitosida.no\/wp-content\/uploads\/gamle_folder\/gamletveito\/JennyogBaard.jpg\" width=\"600\" height=\"421\" border=\"0\"><\/p>\n<p>Jenny<br \/>\n<img loading=\"lazy\" src=\"http:\/\/tveitosida.no\/wp-content\/uploads\/gamle_folder\/gamletveito\/JennySata2.jpg\" width=\"600\" height=\"900\" border=\"0\"><\/p>\n","protected":false},"excerpt":{"rendered":"<p>Familiebilde fr\u00e5 1912. Fr\u00e5 venstre: Mons Tvedt, Johanna (s\u00f8ster til Karolina), Ragnhild, Elias, Karolina, B\u00e5rd, Ola, Ragnvald, Ragnhild og Jakob Tvedt.&nbsp; B\u00e5rd Tvedt f.1910, (min bestefar), sitter her p\u00e5 fanget til mor si. Her kan ein ogs\u00e5 sj\u00e5 pipe i kammerset. Familiebilde fr\u00e5 1908 ca. Fr\u00e5 venstre Ragnvald Tvedt, Mons Tvedt, Ola B\u00e5rson \u00d8vretveit (far &hellip; <a href=\"https:\/\/tveitosida.no\/index.php\/gamle-bilder-fra-tveito\/\" class=\"more-link\">Continue reading <span class=\"screen-reader-text\">Gamle bilder fr\u00e5 Tveito<\/span> <span class=\"meta-nav\">&rarr;<\/span><\/a><\/p>\n","protected":false},"author":1,"featured_media":0,"parent":0,"menu_order":0,"comment_status":"closed","ping_status":"closed","template":"","meta":[],"_links":{"self":[{"href":"https:\/\/tveitosida.no\/index.php\/wp-json\/wp\/v2\/pages\/9"}],"collection":[{"href":"https:\/\/tveitosida.no\/index.php\/wp-json\/wp\/v2\/pages"}],"about":[{"href":"https:\/\/tveitosida.no\/index.php\/wp-json\/wp\/v2\/types\/page"}],"author":[{"embeddable":true,"href":"https:\/\/tveitosida.no\/index.php\/wp-json\/wp\/v2\/users\/1"}],"replies":[{"embeddable":true,"href":"https:\/\/tveitosida.no\/index.php\/wp-json\/wp\/v2\/comments?post=9"}],"version-history":[{"count":16,"href":"https:\/\/tveitosida.no\/index.php\/wp-json\/wp\/v2\/pages\/9\/revisions"}],"predecessor-version":[{"id":1939,"href":"https:\/\/tveitosida.no\/index.php\/wp-json\/wp\/v2\/pages\/9\/revisions\/1939"}],"wp:attachment":[{"href":"https:\/\/tveitosida.no\/index.php\/wp-json\/wp\/v2\/media?parent=9"}],"curies":[{"name":"wp","href":"https:\/\/api.w.org\/{rel}","templated":true}]}}