{"id":4904,"date":"2025-02-16T19:14:19","date_gmt":"2025-02-16T19:14:19","guid":{"rendered":"https:\/\/tveitosida.no\/?page_id=4904"},"modified":"2025-02-16T19:34:43","modified_gmt":"2025-02-16T19:34:43","slug":"tur-til-voss-24","status":"publish","type":"page","link":"https:\/\/tveitosida.no\/index.php\/tur-til-voss-24\/","title":{"rendered":"Tur til Voss \u201824"},"content":{"rendered":"\n<p>Mens noen gikk p\u00e5 Voss vind, var 2 av oss p\u00e5 Voss folkemuseum. Dette kan anbefales. Spesielt artig \u00e5 se de gamle eldhusene de bodde i.<\/p>\n\n\n\n<figure class=\"wp-block-image size-large\"><img loading=\"lazy\" width=\"1024\" height=\"768\" src=\"https:\/\/tveitosida.no\/wp-content\/uploads\/2025\/02\/img_6454-1024x768.jpg\" alt=\"\" class=\"wp-image-4901\" srcset=\"https:\/\/tveitosida.no\/wp-content\/uploads\/2025\/02\/img_6454-1024x768.jpg 1024w, https:\/\/tveitosida.no\/wp-content\/uploads\/2025\/02\/img_6454-300x225.jpg 300w, https:\/\/tveitosida.no\/wp-content\/uploads\/2025\/02\/img_6454-768x576.jpg 768w, https:\/\/tveitosida.no\/wp-content\/uploads\/2025\/02\/img_6454-1536x1152.jpg 1536w, https:\/\/tveitosida.no\/wp-content\/uploads\/2025\/02\/img_6454.jpg 2000w\" sizes=\"(max-width: 1024px) 100vw, 1024px\" \/><\/figure>\n\n\n\n<figure class=\"wp-block-image size-large\"><img loading=\"lazy\" width=\"1024\" height=\"768\" src=\"https:\/\/tveitosida.no\/wp-content\/uploads\/2025\/02\/img_6550-1024x768.jpg\" alt=\"\" class=\"wp-image-4903\" srcset=\"https:\/\/tveitosida.no\/wp-content\/uploads\/2025\/02\/img_6550-1024x768.jpg 1024w, https:\/\/tveitosida.no\/wp-content\/uploads\/2025\/02\/img_6550-300x225.jpg 300w, https:\/\/tveitosida.no\/wp-content\/uploads\/2025\/02\/img_6550-768x576.jpg 768w, https:\/\/tveitosida.no\/wp-content\/uploads\/2025\/02\/img_6550-1536x1152.jpg 1536w, https:\/\/tveitosida.no\/wp-content\/uploads\/2025\/02\/img_6550.jpg 2000w\" sizes=\"(max-width: 1024px) 100vw, 1024px\" \/><\/figure>\n\n\n\n<figure class=\"wp-block-image size-large\"><img loading=\"lazy\" width=\"1024\" height=\"768\" src=\"https:\/\/tveitosida.no\/wp-content\/uploads\/2025\/02\/img_6497-1024x768.jpg\" alt=\"\" class=\"wp-image-4907\" srcset=\"https:\/\/tveitosida.no\/wp-content\/uploads\/2025\/02\/img_6497-1024x768.jpg 1024w, https:\/\/tveitosida.no\/wp-content\/uploads\/2025\/02\/img_6497-300x225.jpg 300w, https:\/\/tveitosida.no\/wp-content\/uploads\/2025\/02\/img_6497-768x576.jpg 768w, https:\/\/tveitosida.no\/wp-content\/uploads\/2025\/02\/img_6497-1536x1152.jpg 1536w, https:\/\/tveitosida.no\/wp-content\/uploads\/2025\/02\/img_6497.jpg 2000w\" sizes=\"(max-width: 1024px) 100vw, 1024px\" \/><\/figure>\n\n\n\n<figure class=\"wp-block-image size-large\"><img loading=\"lazy\" width=\"1024\" height=\"768\" src=\"https:\/\/tveitosida.no\/wp-content\/uploads\/2025\/02\/img_6562-1024x768.jpg\" alt=\"\" class=\"wp-image-4909\" srcset=\"https:\/\/tveitosida.no\/wp-content\/uploads\/2025\/02\/img_6562-1024x768.jpg 1024w, https:\/\/tveitosida.no\/wp-content\/uploads\/2025\/02\/img_6562-300x225.jpg 300w, https:\/\/tveitosida.no\/wp-content\/uploads\/2025\/02\/img_6562-768x576.jpg 768w, https:\/\/tveitosida.no\/wp-content\/uploads\/2025\/02\/img_6562-1536x1152.jpg 1536w, https:\/\/tveitosida.no\/wp-content\/uploads\/2025\/02\/img_6562.jpg 2000w\" sizes=\"(max-width: 1024px) 100vw, 1024px\" \/><\/figure>\n\n\n\n<figure class=\"wp-block-image size-large\"><img loading=\"lazy\" width=\"1024\" height=\"768\" src=\"https:\/\/tveitosida.no\/wp-content\/uploads\/2025\/02\/img_6504-1024x768.jpg\" alt=\"\" class=\"wp-image-4906\" srcset=\"https:\/\/tveitosida.no\/wp-content\/uploads\/2025\/02\/img_6504-1024x768.jpg 1024w, https:\/\/tveitosida.no\/wp-content\/uploads\/2025\/02\/img_6504-300x225.jpg 300w, https:\/\/tveitosida.no\/wp-content\/uploads\/2025\/02\/img_6504-768x576.jpg 768w, https:\/\/tveitosida.no\/wp-content\/uploads\/2025\/02\/img_6504-1536x1152.jpg 1536w, https:\/\/tveitosida.no\/wp-content\/uploads\/2025\/02\/img_6504.jpg 2000w\" sizes=\"(max-width: 1024px) 100vw, 1024px\" \/><\/figure>\n\n\n\n<figure class=\"wp-block-image size-large\"><img loading=\"lazy\" width=\"1024\" height=\"768\" src=\"https:\/\/tveitosida.no\/wp-content\/uploads\/2025\/02\/img_6547-1024x768.jpg\" alt=\"\" class=\"wp-image-4902\" srcset=\"https:\/\/tveitosida.no\/wp-content\/uploads\/2025\/02\/img_6547-1024x768.jpg 1024w, https:\/\/tveitosida.no\/wp-content\/uploads\/2025\/02\/img_6547-300x225.jpg 300w, https:\/\/tveitosida.no\/wp-content\/uploads\/2025\/02\/img_6547-768x576.jpg 768w, https:\/\/tveitosida.no\/wp-content\/uploads\/2025\/02\/img_6547-1536x1152.jpg 1536w, https:\/\/tveitosida.no\/wp-content\/uploads\/2025\/02\/img_6547.jpg 2000w\" sizes=\"(max-width: 1024px) 100vw, 1024px\" \/><\/figure>\n","protected":false},"excerpt":{"rendered":"<p>Mens noen gikk p\u00e5 Voss vind, var 2 av oss p\u00e5 Voss folkemuseum. Dette kan anbefales. Spesielt artig \u00e5 se de gamle eldhusene de bodde i.<\/p>\n","protected":false},"author":1,"featured_media":0,"parent":0,"menu_order":0,"comment_status":"closed","ping_status":"closed","template":"","meta":[],"_links":{"self":[{"href":"https:\/\/tveitosida.no\/index.php\/wp-json\/wp\/v2\/pages\/4904"}],"collection":[{"href":"https:\/\/tveitosida.no\/index.php\/wp-json\/wp\/v2\/pages"}],"about":[{"href":"https:\/\/tveitosida.no\/index.php\/wp-json\/wp\/v2\/types\/page"}],"author":[{"embeddable":true,"href":"https:\/\/tveitosida.no\/index.php\/wp-json\/wp\/v2\/users\/1"}],"replies":[{"embeddable":true,"href":"https:\/\/tveitosida.no\/index.php\/wp-json\/wp\/v2\/comments?post=4904"}],"version-history":[{"count":4,"href":"https:\/\/tveitosida.no\/index.php\/wp-json\/wp\/v2\/pages\/4904\/revisions"}],"predecessor-version":[{"id":4917,"href":"https:\/\/tveitosida.no\/index.php\/wp-json\/wp\/v2\/pages\/4904\/revisions\/4917"}],"wp:attachment":[{"href":"https:\/\/tveitosida.no\/index.php\/wp-json\/wp\/v2\/media?parent=4904"}],"curies":[{"name":"wp","href":"https:\/\/api.w.org\/{rel}","templated":true}]}}