{"id":4491,"date":"2022-08-24T19:08:14","date_gmt":"2022-08-24T19:08:14","guid":{"rendered":"http:\/\/tveitosida.no\/?page_id=4491"},"modified":"2022-08-25T14:20:15","modified_gmt":"2022-08-25T14:20:15","slug":"tur-til-selhamarhytta","status":"publish","type":"page","link":"https:\/\/tveitosida.no\/index.php\/tur-til-selhamarhytta\/","title":{"rendered":"Tur til Selhamarhytta &#8217;22"},"content":{"rendered":"\n<figure class=\"wp-block-image size-large\"><img loading=\"lazy\" width=\"1024\" height=\"768\" src=\"https:\/\/tveitosida.no\/wp-content\/uploads\/2022\/08\/img_5225-1024x768.jpg\" alt=\"\" class=\"wp-image-4513\" srcset=\"https:\/\/tveitosida.no\/wp-content\/uploads\/2022\/08\/img_5225-1024x768.jpg 1024w, https:\/\/tveitosida.no\/wp-content\/uploads\/2022\/08\/img_5225-300x225.jpg 300w, https:\/\/tveitosida.no\/wp-content\/uploads\/2022\/08\/img_5225-768x576.jpg 768w, https:\/\/tveitosida.no\/wp-content\/uploads\/2022\/08\/img_5225-1536x1152.jpg 1536w, https:\/\/tveitosida.no\/wp-content\/uploads\/2022\/08\/img_5225-2048x1536.jpg 2048w\" sizes=\"(max-width: 1024px) 100vw, 1024px\" \/><\/figure>\n\n\n\n<figure class=\"wp-block-image size-large\"><img loading=\"lazy\" width=\"1024\" height=\"768\" src=\"https:\/\/tveitosida.no\/wp-content\/uploads\/2022\/08\/img_5228-1024x768.jpg\" alt=\"\" class=\"wp-image-4514\" srcset=\"https:\/\/tveitosida.no\/wp-content\/uploads\/2022\/08\/img_5228-1024x768.jpg 1024w, https:\/\/tveitosida.no\/wp-content\/uploads\/2022\/08\/img_5228-300x225.jpg 300w, https:\/\/tveitosida.no\/wp-content\/uploads\/2022\/08\/img_5228-768x576.jpg 768w, https:\/\/tveitosida.no\/wp-content\/uploads\/2022\/08\/img_5228-1536x1152.jpg 1536w, https:\/\/tveitosida.no\/wp-content\/uploads\/2022\/08\/img_5228-2048x1536.jpg 2048w\" sizes=\"(max-width: 1024px) 100vw, 1024px\" \/><figcaption>Askjellsdalsvatnet<\/figcaption><\/figure>\n\n\n\n<figure class=\"wp-block-image size-large\"><img loading=\"lazy\" width=\"1024\" height=\"768\" src=\"https:\/\/tveitosida.no\/wp-content\/uploads\/2022\/08\/img_5234-1024x768.jpg\" alt=\"\" class=\"wp-image-4515\" srcset=\"https:\/\/tveitosida.no\/wp-content\/uploads\/2022\/08\/img_5234-1024x768.jpg 1024w, https:\/\/tveitosida.no\/wp-content\/uploads\/2022\/08\/img_5234-300x225.jpg 300w, https:\/\/tveitosida.no\/wp-content\/uploads\/2022\/08\/img_5234-768x576.jpg 768w, https:\/\/tveitosida.no\/wp-content\/uploads\/2022\/08\/img_5234-1536x1152.jpg 1536w, https:\/\/tveitosida.no\/wp-content\/uploads\/2022\/08\/img_5234-2048x1536.jpg 2048w\" sizes=\"(max-width: 1024px) 100vw, 1024px\" \/><\/figure>\n\n\n\n<figure class=\"wp-block-image size-large\"><img loading=\"lazy\" width=\"1024\" height=\"768\" src=\"https:\/\/tveitosida.no\/wp-content\/uploads\/2022\/08\/img_5238-1024x768.jpg\" alt=\"\" class=\"wp-image-4516\" srcset=\"https:\/\/tveitosida.no\/wp-content\/uploads\/2022\/08\/img_5238-1024x768.jpg 1024w, https:\/\/tveitosida.no\/wp-content\/uploads\/2022\/08\/img_5238-300x225.jpg 300w, https:\/\/tveitosida.no\/wp-content\/uploads\/2022\/08\/img_5238-768x576.jpg 768w, https:\/\/tveitosida.no\/wp-content\/uploads\/2022\/08\/img_5238-1536x1152.jpg 1536w, https:\/\/tveitosida.no\/wp-content\/uploads\/2022\/08\/img_5238-2048x1536.jpg 2048w\" sizes=\"(max-width: 1024px) 100vw, 1024px\" \/><figcaption>F\u00f8rste bakken er litt tung<\/figcaption><\/figure>\n\n\n\n<figure class=\"wp-block-image size-large\"><img loading=\"lazy\" width=\"1024\" height=\"768\" src=\"https:\/\/tveitosida.no\/wp-content\/uploads\/2022\/08\/img_5241-1024x768.jpg\" alt=\"\" class=\"wp-image-4517\" srcset=\"https:\/\/tveitosida.no\/wp-content\/uploads\/2022\/08\/img_5241-1024x768.jpg 1024w, https:\/\/tveitosida.no\/wp-content\/uploads\/2022\/08\/img_5241-300x225.jpg 300w, https:\/\/tveitosida.no\/wp-content\/uploads\/2022\/08\/img_5241-768x576.jpg 768w, https:\/\/tveitosida.no\/wp-content\/uploads\/2022\/08\/img_5241-1536x1152.jpg 1536w, https:\/\/tveitosida.no\/wp-content\/uploads\/2022\/08\/img_5241-2048x1536.jpg 2048w\" sizes=\"(max-width: 1024px) 100vw, 1024px\" \/><\/figure>\n\n\n\n<figure class=\"wp-block-image size-large\"><img loading=\"lazy\" width=\"1024\" height=\"768\" src=\"https:\/\/tveitosida.no\/wp-content\/uploads\/2022\/08\/img_5247-1024x768.jpg\" alt=\"\" class=\"wp-image-4518\" srcset=\"https:\/\/tveitosida.no\/wp-content\/uploads\/2022\/08\/img_5247-1024x768.jpg 1024w, https:\/\/tveitosida.no\/wp-content\/uploads\/2022\/08\/img_5247-300x225.jpg 300w, https:\/\/tveitosida.no\/wp-content\/uploads\/2022\/08\/img_5247-768x576.jpg 768w, https:\/\/tveitosida.no\/wp-content\/uploads\/2022\/08\/img_5247-1536x1152.jpg 1536w, https:\/\/tveitosida.no\/wp-content\/uploads\/2022\/08\/img_5247-2048x1536.jpg 2048w\" sizes=\"(max-width: 1024px) 100vw, 1024px\" \/><figcaption>Oppe i h\u00f8yde over Askjellsdalsvatnet<\/figcaption><\/figure>\n\n\n\n<figure class=\"wp-block-image size-large\"><img loading=\"lazy\" width=\"1024\" height=\"768\" src=\"https:\/\/tveitosida.no\/wp-content\/uploads\/2022\/08\/img_5248-1024x768.jpg\" alt=\"\" class=\"wp-image-4519\" srcset=\"https:\/\/tveitosida.no\/wp-content\/uploads\/2022\/08\/img_5248-1024x768.jpg 1024w, https:\/\/tveitosida.no\/wp-content\/uploads\/2022\/08\/img_5248-300x225.jpg 300w, https:\/\/tveitosida.no\/wp-content\/uploads\/2022\/08\/img_5248-768x576.jpg 768w, https:\/\/tveitosida.no\/wp-content\/uploads\/2022\/08\/img_5248-1536x1152.jpg 1536w, https:\/\/tveitosida.no\/wp-content\/uploads\/2022\/08\/img_5248-2048x1536.jpg 2048w\" sizes=\"(max-width: 1024px) 100vw, 1024px\" \/><figcaption>Ser mot m\u00e5let, men det vises ikkje. Raudberget lenger framme.<\/figcaption><\/figure>\n\n\n\n<figure class=\"wp-block-image size-large\"><img loading=\"lazy\" width=\"1024\" height=\"768\" src=\"https:\/\/tveitosida.no\/wp-content\/uploads\/2022\/08\/img_5255-1024x768.jpg\" alt=\"\" class=\"wp-image-4520\" srcset=\"https:\/\/tveitosida.no\/wp-content\/uploads\/2022\/08\/img_5255-1024x768.jpg 1024w, https:\/\/tveitosida.no\/wp-content\/uploads\/2022\/08\/img_5255-300x225.jpg 300w, https:\/\/tveitosida.no\/wp-content\/uploads\/2022\/08\/img_5255-768x576.jpg 768w, https:\/\/tveitosida.no\/wp-content\/uploads\/2022\/08\/img_5255-1536x1152.jpg 1536w, https:\/\/tveitosida.no\/wp-content\/uploads\/2022\/08\/img_5255-2048x1536.jpg 2048w\" sizes=\"(max-width: 1024px) 100vw, 1024px\" \/><figcaption>M\u00e5let er synleg<\/figcaption><\/figure>\n\n\n\n<figure class=\"wp-block-image size-large\"><img loading=\"lazy\" width=\"1024\" height=\"768\" src=\"https:\/\/tveitosida.no\/wp-content\/uploads\/2022\/08\/img_5264-1024x768.jpg\" alt=\"\" class=\"wp-image-4521\" srcset=\"https:\/\/tveitosida.no\/wp-content\/uploads\/2022\/08\/img_5264-1024x768.jpg 1024w, https:\/\/tveitosida.no\/wp-content\/uploads\/2022\/08\/img_5264-300x225.jpg 300w, https:\/\/tveitosida.no\/wp-content\/uploads\/2022\/08\/img_5264-768x576.jpg 768w, https:\/\/tveitosida.no\/wp-content\/uploads\/2022\/08\/img_5264-1536x1152.jpg 1536w, https:\/\/tveitosida.no\/wp-content\/uploads\/2022\/08\/img_5264-2048x1536.jpg 2048w\" sizes=\"(max-width: 1024px) 100vw, 1024px\" \/><figcaption>Varde<\/figcaption><\/figure>\n\n\n\n<figure class=\"wp-block-image size-large\"><img loading=\"lazy\" width=\"1024\" height=\"768\" src=\"https:\/\/tveitosida.no\/wp-content\/uploads\/2022\/08\/img_5268-1024x768.jpg\" alt=\"\" class=\"wp-image-4522\" srcset=\"https:\/\/tveitosida.no\/wp-content\/uploads\/2022\/08\/img_5268-1024x768.jpg 1024w, https:\/\/tveitosida.no\/wp-content\/uploads\/2022\/08\/img_5268-300x225.jpg 300w, https:\/\/tveitosida.no\/wp-content\/uploads\/2022\/08\/img_5268-768x576.jpg 768w, https:\/\/tveitosida.no\/wp-content\/uploads\/2022\/08\/img_5268-1536x1152.jpg 1536w, https:\/\/tveitosida.no\/wp-content\/uploads\/2022\/08\/img_5268-2048x1536.jpg 2048w\" sizes=\"(max-width: 1024px) 100vw, 1024px\" \/><figcaption>Vass\u00f8yane, Selhamarhytta og Raudberget i bakgrunnen.<\/figcaption><\/figure>\n\n\n\n<figure class=\"wp-block-image size-large\"><img loading=\"lazy\" width=\"1024\" height=\"768\" src=\"https:\/\/tveitosida.no\/wp-content\/uploads\/2022\/08\/img_5287-1024x768.jpg\" alt=\"\" class=\"wp-image-4523\" srcset=\"https:\/\/tveitosida.no\/wp-content\/uploads\/2022\/08\/img_5287-1024x768.jpg 1024w, https:\/\/tveitosida.no\/wp-content\/uploads\/2022\/08\/img_5287-300x225.jpg 300w, https:\/\/tveitosida.no\/wp-content\/uploads\/2022\/08\/img_5287-768x576.jpg 768w, https:\/\/tveitosida.no\/wp-content\/uploads\/2022\/08\/img_5287-1536x1152.jpg 1536w, https:\/\/tveitosida.no\/wp-content\/uploads\/2022\/08\/img_5287-2048x1536.jpg 2048w\" sizes=\"(max-width: 1024px) 100vw, 1024px\" \/><\/figure>\n\n\n\n<figure class=\"wp-block-image size-large\"><img loading=\"lazy\" width=\"1024\" height=\"768\" src=\"https:\/\/tveitosida.no\/wp-content\/uploads\/2022\/08\/img_5289-1024x768.jpg\" alt=\"\" class=\"wp-image-4524\" srcset=\"https:\/\/tveitosida.no\/wp-content\/uploads\/2022\/08\/img_5289-1024x768.jpg 1024w, https:\/\/tveitosida.no\/wp-content\/uploads\/2022\/08\/img_5289-300x225.jpg 300w, https:\/\/tveitosida.no\/wp-content\/uploads\/2022\/08\/img_5289-768x576.jpg 768w, https:\/\/tveitosida.no\/wp-content\/uploads\/2022\/08\/img_5289-1536x1152.jpg 1536w, https:\/\/tveitosida.no\/wp-content\/uploads\/2022\/08\/img_5289-2048x1536.jpg 2048w\" sizes=\"(max-width: 1024px) 100vw, 1024px\" \/><figcaption>Endelig framme<\/figcaption><\/figure>\n\n\n\n<figure class=\"wp-block-image size-large\"><img loading=\"lazy\" width=\"1024\" height=\"768\" src=\"https:\/\/tveitosida.no\/wp-content\/uploads\/2022\/08\/img_5308-1024x768.jpg\" alt=\"\" class=\"wp-image-4526\" srcset=\"https:\/\/tveitosida.no\/wp-content\/uploads\/2022\/08\/img_5308-1024x768.jpg 1024w, https:\/\/tveitosida.no\/wp-content\/uploads\/2022\/08\/img_5308-300x225.jpg 300w, https:\/\/tveitosida.no\/wp-content\/uploads\/2022\/08\/img_5308-768x576.jpg 768w, https:\/\/tveitosida.no\/wp-content\/uploads\/2022\/08\/img_5308-1536x1152.jpg 1536w, https:\/\/tveitosida.no\/wp-content\/uploads\/2022\/08\/img_5308-2048x1536.jpg 2048w\" sizes=\"(max-width: 1024px) 100vw, 1024px\" \/><\/figure>\n\n\n\n<figure class=\"wp-block-image size-large\"><img loading=\"lazy\" width=\"1024\" height=\"768\" src=\"https:\/\/tveitosida.no\/wp-content\/uploads\/2022\/08\/img_5300-1024x768.jpg\" alt=\"\" class=\"wp-image-4527\" srcset=\"https:\/\/tveitosida.no\/wp-content\/uploads\/2022\/08\/img_5300-1024x768.jpg 1024w, https:\/\/tveitosida.no\/wp-content\/uploads\/2022\/08\/img_5300-300x225.jpg 300w, https:\/\/tveitosida.no\/wp-content\/uploads\/2022\/08\/img_5300-768x576.jpg 768w, https:\/\/tveitosida.no\/wp-content\/uploads\/2022\/08\/img_5300-1536x1152.jpg 1536w, https:\/\/tveitosida.no\/wp-content\/uploads\/2022\/08\/img_5300-2048x1536.jpg 2048w\" sizes=\"(max-width: 1024px) 100vw, 1024px\" \/><\/figure>\n\n\n\n<figure class=\"wp-block-image size-large\"><img loading=\"lazy\" width=\"1024\" height=\"768\" src=\"https:\/\/tveitosida.no\/wp-content\/uploads\/2022\/08\/img_5293-1024x768.jpg\" alt=\"\" class=\"wp-image-4525\" srcset=\"https:\/\/tveitosida.no\/wp-content\/uploads\/2022\/08\/img_5293-1024x768.jpg 1024w, https:\/\/tveitosida.no\/wp-content\/uploads\/2022\/08\/img_5293-300x225.jpg 300w, https:\/\/tveitosida.no\/wp-content\/uploads\/2022\/08\/img_5293-768x576.jpg 768w, https:\/\/tveitosida.no\/wp-content\/uploads\/2022\/08\/img_5293-1536x1152.jpg 1536w, https:\/\/tveitosida.no\/wp-content\/uploads\/2022\/08\/img_5293-2048x1536.jpg 2048w\" sizes=\"(max-width: 1024px) 100vw, 1024px\" \/><figcaption>Loftet<\/figcaption><\/figure>\n\n\n\n<figure class=\"wp-block-image size-large\"><img loading=\"lazy\" width=\"1024\" height=\"768\" src=\"https:\/\/tveitosida.no\/wp-content\/uploads\/2022\/08\/img_5296-1024x768.jpg\" alt=\"\" class=\"wp-image-4528\" srcset=\"https:\/\/tveitosida.no\/wp-content\/uploads\/2022\/08\/img_5296-1024x768.jpg 1024w, https:\/\/tveitosida.no\/wp-content\/uploads\/2022\/08\/img_5296-300x225.jpg 300w, https:\/\/tveitosida.no\/wp-content\/uploads\/2022\/08\/img_5296-768x576.jpg 768w, https:\/\/tveitosida.no\/wp-content\/uploads\/2022\/08\/img_5296-1536x1152.jpg 1536w, https:\/\/tveitosida.no\/wp-content\/uploads\/2022\/08\/img_5296-2048x1536.jpg 2048w\" sizes=\"(max-width: 1024px) 100vw, 1024px\" \/><figcaption>Utsikt fra loftsvindu<\/figcaption><\/figure>\n\n\n\n<figure class=\"wp-block-image size-large\"><img loading=\"lazy\" width=\"1024\" height=\"768\" src=\"https:\/\/tveitosida.no\/wp-content\/uploads\/2022\/08\/img_5314-1024x768.jpg\" alt=\"\" class=\"wp-image-4529\" srcset=\"https:\/\/tveitosida.no\/wp-content\/uploads\/2022\/08\/img_5314-1024x768.jpg 1024w, https:\/\/tveitosida.no\/wp-content\/uploads\/2022\/08\/img_5314-300x225.jpg 300w, https:\/\/tveitosida.no\/wp-content\/uploads\/2022\/08\/img_5314-768x576.jpg 768w, https:\/\/tveitosida.no\/wp-content\/uploads\/2022\/08\/img_5314-1536x1152.jpg 1536w, https:\/\/tveitosida.no\/wp-content\/uploads\/2022\/08\/img_5314-2048x1536.jpg 2048w\" sizes=\"(max-width: 1024px) 100vw, 1024px\" \/><figcaption>Utsikt mot Raudberget<\/figcaption><\/figure>\n\n\n\n<figure class=\"wp-block-image size-large\"><img loading=\"lazy\" width=\"300\" height=\"288\" src=\"https:\/\/tveitosida.no\/wp-content\/uploads\/2022\/08\/img_5392-300x288.jpg\" alt=\"\" class=\"wp-image-4493\" srcset=\"https:\/\/tveitosida.no\/wp-content\/uploads\/2022\/08\/img_5392-300x288.jpg 300w, https:\/\/tveitosida.no\/wp-content\/uploads\/2022\/08\/img_5392-768x737.jpg 768w, https:\/\/tveitosida.no\/wp-content\/uploads\/2022\/08\/img_5392.jpg 826w\" sizes=\"(max-width: 300px) 100vw, 300px\" \/><figcaption>Sikringshytta til h\u00f8gre. Bilde fra ut.no<\/figcaption><\/figure>\n\n\n\n<figure class=\"wp-block-image size-large\"><img loading=\"lazy\" width=\"296\" height=\"300\" src=\"https:\/\/tveitosida.no\/wp-content\/uploads\/2022\/08\/img_5393-296x300.jpg\" alt=\"\" class=\"wp-image-4495\" srcset=\"https:\/\/tveitosida.no\/wp-content\/uploads\/2022\/08\/img_5393-296x300.jpg 296w, https:\/\/tveitosida.no\/wp-content\/uploads\/2022\/08\/img_5393-768x779.jpg 768w, https:\/\/tveitosida.no\/wp-content\/uploads\/2022\/08\/img_5393.jpg 816w\" sizes=\"(max-width: 296px) 100vw, 296px\" \/><figcaption>Bilde av hovedhytta, ut.no<\/figcaption><\/figure>\n\n\n\n<figure class=\"wp-block-image size-large\"><img loading=\"lazy\" width=\"298\" height=\"300\" src=\"https:\/\/tveitosida.no\/wp-content\/uploads\/2022\/08\/img_5394-298x300.jpg\" alt=\"\" class=\"wp-image-4498\" srcset=\"https:\/\/tveitosida.no\/wp-content\/uploads\/2022\/08\/img_5394-298x300.jpg 298w, https:\/\/tveitosida.no\/wp-content\/uploads\/2022\/08\/img_5394-150x150.jpg 150w, https:\/\/tveitosida.no\/wp-content\/uploads\/2022\/08\/img_5394-768x773.jpg 768w, https:\/\/tveitosida.no\/wp-content\/uploads\/2022\/08\/img_5394.jpg 823w\" sizes=\"(max-width: 298px) 100vw, 298px\" \/><figcaption>Sehamarvatnet n\u00e6rmast. Vass\u00f8yane er vatnet bak.<br>Dronebilde fr\u00e5 ut.no<\/figcaption><\/figure>\n\n\n\n<figure class=\"wp-block-image size-large\"><img loading=\"lazy\" width=\"269\" height=\"300\" src=\"https:\/\/tveitosida.no\/wp-content\/uploads\/2022\/08\/img_5550-269x300.jpg\" alt=\"\" class=\"wp-image-4501\" srcset=\"https:\/\/tveitosida.no\/wp-content\/uploads\/2022\/08\/img_5550-269x300.jpg 269w, https:\/\/tveitosida.no\/wp-content\/uploads\/2022\/08\/img_5550-768x858.jpg 768w, https:\/\/tveitosida.no\/wp-content\/uploads\/2022\/08\/img_5550.jpg 828w\" sizes=\"(max-width: 269px) 100vw, 269px\" \/><figcaption>Parkerte ved Askjelldalsvatnet, merka med r\u00f8dt merke.<\/figcaption><\/figure>\n\n\n\n<figure class=\"wp-block-image size-large\"><img loading=\"lazy\" width=\"269\" height=\"300\" src=\"https:\/\/tveitosida.no\/wp-content\/uploads\/2022\/08\/img_5552-269x300.jpg\" alt=\"\" class=\"wp-image-4503\" srcset=\"https:\/\/tveitosida.no\/wp-content\/uploads\/2022\/08\/img_5552-269x300.jpg 269w, https:\/\/tveitosida.no\/wp-content\/uploads\/2022\/08\/img_5552-768x858.jpg 768w, https:\/\/tveitosida.no\/wp-content\/uploads\/2022\/08\/img_5552.jpg 828w\" sizes=\"(max-width: 269px) 100vw, 269px\" \/><figcaption>Zoom, Google Maps<\/figcaption><\/figure>\n\n\n\n<p>Turen tilbake, takk for oss.<\/p>\n\n\n\n<figure class=\"wp-block-image size-large\"><img loading=\"lazy\" width=\"1024\" height=\"768\" src=\"https:\/\/tveitosida.no\/wp-content\/uploads\/2022\/08\/img_5321-1024x768.jpg\" alt=\"\" class=\"wp-image-4505\" srcset=\"https:\/\/tveitosida.no\/wp-content\/uploads\/2022\/08\/img_5321-1024x768.jpg 1024w, https:\/\/tveitosida.no\/wp-content\/uploads\/2022\/08\/img_5321-300x225.jpg 300w, https:\/\/tveitosida.no\/wp-content\/uploads\/2022\/08\/img_5321-768x576.jpg 768w, https:\/\/tveitosida.no\/wp-content\/uploads\/2022\/08\/img_5321-1536x1152.jpg 1536w, https:\/\/tveitosida.no\/wp-content\/uploads\/2022\/08\/img_5321-2048x1536.jpg 2048w\" sizes=\"(max-width: 1024px) 100vw, 1024px\" \/><\/figure>\n\n\n\n<figure class=\"wp-block-image size-large\"><img loading=\"lazy\" width=\"1024\" height=\"768\" src=\"https:\/\/tveitosida.no\/wp-content\/uploads\/2022\/08\/img_5322-1024x768.jpg\" alt=\"\" class=\"wp-image-4506\" srcset=\"https:\/\/tveitosida.no\/wp-content\/uploads\/2022\/08\/img_5322-1024x768.jpg 1024w, https:\/\/tveitosida.no\/wp-content\/uploads\/2022\/08\/img_5322-300x225.jpg 300w, https:\/\/tveitosida.no\/wp-content\/uploads\/2022\/08\/img_5322-768x576.jpg 768w, https:\/\/tveitosida.no\/wp-content\/uploads\/2022\/08\/img_5322-1536x1152.jpg 1536w, https:\/\/tveitosida.no\/wp-content\/uploads\/2022\/08\/img_5322-2048x1536.jpg 2048w\" sizes=\"(max-width: 1024px) 100vw, 1024px\" \/><\/figure>\n\n\n\n<figure class=\"wp-block-image size-large\"><img loading=\"lazy\" width=\"1024\" height=\"768\" src=\"https:\/\/tveitosida.no\/wp-content\/uploads\/2022\/08\/img_5324-1024x768.jpg\" alt=\"\" class=\"wp-image-4507\" srcset=\"https:\/\/tveitosida.no\/wp-content\/uploads\/2022\/08\/img_5324-1024x768.jpg 1024w, https:\/\/tveitosida.no\/wp-content\/uploads\/2022\/08\/img_5324-300x225.jpg 300w, https:\/\/tveitosida.no\/wp-content\/uploads\/2022\/08\/img_5324-768x576.jpg 768w, https:\/\/tveitosida.no\/wp-content\/uploads\/2022\/08\/img_5324-1536x1152.jpg 1536w, https:\/\/tveitosida.no\/wp-content\/uploads\/2022\/08\/img_5324-2048x1536.jpg 2048w\" sizes=\"(max-width: 1024px) 100vw, 1024px\" \/><\/figure>\n\n\n\n<figure class=\"wp-block-image size-large\"><img loading=\"lazy\" width=\"1024\" height=\"768\" src=\"https:\/\/tveitosida.no\/wp-content\/uploads\/2022\/08\/img_5362-1024x768.jpg\" alt=\"\" class=\"wp-image-4508\" srcset=\"https:\/\/tveitosida.no\/wp-content\/uploads\/2022\/08\/img_5362-1024x768.jpg 1024w, https:\/\/tveitosida.no\/wp-content\/uploads\/2022\/08\/img_5362-300x225.jpg 300w, https:\/\/tveitosida.no\/wp-content\/uploads\/2022\/08\/img_5362-768x576.jpg 768w, https:\/\/tveitosida.no\/wp-content\/uploads\/2022\/08\/img_5362-1536x1152.jpg 1536w, https:\/\/tveitosida.no\/wp-content\/uploads\/2022\/08\/img_5362-2048x1536.jpg 2048w\" sizes=\"(max-width: 1024px) 100vw, 1024px\" \/><\/figure>\n\n\n\n<figure class=\"wp-block-image size-large\"><img loading=\"lazy\" width=\"1024\" height=\"768\" src=\"https:\/\/tveitosida.no\/wp-content\/uploads\/2022\/08\/img_5371-1024x768.jpg\" alt=\"\" class=\"wp-image-4509\" srcset=\"https:\/\/tveitosida.no\/wp-content\/uploads\/2022\/08\/img_5371-1024x768.jpg 1024w, https:\/\/tveitosida.no\/wp-content\/uploads\/2022\/08\/img_5371-300x225.jpg 300w, https:\/\/tveitosida.no\/wp-content\/uploads\/2022\/08\/img_5371-768x576.jpg 768w, https:\/\/tveitosida.no\/wp-content\/uploads\/2022\/08\/img_5371-1536x1152.jpg 1536w, https:\/\/tveitosida.no\/wp-content\/uploads\/2022\/08\/img_5371-2048x1536.jpg 2048w\" sizes=\"(max-width: 1024px) 100vw, 1024px\" \/><\/figure>\n\n\n\n<figure class=\"wp-block-image size-large\"><img loading=\"lazy\" width=\"1024\" height=\"768\" src=\"https:\/\/tveitosida.no\/wp-content\/uploads\/2022\/08\/img_5375-1024x768.jpg\" alt=\"\" class=\"wp-image-4510\" srcset=\"https:\/\/tveitosida.no\/wp-content\/uploads\/2022\/08\/img_5375-1024x768.jpg 1024w, https:\/\/tveitosida.no\/wp-content\/uploads\/2022\/08\/img_5375-300x225.jpg 300w, https:\/\/tveitosida.no\/wp-content\/uploads\/2022\/08\/img_5375-768x576.jpg 768w, https:\/\/tveitosida.no\/wp-content\/uploads\/2022\/08\/img_5375-1536x1152.jpg 1536w, https:\/\/tveitosida.no\/wp-content\/uploads\/2022\/08\/img_5375-2048x1536.jpg 2048w\" sizes=\"(max-width: 1024px) 100vw, 1024px\" \/><\/figure>\n","protected":false},"excerpt":{"rendered":"<p>Turen tilbake, takk for oss.<\/p>\n","protected":false},"author":1,"featured_media":0,"parent":0,"menu_order":0,"comment_status":"closed","ping_status":"closed","template":"","meta":[],"_links":{"self":[{"href":"https:\/\/tveitosida.no\/index.php\/wp-json\/wp\/v2\/pages\/4491"}],"collection":[{"href":"https:\/\/tveitosida.no\/index.php\/wp-json\/wp\/v2\/pages"}],"about":[{"href":"https:\/\/tveitosida.no\/index.php\/wp-json\/wp\/v2\/types\/page"}],"author":[{"embeddable":true,"href":"https:\/\/tveitosida.no\/index.php\/wp-json\/wp\/v2\/users\/1"}],"replies":[{"embeddable":true,"href":"https:\/\/tveitosida.no\/index.php\/wp-json\/wp\/v2\/comments?post=4491"}],"version-history":[{"count":26,"href":"https:\/\/tveitosida.no\/index.php\/wp-json\/wp\/v2\/pages\/4491\/revisions"}],"predecessor-version":[{"id":4547,"href":"https:\/\/tveitosida.no\/index.php\/wp-json\/wp\/v2\/pages\/4491\/revisions\/4547"}],"wp:attachment":[{"href":"https:\/\/tveitosida.no\/index.php\/wp-json\/wp\/v2\/media?parent=4491"}],"curies":[{"name":"wp","href":"https:\/\/api.w.org\/{rel}","templated":true}]}}