{"id":3996,"date":"2021-08-22T21:03:52","date_gmt":"2021-08-22T21:03:52","guid":{"rendered":"http:\/\/tveitosida.no\/?page_id=3996"},"modified":"2021-08-23T18:35:58","modified_gmt":"2021-08-23T18:35:58","slug":"nesheimfjellet-21","status":"publish","type":"page","link":"https:\/\/tveitosida.no\/index.php\/nesheimfjellet-21\/","title":{"rendered":"Nesheimfjellet &#8217;21"},"content":{"rendered":"\n<p>29. juli reiste vi via Evanger og Nesheimfjellet til Eksingedalen. Bildene er fra nedkj\u00f8ringen til Nesheim.<\/p>\n\n\n\n<figure class=\"wp-block-image size-large\"><img loading=\"lazy\" width=\"2560\" height=\"1920\" src=\"https:\/\/tveitosida.no\/wp-content\/uploads\/2021\/08\/img_8554-scaled.jpg\" alt=\"\" class=\"wp-image-4000\" srcset=\"https:\/\/tveitosida.no\/wp-content\/uploads\/2021\/08\/img_8554-scaled.jpg 2560w, https:\/\/tveitosida.no\/wp-content\/uploads\/2021\/08\/img_8554-300x225.jpg 300w, https:\/\/tveitosida.no\/wp-content\/uploads\/2021\/08\/img_8554-1024x768.jpg 1024w, https:\/\/tveitosida.no\/wp-content\/uploads\/2021\/08\/img_8554-768x576.jpg 768w, https:\/\/tveitosida.no\/wp-content\/uploads\/2021\/08\/img_8554-1536x1152.jpg 1536w, https:\/\/tveitosida.no\/wp-content\/uploads\/2021\/08\/img_8554-2048x1536.jpg 2048w\" sizes=\"(max-width: 2560px) 100vw, 2560px\" \/><\/figure>\n\n\n\n<figure class=\"wp-block-image size-large\"><img loading=\"lazy\" width=\"2560\" height=\"1920\" src=\"https:\/\/tveitosida.no\/wp-content\/uploads\/2021\/08\/img_8555-scaled.jpg\" alt=\"\" class=\"wp-image-4001\" srcset=\"https:\/\/tveitosida.no\/wp-content\/uploads\/2021\/08\/img_8555-scaled.jpg 2560w, https:\/\/tveitosida.no\/wp-content\/uploads\/2021\/08\/img_8555-300x225.jpg 300w, https:\/\/tveitosida.no\/wp-content\/uploads\/2021\/08\/img_8555-1024x768.jpg 1024w, https:\/\/tveitosida.no\/wp-content\/uploads\/2021\/08\/img_8555-768x576.jpg 768w, https:\/\/tveitosida.no\/wp-content\/uploads\/2021\/08\/img_8555-1536x1152.jpg 1536w, https:\/\/tveitosida.no\/wp-content\/uploads\/2021\/08\/img_8555-2048x1536.jpg 2048w\" sizes=\"(max-width: 2560px) 100vw, 2560px\" \/><\/figure>\n\n\n\n<figure class=\"wp-block-image size-large\"><img loading=\"lazy\" width=\"2560\" height=\"1920\" src=\"https:\/\/tveitosida.no\/wp-content\/uploads\/2021\/08\/img_8556-scaled.jpg\" alt=\"\" class=\"wp-image-4002\" srcset=\"https:\/\/tveitosida.no\/wp-content\/uploads\/2021\/08\/img_8556-scaled.jpg 2560w, https:\/\/tveitosida.no\/wp-content\/uploads\/2021\/08\/img_8556-300x225.jpg 300w, https:\/\/tveitosida.no\/wp-content\/uploads\/2021\/08\/img_8556-1024x768.jpg 1024w, https:\/\/tveitosida.no\/wp-content\/uploads\/2021\/08\/img_8556-768x576.jpg 768w, https:\/\/tveitosida.no\/wp-content\/uploads\/2021\/08\/img_8556-1536x1152.jpg 1536w, https:\/\/tveitosida.no\/wp-content\/uploads\/2021\/08\/img_8556-2048x1536.jpg 2048w\" sizes=\"(max-width: 2560px) 100vw, 2560px\" \/><\/figure>\n\n\n\n<figure class=\"wp-block-image size-large\"><img loading=\"lazy\" width=\"2560\" height=\"1920\" src=\"https:\/\/tveitosida.no\/wp-content\/uploads\/2021\/08\/img_8558-scaled.jpg\" alt=\"\" class=\"wp-image-4003\" srcset=\"https:\/\/tveitosida.no\/wp-content\/uploads\/2021\/08\/img_8558-scaled.jpg 2560w, https:\/\/tveitosida.no\/wp-content\/uploads\/2021\/08\/img_8558-300x225.jpg 300w, https:\/\/tveitosida.no\/wp-content\/uploads\/2021\/08\/img_8558-1024x768.jpg 1024w, https:\/\/tveitosida.no\/wp-content\/uploads\/2021\/08\/img_8558-768x576.jpg 768w, https:\/\/tveitosida.no\/wp-content\/uploads\/2021\/08\/img_8558-1536x1152.jpg 1536w, https:\/\/tveitosida.no\/wp-content\/uploads\/2021\/08\/img_8558-2048x1536.jpg 2048w\" sizes=\"(max-width: 2560px) 100vw, 2560px\" \/><\/figure>\n\n\n\n<figure class=\"wp-block-image size-large\"><img loading=\"lazy\" width=\"2560\" height=\"1920\" src=\"https:\/\/tveitosida.no\/wp-content\/uploads\/2021\/08\/img_8559-scaled.jpg\" alt=\"\" class=\"wp-image-4004\" srcset=\"https:\/\/tveitosida.no\/wp-content\/uploads\/2021\/08\/img_8559-scaled.jpg 2560w, https:\/\/tveitosida.no\/wp-content\/uploads\/2021\/08\/img_8559-300x225.jpg 300w, https:\/\/tveitosida.no\/wp-content\/uploads\/2021\/08\/img_8559-1024x768.jpg 1024w, https:\/\/tveitosida.no\/wp-content\/uploads\/2021\/08\/img_8559-768x576.jpg 768w, https:\/\/tveitosida.no\/wp-content\/uploads\/2021\/08\/img_8559-1536x1152.jpg 1536w, https:\/\/tveitosida.no\/wp-content\/uploads\/2021\/08\/img_8559-2048x1536.jpg 2048w\" sizes=\"(max-width: 2560px) 100vw, 2560px\" \/><\/figure>\n\n\n\n<figure class=\"wp-block-image size-large\"><img loading=\"lazy\" width=\"2560\" height=\"1920\" src=\"https:\/\/tveitosida.no\/wp-content\/uploads\/2021\/08\/img_8563-scaled.jpg\" alt=\"\" class=\"wp-image-4005\" srcset=\"https:\/\/tveitosida.no\/wp-content\/uploads\/2021\/08\/img_8563-scaled.jpg 2560w, https:\/\/tveitosida.no\/wp-content\/uploads\/2021\/08\/img_8563-300x225.jpg 300w, https:\/\/tveitosida.no\/wp-content\/uploads\/2021\/08\/img_8563-1024x768.jpg 1024w, https:\/\/tveitosida.no\/wp-content\/uploads\/2021\/08\/img_8563-768x576.jpg 768w, https:\/\/tveitosida.no\/wp-content\/uploads\/2021\/08\/img_8563-1536x1152.jpg 1536w, https:\/\/tveitosida.no\/wp-content\/uploads\/2021\/08\/img_8563-2048x1536.jpg 2048w\" sizes=\"(max-width: 2560px) 100vw, 2560px\" \/><\/figure>\n\n\n\n<p>3. august kj\u00f8rte vi tilbake samme vei.<\/p>\n\n\n\n<figure class=\"wp-block-image size-large\"><img loading=\"lazy\" width=\"2560\" height=\"1920\" src=\"https:\/\/tveitosida.no\/wp-content\/uploads\/2021\/08\/img_8827-scaled.jpg\" alt=\"\" class=\"wp-image-4008\" srcset=\"https:\/\/tveitosida.no\/wp-content\/uploads\/2021\/08\/img_8827-scaled.jpg 2560w, https:\/\/tveitosida.no\/wp-content\/uploads\/2021\/08\/img_8827-300x225.jpg 300w, https:\/\/tveitosida.no\/wp-content\/uploads\/2021\/08\/img_8827-1024x768.jpg 1024w, https:\/\/tveitosida.no\/wp-content\/uploads\/2021\/08\/img_8827-768x576.jpg 768w, https:\/\/tveitosida.no\/wp-content\/uploads\/2021\/08\/img_8827-1536x1152.jpg 1536w, https:\/\/tveitosida.no\/wp-content\/uploads\/2021\/08\/img_8827-2048x1536.jpg 2048w\" sizes=\"(max-width: 2560px) 100vw, 2560px\" \/><\/figure>\n\n\n\n<figure class=\"wp-block-image size-large\"><img loading=\"lazy\" width=\"2560\" height=\"1920\" src=\"https:\/\/tveitosida.no\/wp-content\/uploads\/2021\/08\/img_8836-scaled.jpg\" alt=\"\" class=\"wp-image-4009\" srcset=\"https:\/\/tveitosida.no\/wp-content\/uploads\/2021\/08\/img_8836-scaled.jpg 2560w, https:\/\/tveitosida.no\/wp-content\/uploads\/2021\/08\/img_8836-300x225.jpg 300w, https:\/\/tveitosida.no\/wp-content\/uploads\/2021\/08\/img_8836-1024x768.jpg 1024w, https:\/\/tveitosida.no\/wp-content\/uploads\/2021\/08\/img_8836-768x576.jpg 768w, https:\/\/tveitosida.no\/wp-content\/uploads\/2021\/08\/img_8836-1536x1152.jpg 1536w, https:\/\/tveitosida.no\/wp-content\/uploads\/2021\/08\/img_8836-2048x1536.jpg 2048w\" sizes=\"(max-width: 2560px) 100vw, 2560px\" \/><figcaption>Kyrkja p\u00e5 Nesheim<\/figcaption><\/figure>\n\n\n\n<figure class=\"wp-block-image size-large\"><img loading=\"lazy\" width=\"2560\" height=\"1920\" src=\"https:\/\/tveitosida.no\/wp-content\/uploads\/2021\/08\/img_8843-scaled.jpg\" alt=\"\" class=\"wp-image-4010\" srcset=\"https:\/\/tveitosida.no\/wp-content\/uploads\/2021\/08\/img_8843-scaled.jpg 2560w, https:\/\/tveitosida.no\/wp-content\/uploads\/2021\/08\/img_8843-300x225.jpg 300w, https:\/\/tveitosida.no\/wp-content\/uploads\/2021\/08\/img_8843-1024x768.jpg 1024w, https:\/\/tveitosida.no\/wp-content\/uploads\/2021\/08\/img_8843-768x576.jpg 768w, https:\/\/tveitosida.no\/wp-content\/uploads\/2021\/08\/img_8843-1536x1152.jpg 1536w, https:\/\/tveitosida.no\/wp-content\/uploads\/2021\/08\/img_8843-2048x1536.jpg 2048w\" sizes=\"(max-width: 2560px) 100vw, 2560px\" \/><figcaption>Flotte g\u00e5rder p\u00e5 Nesheim<\/figcaption><\/figure>\n\n\n\n<figure class=\"wp-block-image size-large\"><img loading=\"lazy\" width=\"2560\" height=\"1920\" src=\"https:\/\/tveitosida.no\/wp-content\/uploads\/2021\/08\/img_8848-scaled.jpg\" alt=\"\" class=\"wp-image-4011\" srcset=\"https:\/\/tveitosida.no\/wp-content\/uploads\/2021\/08\/img_8848-scaled.jpg 2560w, https:\/\/tveitosida.no\/wp-content\/uploads\/2021\/08\/img_8848-300x225.jpg 300w, https:\/\/tveitosida.no\/wp-content\/uploads\/2021\/08\/img_8848-1024x768.jpg 1024w, https:\/\/tveitosida.no\/wp-content\/uploads\/2021\/08\/img_8848-768x576.jpg 768w, https:\/\/tveitosida.no\/wp-content\/uploads\/2021\/08\/img_8848-1536x1152.jpg 1536w, https:\/\/tveitosida.no\/wp-content\/uploads\/2021\/08\/img_8848-2048x1536.jpg 2048w\" sizes=\"(max-width: 2560px) 100vw, 2560px\" \/><figcaption>Bildet er tatt p\u00e5 utkj\u00f8ringen\/utsiktsplassen n\u00e5r ein kj\u00f8rer ned fr\u00e5 Nesheimfjellet til Evanger. Ser mellom bakkane langs Teigdalselva.<\/figcaption><\/figure>\n","protected":false},"excerpt":{"rendered":"<p>29. juli reiste vi via Evanger og Nesheimfjellet til Eksingedalen. Bildene er fra nedkj\u00f8ringen til Nesheim. 3. august kj\u00f8rte vi tilbake samme vei.<\/p>\n","protected":false},"author":1,"featured_media":0,"parent":0,"menu_order":0,"comment_status":"closed","ping_status":"closed","template":"","meta":[],"_links":{"self":[{"href":"https:\/\/tveitosida.no\/index.php\/wp-json\/wp\/v2\/pages\/3996"}],"collection":[{"href":"https:\/\/tveitosida.no\/index.php\/wp-json\/wp\/v2\/pages"}],"about":[{"href":"https:\/\/tveitosida.no\/index.php\/wp-json\/wp\/v2\/types\/page"}],"author":[{"embeddable":true,"href":"https:\/\/tveitosida.no\/index.php\/wp-json\/wp\/v2\/users\/1"}],"replies":[{"embeddable":true,"href":"https:\/\/tveitosida.no\/index.php\/wp-json\/wp\/v2\/comments?post=3996"}],"version-history":[{"count":8,"href":"https:\/\/tveitosida.no\/index.php\/wp-json\/wp\/v2\/pages\/3996\/revisions"}],"predecessor-version":[{"id":4016,"href":"https:\/\/tveitosida.no\/index.php\/wp-json\/wp\/v2\/pages\/3996\/revisions\/4016"}],"wp:attachment":[{"href":"https:\/\/tveitosida.no\/index.php\/wp-json\/wp\/v2\/media?parent=3996"}],"curies":[{"name":"wp","href":"https:\/\/api.w.org\/{rel}","templated":true}]}}