{"id":3914,"date":"2021-08-21T17:07:55","date_gmt":"2021-08-21T17:07:55","guid":{"rendered":"http:\/\/tveitosida.no\/?page_id=3914"},"modified":"2021-08-21T17:42:51","modified_gmt":"2021-08-21T17:42:51","slug":"gullbraholmen-21","status":"publish","type":"page","link":"https:\/\/tveitosida.no\/index.php\/gullbraholmen-21\/","title":{"rendered":"Gullbr\u00e5holmen &#8217;21"},"content":{"rendered":"\n<p>19. juli gjekk vi tur til Gullbr\u00e5holmen. Vi gjekk opp nedanfor Ekse, den gamle buf\u00f8revegen. Gullbr\u00e5holmen er ein av dei vakraste st\u00f8lane i Eksingedalen.<\/p>\n\n\n\n<figure class=\"wp-block-image size-large\"><img loading=\"lazy\" width=\"1920\" height=\"2560\" src=\"https:\/\/tveitosida.no\/wp-content\/uploads\/2021\/08\/img_7983-scaled.jpg\" alt=\"\" class=\"wp-image-3919\" srcset=\"https:\/\/tveitosida.no\/wp-content\/uploads\/2021\/08\/img_7983-scaled.jpg 1920w, https:\/\/tveitosida.no\/wp-content\/uploads\/2021\/08\/img_7983-225x300.jpg 225w, https:\/\/tveitosida.no\/wp-content\/uploads\/2021\/08\/img_7983-768x1024.jpg 768w, https:\/\/tveitosida.no\/wp-content\/uploads\/2021\/08\/img_7983-1152x1536.jpg 1152w, https:\/\/tveitosida.no\/wp-content\/uploads\/2021\/08\/img_7983-1536x2048.jpg 1536w\" sizes=\"(max-width: 1920px) 100vw, 1920px\" \/><figcaption>P\u00e5 vei opp stien fr\u00e5 vegen ved Hagafossen (565 moh), utsikt mot Kjerringanosi<\/figcaption><\/figure>\n\n\n\n<figure class=\"wp-block-image size-large\"><img loading=\"lazy\" width=\"1920\" height=\"2560\" src=\"https:\/\/tveitosida.no\/wp-content\/uploads\/2021\/08\/img_7984-scaled.jpg\" alt=\"\" class=\"wp-image-3920\" srcset=\"https:\/\/tveitosida.no\/wp-content\/uploads\/2021\/08\/img_7984-scaled.jpg 1920w, https:\/\/tveitosida.no\/wp-content\/uploads\/2021\/08\/img_7984-225x300.jpg 225w, https:\/\/tveitosida.no\/wp-content\/uploads\/2021\/08\/img_7984-768x1024.jpg 768w, https:\/\/tveitosida.no\/wp-content\/uploads\/2021\/08\/img_7984-1152x1536.jpg 1152w, https:\/\/tveitosida.no\/wp-content\/uploads\/2021\/08\/img_7984-1536x2048.jpg 1536w\" sizes=\"(max-width: 1920px) 100vw, 1920px\" \/><figcaption>Artig bj\u00f8rk<\/figcaption><\/figure>\n\n\n\n<figure class=\"wp-block-image size-large\"><img loading=\"lazy\" width=\"2560\" height=\"1920\" src=\"https:\/\/tveitosida.no\/wp-content\/uploads\/2021\/08\/img_7986-scaled.jpg\" alt=\"\" class=\"wp-image-3921\" srcset=\"https:\/\/tveitosida.no\/wp-content\/uploads\/2021\/08\/img_7986-scaled.jpg 2560w, https:\/\/tveitosida.no\/wp-content\/uploads\/2021\/08\/img_7986-300x225.jpg 300w, https:\/\/tveitosida.no\/wp-content\/uploads\/2021\/08\/img_7986-1024x768.jpg 1024w, https:\/\/tveitosida.no\/wp-content\/uploads\/2021\/08\/img_7986-768x576.jpg 768w, https:\/\/tveitosida.no\/wp-content\/uploads\/2021\/08\/img_7986-1536x1152.jpg 1536w, https:\/\/tveitosida.no\/wp-content\/uploads\/2021\/08\/img_7986-2048x1536.jpg 2048w\" sizes=\"(max-width: 2560px) 100vw, 2560px\" \/><figcaption>Kjerringanosi<\/figcaption><\/figure>\n\n\n\n<figure class=\"wp-block-image size-large\"><img loading=\"lazy\" width=\"2560\" height=\"1920\" src=\"https:\/\/tveitosida.no\/wp-content\/uploads\/2021\/08\/img_7989-scaled.jpg\" alt=\"\" class=\"wp-image-3922\" srcset=\"https:\/\/tveitosida.no\/wp-content\/uploads\/2021\/08\/img_7989-scaled.jpg 2560w, https:\/\/tveitosida.no\/wp-content\/uploads\/2021\/08\/img_7989-300x225.jpg 300w, https:\/\/tveitosida.no\/wp-content\/uploads\/2021\/08\/img_7989-1024x768.jpg 1024w, https:\/\/tveitosida.no\/wp-content\/uploads\/2021\/08\/img_7989-768x576.jpg 768w, https:\/\/tveitosida.no\/wp-content\/uploads\/2021\/08\/img_7989-1536x1152.jpg 1536w, https:\/\/tveitosida.no\/wp-content\/uploads\/2021\/08\/img_7989-2048x1536.jpg 2048w\" sizes=\"(max-width: 2560px) 100vw, 2560px\" \/><figcaption>Innover mot s\u00e6tra<\/figcaption><\/figure>\n\n\n\n<figure class=\"wp-block-image size-large\"><img loading=\"lazy\" width=\"2560\" height=\"1920\" src=\"https:\/\/tveitosida.no\/wp-content\/uploads\/2021\/08\/img_7992-scaled.jpg\" alt=\"\" class=\"wp-image-3923\" srcset=\"https:\/\/tveitosida.no\/wp-content\/uploads\/2021\/08\/img_7992-scaled.jpg 2560w, https:\/\/tveitosida.no\/wp-content\/uploads\/2021\/08\/img_7992-300x225.jpg 300w, https:\/\/tveitosida.no\/wp-content\/uploads\/2021\/08\/img_7992-1024x768.jpg 1024w, https:\/\/tveitosida.no\/wp-content\/uploads\/2021\/08\/img_7992-768x576.jpg 768w, https:\/\/tveitosida.no\/wp-content\/uploads\/2021\/08\/img_7992-1536x1152.jpg 1536w, https:\/\/tveitosida.no\/wp-content\/uploads\/2021\/08\/img_7992-2048x1536.jpg 2048w\" sizes=\"(max-width: 2560px) 100vw, 2560px\" \/><figcaption>Utsikt tilbake, mulig Nestheim\/Bl\u00e5nipa i bakgrunnen<\/figcaption><\/figure>\n\n\n\n<figure class=\"wp-block-image size-large\"><img loading=\"lazy\" width=\"2560\" height=\"1920\" src=\"https:\/\/tveitosida.no\/wp-content\/uploads\/2021\/08\/img_7994-scaled.jpg\" alt=\"\" class=\"wp-image-3924\" srcset=\"https:\/\/tveitosida.no\/wp-content\/uploads\/2021\/08\/img_7994-scaled.jpg 2560w, https:\/\/tveitosida.no\/wp-content\/uploads\/2021\/08\/img_7994-300x225.jpg 300w, https:\/\/tveitosida.no\/wp-content\/uploads\/2021\/08\/img_7994-1024x768.jpg 1024w, https:\/\/tveitosida.no\/wp-content\/uploads\/2021\/08\/img_7994-768x576.jpg 768w, https:\/\/tveitosida.no\/wp-content\/uploads\/2021\/08\/img_7994-1536x1152.jpg 1536w, https:\/\/tveitosida.no\/wp-content\/uploads\/2021\/08\/img_7994-2048x1536.jpg 2048w\" sizes=\"(max-width: 2560px) 100vw, 2560px\" \/><figcaption><em>Innover mot s\u00e6tra<\/em>, litt n\u00e6rmare<\/figcaption><\/figure>\n\n\n\n<figure class=\"wp-block-image size-large\"><img loading=\"lazy\" width=\"2560\" height=\"1920\" src=\"https:\/\/tveitosida.no\/wp-content\/uploads\/2021\/08\/img_8001-scaled.jpg\" alt=\"\" class=\"wp-image-3925\" srcset=\"https:\/\/tveitosida.no\/wp-content\/uploads\/2021\/08\/img_8001-scaled.jpg 2560w, https:\/\/tveitosida.no\/wp-content\/uploads\/2021\/08\/img_8001-300x225.jpg 300w, https:\/\/tveitosida.no\/wp-content\/uploads\/2021\/08\/img_8001-1024x768.jpg 1024w, https:\/\/tveitosida.no\/wp-content\/uploads\/2021\/08\/img_8001-768x576.jpg 768w, https:\/\/tveitosida.no\/wp-content\/uploads\/2021\/08\/img_8001-1536x1152.jpg 1536w, https:\/\/tveitosida.no\/wp-content\/uploads\/2021\/08\/img_8001-2048x1536.jpg 2048w\" sizes=\"(max-width: 2560px) 100vw, 2560px\" \/><figcaption><em>Innover mot s\u00e6tra, end\u00e5 n\u00e6rmare<\/em><\/figcaption><\/figure>\n\n\n\n<figure class=\"wp-block-image size-large\"><img loading=\"lazy\" width=\"2560\" height=\"1920\" src=\"https:\/\/tveitosida.no\/wp-content\/uploads\/2021\/08\/img_8006-scaled.jpg\" alt=\"\" class=\"wp-image-3926\" srcset=\"https:\/\/tveitosida.no\/wp-content\/uploads\/2021\/08\/img_8006-scaled.jpg 2560w, https:\/\/tveitosida.no\/wp-content\/uploads\/2021\/08\/img_8006-300x225.jpg 300w, https:\/\/tveitosida.no\/wp-content\/uploads\/2021\/08\/img_8006-1024x768.jpg 1024w, https:\/\/tveitosida.no\/wp-content\/uploads\/2021\/08\/img_8006-768x576.jpg 768w, https:\/\/tveitosida.no\/wp-content\/uploads\/2021\/08\/img_8006-1536x1152.jpg 1536w, https:\/\/tveitosida.no\/wp-content\/uploads\/2021\/08\/img_8006-2048x1536.jpg 2048w\" sizes=\"(max-width: 2560px) 100vw, 2560px\" \/><figcaption>Utsikt tilbake<\/figcaption><\/figure>\n\n\n\n<figure class=\"wp-block-image size-large\"><img loading=\"lazy\" width=\"2560\" height=\"1920\" src=\"https:\/\/tveitosida.no\/wp-content\/uploads\/2021\/08\/img_8011-scaled.jpg\" alt=\"\" class=\"wp-image-3927\" srcset=\"https:\/\/tveitosida.no\/wp-content\/uploads\/2021\/08\/img_8011-scaled.jpg 2560w, https:\/\/tveitosida.no\/wp-content\/uploads\/2021\/08\/img_8011-300x225.jpg 300w, https:\/\/tveitosida.no\/wp-content\/uploads\/2021\/08\/img_8011-1024x768.jpg 1024w, https:\/\/tveitosida.no\/wp-content\/uploads\/2021\/08\/img_8011-768x576.jpg 768w, https:\/\/tveitosida.no\/wp-content\/uploads\/2021\/08\/img_8011-1536x1152.jpg 1536w, https:\/\/tveitosida.no\/wp-content\/uploads\/2021\/08\/img_8011-2048x1536.jpg 2048w\" sizes=\"(max-width: 2560px) 100vw, 2560px\" \/><figcaption>Holmsvatnet (768 moh) med Gullbr\u00e5holmen<\/figcaption><\/figure>\n\n\n\n<figure class=\"wp-block-image size-large\"><img loading=\"lazy\" width=\"2560\" height=\"1920\" src=\"https:\/\/tveitosida.no\/wp-content\/uploads\/2021\/08\/img_8019-scaled.jpg\" alt=\"\" class=\"wp-image-3929\" srcset=\"https:\/\/tveitosida.no\/wp-content\/uploads\/2021\/08\/img_8019-scaled.jpg 2560w, https:\/\/tveitosida.no\/wp-content\/uploads\/2021\/08\/img_8019-300x225.jpg 300w, https:\/\/tveitosida.no\/wp-content\/uploads\/2021\/08\/img_8019-1024x768.jpg 1024w, https:\/\/tveitosida.no\/wp-content\/uploads\/2021\/08\/img_8019-768x576.jpg 768w, https:\/\/tveitosida.no\/wp-content\/uploads\/2021\/08\/img_8019-1536x1152.jpg 1536w, https:\/\/tveitosida.no\/wp-content\/uploads\/2021\/08\/img_8019-2048x1536.jpg 2048w\" sizes=\"(max-width: 2560px) 100vw, 2560px\" \/><figcaption>Utsikt tilbake, Holmsvatnet<\/figcaption><\/figure>\n\n\n\n<figure class=\"wp-block-image size-large\"><img loading=\"lazy\" width=\"2560\" height=\"1920\" src=\"https:\/\/tveitosida.no\/wp-content\/uploads\/2021\/08\/img_8031-scaled.jpg\" alt=\"\" class=\"wp-image-3930\" srcset=\"https:\/\/tveitosida.no\/wp-content\/uploads\/2021\/08\/img_8031-scaled.jpg 2560w, https:\/\/tveitosida.no\/wp-content\/uploads\/2021\/08\/img_8031-300x225.jpg 300w, https:\/\/tveitosida.no\/wp-content\/uploads\/2021\/08\/img_8031-1024x768.jpg 1024w, https:\/\/tveitosida.no\/wp-content\/uploads\/2021\/08\/img_8031-768x576.jpg 768w, https:\/\/tveitosida.no\/wp-content\/uploads\/2021\/08\/img_8031-1536x1152.jpg 1536w, https:\/\/tveitosida.no\/wp-content\/uploads\/2021\/08\/img_8031-2048x1536.jpg 2048w\" sizes=\"(max-width: 2560px) 100vw, 2560px\" \/><figcaption>Sittegruppe ved ei av hyttene, med bok til \u00e5 skrive navnet i.<\/figcaption><\/figure>\n\n\n\n<figure class=\"wp-block-image size-large\"><img loading=\"lazy\" width=\"2560\" height=\"1920\" src=\"https:\/\/tveitosida.no\/wp-content\/uploads\/2021\/08\/img_8033-scaled.jpg\" alt=\"\" class=\"wp-image-3931\" srcset=\"https:\/\/tveitosida.no\/wp-content\/uploads\/2021\/08\/img_8033-scaled.jpg 2560w, https:\/\/tveitosida.no\/wp-content\/uploads\/2021\/08\/img_8033-300x225.jpg 300w, https:\/\/tveitosida.no\/wp-content\/uploads\/2021\/08\/img_8033-1024x768.jpg 1024w, https:\/\/tveitosida.no\/wp-content\/uploads\/2021\/08\/img_8033-768x576.jpg 768w, https:\/\/tveitosida.no\/wp-content\/uploads\/2021\/08\/img_8033-1536x1152.jpg 1536w, https:\/\/tveitosida.no\/wp-content\/uploads\/2021\/08\/img_8033-2048x1536.jpg 2048w\" sizes=\"(max-width: 2560px) 100vw, 2560px\" \/><figcaption>Vakkert<\/figcaption><\/figure>\n\n\n\n<figure class=\"wp-block-image size-large\"><img loading=\"lazy\" width=\"2560\" height=\"1920\" src=\"https:\/\/tveitosida.no\/wp-content\/uploads\/2021\/08\/img_8092-scaled.jpg\" alt=\"\" class=\"wp-image-3933\" srcset=\"https:\/\/tveitosida.no\/wp-content\/uploads\/2021\/08\/img_8092-scaled.jpg 2560w, https:\/\/tveitosida.no\/wp-content\/uploads\/2021\/08\/img_8092-300x225.jpg 300w, https:\/\/tveitosida.no\/wp-content\/uploads\/2021\/08\/img_8092-1024x768.jpg 1024w, https:\/\/tveitosida.no\/wp-content\/uploads\/2021\/08\/img_8092-768x576.jpg 768w, https:\/\/tveitosida.no\/wp-content\/uploads\/2021\/08\/img_8092-1536x1152.jpg 1536w, https:\/\/tveitosida.no\/wp-content\/uploads\/2021\/08\/img_8092-2048x1536.jpg 2048w\" sizes=\"(max-width: 2560px) 100vw, 2560px\" \/><figcaption>Utl\u00f8pet fr\u00e5 Holmsvatnet<\/figcaption><\/figure>\n\n\n\n<figure class=\"wp-block-image size-large\"><img loading=\"lazy\" width=\"1920\" height=\"2560\" src=\"https:\/\/tveitosida.no\/wp-content\/uploads\/2021\/08\/img_8136-scaled.jpg\" alt=\"\" class=\"wp-image-3934\" srcset=\"https:\/\/tveitosida.no\/wp-content\/uploads\/2021\/08\/img_8136-scaled.jpg 1920w, https:\/\/tveitosida.no\/wp-content\/uploads\/2021\/08\/img_8136-225x300.jpg 225w, https:\/\/tveitosida.no\/wp-content\/uploads\/2021\/08\/img_8136-768x1024.jpg 768w, https:\/\/tveitosida.no\/wp-content\/uploads\/2021\/08\/img_8136-1152x1536.jpg 1152w, https:\/\/tveitosida.no\/wp-content\/uploads\/2021\/08\/img_8136-1536x2048.jpg 1536w\" sizes=\"(max-width: 1920px) 100vw, 1920px\" \/><figcaption>Heimatt<\/figcaption><\/figure>\n","protected":false},"excerpt":{"rendered":"<p>19. juli gjekk vi tur til Gullbr\u00e5holmen. Vi gjekk opp nedanfor Ekse, den gamle buf\u00f8revegen. Gullbr\u00e5holmen er ein av dei vakraste st\u00f8lane i Eksingedalen.<\/p>\n","protected":false},"author":1,"featured_media":0,"parent":0,"menu_order":0,"comment_status":"closed","ping_status":"closed","template":"","meta":[],"_links":{"self":[{"href":"https:\/\/tveitosida.no\/index.php\/wp-json\/wp\/v2\/pages\/3914"}],"collection":[{"href":"https:\/\/tveitosida.no\/index.php\/wp-json\/wp\/v2\/pages"}],"about":[{"href":"https:\/\/tveitosida.no\/index.php\/wp-json\/wp\/v2\/types\/page"}],"author":[{"embeddable":true,"href":"https:\/\/tveitosida.no\/index.php\/wp-json\/wp\/v2\/users\/1"}],"replies":[{"embeddable":true,"href":"https:\/\/tveitosida.no\/index.php\/wp-json\/wp\/v2\/comments?post=3914"}],"version-history":[{"count":13,"href":"https:\/\/tveitosida.no\/index.php\/wp-json\/wp\/v2\/pages\/3914\/revisions"}],"predecessor-version":[{"id":3948,"href":"https:\/\/tveitosida.no\/index.php\/wp-json\/wp\/v2\/pages\/3914\/revisions\/3948"}],"wp:attachment":[{"href":"https:\/\/tveitosida.no\/index.php\/wp-json\/wp\/v2\/media?parent=3914"}],"curies":[{"name":"wp","href":"https:\/\/api.w.org\/{rel}","templated":true}]}}