{"id":38,"date":"2020-10-24T21:29:54","date_gmt":"2020-10-24T21:29:54","guid":{"rendered":"http:\/\/10.40.0.11\/?page_id=38"},"modified":"2020-11-01T17:06:54","modified_gmt":"2020-11-01T17:06:54","slug":"gamleloa","status":"publish","type":"page","link":"https:\/\/tveitosida.no\/index.php\/gamleloa\/","title":{"rendered":"Gamlal\u00f8o"},"content":{"rendered":"<p align=\"left\">Sommaren 2009 beiset vi veggen p\u00e5 nytt. Da ble ogs\u00e5 vinduene<br \/>\nlyse.<br \/>\n<img loading=\"lazy\" src=\"http:\/\/tveitosida.no\/wp-content\/uploads\/gamlaloa_folderen\/gamlaloa\/IMG_4059Loeveggen.jpg\" width=\"600\" height=\"450\" border=\"0\"><\/p>\n<p align=\"left\"><img loading=\"lazy\" src=\"http:\/\/tveitosida.no\/wp-content\/uploads\/gamlaloa_folderen\/gamlaloa\/BokeneLoa.jpg\" width=\"600\" height=\"400\" border=\"0\"><\/p>\n<p align=\"left\"><img loading=\"lazy\" src=\"http:\/\/tveitosida.no\/wp-content\/uploads\/gamlaloa_folderen\/gamlaloa\/LoaN.jpg\" alt=\"Gamlel\u00f8a 2001\" width=\"600\" height=\"372\" border=\"0\"><\/p>\n<p align=\"left\"><img loading=\"lazy\" src=\"http:\/\/tveitosida.no\/wp-content\/uploads\/gamlaloa_folderen\/gamlaloa\/Gamleloa4.jpg\" alt=\"Gamlel\u00f8a\" width=\"525\" height=\"344\"><\/p>\n<p align=\"left\">M\u00f8ttinga&nbsp;&nbsp; &nbsp; &nbsp; &nbsp; &nbsp; &nbsp; &nbsp;&nbsp;<img loading=\"lazy\" src=\"http:\/\/tveitosida.no\/wp-content\/uploads\/gamlaloa_folderen\/gamlaloa\/Mottinga.jpg\" alt=\"Her var m\u00f8ka f\u00f8r. \" width=\"500\" height=\"315\"><\/p>\n<p align=\"left\">Sittegruppe der m\u00f8ttinga var f\u00f8r.<br \/>\n<img loading=\"lazy\" src=\"http:\/\/tveitosida.no\/wp-content\/uploads\/gamlaloa_folderen\/gamlaloa\/Sittegr.jpg\" alt=\"Sittegruppe utanfor gamlel\u00f8a. \" width=\"515\" height=\"337\"><\/p>\n<p align=\"left\">Magne rydder bort ting som var der f\u00f8r.<br \/>\n<img loading=\"lazy\" src=\"http:\/\/tveitosida.no\/wp-content\/uploads\/gamlaloa_folderen\/gamlaloa\/MagneMott_600.jpg\" width=\"600\" height=\"414\"><\/p>\n<p align=\"left\">At den gamle l\u00f8a er gamal er visst, det syner b\u00e5de byggjestilen og byggjematerialane. Mest truleg har den vorte flytta fr\u00e5 ein annan stad, det syner sneddbanda i dei to nordste stavane p\u00e5 den austre sida av l\u00f8a. Stilen er lik dei mange l\u00f8ene p\u00e5 bruka i eldre tider. Det var stavbygg, som best\u00e5r av stavar, stavleie, betar og sneddband. I den gamle l\u00f8a er det fem par stavar, men til vanleg var det berre fire par. Det siste kom til d\u00e5 tippoldefaren min Jacob Eriksson Nedretveit bygde p\u00e5 den s\u00f8re delen som dekkjer m\u00f8ttinga i 1860 \u00e5ra. Under denne p\u00e5bygginga vart l\u00f8a ogs\u00e5 utvida mot aust. Staven i venstre hj\u00f8rna mot s\u00f8r er av eik, dei andre og resten av materialane er av furu. L\u00f8etaket var lagt med never og torv. I eldre tider var kledningen p\u00e5 l\u00f8a nagla fast med trenaglar, og litt av dette syner enno. Golvet i l\u00f8a bestod av bjelkar, og sj\u00f8lve golvet var under- og overliggjarar. Golvet var av totoms plankar.<\/p>\n<p align=\"left\">Fr\u00e5 nordre stavleia og til den f\u00f8rste beten var det lagringsplass for korn, og mellom f\u00f8rste og andre beten var det tusteplass. Seinare kom treskjemaskina som m\u00e5tte snuast for hand, og etter ei stund kom ogs\u00e5 motoren. Halmen som ogs\u00e5 vart teken vare p\u00e5, vart lagra oppe mellom dei to f\u00f8rste betane, p\u00e5 eit golv laga av korn- og hesjestaur.<\/p>\n<p align=\"left\">Fj\u00f8set der kyrne stod var i f\u00f8rste etasje, og det gjekk trapp fr\u00e5 l\u00f8a og ned i fj\u00f8sen. B\u00e5sane stod p\u00e5 veggen mot vest. Mot aust var det ein garde som var rekna for sau. I 1930-\u00e5ra vart fj\u00f8set ominnreidd av oldefaren min Mons Tvedt. Under denne ombygginga vart b\u00e5sane utvida og flytta ut p\u00e5 golvet, og det vart laga gj\u00f8ter til \u00e5 fora kyrne i.<\/p>\n<p align=\"left\">I 1936 var utskiftinga av innmarka ferdig, og dette medf\u00f8rte ein del endringar, og ein del utl\u00f8er m\u00e5tte flyttast. Ei av utl\u00f8ene vart flytta heim p\u00e5 garden, og bygd i saman med den gamle l\u00f8a, og l\u00f8a fekk dermed ein vinkel. Seinare har det ogs\u00e5 blitt bygd siloar til den gamle l\u00f8a. P\u00e5 1980-talet vart det bygd nytt fj\u00f8s p\u00e5 garden og den gamle l\u00f8a fungerte fr\u00e5 d\u00e5 og fram til ca 1999 som lagringsplass for gamalt og nytt utstyr. No er den pussa opp, og gamle ting st\u00e5r utstilt.<\/p>\n<p align=\"left\">I 2004 tok vi pr\u00f8ver p\u00e5 nokre trepr\u00f8ver av l\u00f8a. C-14 metoden<br \/>\nble benyttet.<br \/>\nStav, furu, hugget 415 +\/- 55 \u00e5r f\u00f8r 1950, kalibrert alder 1435-1615.<br \/>\nStavleie, furu, hugget 425 +\/- 75 \u00e5r f\u00f8r 1950, kalibrert alder 1430-1620.<\/p>\n<p align=\"left\"><img loading=\"lazy\" src=\"http:\/\/tveitosida.no\/wp-content\/uploads\/gamlaloa_folderen\/gamlaloa\/GamaltbildeLoa2.jpg\" width=\"600\" height=\"400\" border=\"0\"><\/p>\n<p align=\"left\">Mai 2005<br \/>\n<img loading=\"lazy\" src=\"http:\/\/tveitosida.no\/wp-content\/uploads\/gamlaloa_folderen\/gamlaloa\/136_3681GmlL.jpg\" width=\"600\" height=\"400\" border=\"0\"><\/p>\n<p align=\"left\"><img loading=\"lazy\" src=\"http:\/\/tveitosida.no\/wp-content\/uploads\/gamlaloa_folderen\/gamlaloa\/136_3682GmlL.jpg\" width=\"600\" height=\"400\" border=\"0\"><\/p>\n<p align=\"left\"><img loading=\"lazy\" src=\"http:\/\/tveitosida.no\/wp-content\/uploads\/gamlaloa_folderen\/gamlaloa\/136_3684GmlL.jpg\" width=\"600\" height=\"400\" border=\"0\"><\/p>\n<p align=\"left\">Kledningen var festa med naglar<br \/>\n<img loading=\"lazy\" src=\"http:\/\/tveitosida.no\/wp-content\/uploads\/stadnamn\/GamleloaG2.jpg\" width=\"600\" height=\"413\" border=\"0\"><\/p>\n<p>Venstre bilde: Fr\u00e5 venstre kjem stavleie, og eit anna g\u00e5r mot h\u00f8gre. I hj\u00f8rna st\u00e5r ein stav med sneddbanda p\u00e5 skr\u00e5 opp mot stavleia. H\u00f8gre bilde: Fr\u00e5 venstre kjem eit stavleie, mot h\u00f8gre g\u00e5r ein bete.<br \/>\n<img loading=\"lazy\" src=\"http:\/\/tveitosida.no\/wp-content\/uploads\/gamlaloa_folderen\/gamlaloa\/Stavleie.jpg\" width=\"300\" height=\"440\" border=\"0\"><\/p>\n<p><img loading=\"lazy\" src=\"http:\/\/tveitosida.no\/wp-content\/uploads\/gamlaloa_folderen\/gamlaloa\/Stavleie2.jpg\" width=\"300\" height=\"440\" border=\"0\"><\/p>\n<p align=\"left\">L\u00f8a i 1999.<br \/>\n<img loading=\"lazy\" src=\"http:\/\/tveitosida.no\/wp-content\/uploads\/gamlaloa_folderen\/gamlaloa\/Loa_05_1999_600.jpg\" width=\"600\" height=\"402\" border=\"0\"><\/p>\n","protected":false},"excerpt":{"rendered":"<p>Sommaren 2009 beiset vi veggen p\u00e5 nytt. Da ble ogs\u00e5 vinduene lyse. M\u00f8ttinga&nbsp;&nbsp; &nbsp; &nbsp; &nbsp; &nbsp; &nbsp; &nbsp;&nbsp; Sittegruppe der m\u00f8ttinga var f\u00f8r. Magne rydder bort ting som var der f\u00f8r. At den gamle l\u00f8a er gamal er visst, det syner b\u00e5de byggjestilen og byggjematerialane. Mest truleg har den vorte flytta fr\u00e5 ein annan &hellip; <a href=\"https:\/\/tveitosida.no\/index.php\/gamleloa\/\" class=\"more-link\">Continue reading <span class=\"screen-reader-text\">Gamlal\u00f8o<\/span> <span class=\"meta-nav\">&rarr;<\/span><\/a><\/p>\n","protected":false},"author":1,"featured_media":0,"parent":0,"menu_order":0,"comment_status":"closed","ping_status":"closed","template":"","meta":[],"_links":{"self":[{"href":"https:\/\/tveitosida.no\/index.php\/wp-json\/wp\/v2\/pages\/38"}],"collection":[{"href":"https:\/\/tveitosida.no\/index.php\/wp-json\/wp\/v2\/pages"}],"about":[{"href":"https:\/\/tveitosida.no\/index.php\/wp-json\/wp\/v2\/types\/page"}],"author":[{"embeddable":true,"href":"https:\/\/tveitosida.no\/index.php\/wp-json\/wp\/v2\/users\/1"}],"replies":[{"embeddable":true,"href":"https:\/\/tveitosida.no\/index.php\/wp-json\/wp\/v2\/comments?post=38"}],"version-history":[{"count":16,"href":"https:\/\/tveitosida.no\/index.php\/wp-json\/wp\/v2\/pages\/38\/revisions"}],"predecessor-version":[{"id":1899,"href":"https:\/\/tveitosida.no\/index.php\/wp-json\/wp\/v2\/pages\/38\/revisions\/1899"}],"wp:attachment":[{"href":"https:\/\/tveitosida.no\/index.php\/wp-json\/wp\/v2\/media?parent=38"}],"curies":[{"name":"wp","href":"https:\/\/api.w.org\/{rel}","templated":true}]}}