{"id":3723,"date":"2021-05-22T17:33:23","date_gmt":"2021-05-22T17:33:23","guid":{"rendered":"https:\/\/tveitosida.no\/?page_id=3723"},"modified":"2022-04-30T06:04:13","modified_gmt":"2022-04-30T06:04:13","slug":"myking-kyrkje","status":"publish","type":"page","link":"https:\/\/tveitosida.no\/index.php\/myking-kyrkje\/","title":{"rendered":"Myking kyrkje"},"content":{"rendered":"\n<p>L\u00f8rdag 15. mai 2021. Myking kyrkje med den gamle kyrkjegarden. Der kviler nok nokon av v\u00e5re forfedre.<\/p>\n\n\n\n<figure class=\"wp-block-image size-large\"><img loading=\"lazy\" width=\"2560\" height=\"1920\" src=\"https:\/\/tveitosida.no\/wp-content\/uploads\/gamle_folder\/m_kyrkje\/img_6597-scaled.jpg\" alt=\"\" class=\"wp-image-3717\" srcset=\"https:\/\/tveitosida.no\/wp-content\/uploads\/gamle_folder\/m_kyrkje\/img_6597-scaled.jpg 2560w, https:\/\/tveitosida.no\/wp-content\/uploads\/gamle_folder\/m_kyrkje\/img_6597-scaled-300x225.jpg 300w, https:\/\/tveitosida.no\/wp-content\/uploads\/gamle_folder\/m_kyrkje\/img_6597-scaled-1024x768.jpg 1024w, https:\/\/tveitosida.no\/wp-content\/uploads\/gamle_folder\/m_kyrkje\/img_6597-scaled-768x576.jpg 768w, https:\/\/tveitosida.no\/wp-content\/uploads\/gamle_folder\/m_kyrkje\/img_6597-scaled-1536x1152.jpg 1536w, https:\/\/tveitosida.no\/wp-content\/uploads\/gamle_folder\/m_kyrkje\/img_6597-scaled-2048x1536.jpg 2048w\" sizes=\"(max-width: 2560px) 100vw, 2560px\" \/><figcaption>Engkarse<\/figcaption><\/figure>\n\n\n\n<figure class=\"wp-block-image size-large\"><img loading=\"lazy\" width=\"2560\" height=\"1920\" src=\"https:\/\/tveitosida.no\/wp-content\/uploads\/gamle_folder\/m_kyrkje\/img_6600-scaled.jpg\" alt=\"\" class=\"wp-image-3718\" srcset=\"https:\/\/tveitosida.no\/wp-content\/uploads\/gamle_folder\/m_kyrkje\/img_6600-scaled.jpg 2560w, https:\/\/tveitosida.no\/wp-content\/uploads\/gamle_folder\/m_kyrkje\/img_6600-scaled-300x225.jpg 300w, https:\/\/tveitosida.no\/wp-content\/uploads\/gamle_folder\/m_kyrkje\/img_6600-scaled-1024x768.jpg 1024w, https:\/\/tveitosida.no\/wp-content\/uploads\/gamle_folder\/m_kyrkje\/img_6600-scaled-768x576.jpg 768w, https:\/\/tveitosida.no\/wp-content\/uploads\/gamle_folder\/m_kyrkje\/img_6600-scaled-1536x1152.jpg 1536w, https:\/\/tveitosida.no\/wp-content\/uploads\/gamle_folder\/m_kyrkje\/img_6600-scaled-2048x1536.jpg 2048w\" sizes=\"(max-width: 2560px) 100vw, 2560px\" \/><figcaption>Porten i nord<\/figcaption><\/figure>\n\n\n\n<figure class=\"wp-block-image size-large\"><img loading=\"lazy\" width=\"2560\" height=\"1920\" src=\"https:\/\/tveitosida.no\/wp-content\/uploads\/gamle_folder\/m_kyrkje\/img_6601-scaled.jpg\" alt=\"\" class=\"wp-image-3719\" srcset=\"https:\/\/tveitosida.no\/wp-content\/uploads\/gamle_folder\/m_kyrkje\/img_6601-scaled.jpg 2560w, https:\/\/tveitosida.no\/wp-content\/uploads\/gamle_folder\/m_kyrkje\/img_6601-scaled-300x225.jpg 300w, https:\/\/tveitosida.no\/wp-content\/uploads\/gamle_folder\/m_kyrkje\/img_6601-scaled-1024x768.jpg 1024w, https:\/\/tveitosida.no\/wp-content\/uploads\/gamle_folder\/m_kyrkje\/img_6601-scaled-768x576.jpg 768w, https:\/\/tveitosida.no\/wp-content\/uploads\/gamle_folder\/m_kyrkje\/img_6601-scaled-1536x1152.jpg 1536w, https:\/\/tveitosida.no\/wp-content\/uploads\/gamle_folder\/m_kyrkje\/img_6601-scaled-2048x1536.jpg 2048w\" sizes=\"(max-width: 2560px) 100vw, 2560px\" \/><figcaption>Porten inn fr\u00e5 s\u00f8r<\/figcaption><\/figure>\n\n\n\n<figure class=\"wp-block-image size-large\"><img loading=\"lazy\" width=\"2560\" height=\"1920\" src=\"https:\/\/tveitosida.no\/wp-content\/uploads\/gamle_folder\/m_kyrkje\/img_6604-scaled.jpg\" alt=\"\" class=\"wp-image-3720\" srcset=\"https:\/\/tveitosida.no\/wp-content\/uploads\/gamle_folder\/m_kyrkje\/img_6604-scaled.jpg 2560w, https:\/\/tveitosida.no\/wp-content\/uploads\/gamle_folder\/m_kyrkje\/img_6604-scaled-300x225.jpg 300w, https:\/\/tveitosida.no\/wp-content\/uploads\/gamle_folder\/m_kyrkje\/img_6604-scaled-1024x768.jpg 1024w, https:\/\/tveitosida.no\/wp-content\/uploads\/gamle_folder\/m_kyrkje\/img_6604-scaled-768x576.jpg 768w, https:\/\/tveitosida.no\/wp-content\/uploads\/gamle_folder\/m_kyrkje\/img_6604-scaled-1536x1152.jpg 1536w, https:\/\/tveitosida.no\/wp-content\/uploads\/gamle_folder\/m_kyrkje\/img_6604-scaled-2048x1536.jpg 2048w\" sizes=\"(max-width: 2560px) 100vw, 2560px\" \/><figcaption>Inne p\u00e5 den gamle kyrkjegarden, der det av og til er gudstjenester.<\/figcaption><\/figure>\n\n\n\n<figure class=\"wp-block-image size-large\"><img loading=\"lazy\" width=\"2560\" height=\"1920\" src=\"https:\/\/tveitosida.no\/wp-content\/uploads\/gamle_folder\/m_kyrkje\/img_6607-scaled.jpg\" alt=\"\" class=\"wp-image-3722\" srcset=\"https:\/\/tveitosida.no\/wp-content\/uploads\/gamle_folder\/m_kyrkje\/img_6607-scaled.jpg 2560w, https:\/\/tveitosida.no\/wp-content\/uploads\/gamle_folder\/m_kyrkje\/img_6607-scaled-300x225.jpg 300w, https:\/\/tveitosida.no\/wp-content\/uploads\/gamle_folder\/m_kyrkje\/img_6607-scaled-1024x768.jpg 1024w, https:\/\/tveitosida.no\/wp-content\/uploads\/gamle_folder\/m_kyrkje\/img_6607-scaled-768x576.jpg 768w, https:\/\/tveitosida.no\/wp-content\/uploads\/gamle_folder\/m_kyrkje\/img_6607-scaled-1536x1152.jpg 1536w, https:\/\/tveitosida.no\/wp-content\/uploads\/gamle_folder\/m_kyrkje\/img_6607-scaled-2048x1536.jpg 2048w\" sizes=\"(max-width: 2560px) 100vw, 2560px\" \/><figcaption>Majestetisk bilde<\/figcaption><\/figure>\n\n\n\n<p>L\u00f8rdag 29. mai. <\/p>\n\n\n\n<figure class=\"wp-block-image size-large\"><img loading=\"lazy\" width=\"1024\" height=\"683\" src=\"http:\/\/tveitosida.no\/wp-content\/uploads\/gamle_folder\/m_kyrkje\/IMG_0918c-1024x683.jpg\" alt=\"\" class=\"wp-image-3902\" srcset=\"https:\/\/tveitosida.no\/wp-content\/uploads\/gamle_folder\/m_kyrkje\/IMG_0918c-1024x683.jpg 1024w, https:\/\/tveitosida.no\/wp-content\/uploads\/gamle_folder\/m_kyrkje\/IMG_0918c-300x200.jpg 300w, https:\/\/tveitosida.no\/wp-content\/uploads\/gamle_folder\/m_kyrkje\/IMG_0918c-768x512.jpg 768w, https:\/\/tveitosida.no\/wp-content\/uploads\/gamle_folder\/m_kyrkje\/IMG_0918c-1536x1024.jpg 1536w, https:\/\/tveitosida.no\/wp-content\/uploads\/gamle_folder\/m_kyrkje\/IMG_0918c-2048x1365.jpg 2048w\" sizes=\"(max-width: 1024px) 100vw, 1024px\" \/><figcaption>Skyfritt og enga er full av gule blomster og frukttr\u00e6rne blomstrer.<\/figcaption><\/figure>\n\n\n\n<figure class=\"wp-block-image size-large\"><img loading=\"lazy\" width=\"1920\" height=\"2560\" src=\"https:\/\/tveitosida.no\/wp-content\/uploads\/2021\/05\/img_6786-scaled.jpg\" alt=\"\" class=\"wp-image-3907\" srcset=\"https:\/\/tveitosida.no\/wp-content\/uploads\/2021\/05\/img_6786-scaled.jpg 1920w, https:\/\/tveitosida.no\/wp-content\/uploads\/2021\/05\/img_6786-225x300.jpg 225w, https:\/\/tveitosida.no\/wp-content\/uploads\/2021\/05\/img_6786-768x1024.jpg 768w, https:\/\/tveitosida.no\/wp-content\/uploads\/2021\/05\/img_6786-1152x1536.jpg 1152w, https:\/\/tveitosida.no\/wp-content\/uploads\/2021\/05\/img_6786-1536x2048.jpg 1536w\" sizes=\"(max-width: 1920px) 100vw, 1920px\" \/><figcaption><em>Porten til Kyrkjegarden sett p\u00e5 ein litt anna m\u00e5te.<\/em><\/figcaption><\/figure>\n\n\n\n<figure class=\"wp-block-image size-large\"><img loading=\"lazy\" width=\"1920\" height=\"2560\" src=\"https:\/\/tveitosida.no\/wp-content\/uploads\/2021\/05\/img_6771-scaled.jpg\" alt=\"\" class=\"wp-image-3906\" srcset=\"https:\/\/tveitosida.no\/wp-content\/uploads\/2021\/05\/img_6771-scaled.jpg 1920w, https:\/\/tveitosida.no\/wp-content\/uploads\/2021\/05\/img_6771-225x300.jpg 225w, https:\/\/tveitosida.no\/wp-content\/uploads\/2021\/05\/img_6771-768x1024.jpg 768w, https:\/\/tveitosida.no\/wp-content\/uploads\/2021\/05\/img_6771-1152x1536.jpg 1152w, https:\/\/tveitosida.no\/wp-content\/uploads\/2021\/05\/img_6771-1536x2048.jpg 1536w\" sizes=\"(max-width: 1920px) 100vw, 1920px\" \/><figcaption>Ei av sided\u00f8rene<\/figcaption><\/figure>\n\n\n\n<figure class=\"wp-block-image size-large\"><img loading=\"lazy\" width=\"2560\" height=\"1920\" src=\"https:\/\/tveitosida.no\/wp-content\/uploads\/2022\/04\/img_2684-1-scaled.jpg\" alt=\"\" class=\"wp-image-4278\" srcset=\"https:\/\/tveitosida.no\/wp-content\/uploads\/2022\/04\/img_2684-1-scaled.jpg 2560w, https:\/\/tveitosida.no\/wp-content\/uploads\/2022\/04\/img_2684-1-300x225.jpg 300w, https:\/\/tveitosida.no\/wp-content\/uploads\/2022\/04\/img_2684-1-1024x768.jpg 1024w, https:\/\/tveitosida.no\/wp-content\/uploads\/2022\/04\/img_2684-1-768x576.jpg 768w, https:\/\/tveitosida.no\/wp-content\/uploads\/2022\/04\/img_2684-1-1536x1152.jpg 1536w, https:\/\/tveitosida.no\/wp-content\/uploads\/2022\/04\/img_2684-1-2048x1536.jpg 2048w\" sizes=\"(max-width: 2560px) 100vw, 2560px\" \/><figcaption>Kyrkja 1. p\u00e5skedag, 17.04 2022<\/figcaption><\/figure>\n","protected":false},"excerpt":{"rendered":"<p>L\u00f8rdag 15. mai 2021. Myking kyrkje med den gamle kyrkjegarden. Der kviler nok nokon av v\u00e5re forfedre. L\u00f8rdag 29. mai.<\/p>\n","protected":false},"author":1,"featured_media":0,"parent":0,"menu_order":0,"comment_status":"closed","ping_status":"closed","template":"","meta":[],"_links":{"self":[{"href":"https:\/\/tveitosida.no\/index.php\/wp-json\/wp\/v2\/pages\/3723"}],"collection":[{"href":"https:\/\/tveitosida.no\/index.php\/wp-json\/wp\/v2\/pages"}],"about":[{"href":"https:\/\/tveitosida.no\/index.php\/wp-json\/wp\/v2\/types\/page"}],"author":[{"embeddable":true,"href":"https:\/\/tveitosida.no\/index.php\/wp-json\/wp\/v2\/users\/1"}],"replies":[{"embeddable":true,"href":"https:\/\/tveitosida.no\/index.php\/wp-json\/wp\/v2\/comments?post=3723"}],"version-history":[{"count":16,"href":"https:\/\/tveitosida.no\/index.php\/wp-json\/wp\/v2\/pages\/3723\/revisions"}],"predecessor-version":[{"id":4279,"href":"https:\/\/tveitosida.no\/index.php\/wp-json\/wp\/v2\/pages\/3723\/revisions\/4279"}],"wp:attachment":[{"href":"https:\/\/tveitosida.no\/index.php\/wp-json\/wp\/v2\/media?parent=3723"}],"curies":[{"name":"wp","href":"https:\/\/api.w.org\/{rel}","templated":true}]}}