{"id":3596,"date":"2020-11-14T18:41:14","date_gmt":"2020-11-14T18:41:14","guid":{"rendered":"http:\/\/tveitosida.no\/?page_id=3596"},"modified":"2020-11-14T18:49:33","modified_gmt":"2020-11-14T18:49:33","slug":"steinsedalen-17-ii","status":"publish","type":"page","link":"https:\/\/tveitosida.no\/index.php\/steinsedalen-17-ii\/","title":{"rendered":"Steinsedalen &#8216; 17 II"},"content":{"rendered":"<p>Del 2: Bildene fr\u00e5 turen heimatt.<br \/>\n<img loading=\"lazy\" src=\"http:\/\/tveitosida.no\/wp-content\/uploads\/diverse_folder\/steinsedalen17\/IMG_1957.png\" width=\"700\" height=\"525\" border=\"0\" \/><\/p>\n<p><img loading=\"lazy\" src=\"http:\/\/tveitosida.no\/wp-content\/uploads\/diverse_folder\/steinsedalen17\/IMG_1960.png\" width=\"700\" height=\"525\" border=\"0\" \/><\/p>\n<p><img loading=\"lazy\" src=\"http:\/\/tveitosida.no\/wp-content\/uploads\/diverse_folder\/steinsedalen17\/IMG_1961.png\" width=\"700\" height=\"525\" border=\"0\" \/><\/p>\n<p><img loading=\"lazy\" src=\"http:\/\/tveitosida.no\/wp-content\/uploads\/diverse_folder\/steinsedalen17\/IMG_1963.png\" width=\"700\" height=\"525\" border=\"0\" \/><\/p>\n<p><img loading=\"lazy\" src=\"http:\/\/tveitosida.no\/wp-content\/uploads\/diverse_folder\/steinsedalen17\/IMG_1964.png\" width=\"700\" height=\"525\" border=\"0\" \/><\/p>\n<p><img loading=\"lazy\" src=\"http:\/\/tveitosida.no\/wp-content\/uploads\/diverse_folder\/steinsedalen17\/IMG_1965.png\" width=\"700\" height=\"525\" border=\"0\" \/><\/p>\n<p>Med kamera fra venstre mot h\u00f8gre, 1:<br \/>\n<img loading=\"lazy\" src=\"http:\/\/tveitosida.no\/wp-content\/uploads\/diverse_folder\/steinsedalen17\/IMG_0270.png\" width=\"700\" height=\"466\" border=\"0\" \/><br \/>\n2:<br \/>\n<img loading=\"lazy\" src=\"http:\/\/tveitosida.no\/wp-content\/uploads\/diverse_folder\/steinsedalen17\/IMG_0271.png\" width=\"700\" height=\"466\" border=\"0\" \/><br \/>\n3:<br \/>\n<img loading=\"lazy\" src=\"http:\/\/tveitosida.no\/wp-content\/uploads\/diverse_folder\/steinsedalen17\/IMG_0272.png\" width=\"700\" height=\"466\" border=\"0\" \/><br \/>\n4:<br \/>\n<img loading=\"lazy\" src=\"http:\/\/tveitosida.no\/wp-content\/uploads\/diverse_folder\/steinsedalen17\/IMG_0273.png\" width=\"700\" height=\"466\" border=\"0\" \/><\/p>\n<p><img loading=\"lazy\" src=\"http:\/\/tveitosida.no\/wp-content\/uploads\/diverse_folder\/steinsedalen17\/IMG_1969.png\" width=\"700\" height=\"525\" border=\"0\" \/><\/p>\n<p><img loading=\"lazy\" src=\"http:\/\/tveitosida.no\/wp-content\/uploads\/diverse_folder\/steinsedalen17\/IMG_1970.png\" width=\"700\" height=\"525\" border=\"0\" \/><\/p>\n<p><img loading=\"lazy\" src=\"http:\/\/tveitosida.no\/wp-content\/uploads\/diverse_folder\/steinsedalen17\/IMG_1972.png\" width=\"700\" height=\"525\" border=\"0\" \/><\/p>\n<p>Midt i bildet ser ein det litle vatnet der ein kan g\u00e5 opp for \u00e5 bade<br \/>\n<img loading=\"lazy\" src=\"http:\/\/tveitosida.no\/wp-content\/uploads\/diverse_folder\/steinsedalen17\/IMG_1979.png\" width=\"700\" height=\"525\" border=\"0\" \/><\/p>\n<p><img loading=\"lazy\" src=\"http:\/\/tveitosida.no\/wp-content\/uploads\/diverse_folder\/steinsedalen17\/IMG_1986.png\" width=\"700\" height=\"525\" border=\"0\" \/><\/p>\n<p><img loading=\"lazy\" src=\"http:\/\/tveitosida.no\/wp-content\/uploads\/diverse_folder\/steinsedalen17\/IMG_1991.png\" width=\"700\" height=\"525\" border=\"0\" \/><\/p>\n<p><img loading=\"lazy\" src=\"http:\/\/tveitosida.no\/wp-content\/uploads\/diverse_folder\/steinsedalen17\/IMG_1992.png\" width=\"700\" height=\"525\" border=\"0\" \/><\/p>\n<p><img loading=\"lazy\" src=\"http:\/\/tveitosida.no\/wp-content\/uploads\/diverse_folder\/steinsedalen17\/IMG_1993.png\" width=\"700\" height=\"525\" border=\"0\" \/><\/p>\n<p><img loading=\"lazy\" src=\"http:\/\/tveitosida.no\/wp-content\/uploads\/diverse_folder\/steinsedalen17\/IMG_1995.png\" width=\"700\" height=\"525\" border=\"0\" \/><\/p>\n<p><img loading=\"lazy\" src=\"http:\/\/tveitosida.no\/wp-content\/uploads\/diverse_folder\/steinsedalen17\/IMG_1997.png\" width=\"700\" height=\"525\" border=\"0\" \/><\/p>\n<p>Toppen av Eikefet midt i bildet<br \/>\n<img loading=\"lazy\" src=\"http:\/\/tveitosida.no\/wp-content\/uploads\/diverse_folder\/steinsedalen17\/IMG_1998.png\" width=\"700\" height=\"525\" border=\"0\" \/><\/p>\n<p><img loading=\"lazy\" src=\"http:\/\/tveitosida.no\/wp-content\/uploads\/diverse_folder\/steinsedalen17\/IMG_2002.png\" width=\"700\" height=\"525\" border=\"0\" \/><\/p>\n<p><img loading=\"lazy\" src=\"http:\/\/tveitosida.no\/wp-content\/uploads\/diverse_folder\/steinsedalen17\/IMG_2008.png\" width=\"700\" height=\"525\" border=\"0\" \/><\/p>\n<p><img loading=\"lazy\" src=\"http:\/\/tveitosida.no\/wp-content\/uploads\/diverse_folder\/steinsedalen17\/IMG_2010.png\" width=\"700\" height=\"525\" border=\"0\" \/><\/p>\n<p><img loading=\"lazy\" src=\"http:\/\/tveitosida.no\/wp-content\/uploads\/diverse_folder\/steinsedalen17\/IMG_2012.png\" width=\"700\" height=\"525\" border=\"0\" \/><\/p>\n<p><img loading=\"lazy\" src=\"http:\/\/tveitosida.no\/wp-content\/uploads\/diverse_folder\/steinsedalen17\/IMG_2014.png\" width=\"700\" height=\"525\" border=\"0\" \/><\/p>\n<p><img loading=\"lazy\" src=\"http:\/\/tveitosida.no\/wp-content\/uploads\/diverse_folder\/steinsedalen17\/IMG_2018.png\" width=\"700\" height=\"525\" border=\"0\" \/><\/p>\n<p><img loading=\"lazy\" src=\"http:\/\/tveitosida.no\/wp-content\/uploads\/diverse_folder\/steinsedalen17\/IMG_2021.png\" width=\"700\" height=\"525\" border=\"0\" \/><\/p>\n<p><img loading=\"lazy\" src=\"http:\/\/tveitosida.no\/wp-content\/uploads\/diverse_folder\/steinsedalen17\/IMG_2028.png\" width=\"700\" height=\"525\" border=\"0\" \/><\/p>\n<p><img loading=\"lazy\" src=\"http:\/\/tveitosida.no\/wp-content\/uploads\/diverse_folder\/steinsedalen17\/IMG_2025.png\" width=\"700\" height=\"525\" border=\"0\" \/><\/p>\n<p><img loading=\"lazy\" src=\"http:\/\/tveitosida.no\/wp-content\/uploads\/diverse_folder\/steinsedalen17\/IMG_2032.png\" width=\"700\" height=\"525\" border=\"0\" \/><\/p>\n<p><img loading=\"lazy\" src=\"http:\/\/tveitosida.no\/wp-content\/uploads\/diverse_folder\/steinsedalen17\/IMG_2033.png\" width=\"700\" height=\"525\" border=\"0\" \/><\/p>\n<p><img loading=\"lazy\" src=\"http:\/\/tveitosida.no\/wp-content\/uploads\/diverse_folder\/steinsedalen17\/IMG_2034.png\" width=\"700\" height=\"525\" border=\"0\" \/><\/p>\n<p><img loading=\"lazy\" src=\"http:\/\/tveitosida.no\/wp-content\/uploads\/diverse_folder\/steinsedalen17\/IMG_2036.png\" width=\"700\" height=\"525\" border=\"0\" \/><\/p>\n<p><img loading=\"lazy\" src=\"http:\/\/tveitosida.no\/wp-content\/uploads\/diverse_folder\/steinsedalen17\/IMG_2037.png\" width=\"700\" height=\"525\" border=\"0\" \/><\/p>\n<p><img loading=\"lazy\" src=\"http:\/\/tveitosida.no\/wp-content\/uploads\/diverse_folder\/steinsedalen17\/IMG_2038.png\" width=\"700\" height=\"525\" border=\"0\" \/><\/p>\n<p><img loading=\"lazy\" src=\"http:\/\/tveitosida.no\/wp-content\/uploads\/diverse_folder\/steinsedalen17\/IMG_2039.png\" width=\"700\" height=\"525\" border=\"0\" \/><\/p>\n<p><img loading=\"lazy\" src=\"http:\/\/tveitosida.no\/wp-content\/uploads\/diverse_folder\/steinsedalen17\/IMG_2044.png\" width=\"700\" height=\"525\" border=\"0\" \/><\/p>\n<p><i>Bildene er tatt 22.07.17.<\/i><\/p>\n","protected":false},"excerpt":{"rendered":"<p>Del 2: Bildene fr\u00e5 turen heimatt. Med kamera fra venstre mot h\u00f8gre, 1: 2: 3: 4: Midt i bildet ser ein det litle vatnet der ein kan g\u00e5 opp for \u00e5 bade Toppen av Eikefet midt i bildet Bildene er tatt 22.07.17.<\/p>\n","protected":false},"author":1,"featured_media":0,"parent":0,"menu_order":0,"comment_status":"closed","ping_status":"closed","template":"","meta":[],"_links":{"self":[{"href":"https:\/\/tveitosida.no\/index.php\/wp-json\/wp\/v2\/pages\/3596"}],"collection":[{"href":"https:\/\/tveitosida.no\/index.php\/wp-json\/wp\/v2\/pages"}],"about":[{"href":"https:\/\/tveitosida.no\/index.php\/wp-json\/wp\/v2\/types\/page"}],"author":[{"embeddable":true,"href":"https:\/\/tveitosida.no\/index.php\/wp-json\/wp\/v2\/users\/1"}],"replies":[{"embeddable":true,"href":"https:\/\/tveitosida.no\/index.php\/wp-json\/wp\/v2\/comments?post=3596"}],"version-history":[{"count":4,"href":"https:\/\/tveitosida.no\/index.php\/wp-json\/wp\/v2\/pages\/3596\/revisions"}],"predecessor-version":[{"id":3604,"href":"https:\/\/tveitosida.no\/index.php\/wp-json\/wp\/v2\/pages\/3596\/revisions\/3604"}],"wp:attachment":[{"href":"https:\/\/tveitosida.no\/index.php\/wp-json\/wp\/v2\/media?parent=3596"}],"curies":[{"name":"wp","href":"https:\/\/api.w.org\/{rel}","templated":true}]}}