{"id":3586,"date":"2020-11-14T18:27:09","date_gmt":"2020-11-14T18:27:09","guid":{"rendered":"http:\/\/tveitosida.no\/?page_id=3586"},"modified":"2020-11-14T18:41:31","modified_gmt":"2020-11-14T18:41:31","slug":"steinsedalen-17","status":"publish","type":"page","link":"https:\/\/tveitosida.no\/index.php\/steinsedalen-17\/","title":{"rendered":"Steinsedalen &#8217;17 I"},"content":{"rendered":"<p>Turen starta litt anderledes enn den pleier. Denne gangen gjekk vi fra parkeringsplassen merket med P i Stussdalen, forbi Bj\u00f8rn West hytten og videre langs den r\u00f8de stien merket av turistforeningen. Vi gjekk langs med Tverrvatnet fram til Paddes\u00e6tra. Der tok vi av fra den merka stien. Derfra gjekk vi over Hansab\u00f8kset og forbi Eikongs\u00e6tra, f\u00f8r vi endelig n\u00e5dde frem til Steinsedals\u00e6tra og den s\u00e6tra som h\u00f8yrer til Fammestad. Heimatt gjekk vi den vanlige vegen over fjellet og ned den bratte lia.<br \/>\n<img loading=\"lazy\" src=\"http:\/\/tveitosida.no\/wp-content\/uploads\/diverse_folder\/steinsedalen17\/IMG_1837.png\" width=\"700\" height=\"525\" border=\"0\"><\/p>\n<p>Bilde fra G o o g l e M a p s<br \/>\n<a href=\"http:\/\/tveitosida.no\/wp-content\/uploads\/diverse_folder\/steinsedalen17\/Bilde2.png\" target=\"_blank\" rel=\"noopener noreferrer\"><br \/>\n<img loading=\"lazy\" src=\"http:\/\/tveitosida.no\/wp-content\/uploads\/diverse_folder\/steinsedalen17\/Bilde2_700.png\" width=\"700\" height=\"506\" border=\"0\"><\/a><\/p>\n<p>Vegen fram til brua ved Bj\u00f8rn West hytten er traktorveg no.<br \/>\n<img loading=\"lazy\" src=\"http:\/\/tveitosida.no\/wp-content\/uploads\/diverse_folder\/steinsedalen17\/IMG_1841.png\" width=\"700\" height=\"525\" border=\"0\"><\/p>\n<p>Vakkert ved vatnet<br \/>\n<img loading=\"lazy\" src=\"http:\/\/tveitosida.no\/wp-content\/uploads\/diverse_folder\/steinsedalen17\/IMG_1842.png\" width=\"700\" height=\"525\" border=\"0\"><\/p>\n<p><img loading=\"lazy\" src=\"http:\/\/tveitosida.no\/wp-content\/uploads\/diverse_folder\/steinsedalen17\/IMG_1848.png\" width=\"700\" height=\"525\" border=\"0\"><\/p>\n<p><img loading=\"lazy\" src=\"http:\/\/tveitosida.no\/wp-content\/uploads\/diverse_folder\/steinsedalen17\/IMG_1849.png\" width=\"700\" height=\"525\" border=\"0\"><\/p>\n<p><img loading=\"lazy\" src=\"http:\/\/tveitosida.no\/wp-content\/uploads\/diverse_folder\/steinsedalen17\/IMG_1853.png\" width=\"700\" height=\"525\" border=\"0\"><\/p>\n<p>Sikt mot den nye Bj\u00f8rn West hytta<br \/>\n<img loading=\"lazy\" src=\"http:\/\/tveitosida.no\/wp-content\/uploads\/diverse_folder\/steinsedalen17\/IMG_1854.png\" width=\"700\" height=\"525\" border=\"0\"><\/p>\n<p><img loading=\"lazy\" src=\"http:\/\/tveitosida.no\/wp-content\/uploads\/diverse_folder\/steinsedalen17\/IMG_0253.png\" width=\"700\" height=\"466\" border=\"0\"><\/p>\n<p><img loading=\"lazy\" src=\"http:\/\/tveitosida.no\/wp-content\/uploads\/diverse_folder\/steinsedalen17\/IMG_1856.png\" width=\"700\" height=\"525\" border=\"0\"><\/p>\n<p>Ser opp p\u00e5 fjellet der stien g\u00e5r.<br \/>\n<img loading=\"lazy\" src=\"http:\/\/tveitosida.no\/wp-content\/uploads\/diverse_folder\/steinsedalen17\/IMG_0257.png\" width=\"700\" height=\"466\" border=\"0\"><\/p>\n<p>Vi g\u00e5r langs Tverrvatnet<br \/>\n<img loading=\"lazy\" src=\"http:\/\/tveitosida.no\/wp-content\/uploads\/diverse_folder\/steinsedalen17\/IMG_0259.png\" width=\"700\" height=\"466\" border=\"0\"><\/p>\n<p><img loading=\"lazy\" src=\"http:\/\/tveitosida.no\/wp-content\/uploads\/diverse_folder\/steinsedalen17\/IMG_1857.png\" width=\"700\" height=\"525\" border=\"0\"><\/p>\n<p><img loading=\"lazy\" src=\"http:\/\/tveitosida.no\/wp-content\/uploads\/diverse_folder\/steinsedalen17\/IMG_1865.png\" width=\"700\" height=\"525\" border=\"0\"><\/p>\n<p><img loading=\"lazy\" src=\"http:\/\/tveitosida.no\/wp-content\/uploads\/diverse_folder\/steinsedalen17\/IMG_1866.png\" width=\"700\" height=\"525\" border=\"0\"><\/p>\n<p><img loading=\"lazy\" src=\"http:\/\/tveitosida.no\/wp-content\/uploads\/diverse_folder\/steinsedalen17\/IMG_1871.png\" width=\"700\" height=\"525\" border=\"0\"><\/p>\n<p><img loading=\"lazy\" src=\"http:\/\/tveitosida.no\/wp-content\/uploads\/diverse_folder\/steinsedalen17\/IMG_1886.png\" width=\"700\" height=\"525\" border=\"0\"><\/p>\n<p><img loading=\"lazy\" src=\"http:\/\/tveitosida.no\/wp-content\/uploads\/diverse_folder\/steinsedalen17\/IMG_1888.png\" width=\"700\" height=\"525\" border=\"0\"><\/p>\n<p>Paddes\u00e6tra<br \/>\n<img loading=\"lazy\" src=\"http:\/\/tveitosida.no\/wp-content\/uploads\/diverse_folder\/steinsedalen17\/IMG_1891.png\" width=\"700\" height=\"525\" border=\"0\"><\/p>\n<p><img loading=\"lazy\" src=\"http:\/\/tveitosida.no\/wp-content\/uploads\/diverse_folder\/steinsedalen17\/IMG_1890.png\" width=\"700\" height=\"525\" border=\"0\"><\/p>\n<p><img loading=\"lazy\" src=\"http:\/\/tveitosida.no\/wp-content\/uploads\/diverse_folder\/steinsedalen17\/IMG_1899.png\" width=\"700\" height=\"525\" border=\"0\"><\/p>\n<p><img loading=\"lazy\" src=\"http:\/\/tveitosida.no\/wp-content\/uploads\/diverse_folder\/steinsedalen17\/IMG_1892.png\" width=\"700\" height=\"525\" border=\"0\"><\/p>\n<p><img loading=\"lazy\" src=\"http:\/\/tveitosida.no\/wp-content\/uploads\/diverse_folder\/steinsedalen17\/IMG_1900.png\" width=\"700\" height=\"525\" border=\"0\"><\/p>\n<p><img loading=\"lazy\" src=\"http:\/\/tveitosida.no\/wp-content\/uploads\/diverse_folder\/steinsedalen17\/IMG_1901.png\" width=\"700\" height=\"525\" border=\"0\"><\/p>\n<p><img loading=\"lazy\" src=\"http:\/\/tveitosida.no\/wp-content\/uploads\/diverse_folder\/steinsedalen17\/IMG_1907.png\" width=\"700\" height=\"525\" border=\"0\"><\/p>\n<p><img loading=\"lazy\" src=\"http:\/\/tveitosida.no\/wp-content\/uploads\/diverse_folder\/steinsedalen17\/IMG_1908.png\" width=\"700\" height=\"525\" border=\"0\"><\/p>\n<p>N\u00e5 etter Hansab\u00f8kset<\/p>\n<p><img loading=\"lazy\" src=\"http:\/\/tveitosida.no\/wp-content\/uploads\/diverse_folder\/steinsedalen17\/IMG_1920.png\" width=\"700\" height=\"525\" border=\"0\"><\/p>\n<p>Eikongs\u00e6tra<br \/>\n<img loading=\"lazy\" src=\"http:\/\/tveitosida.no\/wp-content\/uploads\/diverse_folder\/steinsedalen17\/IMG_1924.png\" width=\"700\" height=\"525\" border=\"0\"><\/p>\n<p>Endelig ser vi hyttene<br \/>\n<img loading=\"lazy\" src=\"http:\/\/tveitosida.no\/wp-content\/uploads\/diverse_folder\/steinsedalen17\/IMG_1930.png\" width=\"700\" height=\"525\" border=\"0\"><\/p>\n<p>Steinsedalshytta<br \/>\n<img loading=\"lazy\" src=\"http:\/\/tveitosida.no\/wp-content\/uploads\/diverse_folder\/steinsedalen17\/IMG_1932.png\" width=\"700\" height=\"525\" border=\"0\"><\/p>\n<p><img loading=\"lazy\" src=\"http:\/\/tveitosida.no\/wp-content\/uploads\/diverse_folder\/steinsedalen17\/IMG_1935.png\" width=\"700\" height=\"525\" border=\"0\"><\/p>\n<p><img loading=\"lazy\" src=\"http:\/\/tveitosida.no\/wp-content\/uploads\/diverse_folder\/steinsedalen17\/IMG_1936.png\" width=\"700\" height=\"525\" border=\"0\"><\/p>\n<p><img loading=\"lazy\" src=\"http:\/\/tveitosida.no\/wp-content\/uploads\/diverse_folder\/steinsedalen17\/IMG_1943.png\" width=\"700\" height=\"525\" border=\"0\"><\/p>\n<p><img loading=\"lazy\" src=\"http:\/\/tveitosida.no\/wp-content\/uploads\/diverse_folder\/steinsedalen17\/IMG_1944.png\" width=\"700\" height=\"525\" border=\"0\"><\/p>\n<p><img loading=\"lazy\" src=\"http:\/\/tveitosida.no\/wp-content\/uploads\/diverse_folder\/steinsedalen17\/IMG_1947.png\" width=\"700\" height=\"525\" border=\"0\"><\/p>\n<p>Ned til utedoen<br \/>\n<img loading=\"lazy\" src=\"http:\/\/tveitosida.no\/wp-content\/uploads\/diverse_folder\/steinsedalen17\/IMG_1955.png\" width=\"350\" height=\"467\" border=\"0\"><\/p>\n<p><img loading=\"lazy\" src=\"http:\/\/tveitosida.no\/wp-content\/uploads\/diverse_folder\/steinsedalen17\/IMG_1951.png\" width=\"350\" height=\"467\" border=\"0\"><\/p>\n<p>Resten av bildene p\u00e5 neste side&#8230;&#8230;<\/p>\n","protected":false},"excerpt":{"rendered":"<p>Turen starta litt anderledes enn den pleier. Denne gangen gjekk vi fra parkeringsplassen merket med P i Stussdalen, forbi Bj\u00f8rn West hytten og videre langs den r\u00f8de stien merket av turistforeningen. Vi gjekk langs med Tverrvatnet fram til Paddes\u00e6tra. Der tok vi av fra den merka stien. Derfra gjekk vi over Hansab\u00f8kset og forbi Eikongs\u00e6tra, &hellip; <a href=\"https:\/\/tveitosida.no\/index.php\/steinsedalen-17\/\" class=\"more-link\">Continue reading <span class=\"screen-reader-text\">Steinsedalen &#8217;17 I<\/span> <span class=\"meta-nav\">&rarr;<\/span><\/a><\/p>\n","protected":false},"author":1,"featured_media":0,"parent":0,"menu_order":0,"comment_status":"closed","ping_status":"closed","template":"","meta":[],"_links":{"self":[{"href":"https:\/\/tveitosida.no\/index.php\/wp-json\/wp\/v2\/pages\/3586"}],"collection":[{"href":"https:\/\/tveitosida.no\/index.php\/wp-json\/wp\/v2\/pages"}],"about":[{"href":"https:\/\/tveitosida.no\/index.php\/wp-json\/wp\/v2\/types\/page"}],"author":[{"embeddable":true,"href":"https:\/\/tveitosida.no\/index.php\/wp-json\/wp\/v2\/users\/1"}],"replies":[{"embeddable":true,"href":"https:\/\/tveitosida.no\/index.php\/wp-json\/wp\/v2\/comments?post=3586"}],"version-history":[{"count":6,"href":"https:\/\/tveitosida.no\/index.php\/wp-json\/wp\/v2\/pages\/3586\/revisions"}],"predecessor-version":[{"id":3598,"href":"https:\/\/tveitosida.no\/index.php\/wp-json\/wp\/v2\/pages\/3586\/revisions\/3598"}],"wp:attachment":[{"href":"https:\/\/tveitosida.no\/index.php\/wp-json\/wp\/v2\/media?parent=3586"}],"curies":[{"name":"wp","href":"https:\/\/api.w.org\/{rel}","templated":true}]}}