{"id":3545,"date":"2020-11-14T15:45:07","date_gmt":"2020-11-14T15:45:07","guid":{"rendered":"http:\/\/tveitosida.no\/?page_id=3545"},"modified":"2020-11-14T22:04:58","modified_gmt":"2020-11-14T22:04:58","slug":"stadnamn-reikeras","status":"publish","type":"page","link":"https:\/\/tveitosida.no\/index.php\/stadnamn-reikeras\/","title":{"rendered":"Stadnamn Reiker\u00e5s"},"content":{"rendered":"<p>Reiker\u00e5s, br.1 til venstre og br.2 til h\u00f8gre<br \/>\n<img loading=\"lazy\" border=\"0\" src=\"http:\/\/tveitosida.no\/wp-content\/uploads\/stadnamn_folder\/stadnavn_reik\/Ovretv7.jpg\" width=\"600\" height=\"281\"><\/p>\n<p><b>Stadnamn p\u00e5 br.nr. 1, gnr. 28 i Lind\u00e5s herad.<\/b><\/p>\n<p>Innmark<br \/>\nNr. 1: Lona. Her s\u00e5dde J\u00f8rn Reiker\u00e5s korn i mosen i sin tid.<br \/>\nNr. 2: Neset<br \/>\nNr. 3: Kvernhusbakken<br \/>\nNr. 4: Rennane<br \/>\nNr. 5: B\u00f8tnabrekken<br \/>\nNr. 6: Vestebrekkene<br \/>\nNr. 7: H\u00f8yen<br \/>\nNr. 8: Skare<br \/>\nNr. 9: Hauane<\/p>\n<p>Utmark<br \/>\nNr. 1. Fossen, der sto to kvernhus, halvparten av det eine kvernhuset h\u00f8yrde til br. nr. 2. p\u00e5 Nedretvedt.<br \/>\nNr. 2. Magnekr\u00e5a, der var demningen til kvernhusa.<br \/>\nNr. 3. Sellkj\u00e6re.<br \/>\nNr. 4. St\u00f8lane.<br \/>\nNr. 5. Lettlal\u00e9.<br \/>\nNr. 6. Heiane.<br \/>\nNr. 7. Ollerkupo.<br \/>\nNr. 8. Stemmemyra.<br \/>\nNr. 9. Stemmo.<br \/>\nNr. 10. Porsmyra.<br \/>\nNr. 11. Regnhamrane.<br \/>\nNr. 12. Sm\u00e5dalane.<br \/>\nNr. 13. Tarkletten.<\/p>\n<p><b>Stadnamn p\u00e5 br.nr. 2, gnr. 28 i Lind\u00e5s herad.<\/b><\/p>\n<p>Innmark<br \/>\nNr. 1. Lona. Det grensar mot Lonaelvi i s\u00f8r.<br \/>\nNr. 2. \u00d8stre Lona, grensar mot Lonaelvi i s\u00f8r.<br \/>\nNr. 3. H\u00f8yen, s\u00f8r for utl\u00f8a.<br \/>\nNr. 4. Garteigen.<br \/>\nNr. 5. Utf\u00f8re, stykkje er fr\u00e5 gamal tid teke fr\u00e5 utmarki.<br \/>\nNr. 6. \u00c6kro.<br \/>\nNr. 7. B\u00f8tnabrekkena, fylgjer merke mot svingen p\u00e5 vegen.<br \/>\nNr. 8. Leitet.<br \/>\nNr. 9. V\u00f8psh\u00f8yen.<br \/>\nNr. 1O. Sjolestrengen, den gamle vegen til sj\u00f8en.<br \/>\nNr. 11. Sjoleatykket.<br \/>\nNr. 12. Ormh\u00f8yen, ligg til merket til bruk nr. 1.<br \/>\nNr. 13. Ormh\u00f8ytodna.<br \/>\nNr. 14. Ormh\u00f8ystrengen.<br \/>\nNr. 15. Kisseb\u00e6rbrekkene.<br \/>\nNr. 16. Seljeflekken, der har det vore \u00e5ker.<br \/>\nNr. 17. Kringlo, der har vore \u00e5ker.<br \/>\nNr. 18. Hagen, sa gjerne: ned i Hagen.<br \/>\nNr. 19. Utf\u00f8re, heime utf\u00f8re.<br \/>\nNr. 20. Bakk\u00e5keren.<br \/>\nNr. 21. R\u00f8st\u00e6;, langs med gjerdet.<br \/>\nNr. 22. Kjellarsmyri, der den gamle jordkjellaren stod.<br \/>\nNr. 23. Eng\u00e6kro.<br \/>\nNr. 24. Kure.<br \/>\nNr. 25. Smeh\u00f8yen, gamla smia l\u00e5g der.<br \/>\nNr. 26. Skrub\u00e6rh\u00f8yen.<br \/>\nNr. 27. Hauane.<br \/>\nNr. 28. Tr\u00e6.<\/p>\n<p>Utmark<br \/>\nNr. 1. Kalva.hageu,kalvahagen til J\u00f8rn Reikr\u00e5s.<br \/>\nNr. 2. Neset.<br \/>\nNr. 3. Kalvah\u00f8la, ei sprekka i fjellet.<br \/>\nNr. 4. Nova.<br \/>\nNr. 5. Dei gamle torvbalane.<br \/>\nNr. 6. Den gamle torvmyri.<br \/>\nNr. 7. \u00d8stre hushaugen<br \/>\nNr. 8. Vestre hushaugen<br \/>\nNr. 9. St\u00f8lane, der stod sau og geitehuset.<br \/>\nNr. 10. Den gamle v\u00e5rfloren stod der.<br \/>\nNr. 11. Heimste torvbalane.<br \/>\nNr. 12. Nordste torvbalane.<br \/>\nNr. 13. Torvmyrane, felles.<br \/>\nNr. 14. Torvbalane, deira borte.<br \/>\nNr. 15. Torvhuset til br.nr. 1 f\u00f8r utskiftinga av utmarki.<br \/>\nNr. 16. Geitstih\u00f8yen.<br \/>\nNr. 17. F\u00f8rekammen.<br \/>\nNr. 18. Dyrstien.<br \/>\nNr. 19. Geitastimyra.<br \/>\nNr. 20. Geitstien.<br \/>\nNr. 21. Tongane.<\/p>\n<p>Kartene som h\u00f8yrer til:<a href=\"http:\/\/tveitosida.no\/wp-content\/uploads\/stadnamn_folder\/stadnavn_reik\/ReikerKart.png\" target=\"_blank\" rel=\"noopener noreferrer\"><br \/>\n<img loading=\"lazy\" src=\"http:\/\/tveitosida.no\/wp-content\/uploads\/stadnamn_folder\/stadnavn_reik\/ReikerKart_350.png\" width=\"350\" height=\"372\" border=\"0\"><\/a><br \/>\n<a href=\"http:\/\/tveitosida.no\/wp-content\/uploads\/stadnamn_folder\/stadnavn_reik\/ReikerKart2.png\" target=\"_blank\" rel=\"noopener noreferrer\"><br \/>\n<img loading=\"lazy\" src=\"http:\/\/tveitosida.no\/wp-content\/uploads\/stadnamn_folder\/stadnavn_reik\/ReikerKart2_350.png\" width=\"350\" height=\"371\" border=\"0\"><\/a><br \/>\n<a href=\"http:\/\/tveitosida.no\/wp-content\/uploads\/stadnamn_folder\/stadnavn_reik\/ReikerKart3.png\" target=\"_blank\" rel=\"noopener noreferrer\"><br \/>\n<img loading=\"lazy\" src=\"http:\/\/tveitosida.no\/wp-content\/uploads\/stadnamn_folder\/stadnavn_reik\/ReikerKart3_350.png\" width=\"350\" height=\"247\" border=\"0\"><\/a><\/p>\n","protected":false},"excerpt":{"rendered":"<p>Reiker\u00e5s, br.1 til venstre og br.2 til h\u00f8gre Stadnamn p\u00e5 br.nr. 1, gnr. 28 i Lind\u00e5s herad. Innmark Nr. 1: Lona. Her s\u00e5dde J\u00f8rn Reiker\u00e5s korn i mosen i sin tid. Nr. 2: Neset Nr. 3: Kvernhusbakken Nr. 4: Rennane Nr. 5: B\u00f8tnabrekken Nr. 6: Vestebrekkene Nr. 7: H\u00f8yen Nr. 8: Skare Nr. 9: Hauane &hellip; <a href=\"https:\/\/tveitosida.no\/index.php\/stadnamn-reikeras\/\" class=\"more-link\">Continue reading <span class=\"screen-reader-text\">Stadnamn Reiker\u00e5s<\/span> <span class=\"meta-nav\">&rarr;<\/span><\/a><\/p>\n","protected":false},"author":1,"featured_media":0,"parent":0,"menu_order":0,"comment_status":"closed","ping_status":"closed","template":"","meta":[],"_links":{"self":[{"href":"https:\/\/tveitosida.no\/index.php\/wp-json\/wp\/v2\/pages\/3545"}],"collection":[{"href":"https:\/\/tveitosida.no\/index.php\/wp-json\/wp\/v2\/pages"}],"about":[{"href":"https:\/\/tveitosida.no\/index.php\/wp-json\/wp\/v2\/types\/page"}],"author":[{"embeddable":true,"href":"https:\/\/tveitosida.no\/index.php\/wp-json\/wp\/v2\/users\/1"}],"replies":[{"embeddable":true,"href":"https:\/\/tveitosida.no\/index.php\/wp-json\/wp\/v2\/comments?post=3545"}],"version-history":[{"count":4,"href":"https:\/\/tveitosida.no\/index.php\/wp-json\/wp\/v2\/pages\/3545\/revisions"}],"predecessor-version":[{"id":3605,"href":"https:\/\/tveitosida.no\/index.php\/wp-json\/wp\/v2\/pages\/3545\/revisions\/3605"}],"wp:attachment":[{"href":"https:\/\/tveitosida.no\/index.php\/wp-json\/wp\/v2\/media?parent=3545"}],"curies":[{"name":"wp","href":"https:\/\/api.w.org\/{rel}","templated":true}]}}