{"id":3539,"date":"2020-11-14T15:41:21","date_gmt":"2020-11-14T15:41:21","guid":{"rendered":"http:\/\/tveitosida.no\/?page_id=3539"},"modified":"2020-11-14T15:44:18","modified_gmt":"2020-11-14T15:44:18","slug":"stadnamn-grov","status":"publish","type":"page","link":"https:\/\/tveitosida.no\/index.php\/stadnamn-grov\/","title":{"rendered":"Stadnamn Grov"},"content":{"rendered":"<p><b>Stadnamn p\u00e5 br.nr. 1, gnr. 26 i Lind\u00e5s herad.<\/b><\/p>\n<p>Innmark<br \/>\nNr. 1: Botna\u00e5keren 1 og Nr. 2: Botna\u00e5keren 2 ligg p\u00e5 venstre og austre sida av nedg\u00e5ende gardsveg fr\u00e5 Brunndalen.<br \/>\nNr. 3: Nedhaugen. Parsellen grensa mot utmarki der det eldre sauhuset stod. Grunnane st\u00e5r der enno.<br \/>\nNr. 4: Sveahaugane. Parsellen grensa mot utmarki til br. 1 og mot innmarki til br.nr. 2.<br \/>\nNr. 5: Vassbrekka.<br \/>\nNr. 6: \u00d8vstekro. Parsellen ligg millom parasell 4 og 3, og grensa mot utmarki.<br \/>\nNr. 7: Eikeflekken.<br \/>\nNr. 8: Edna. Vegen som g\u00e5r fr\u00e5 utmarki og enda med smia. Namnet kjem truleg av att vegen kjem i samband med den gamle vegen som gjekk om Leitet: bygdavegen fr\u00e5 Grov opp til Tveito.<br \/>\nNr. 9: Brekkene. Parsellen som ligg fr\u00e5 smia og opp mot merke med br.nr.2 gr.nr.25.<br \/>\nNr. 10: L\u00f8haugen. Parsellen der l\u00f8a st\u00e5r.<br \/>\nNr. 11: L\u00f8haugsbrekka. Parsellen som g\u00e5r fr\u00e5 l\u00f8a og ned mot merke til br.2. gr.nr.26.<br \/>\nNr. 12: Leitevegen. Den gamle bygdevegen.<br \/>\nNr. 13: Brattbrekko. Parsellen ligg opp mot leitet mot br.nr.2. gr.nr. 25.<br \/>\nNr. 14: Toni.<br \/>\nNr. 15: Smidalen.<br \/>\nNr. 16: Skarsmyri.<br \/>\nNr. 17: Gr\u00f8vle. Den gamle bygdaveg.<br \/>\nNr. 18: Fristad. Kroken. Huset til Anna og Audun Grov st\u00e5r der.<\/p>\n<p>Neset br.nr.1. gr.nr. 26.<br \/>\nNr. 19: Nesst\u00f8len. Parsellen ligg mot br.nr. 2 gr.nr.26. Kjetralia.<br \/>\nNr. 20: Nesst\u00f8lmyra. Parsellen ligg p\u00e5 h\u00f8gre sida av vegen atti parsell nr. 19. P\u00e5 h\u00f8gre sida er \u00e5 rekna n\u00e5r ein g\u00e5r fr\u00e5 fr\u00e5 br. nr. 2 heimstykke og vidare i Neset.<br \/>\nNr. 21: Nesjahaugen<br \/>\nNr. 22: D\u00f8rstokken.<br \/>\nNr. 23: Nesjamyrane. Parsellen grensar mot Neset til br. nr. 2 grn. 26.<br \/>\nNr. 24: Olahammaren. Parsellen grensar mot vatnet, fr\u00e5 parasell 19 og 21.<br \/>\nNr. 25: Robbhaugen. Parsellen grensar mot br. nr. 2 gr. 25.<br \/>\nNr. 26: Blautdalsmyra. Parsellen grensar mot br. nr. 4. gr.nr. 25.<\/p>\n<p><b>Stadnamn p\u00e5 br.nr. 2, gnr. 26 i Lind\u00e5s herad.<\/b><\/p>\n<p>Nr. 1: Hushaugen. Parsellen ligg mot utmarki og innmarki til br. nr. 1. Namnet kjem seg av at der var bygd saufj\u00f8s, b\u00e5de til br. 1 og 3.<br \/>\nNr. 2: Godfarstykkje ligg nedenfor sauhuset. Namnet m\u00e5 koma av att ein k\u00e5rmann hadde teke seg under eit stykkje jord n\u00e5r han selde jordeigedomen sin.<br \/>\nNr. 3: Utgjerdet. Parsellen g\u00e5r fr\u00e5 br. nr. 5, Jenny Grov, og til Grovst\u00f8.<br \/>\nNr. 4: Heggura. Parsellen ligg midt i Utgjerdet p\u00e5 \u00f8vre sida av vegen.<br \/>\nNr. 5: Grovst\u00f8. Ein gamal opplagsplass, no for Grov. Nausti st\u00e5r der.<br \/>\nNr. 6: Vassbrekko. Vegen fr\u00e5 Grovst\u00f8 g\u00e5r opp Vasabrekko.<br \/>\nNr. 7: Kjetralia. Parsellen er utplanta med skog.<br \/>\nNr. 8: Lia. Parsellen g\u00e5r fr\u00e5 Kjetralia mot vegen som g\u00e5r opp fr\u00e5 Grovst\u00f8.<br \/>\nNr. 9: Va. Der bekken g\u00e5r under vegen som g\u00e5r ned til Grovat\u00f8.<br \/>\nNr. 10: Nesjabrekko. Vegen som g\u00e5r fr\u00e5 Va og opp mot nesjaledet.<br \/>\nNr. 11: Kr\u00e5flekken. Parsellen ligg austenfor elvi mot jordstykket til Audun og Anna Grov.<\/p>\n<p>Neset br.nr.2. gr.nr. 26.<br \/>\nNr. 12: Utl\u00f8haugen. Parsellen ligg mellm merkesgarden til br.1 og 2 og utl\u00f8a til br. 1.<br \/>\nNr. 13: Svendsdalen. Parsellen ligg nedenfor utl\u00f8a og g\u00e5r mot vatnet, (Olahammaren), og mot D\u00f8rstokken, br. nr. 1.<br \/>\nNr. 14: Fagerbakken. Parsellen ligg p\u00e5 vestsida av Svendsdalen mot br. nr. 3.<br \/>\nNr. 15: Olahammaren. Parsellen ligg i enden p\u00e5 Svendsdalen mot vatnet, og mot Olahammaren p\u00e5 br. nr. 1.<br \/>\nNr. 16: Petramyra. Parsellen ligg mot br. 3. og mot br. nr. 2 gr. nr. 25.<br \/>\nNr. 17: Nesjamyra. Parsellen grensa mot Stormyra p\u00e5 br. 2 gr. nr. 25.<br \/>\nNr. 18: Nordstrand. Utskild fr\u00e5 br. nr. 2.<\/p>\n<p><b>Stadnamn p\u00e5 br.nr. 3, gnr. 26 i Lind\u00e5s herad.<\/b><\/p>\n<p>Nr. 1: Hardbakken. Parsellen ligg ovenfor nausttomt til br. 3 og grensar mot merket til br.nr.2 grn. 25.<br \/>\nNr. 2: Midtdalen. Parsellen g\u00e5r fr\u00e5 vatnet og vestenfor l\u00f8a til br.3 og mot grensa til br. 2 grnr. 25.<br \/>\nNr. 3: Haukaberget. Parsellen ligg vestenfor Midtdalen. Namnet kan koma av att tidlegare eigar hadde h\u00f8nsehus der.<br \/>\nNr. 4: Holmen. Ein holme som ligg uti vatnet mot vest. Der er ofte festa garn i den holmen n\u00e5r ein fiskar etter r\u00f8yr.<br \/>\nNr. 5: H\u00f8yen eller Haugen. Ligg p\u00e5 s\u00f8rsida av det eldre tunet.<\/p>\n<p>Kart som h\u00f8yrer til:<br \/>\n<img loading=\"lazy\" src=\"http:\/\/tveitosida.no\/wp-content\/uploads\/stadnamn_folder\/stadnavn_grov\/TveitoNedreKartGrov.png\" width=\"548\" height=\"607\" border=\"0\" \/><\/p>\n","protected":false},"excerpt":{"rendered":"<p>Stadnamn p\u00e5 br.nr. 1, gnr. 26 i Lind\u00e5s herad. Innmark Nr. 1: Botna\u00e5keren 1 og Nr. 2: Botna\u00e5keren 2 ligg p\u00e5 venstre og austre sida av nedg\u00e5ende gardsveg fr\u00e5 Brunndalen. Nr. 3: Nedhaugen. Parsellen grensa mot utmarki der det eldre sauhuset stod. Grunnane st\u00e5r der enno. Nr. 4: Sveahaugane. Parsellen grensa mot utmarki til br. &hellip; <a href=\"https:\/\/tveitosida.no\/index.php\/stadnamn-grov\/\" class=\"more-link\">Continue reading <span class=\"screen-reader-text\">Stadnamn Grov<\/span> <span class=\"meta-nav\">&rarr;<\/span><\/a><\/p>\n","protected":false},"author":1,"featured_media":0,"parent":0,"menu_order":0,"comment_status":"closed","ping_status":"closed","template":"","meta":[],"_links":{"self":[{"href":"https:\/\/tveitosida.no\/index.php\/wp-json\/wp\/v2\/pages\/3539"}],"collection":[{"href":"https:\/\/tveitosida.no\/index.php\/wp-json\/wp\/v2\/pages"}],"about":[{"href":"https:\/\/tveitosida.no\/index.php\/wp-json\/wp\/v2\/types\/page"}],"author":[{"embeddable":true,"href":"https:\/\/tveitosida.no\/index.php\/wp-json\/wp\/v2\/users\/1"}],"replies":[{"embeddable":true,"href":"https:\/\/tveitosida.no\/index.php\/wp-json\/wp\/v2\/comments?post=3539"}],"version-history":[{"count":4,"href":"https:\/\/tveitosida.no\/index.php\/wp-json\/wp\/v2\/pages\/3539\/revisions"}],"predecessor-version":[{"id":3543,"href":"https:\/\/tveitosida.no\/index.php\/wp-json\/wp\/v2\/pages\/3539\/revisions\/3543"}],"wp:attachment":[{"href":"https:\/\/tveitosida.no\/index.php\/wp-json\/wp\/v2\/media?parent=3539"}],"curies":[{"name":"wp","href":"https:\/\/api.w.org\/{rel}","templated":true}]}}