{"id":3534,"date":"2020-11-14T15:37:57","date_gmt":"2020-11-14T15:37:57","guid":{"rendered":"http:\/\/tveitosida.no\/?page_id=3534"},"modified":"2020-11-14T22:15:37","modified_gmt":"2020-11-14T22:15:37","slug":"stadnamn-ovretveit","status":"publish","type":"page","link":"https:\/\/tveitosida.no\/index.php\/stadnamn-ovretveit\/","title":{"rendered":"Stadnamn \u00d8vretveit"},"content":{"rendered":"\n<p>Bilde av \u00d8vretveit, sett fr\u00e5 Ranen.<\/p>\n\n\n<p><img loading=\"lazy\" src=\"http:\/\/tveitosida.no\/wp-content\/uploads\/stadnamn_folder\/stadnavn_ovre\/IMG_5742_600.jpg\" width=\"600\" height=\"402\" border=\"0\"><\/p>\n<p><b>Stadnamn p\u00e5 br.nr. 1, gnr. 27 i Lind\u00e5s herad.<\/b><\/p>\n<p>Innmark<br>Nr. 1: Landmyra.<br>Nr. 2: Kringlo. Hagen til k\u00e5rfolket.<br>Nr. 3: Fageren. \u00c5keren som h\u00f8yrde til k\u00e5ret.<br>Nr. 4: Botnen.<br>Nr. 5: Fagerdalen.<br>Nr. 6: Ekrabakken.<br>Nr. 7: Gjerdsbakkane.<br>Nr. 8: Nora-gjerde<br>Nr. 9: Gjerde.<br>Nr. 10: Middagsskare. Der kvilde dei n\u00e5r dei \u00e5t under onnearbeidet.<br>Nr. 11: Mongsledet. Eit b\u00f8gardsled som Sjurmongs held vedlika.<\/p>\n<p>Austemarki-utmark<br>Nr. 1: Knushaugen.<br>Nr. 2: Knusabrekko.<br>Nr. 3: Bl\u00e5b\u00e6rleitmyra. Torvmyr.<br>Nr. 4: Bl\u00e5b\u00e6rhola.<br>Nr. 5: Gr\u00e5steinane.To store steinar som ligg opp\u00e5 marki.<br>Nr. 6: \u00c5surane. G\u00e5r til Kl\u00f8velva.<\/p>\n<p>Fjellet-utmark<br>Nr. 1: Ormhaugen. Ved lyngskj\u00e6ring s\u00e5g dei alltid orm der.<br>Nr. 2: \u00c5smulen.<br>Nr. 3: \u00c5smulheii.<\/p>\n<p><b>Stadnamn p\u00e5 br.nr. 2, gnr. 27 i Lind\u00e5s herad.<\/b><\/p>\n<p>Innmark<br>Nr. 1: Gjerde, nore delen av fellesnamn. Gjerde g\u00e5r over br. fr\u00e5 nord: 7.2.1.8.<br>Nr. 2: Jordkjelleren, ligg nord for Littleuren.<br>Nr. 3: Littleuren.<br>Nr. 4: Fagern, bakken som grensa til br. nr. 1.<br>Nr. 5: Gjerdsbakkane. Grensa mot br. nr. 7.<br>Nr. 6: Fagerdalen, g\u00e5r over br. nr. 1 og 2, fram til jordkjelleren.<br>Nr. 7: Brokj\u00e6.<br>Nr. 8: M\u00f8rker\u00e5kerleitet, der garasjen til Terje stod.<br>Nr. 9: Stein\u00e5keren, parasellen ligg der husi til Terje st\u00e5r. \u00c5keren var s\u00e5dd med poteter og korn annakvart \u00e5r.<br>Nr. 10: Stovehaugen. Grensa mot br. nr. 7 og vestenfor vegen som g\u00e5r til Opptun.<br>Nr. 11: Hushaugen, ligg att i Stovehaugen mot s\u00f8r.<br>Nr. 12: Robershaugen, namnet kjem av Robert.<br>Nr. 13: Kirseb\u00e6r\u00e5keren.<br>Nr. 14: Storabrekko, vegen som g\u00e5r fra Myri forbi garasjen til Ole \u00d8vretveit mot br. nr. 7.<br>Nr. 15: Brun\u00e6kro. Ein liten \u00e5ker som ligg heilt i kroken i merket mot br. nr. 6. og 7.<br>Nr. 16: Sk\u00f8rve, ligg s\u00f8r for husa til Ida \u00d8vretveit.<\/p>\n<p>Utmark<br>Nr. 1: Lappekleivi, Gangsti som g\u00e5r fr\u00e5 br. nr. 2 til br. nr. 3 utmark.<br>Nr. 2: S\u00f8kkjena, oppdyrka no, var utmark f\u00f8r.<br>Nr. 3: Magnekr\u00e5a, der var demningen for flomkverni.<br>Nr. 4: Olderhaugen, namnet kjem seg av skog.<br>Nr. 5: Fjellgardsbrekko.<br>Nr. 6: Fjellgardsmyri.<br>Nr. 7: Lia.<br>Nr. 8: Stemmegarden, oppstemning n\u00e5r dei mol korn.<br>Nr. 9: \u00c5smulheiane.<br>Nr. 10: Gjeithaugen.<br>Nr. 11: \u00c5smulen, parsellen ligg p\u00e5 br. nr. 1 og br. nr. 2.<br>Nr. 12: Revurdalen, ligg p\u00e5 bruk 1 og 2.<\/p>\n<p><b>Stadnamn p\u00e5 br.nr. 3, gnr. 27 i Lind\u00e5s herad.<\/b><\/p>\n<p>Innmark<br>Nr. 1: Kveitebakkane.<br>Nr. 2: Leitet.<br>Nr. 3: St\u00f8kkarsle, \u00c5savegen.<br>Nr. 4: Magnekr\u00e5na.<br>Nr. 5: Torvh\u00f8ybrekko.<br>Nr. 6: Torvh\u00f8yen.<br>Nr. 7: Spikh\u00f8yen.<br>Nr. 8: Spikh\u00f8ymyra.<br>Nr. 9: Stykkje.<br>Nr. 10: T\u00f8pt\u00e6, der husa stod f\u00f8r.<br>Nr. 11: Husmannshaugen, ca.50 meter nord for Stokkarsle, vinkel mot Torvhaugen.<br>Nr. 12. \u00c5sen, parasellen ligg parallelt med \u00c5sen til bruk nr. 4.<\/p>\n<p>Utmark<br>Nr. 1: Lappekleiva.<br>Nr. 2: Ebbeh\u00f8yen.<br>Nr. 3: Ebbeh\u00f8yskare.<br>Nr. 4: Stongeskogen.<br>Nr. 5: Sm\u00f8ye.<br>Nr. 6: S\u00e6kkjen.<br>Nr. 7: Dalabrekko.<br>Nr. 8: Bj\u00f8rkelia.<br>Nr. 9: Kleivane, vegen fr\u00e5 Vikadalen opp p\u00e5 S\u00e6tra.<\/p>\n<p><b>Stadnamn p\u00e5 br.nr. 4, gnr. 27 i Lind\u00e5s herad, Uptun.<\/b><\/p>\n<p><img loading=\"lazy\" src=\"http:\/\/tveitosida.no\/wp-content\/uploads\/stadnamn_folder\/stadnavn_ovre\/Ovretv6.jpg\" width=\"600\" height=\"315\" border=\"0\"><\/p>\n<p><img loading=\"lazy\" src=\"http:\/\/tveitosida.no\/wp-content\/uploads\/stadnamn_folder\/stadnavn_ovre\/OvretvUp.jpg\" width=\"600\" height=\"334\" border=\"0\"><\/p>\n<p><img loading=\"lazy\" src=\"http:\/\/tveitosida.no\/wp-content\/uploads\/stadnamn_folder\/stadnavn_ovre\/Des09.jpg\" width=\"600\" height=\"355\" border=\"0\"><\/p>\n<p>Innmark<br>Nr. 1. L\u00f8e\u00e5keren.<br>Nr. 2. R\u00f8ys\u00e5keren.<br>Nr. 3. Balane.<br>Nr. 4. T\u00f8pt\u00e6.<br>Nr. 5: T\u00f8rkhusbrekko.<br>Nr. 6: Stykkje.<br>Nr. 7: V\u00e5rfloren.<br>Nr. 8: Steinsh\u00f8ybrekko<br>Nr. 9: Kroken.<br>Nr. 10: Krokabrekko.<br>Nr. 11: Nore Steinsh\u00f8yen<br>Nr. 12: Steinsh\u00f8yen.<br>Nr. 13: H\u00f8lna.<br>Nr. 14: Leitet.<br>Nr. 15: Utf\u00f8rbrekko.<br>Nr. 16: Hauane.<br>Nr. 17: Utf\u00f8rholo.<br>Nr. 18: Steinsh\u00f8ybrekko.<br>Nr. 19: Storamyra.<br>Nr. 20: S\u00f8ra Myrane.<br>Nr. 21: Balane.<br>Nr. 22: Brekkena.<br>Nr. 23: V\u00e5dalen.<br>Nr. 24: Tandm\u00f8dle.<\/p>\n<p>\u00c5sen<br>Nr. 1: Lona.<br>Nr. 2: Bakkane.<br>Nr. 3: St\u00f8vhola.<br>Nr. 4: Gledna.<br>Nr. 5: \u00d8verste \u00c5sen.<br>Nr. 6: Kalvatr\u00e6myra<br>Nr. 7: \u00d8stre Lona.<br>Nr. 8: Kjermesdalen.<br>Nr. 9: Lonhaugen.<\/p>\n<p>Utmark<br>Nr. 1: Steinselia.<br>Nr. 2: Bj\u00f8rnehaugen.<br>Nr. 3: Krek\u00e5shaugen. Krek\u00e5ane til Bj\u00f8rklia.<br>Nr. 4: Einebuskaret.<br>Nr. 5: Bj\u00f8rkelia.<br>Nr. 6: Vikadalen.<br>Nr. 7: S\u00e6trane.<br>Nr. 8: Heimste Varane.<br>Nr. 9: S\u00e6terho1a.<br>Nr. 10: S\u00e5to, ligg \u00f8st for Tj\u00f8dnmyri.<br>Nr. 11: N\u00f8vi, utsikt p\u00e5 Nore kulturbeite.<br>Nr. 12: Einurdalen<br>Nr. 13: Haugsenden.<\/p>\n<p><b>Stadnamn p\u00e5 br.nr. 5, gnr. 27 i Lind\u00e5s herad.<\/b><\/p>\n<p>Innmark<br>Nr. 1: Gjeilabrotet.<br>Nr. 2: Optunsvegen.<br>Nr. 3: Grupo<br>Nr. 4: L\u00f8haugen.<br>Nr. 5: Torvegen. Vegen dei \u00d8vretveito gjekk til sine torvstykje.<br>Nr. 6: Sekkjene.<br>Nr. 7: Florskjelda.<br>Nr. 8: Gravene.<br>Nr. 9: Myrane.<\/p>\n<p>Utmark<br>Nr. 1: Storsynhaugen. Der ein ser vidt omkring.<br>Nr. 2: Torvbalane. Der dei \u00f8vretveito t\u00f8rka torvet.<br>Nr. 3: Torvhus stod der.<br>Nr. 4: Torvhus stod der.<br>Nr. 5: Trekanten.<br>Nr. 6: Torvmyrane.<br>Nr. 7: Lonaelva.<br>Nr. 8: Storbotn.<\/p>\n<p><b>Stadnamn p\u00e5 br.nr. 6, gnr. 27 i Lind\u00e5s herad.<\/b><\/p>\n<p>Innmark<br>Nr. 1: Smykkena, grensa mot br.nr.8. og 1,og br.nr 1.Grov.gr.nr.26.<br>Nr. 2: Hauane.<br>Nr. 3: Dalen, grensa iiioL br.nr.4.<\/p>\n<p>Utmark, Austemarki<br>Nr. 1: Sjoled, grindi mellom br.6. og br. nr.l. Nedretvedt.<br>Nr. 2: Bankesteinen. Soga sei:der var stopp og kvild ved gravferder. I h\u00f8ve stopp vart det banka p\u00e5 denne steinen.<br>Nr. 3: B\u00f8rkje\u00e5sen.<br>Nr. 4: Nygardsledet, grind mellom br.6 og Fammestad utmark.<br>Nr. 5: Nygarden. Det er eit steingjerde mellom Fammestad og br. nr. 6. Der m\u00e5 ha vore eit gjerde f\u00f8r som har falle ned.<br>Nr. 6: Sjoledkr\u00e5n\u00e6. Grensa mot Fammestad utmark og br.nr.1. Nedretveit, Ranen.<br>Nr. 7: Sjitnedalen.<br>Nr. 8: Bl\u00e5b\u00e6rhola.<\/p>\n<p>Fjellet<br>Nr. 1: Geithaugen.<br>Nr. 2: Solliskare.<br>Nr. 3: Sollikr\u00e5ni.<\/p>\n<p><b>Stadnamn p\u00e5 br.nr. 7, gnr. 27 i Lind\u00e5s herad.<\/b><\/p>\n<p>Innmark<br>Nr. 1: L\u00f8myra.<br>Nr. 2: Stallen.<br>Nr. 3: M\u00f8lker\u00e5keren.<br>Nr. 4: Stallbr\u00f8te.<br>Nr. 5: Jeilabr\u00f8tet.<br>Nr. 6: Stallbrekkena.<br>Nr. 7: S\u00f8ramyrane.<br>Nr. 8: Noramyrane.<br>Nr. 9: Alteret.<br>Nr. 10: Sekkjena.<br>Nr. 11: Gjerdsbrekka.<br>Nr. 12: Gjerde.<br>Nr. 13: Under Gjerdet.<br>Nr. 14: Nybrotet.<br>Nr. 15: Gr\u00f8nhaug.<br>Nr. 16: Nedom husa.<br>Nr. 17: Ned i dalen.<br>Nr. 18: Hauabrekkena.<br>Nr. 19: Stovehaugen.<\/p>\n<p>Utmark<br>Nr. 1: Veaskaret. Der gjekk det veg ned til Kl\u00f8velvi. N\u00e5r dei skar lyng i Haugs\u00e5sen gjekk dei opp att Veaskaret.<br>Nr. 2: Bl\u00e5b\u00e6rhola.<br>Nr. 3: Store gr\u00f8n\u00e5sen.<br>Nr. 4: \u00d8rmehella. Der var alltid orm. Der er ei flat hella og ei sprekka i hella der ormen kraup ut og inn.<br>Nr. 5: Litle Gr\u00f8n\u00e5sen.<br>Nr. 6: Torvmyrane.<br>Nr. 7: Torvbalane.<br>Nr. 8: Storhelleren.<\/p>\n<p><b>Stadnamn p\u00e5 br. nr. 8, gnr. 27 i Lind\u00e5s herad.<\/b><\/p>\n<p>Innmark<br>Nr. 1: Sm\u00f8kko. Ligg at mot br.nr.6.<br>Nr. 2: D\u00f8sa. Ligg mot Grov utmark.<br>Nr. 3: St\u00f8lhaugen. Ligg mot br.nr. 2 Nedretvedt.<br>Nr. 4: Flat\u00e5kern.<br>Nr. 5: H\u00e5garden. Ligg mot vegen og br.nr.2. Nedretvedt.<br>Nr. 6: Teigen.<br>Nr. 7: Lang\u00e5keren . Ligg aus tenfor v\u00e5ningshusa.<br>Nr. 8: Botnabr\u00e5tet. Ligg austenfor v\u00e5ningshusa.<br>Nr. 9: Botnen.<br>Nr. 10: \u00c6kerbakken.<br>Nr. 11: Kupo.<br>Nr. 12: S\u00f8re flaten. Ligg mellom Gjerdsvegen og br.nr. 1. Nedretvedt, p\u00e5 Heia<br>Nr. 13: Gjerdsbakkane.<br>Nr. 14: Midtbrekko.<br>Nr. 15: Gjerdet.<\/p>\n<p>Austemarki, utmark<br>Nr. 1: Sj\u00f8limyri.<br>Nr. 2: Knusabrekko.<br>Nr. 3: Berkje\u00e5slia.<br>Nr. 4. B\u00f8rkje\u00e5sen.<br>Nr. 5. Svehaugen.<br>Nr. 6. Bl\u00e5b\u00e6rhola.<br>Nr. 7. F\u00f8rehaugen.<br>Nr. 8. Nedre Bl\u00e5b\u00e6rhola.<\/p>\n<p>Fjellet, utmark<br>Nr. 1. Jakobslia.<br>Nr. 2. Storbotn.<br>Nr. 3. \u00c5smulen.<br>Nr. 4. Geithaugen.<br>Nr. 5. Varabrekkena.<\/p>\n<p>Kartene som h\u00f8yrer til:<a href=\"http:\/\/tveitosida.no\/wp-content\/uploads\/stadnamn_folder\/stadnavn_ovre\/OvretveitKart4.png\" target=\"_blank\" rel=\"noopener noreferrer\"><br><img loading=\"lazy\" src=\"http:\/\/tveitosida.no\/wp-content\/uploads\/stadnamn_folder\/stadnavn_ovre\/OvretveitKart4_700.png\" width=\"700\" height=\"492\" border=\"0\"><\/a><br><a href=\"http:\/\/tveitosida.no\/wp-content\/uploads\/stadnamn_folder\/stadnavn_ovre\/OvretveitKart3.png\" target=\"_blank\" rel=\"noopener noreferrer\"><br><img loading=\"lazy\" src=\"http:\/\/tveitosida.no\/wp-content\/uploads\/stadnamn_folder\/stadnavn_ovre\/OvretveitKart3_700.png\" width=\"700\" height=\"406\" border=\"0\"><\/a><br><a href=\"http:\/\/tveitosida.no\/wp-content\/uploads\/stadnamn_folder\/stadnavn_ovre\/OvretveitKart2.png\" target=\"_blank\" rel=\"noopener noreferrer\"><br><img loading=\"lazy\" src=\"http:\/\/tveitosida.no\/wp-content\/uploads\/stadnamn_folder\/stadnavn_ovre\/OvretveitKart2_700.png\" width=\"700\" height=\"456\" border=\"0\"><\/a><br><a href=\"http:\/\/tveitosida.no\/wp-content\/uploads\/stadnamn_folder\/stadnavn_ovre\/OvretveitKart.png\" target=\"_blank\" rel=\"noopener noreferrer\"><br><img loading=\"lazy\" src=\"http:\/\/tveitosida.no\/wp-content\/uploads\/stadnamn_folder\/stadnavn_ovre\/OvretveitKart_700.png\" width=\"700\" height=\"495\" border=\"0\"><\/a><\/p>","protected":false},"excerpt":{"rendered":"<p>Bilde av \u00d8vretveit, sett fr\u00e5 Ranen. Stadnamn p\u00e5 br.nr. 1, gnr. 27 i Lind\u00e5s herad. InnmarkNr. 1: Landmyra.Nr. 2: Kringlo. Hagen til k\u00e5rfolket.Nr. 3: Fageren. \u00c5keren som h\u00f8yrde til k\u00e5ret.Nr. 4: Botnen.Nr. 5: Fagerdalen.Nr. 6: Ekrabakken.Nr. 7: Gjerdsbakkane.Nr. 8: Nora-gjerdeNr. 9: Gjerde.Nr. 10: Middagsskare. Der kvilde dei n\u00e5r dei \u00e5t under onnearbeidet.Nr. 11: Mongsledet. Eit &hellip; <a href=\"https:\/\/tveitosida.no\/index.php\/stadnamn-ovretveit\/\" class=\"more-link\">Continue reading <span class=\"screen-reader-text\">Stadnamn \u00d8vretveit<\/span> <span class=\"meta-nav\">&rarr;<\/span><\/a><\/p>\n","protected":false},"author":1,"featured_media":0,"parent":0,"menu_order":0,"comment_status":"closed","ping_status":"closed","template":"","meta":[],"_links":{"self":[{"href":"https:\/\/tveitosida.no\/index.php\/wp-json\/wp\/v2\/pages\/3534"}],"collection":[{"href":"https:\/\/tveitosida.no\/index.php\/wp-json\/wp\/v2\/pages"}],"about":[{"href":"https:\/\/tveitosida.no\/index.php\/wp-json\/wp\/v2\/types\/page"}],"author":[{"embeddable":true,"href":"https:\/\/tveitosida.no\/index.php\/wp-json\/wp\/v2\/users\/1"}],"replies":[{"embeddable":true,"href":"https:\/\/tveitosida.no\/index.php\/wp-json\/wp\/v2\/comments?post=3534"}],"version-history":[{"count":12,"href":"https:\/\/tveitosida.no\/index.php\/wp-json\/wp\/v2\/pages\/3534\/revisions"}],"predecessor-version":[{"id":3612,"href":"https:\/\/tveitosida.no\/index.php\/wp-json\/wp\/v2\/pages\/3534\/revisions\/3612"}],"wp:attachment":[{"href":"https:\/\/tveitosida.no\/index.php\/wp-json\/wp\/v2\/media?parent=3534"}],"curies":[{"name":"wp","href":"https:\/\/api.w.org\/{rel}","templated":true}]}}