{"id":3530,"date":"2020-11-14T15:32:57","date_gmt":"2020-11-14T15:32:57","guid":{"rendered":"http:\/\/tveitosida.no\/?page_id=3530"},"modified":"2020-11-14T15:34:42","modified_gmt":"2020-11-14T15:34:42","slug":"stadnamn-utmark","status":"publish","type":"page","link":"https:\/\/tveitosida.no\/index.php\/stadnamn-utmark\/","title":{"rendered":"Stadnamn utmark"},"content":{"rendered":"<p><b>Stadnamn p\u00e5 utmark, gnr. 25 og 26 i Lind\u00e5s herad.<\/b><\/p>\n<p>Nr. 1: Brunndalen.<br \/>\nNr. 2: Leitet.<br \/>\nNr. 3: Hushaugen.<br \/>\nNr. 4: Kukleiva.<br \/>\nNr. 5: Opp\u00e5 Kukleiva.<br \/>\nNr. 6: Svartskaret.<br \/>\nNr. 7: Brattlia.<br \/>\nNr. 8: Opp\u00e5 Brattlia.<br \/>\nNr. 9: Under Steinselia.<br \/>\nNr. 10: Hakhaugen.<br \/>\nNr. 11: Bj\u00f8rnehaugen.<br \/>\nNr. 12: Bj\u00f8rnegravi.<br \/>\nNr. 13: Kvernhus\u00e5ni. Kvernhusvegen gjekk midt i Brattlia<br \/>\nNr. 14: Sm\u00e5dalane.<br \/>\nNr. 15: Hedna ( \u00c5sane ?)<br \/>\nNr. 16: Einebuskaret.<br \/>\nNr. 17: Svarthammaren.<br \/>\nNr. 18: Vikadalen.<br \/>\nNr. 19: Skint\u00f8dna.<br \/>\nNr. 20: Kuberget.<br \/>\nNr. 21: Dyr\u00e5sen.<br \/>\nNr. 22: Opp\u00e5 \u00f8ylj\u00f8yna.<br \/>\nNr. 23: Opp\u00e5 \u00f8ylj\u00f8ynbotn.<br \/>\nNr. 24: Timehjellen. Ein stad i Timehjellen heiter pinebenken.<br \/>\nNr. 25: \u00d8vre Leshovden.<br \/>\nNr. 26: Rossegjerdalen.<br \/>\nNr. 27: Nedre Lesshovden.<br \/>\nNr. 28: F\u00f8rknappane.<br \/>\nNr. 29: Storstensleitet.<br \/>\nNr. 30: Under F\u00f8rknappane.<br \/>\nNr. 31: Tverr\u00e5n\u00e6.<br \/>\nNr. 32: Lesshovdenskare.<br \/>\nNr. 34. Lesshovden.<br \/>\nNr. 35: Askemyra.<br \/>\nNr. 36: Svarthammaren.<br \/>\nNr. 37: Litle Kvivik.<br \/>\nNr. 38: Kviviken.<br \/>\nNr. 39: Troppene.<br \/>\nNr. 40: Vedlna.<br \/>\nNr. 41: Vauladalen.<br \/>\nNr. 42: Vauls\u00e5sen<br \/>\nNr. 43: Vaulsneset.<br \/>\nNr. 44: S\u00f8re. Kj\u00f8rslevika.<br \/>\nNr. 45: Lenna.<br \/>\nNr. 46: Opp\u00e5 Lenna.<br \/>\nNr. 47: Storhaugane.<br \/>\nNr. 48: Lynghaugen. Herfr\u00e5 kan ein sj\u00e5 vidt utver skogsstykkje i marka.<br \/>\nNr. 51: Under Timehjellen .<br \/>\nNr. 52: \u00d8lj\u00f8ynboti.<br \/>\nNr. 53: \u00d8lj\u00f8ynlia.<br \/>\nNr. 54: \u00d8lj\u00f8ynmyra.<br \/>\nNr. 55: \u00d8ylj\u00f8yna.<br \/>\nNr. 56: Skitnahjeilane.<br \/>\nNr. 57: Ovom Krokemyrhaugen.<br \/>\nNr. 58: Krokemyrhaugen.<br \/>\nNr. 59: Nedenom Krokemyrhaugen.<br \/>\nNr. 60: Djupedalen.<br \/>\nNr. 61: Djupedalavika.<br \/>\nNr. 61b: Gulkollesteinen. Den st\u00e5r like i vatnet, det er merkestein mellom Vik og Nedretveit\/Grov.<br \/>\nNr. 69. Dyr\u00e5smyra.(Felles torvmyr som ligg i Heddna.)<br \/>\nNr. 77: Bustadhaugen. (vedsida av \u00d8ylj\u00f8ynmyra.)<br \/>\nNr. 85: F\u00f8rehaugen.<br \/>\nNr. 86: Ormhaugen.<br \/>\nNr. 87: Skogholene.<br \/>\nNr. 88: Mildeshamrane. (Dei er i Kvivika.)<br \/>\nNr. 89: Nore Kj\u00f8rslevika.<br \/>\nNr. 90: Haukhaugen. (Opp\u00e5 Svarthammaren hj\u00e5 Bjarne Tveit sitt heimestykkje.<br \/>\nNr. 91: Stegane. (Ei klomra som g\u00e5r fr\u00e5 vestre del av F\u00f8rknappane og opp\u00e5 Lesshovden.)<br \/>\nNr. 102: Varmestova. (Midt i \u00d8lj\u00f8ynlia p\u00e5 Rambj\u00f8r sin markateig.)<br \/>\nNr. 105: Bj\u00f8rkelia, ligg p\u00e5 br. nr. 1 sitt stykkje.<\/p>\n<p>\u00d8yne<br \/>\nNr. 62: \u00d8yn\u00e6.<br \/>\nNr. 63: Midt\u00f8yn\u00e6.<br \/>\nNr. 64: Rossegjerde.<br \/>\nNr. 65: Balane. (T\u00f8rkirig for torv.)<br \/>\nNr. 66: Tj\u00f8ndalen.<br \/>\nNr. 67: Kalvavikja. (Der me sette kalvane i land n\u00e5r me f\u00f8rde dei i b\u00e5t i \u00d8yna, der del gjekk p\u00e5 beite heile sumaren.)<br \/>\nNr. 68: S\u00f8re \u00d8yna.<br \/>\nNr. 100: Nore \u00d8yn\u00e6.<br \/>\nNr. 101: Langhaugen.<\/p>\n<p>Nokre namn i Tveitafjellet<br \/>\nNr. 70: Vikadalen.<br \/>\nNr. 71: Purkelikrona.<br \/>\nNr. 72: Purkelia.<br \/>\nNr. 73: S\u00e6tra.<br \/>\nNr. 74: Heimste Varane.<br \/>\nNr. 75: Nore Varane.<br \/>\nNr. 76: Tj\u00f8nnmyra (Ligg rett under S\u00e6livarden.)<br \/>\nNr. 77: S\u00e5to. Ein kult ein ser fr\u00e5 Nore Varane.<\/p>\n<p>Kartene som h\u00f8yrer til:<br \/>\n<a href=\"http:\/\/tveitosida.no\/wp-content\/uploads\/stadnamn_folder\/stadnavn_utm\/Utmark2.png\" target=\"_blank\" rel=\"noopener noreferrer\"><br \/>\n<img loading=\"lazy\" src=\"http:\/\/tveitosida.no\/wp-content\/uploads\/stadnamn_folder\/stadnavn_utm\/Utmark2_700.png\" width=\"700\" height=\"898\" border=\"0\" \/><\/a><br \/>\n<a href=\"http:\/\/tveitosida.no\/wp-content\/uploads\/stadnamn_folder\/stadnavn_utm\/Utmark1a.png\" target=\"_blank\" rel=\"noopener noreferrer\"><br \/>\n<img loading=\"lazy\" src=\"http:\/\/tveitosida.no\/wp-content\/uploads\/stadnamn_folder\/stadnavn_utm\/Utmark1a_700.png\" width=\"700\" height=\"681\" border=\"0\" \/><\/a><\/p>\n","protected":false},"excerpt":{"rendered":"<p>Stadnamn p\u00e5 utmark, gnr. 25 og 26 i Lind\u00e5s herad. Nr. 1: Brunndalen. Nr. 2: Leitet. Nr. 3: Hushaugen. Nr. 4: Kukleiva. Nr. 5: Opp\u00e5 Kukleiva. Nr. 6: Svartskaret. Nr. 7: Brattlia. Nr. 8: Opp\u00e5 Brattlia. Nr. 9: Under Steinselia. Nr. 10: Hakhaugen. Nr. 11: Bj\u00f8rnehaugen. Nr. 12: Bj\u00f8rnegravi. Nr. 13: Kvernhus\u00e5ni. Kvernhusvegen gjekk midt &hellip; <a href=\"https:\/\/tveitosida.no\/index.php\/stadnamn-utmark\/\" class=\"more-link\">Continue reading <span class=\"screen-reader-text\">Stadnamn utmark<\/span> <span class=\"meta-nav\">&rarr;<\/span><\/a><\/p>\n","protected":false},"author":1,"featured_media":0,"parent":0,"menu_order":0,"comment_status":"closed","ping_status":"closed","template":"","meta":[],"_links":{"self":[{"href":"https:\/\/tveitosida.no\/index.php\/wp-json\/wp\/v2\/pages\/3530"}],"collection":[{"href":"https:\/\/tveitosida.no\/index.php\/wp-json\/wp\/v2\/pages"}],"about":[{"href":"https:\/\/tveitosida.no\/index.php\/wp-json\/wp\/v2\/types\/page"}],"author":[{"embeddable":true,"href":"https:\/\/tveitosida.no\/index.php\/wp-json\/wp\/v2\/users\/1"}],"replies":[{"embeddable":true,"href":"https:\/\/tveitosida.no\/index.php\/wp-json\/wp\/v2\/comments?post=3530"}],"version-history":[{"count":2,"href":"https:\/\/tveitosida.no\/index.php\/wp-json\/wp\/v2\/pages\/3530\/revisions"}],"predecessor-version":[{"id":3532,"href":"https:\/\/tveitosida.no\/index.php\/wp-json\/wp\/v2\/pages\/3530\/revisions\/3532"}],"wp:attachment":[{"href":"https:\/\/tveitosida.no\/index.php\/wp-json\/wp\/v2\/media?parent=3530"}],"curies":[{"name":"wp","href":"https:\/\/api.w.org\/{rel}","templated":true}]}}