{"id":3521,"date":"2020-11-14T15:24:33","date_gmt":"2020-11-14T15:24:33","guid":{"rendered":"http:\/\/tveitosida.no\/?page_id=3521"},"modified":"2020-11-14T15:49:42","modified_gmt":"2020-11-14T15:49:42","slug":"stadnamn-br-4-9","status":"publish","type":"page","link":"https:\/\/tveitosida.no\/index.php\/stadnamn-br-4-9\/","title":{"rendered":"Stadnamn br. 4-9"},"content":{"rendered":"<p><span style=\"color: #000000;\"><b>Stadnamn p\u00e5 br.nr. 4, gnr. 25 i Lind\u00e5s herad.<\/b><\/span><\/p>\n<p>Nr. 1: Uri. Uri ligg i Hovdalia, og er ogs\u00e5 bygdenamn p\u00e5 bruk nr. 4.<\/p>\n<p>Nr. 2: Hovdalia. Parsellen ligg opp mot Hovden p\u00e5 bruk nr. 3.<\/p>\n<p>Nr. 3: Hondshaugen. Parsellen ligg nedenfor hovedvegen som g\u00e5r p\u00e5 vestre sida av v\u00e5ningshuset. Namnets tyding en uvisst, men det kan skriva seg fr\u00e5 eldre tider d\u00e5 alle hadde hund.<\/p>\n<p>Nr. 4: Skarsbakkane, Parsellen grensar mot hovedvegen mot merke til br nr. 2 p\u00e5 austre eida. P\u00e5 nodre sida mot Grov, det same p\u00e5 vestre sida.<\/p>\n<p>Nr. 5: \u00d8yjorda. Parsellen ligg nedenfor hovedvegen, og fr\u00e5 nord der gamlevegen g\u00e5r ned fr\u00e5 hovedvegen. Denne staden h\u00f8yrer med til dei stadene som ikkje vart oppattbygd etter svartedauden. Det har vore ein plass under eit eller anna bruk av dei bruk som ligg vestom Haugane.<\/p>\n<p>Nr. 6: Apalhaugen. Hauen er grensa mot Grov, hushaugen til Audun Grov.<\/p>\n<p>Nr. 7: Gullhaugen.Parsellen ligg p\u00e5 venstre sida av Bl\u00f8ddalsbrekka (vegen).<\/p>\n<p>Nr. 8: Tresshaugen. Parsellen g\u00e5r fr\u00e5 Bl\u00f8ddalen over bruk: 4,5 og 7.<\/p>\n<p>Nr. 9: Hals\u00e6kro. Parsellen mot Hals\u00e5kerskaret br.nr.3. Bruk nr. 4 hadde \u00e5ker der.<\/p>\n<p>Nr. 10: Bl\u00f8ddalen. Parsellen grensar mot Grov mot vest. Namnet kjem seg av att der har vore blautt f\u00f8r der var oppdyrka.<\/p>\n<p>Nr. 11: B\u00f8ddalsbrekka. Vegstykket som g\u00e5r rett ved sida av Gullhaugen.<\/p>\n<p>Nr. 12: Gullhaugmyra. Parsellen er nord for Gullhaugen. Namnet kjem av Gullhaugen. Namnebetydning er uviss.<\/p>\n<p><span style=\"color: #000000;\"><b>Stadnamn p\u00e5 br.nr. 5, gnr. 25 i Lind\u00e5s herad.<\/b><\/span><\/p>\n<p>Nr. 1: Hovdaliane. Parsellen grensar mot br.nr. 3 mot aust. Mot hovedvegen mot vest. Hovdaliana strekker seg over bruk 4, 5 og 7.<\/p>\n<p>Nr. 2: Helseslepet. Parsellen ligg ovenfor huset til Dag Hj. Kva namnet kjem av er uvisst.<\/p>\n<p>Nr. 3: Ormhaugen. Parsellen, ein haug, ligg vest for l\u00f8a til br. nr. 5. Ein rund kult. Namnet kjem seg vel av eldre tider d\u00e5 bruk 4 og 5 var eit bruk og d\u00e5 lite oppdyrka. Der kunne vel vore ein plass dei s\u00e5g ein orm av og til.<\/p>\n<p>Nr. 4: Myrane. Parsellen ligg mot syd mot br. nr. 7, mot vest mot parsellen Tresshaugen.(Haugane)<\/p>\n<p>Nr. 5: Tresshaugane. Parsellen strekkjer seg over br.nr. 5, 7 og 4. Mot vest langs gjerdet til br. nr. 7.<\/p>\n<p>Nr. 6: Eikhaugen. Parsellen grensar mot syd mot det nye huset p\u00e5 br.nr. 7.<\/p>\n<p>Nr. 7: Gr\u00f8nmyra. Parsellen ligg mot aust mot hovedvegen. Mot syd mot br. nr. 7.<\/p>\n<p>Nr. 8: Rasmus\u00e5keren. Parsellen ligg syd for l\u00f8a til br. nr. 5.<\/p>\n<p><span style=\"color: #000000;\"><b>Stadnamn p\u00e5 br.nr. 6, gnr. 25 i Lind\u00e5s herad.<\/b><\/span><\/p>\n<p>Nr. 1: Myrane. Ligg nord\u00f8st for heimehusa.<\/p>\n<p>Nr. 2: Haugane. Der nyehusa st\u00e5r.<\/p>\n<p>Nr. 3: Tumyra.<\/p>\n<p>Nr. 4: Tongane. Parsellen ut mot vatnet der ein ser innat mot \u00d8rjeseta.<\/p>\n<p>Nr. 5: Vassfeta lilgg nedfor husa til Torvald Hindenes.<\/p>\n<p>Nr. 6: Breivikamyri ligg og nedfor husa til Torvald Hindenes.<\/p>\n<p>Nr. 7: Vasketongen ligg utfor Vassfeti, ei tunge der dei truleg vaska kl\u00e6r i eldre tider.<\/p>\n<p>Teigane 5, 6 og 7 var i eldre tider tilh\u00f8yrande Fammestad. Ole A. Tvedt kj\u00f8pte det av Fammestad d\u00e5 han kom att fr\u00e5 Amerika i 1918 ? F\u00f8r den tid var det Lars og Dordi Myhr som bygsla nemde del av Fammestad. Delen var utskildt av sams utmark p\u00e5 Fammestad.<\/p>\n<p>Nr. 8: Naustbakken. Namnet er fr\u00e5 eldre tider d\u00e5 Tongane h\u00f8yrde til Urabruket. Parsellen ligg vest for Tongane, vika, bukta, som ligg n\u00e6r merket til br.nr.7.<\/p>\n<p>Nr. 9: Simenneset. Parsellen ligg i Tongane. Namnet kjem truleg av att parsellen har tilh\u00f8yrt Urabruket, og er oppattkalla etter ein av dei som heitte Simon.<\/p>\n<p><span style=\"color: #000000;\"><b>Stadnamn p\u00e5 br.nr. 7, 8 og 9, gnr. 25 i Lind\u00e5s herad.<\/b><\/span><\/p>\n<p>Nr. 1: \u00d8rjaseta.Denne parsellen h\u00f8yrer med til opplagsplassen. Namnet kjem fr\u00e5 fiskestad, gytestad for \u00f8yrja?<\/p>\n<p>Nr. 2: Nestngane. Parsellen ligg mellom \u00d8rjaseta mot aust g vatnet mot vest. Parsellen er ein opplagsplass.<\/p>\n<p>Nr. 3: Olahola. Denne parsellen h\u00f8yrer til br.nr. 1.<\/p>\n<p>Nr. 4: Skrub\u00e6rstykkje. Parsellen ligg mellom Olahola i syd, og merke til br.nr. 2 i nord. Namnet kjem seg av att der var mykje skrub\u00e6r der i si tid.<\/p>\n<p>Nr. 5: Hardbakkane. Parsellen ligg fr\u00e5 Olahla i vest og mot L\u00f8dalen i aust. Mot nord grensa den til Skrub\u00e6rstykkjet. Namnet kjem seg av att der var hardbeitt \u00e5 sl\u00e5 den tid f\u00f8r det vart oppdyrka.<\/p>\n<p>Nr. 6: L\u00f8dalen. Parsellen til Utl\u00f8bakken og hola som ligg mot Hardbakkane i syd. Mot Hardbakkane i vest. Mot merket til br. nr. 2 i nord. Mot B\u00f8rkje\u00e5sen i aust. Namnet kjem seg av l\u00f8a. Skriv seg fr\u00e5 den tid d\u00e5 br. nr. 1 og 2 var eit bruk.<\/p>\n<p>Nr. 7: B\u00f8rkje\u00e5aen. Parsellen ligg mellom L\u00f8dalen og Stormyra. L\u00f8dalen i vest, Stormyra i aust og nord mot merket mot br. nr. 2. I syd mot L\u00f8stallen. Namnet B\u00f8rkje\u00e5sen kjem truleg av att der vart teke bark av bj\u00f8rki der i eldre tider.<\/p>\n<p>Nr. 8: L\u00f8stallen. Parsellen mot nord, mot B\u00f8rkje\u00e5sen og bakkehelningen som grensar mot Stormyra. I syd mot skr\u00e5ningen som g\u00e5r ned mot vegen. Namnet kjem vel av det same: l\u00f8a. B\u00e5de L\u00f8stallen og L\u00f8dalen skriv namnene seg fr\u00e5 eldre tider. d\u00e5 bruk nr. 1 og 2 var samen, og der var berre tundsl\u00e5ttegras, d\u00e5 det den gong ikkje var dyrka noko i Nesjane.<\/p>\n<p>Nr. 9: Utl\u00f8bakken. Parasel1en er der utl\u00f8a til br. nr. 1 stod. Der stod to utl\u00f8er, den eldste var bygd av Erik Monsen Tvedt. E.M. T. stod det p\u00e5 l\u00f8d\u00f8ra. Den l\u00f8a st\u00e5r no i Olahola.<\/p>\n<p>Nr. 10: Stormyra. Parsellen ligg langs Stormyra til br. nr. 2. Namnet kjem seg av att den var stor etter den tidsrekning den vart dyrka.<\/p>\n<p>Nr. 11: Gamleskaren.<\/p>\n<p>Nr. 12: Krekl\u00e5sen. Parsellen grensar mot nord mot vegen som g\u00e5r ned til br. 6 sitt eldre hus. Mot sydaust mot merke til br.6, og elles mot vatnet i vest.<\/p>\n<p>Nr. 13: Eikhaugen der br. nr. 7 har bygd sine nye hus.<\/p>\n<p>Nr. 14: Hovdaliane. Parsellen g\u00e5r fr\u00e5 hovedvegen, merke mot br.nr. 5 i nord. Mot Hovdahola og Fammestad i aust og syd.<\/p>\n<p>Nr. 15: H\u00f8ystakken. Parsellen ligg syd for huset til Ingvald K\u00e5l\u00e5s. Namnet m\u00e5 koma seg av att der har vore seta h\u00f8y der. I eldre tider var \u00d8yjordi ein plass under ein av gardane p\u00e5 vestre sida av Hovden. Plassen vart ikkje bygt oppatt etter svartedauden. Det vere mulig att H\u00f8ystakken har h\u00f8yrt til plassen, uten att eigaren har hatt h\u00f8ve til \u00e5 bygge utl\u00f8a der. Om denne \u00d8yjorda har h\u00f8yrt saman med \u00d8yorda p\u00e5 br. 4 er uvisst, men lite truleg.<\/p>\n<p>Nr. 16: \u00d8yjorda. Parsellen ligg mellom hovedvegen og der det nye huset til br.7 st\u00e5r. Namnet er etter dei stadene som var s\u00e5 sm\u00e5 att der ikkje vart oppattbygt etter svartedauden. Sj\u00e5 nr. 15.<\/p>\n<p>Nr. 17: Treshaugen, eller del av Tresshaugane. Br. nr. 7 sin del. Parsellen ligg mot nord til merkes med br.4. I aust mot br. 5. I vest og syd mot flatmyra. Kanskje namnet kjem av treg, alts\u00e5 tregt \u00e5 sl\u00e5, eller om det kjem av tr\u00e6et, eit stykkje som l\u00e5g eit stykkje fr\u00e5 den som eigde det. Det kan ha vore eit bygslestykkje sidan det er s\u00e5 stort, d\u00e5 det gjeng over br. 7, 5 og 4. Desse tankane om namnet er fr\u00e5 eldre tider. Kanskje namnet tyder noko anna.<\/p>\n<p>Kartene som h\u00f8yrer til:<br \/>\n<a href=\"http:\/\/tveitosida.no\/wp-content\/uploads\/stadnamn_folder\/stadnavn_br4\/TveitoNedreKart.png\" target=\"_blank\" rel=\"noopener noreferrer\"><br \/>\n<img loading=\"lazy\" src=\"http:\/\/tveitosida.no\/wp-content\/uploads\/stadnamn_folder\/stadnavn_br4\/TveitoNedreKart_700.png\" width=\"700\" height=\"410\" border=\"0\" \/><\/a><br \/>\n<a href=\"http:\/\/tveitosida.no\/wp-content\/uploads\/stadnamn_folder\/stadnavn_br4\/TveitoNedreKart2.png\" target=\"_blank\" rel=\"noopener noreferrer\"><br \/>\n<img loading=\"lazy\" src=\"http:\/\/tveitosida.no\/wp-content\/uploads\/stadnamn_folder\/stadnavn_br4\/TveitoNedreKart2_700.png\" width=\"700\" height=\"423\" border=\"0\" \/><\/a><\/p>\n","protected":false},"excerpt":{"rendered":"<p>Stadnamn p\u00e5 br.nr. 4, gnr. 25 i Lind\u00e5s herad. Nr. 1: Uri. Uri ligg i Hovdalia, og er ogs\u00e5 bygdenamn p\u00e5 bruk nr. 4. Nr. 2: Hovdalia. Parsellen ligg opp mot Hovden p\u00e5 bruk nr. 3. Nr. 3: Hondshaugen. Parsellen ligg nedenfor hovedvegen som g\u00e5r p\u00e5 vestre sida av v\u00e5ningshuset. Namnets tyding en uvisst, men &hellip; <a href=\"https:\/\/tveitosida.no\/index.php\/stadnamn-br-4-9\/\" class=\"more-link\">Continue reading <span class=\"screen-reader-text\">Stadnamn br. 4-9<\/span> <span class=\"meta-nav\">&rarr;<\/span><\/a><\/p>\n","protected":false},"author":1,"featured_media":0,"parent":0,"menu_order":0,"comment_status":"closed","ping_status":"closed","template":"","meta":[],"_links":{"self":[{"href":"https:\/\/tveitosida.no\/index.php\/wp-json\/wp\/v2\/pages\/3521"}],"collection":[{"href":"https:\/\/tveitosida.no\/index.php\/wp-json\/wp\/v2\/pages"}],"about":[{"href":"https:\/\/tveitosida.no\/index.php\/wp-json\/wp\/v2\/types\/page"}],"author":[{"embeddable":true,"href":"https:\/\/tveitosida.no\/index.php\/wp-json\/wp\/v2\/users\/1"}],"replies":[{"embeddable":true,"href":"https:\/\/tveitosida.no\/index.php\/wp-json\/wp\/v2\/comments?post=3521"}],"version-history":[{"count":7,"href":"https:\/\/tveitosida.no\/index.php\/wp-json\/wp\/v2\/pages\/3521\/revisions"}],"predecessor-version":[{"id":3550,"href":"https:\/\/tveitosida.no\/index.php\/wp-json\/wp\/v2\/pages\/3521\/revisions\/3550"}],"wp:attachment":[{"href":"https:\/\/tveitosida.no\/index.php\/wp-json\/wp\/v2\/media?parent=3521"}],"curies":[{"name":"wp","href":"https:\/\/api.w.org\/{rel}","templated":true}]}}