{"id":3478,"date":"2020-11-14T14:00:54","date_gmt":"2020-11-14T14:00:54","guid":{"rendered":"http:\/\/tveitosida.no\/?page_id=3478"},"modified":"2020-11-14T16:02:51","modified_gmt":"2020-11-14T16:02:51","slug":"ved-sjoen","status":"publish","type":"page","link":"https:\/\/tveitosida.no\/index.php\/ved-sjoen\/","title":{"rendered":"Ved sj\u00f8en"},"content":{"rendered":"<p>P\u00e5 sj\u00f8en juni 2014.<br \/>\n<img loading=\"lazy\" src=\"http:\/\/tveitosida.no\/wp-content\/uploads\/diverse_folder\/vedsjoen\/201406\/IMG_2981.jpg\" width=\"600\" height=\"400\" border=\"0\" \/><\/p>\n<p><img loading=\"lazy\" src=\"http:\/\/tveitosida.no\/wp-content\/uploads\/diverse_folder\/vedsjoen\/201406\/IMG_2989.jpg\" width=\"600\" height=\"400\" border=\"0\" \/><\/p>\n<p><img loading=\"lazy\" src=\"http:\/\/tveitosida.no\/wp-content\/uploads\/diverse_folder\/vedsjoen\/201406\/IMG_2997.jpg\" width=\"600\" height=\"400\" border=\"0\" \/><\/p>\n<p><img loading=\"lazy\" src=\"http:\/\/tveitosida.no\/wp-content\/uploads\/diverse_folder\/vedsjoen\/201406\/IMG_2998.jpg\" width=\"600\" height=\"400\" border=\"0\" \/><\/p>\n<p>Bilde tatt fr\u00e5 Kl\u00f8ve mot Haugsneset, fjorden og Veland i bakgrunnen.<br \/>\n<img loading=\"lazy\" src=\"http:\/\/tveitosida.no\/wp-content\/uploads\/diverse_folder\/vedsjoen\/Haugsneset-1.jpg\" width=\"600\" height=\"450\" border=\"0\" \/><\/p>\n<p>Her ser me nothuset n\u00e6rast ospetr\u00e6rne. Nothuset har mange deleigarar.<br \/>\n<img loading=\"lazy\" src=\"http:\/\/tveitosida.no\/wp-content\/uploads\/diverse_folder\/vedsjoen\/Haugsneset-3.jpg\" width=\"600\" height=\"450\" border=\"0\" \/><\/p>\n<p>Februar 2007<br \/>\n<img loading=\"lazy\" src=\"http:\/\/tveitosida.no\/wp-content\/uploads\/diverse_folder\/vedsjoen\/2007_4_004Sj.jpg\" width=\"600\" height=\"450\" border=\"0\" \/><\/p>\n<p>Utsikt fr\u00e5 naustet i Tveitest\u00f8.<br \/>\n<img loading=\"lazy\" src=\"http:\/\/tveitosida.no\/wp-content\/uploads\/diverse_folder\/vedsjoen\/122_2204NaustU.jpg\" width=\"600\" height=\"400\" border=\"0\" \/><\/p>\n<p>Morgenstemning ved naustene.<br \/>\n<img loading=\"lazy\" src=\"http:\/\/tveitosida.no\/wp-content\/uploads\/diverse_folder\/vedsjoen\/Ved_nostet_sj2_600.jpg\" width=\"600\" height=\"399\" border=\"0\" \/><\/p>\n<p>Mons Hauge ved nausta.<br \/>\n<img loading=\"lazy\" src=\"http:\/\/tveitosida.no\/wp-content\/uploads\/diverse_folder\/vedsjoen\/MonsHaugeSjoen.jpg\" width=\"600\" height=\"406\" border=\"0\" \/><\/p>\n<p>Eitt naust framifr\u00e5<br \/>\n<img loading=\"lazy\" src=\"http:\/\/tveitosida.no\/wp-content\/uploads\/diverse_folder\/vedsjoen\/121_2192Naust2.jpg\" width=\"600\" height=\"400\" border=\"0\" \/><\/p>\n<p>Naustet bak ifr\u00e5<br \/>\n<img loading=\"lazy\" src=\"http:\/\/tveitosida.no\/wp-content\/uploads\/diverse_folder\/vedsjoen\/122_2202Naust2.jpg\" width=\"600\" height=\"400\" border=\"0\" \/><\/p>\n<p>Eit anna naust<br \/>\n<img loading=\"lazy\" src=\"http:\/\/tveitosida.no\/wp-content\/uploads\/diverse_folder\/vedsjoen\/122_2201Naust3.jpg\" width=\"600\" height=\"454\" border=\"0\" \/><\/p>\n<p>V\u00e5rt naust. Vi eig halvparten av dette.<br \/>\n<img loading=\"lazy\" src=\"http:\/\/tveitosida.no\/wp-content\/uploads\/diverse_folder\/vedsjoen\/125_2553NaustS2.jpg\" width=\"600\" height=\"400\" border=\"0\" \/><\/p>\n<p>Speilbilde mai 2009, fra Ivar N.<br \/>\n<img loading=\"lazy\" src=\"http:\/\/tveitosida.no\/wp-content\/uploads\/diverse_folder\/vedsjoen\/TveitanoTveitesto_600.jpg\" width=\"600\" height=\"450\" border=\"0\" \/><\/p>\n<p>F\u00f8r maling<br \/>\n<img loading=\"lazy\" src=\"http:\/\/tveitosida.no\/wp-content\/uploads\/diverse_folder\/naustene\/IMG_1584NaustS.jpg\" width=\"600\" height=\"450\" border=\"0\" \/><\/p>\n<p>Det gamle taket blei tatt av.<br \/>\n<img loading=\"lazy\" src=\"http:\/\/tveitosida.no\/wp-content\/uploads\/diverse_folder\/naustene\/IMG_1411NaustSO.jpg\" width=\"600\" height=\"412\" border=\"0\" \/><\/p>\n<p><img loading=\"lazy\" src=\"http:\/\/tveitosida.no\/wp-content\/uploads\/diverse_folder\/vedsjoen\/122_2214NaustA.jpg\" width=\"600\" height=\"336\" border=\"0\" \/><\/p>\n<p>Naustet ved sj\u00f8en hausten 2002.<br \/>\n<img loading=\"lazy\" src=\"http:\/\/tveitosida.no\/wp-content\/uploads\/diverse_folder\/naustene\/Naustsjo.jpg\" width=\"600\" height=\"388\" border=\"0\" \/><\/p>\n<p>L\u00e5sen p\u00e5 innsida av d\u00f8ra.<br \/>\n<img loading=\"lazy\" src=\"http:\/\/tveitosida.no\/wp-content\/uploads\/diverse_folder\/naustene\/Naustsjolas.jpg\" width=\"600\" height=\"346\" border=\"0\" \/><\/p>\n<p>Ny b\u00e5t august 2004<br \/>\n<img loading=\"lazy\" src=\"http:\/\/tveitosida.no\/wp-content\/uploads\/diverse_folder\/vedsjoen\/121_2180Nybaat.jpg\" width=\"600\" height=\"400\" border=\"0\" \/><\/p>\n<p><img loading=\"lazy\" src=\"http:\/\/tveitosida.no\/wp-content\/uploads\/diverse_folder\/vedsjoen\/018_15Sjoen.jpg\" width=\"600\" height=\"400\" border=\"0\" \/><\/p>\n<p><img loading=\"lazy\" src=\"http:\/\/tveitosida.no\/wp-content\/uploads\/diverse_folder\/vedsjoen\/IMG_1468Sjoen.jpg\" width=\"600\" height=\"450\" border=\"0\" \/><\/p>\n<p>Austfjorden<br \/>\n<img loading=\"lazy\" src=\"http:\/\/tveitosida.no\/wp-content\/uploads\/diverse_folder\/vedsjoen\/IMG_4096Sjoen.jpg\" width=\"600\" height=\"403\" border=\"0\" \/><\/p>\n<p>Haugsneset<br \/>\n<img loading=\"lazy\" src=\"http:\/\/tveitosida.no\/wp-content\/uploads\/diverse_folder\/vedsjoen\/100_0704Haugs.jpg\" width=\"600\" height=\"450\" border=\"0\" \/><\/p>\n<p><img loading=\"lazy\" src=\"http:\/\/tveitosida.no\/wp-content\/uploads\/diverse_folder\/vedsjoen\/100_0708Haugs.jpg\" width=\"600\" height=\"450\" border=\"0\" \/><\/p>\n<p><img loading=\"lazy\" src=\"http:\/\/tveitosida.no\/wp-content\/uploads\/diverse_folder\/vedsjoen\/100_0722Haugs.jpg\" width=\"600\" height=\"450\" border=\"0\" \/><\/p>\n<p><img loading=\"lazy\" src=\"http:\/\/tveitosida.no\/wp-content\/uploads\/diverse_folder\/vedsjoen\/100_0751Haugs.jpg\" width=\"600\" height=\"450\" border=\"0\" \/><\/p>\n<p><img loading=\"lazy\" src=\"http:\/\/tveitosida.no\/wp-content\/uploads\/diverse_folder\/vedsjoen\/100_0757Haugs.jpg\" width=\"600\" height=\"450\" border=\"0\" \/><\/p>\n<p><img loading=\"lazy\" src=\"http:\/\/tveitosida.no\/wp-content\/uploads\/diverse_folder\/vedsjoen\/100_0761Haugs.jpg\" width=\"600\" height=\"450\" border=\"0\" \/><\/p>\n<p><img loading=\"lazy\" src=\"http:\/\/tveitosida.no\/wp-content\/uploads\/diverse_folder\/vedsjoen\/100_0763Haugs.jpg\" width=\"600\" height=\"450\" border=\"0\" \/><\/p>\n<p><img loading=\"lazy\" src=\"http:\/\/tveitosida.no\/wp-content\/uploads\/diverse_folder\/vedsjoen\/100_0766Haugs.jpg\" width=\"600\" height=\"450\" border=\"0\" \/><\/p>\n<p><img loading=\"lazy\" src=\"http:\/\/tveitosida.no\/wp-content\/uploads\/diverse_folder\/vedsjoen\/100_0773Haugs.jpg\" width=\"600\" height=\"450\" border=\"0\" \/><\/p>\n<p><img loading=\"lazy\" src=\"http:\/\/tveitosida.no\/wp-content\/uploads\/diverse_folder\/vedsjoen\/100_0787Haugs.jpg\" width=\"600\" height=\"450\" border=\"0\" \/><\/p>\n<p><img loading=\"lazy\" src=\"http:\/\/tveitosida.no\/wp-content\/uploads\/diverse_folder\/vedsjoen\/100_0792Haugs.jpg\" width=\"600\" height=\"450\" border=\"0\" \/><\/p>\n<p><img loading=\"lazy\" src=\"http:\/\/tveitosida.no\/wp-content\/uploads\/diverse_folder\/vedsjoen\/100_0794Haugs.jpg\" width=\"600\" height=\"450\" border=\"0\" \/><\/p>\n<p><img loading=\"lazy\" src=\"http:\/\/tveitosida.no\/wp-content\/uploads\/diverse_folder\/vedsjoen\/100_0812Haugs.jpg\" width=\"600\" height=\"450\" border=\"0\" \/><\/p>\n<p><img loading=\"lazy\" src=\"http:\/\/tveitosida.no\/wp-content\/uploads\/diverse_folder\/vedsjoen\/100_0813Haugs.jpg\" width=\"600\" height=\"450\" border=\"0\" \/><\/p>\n<p><img loading=\"lazy\" src=\"http:\/\/tveitosida.no\/wp-content\/uploads\/diverse_folder\/vedsjoen\/100_0815Haugs.jpg\" width=\"600\" height=\"450\" border=\"0\" \/><\/p>\n<p><img loading=\"lazy\" src=\"http:\/\/tveitosida.no\/wp-content\/uploads\/diverse_folder\/vedsjoen\/100_0818Haugs.jpg\" width=\"600\" height=\"450\" border=\"0\" \/><\/p>\n<p><img loading=\"lazy\" src=\"http:\/\/tveitosida.no\/wp-content\/uploads\/diverse_folder\/vedsjoen\/100_0824Haugs.jpg\" width=\"600\" height=\"450\" border=\"0\" \/><\/p>\n<p><img loading=\"lazy\" src=\"http:\/\/tveitosida.no\/wp-content\/uploads\/diverse_folder\/vedsjoen\/100_0827Haugs.jpg\" width=\"600\" height=\"450\" border=\"0\" \/><\/p>\n<p><img loading=\"lazy\" src=\"http:\/\/tveitosida.no\/wp-content\/uploads\/diverse_folder\/vedsjoen\/100_0840Haugs.jpg\" width=\"600\" height=\"450\" border=\"0\" \/><\/p>\n<p><img loading=\"lazy\" src=\"http:\/\/tveitosida.no\/wp-content\/uploads\/diverse_folder\/vedsjoen\/100_0844Haugs.jpg\" width=\"600\" height=\"450\" border=\"0\" \/><\/p>\n","protected":false},"excerpt":{"rendered":"<p>P\u00e5 sj\u00f8en juni 2014. Bilde tatt fr\u00e5 Kl\u00f8ve mot Haugsneset, fjorden og Veland i bakgrunnen. Her ser me nothuset n\u00e6rast ospetr\u00e6rne. Nothuset har mange deleigarar. Februar 2007 Utsikt fr\u00e5 naustet i Tveitest\u00f8. Morgenstemning ved naustene. Mons Hauge ved nausta. Eitt naust framifr\u00e5 Naustet bak ifr\u00e5 Eit anna naust V\u00e5rt naust. Vi eig halvparten av dette. &hellip; <a href=\"https:\/\/tveitosida.no\/index.php\/ved-sjoen\/\" class=\"more-link\">Continue reading <span class=\"screen-reader-text\">Ved sj\u00f8en<\/span> <span class=\"meta-nav\">&rarr;<\/span><\/a><\/p>\n","protected":false},"author":1,"featured_media":0,"parent":0,"menu_order":0,"comment_status":"closed","ping_status":"closed","template":"","meta":[],"_links":{"self":[{"href":"https:\/\/tveitosida.no\/index.php\/wp-json\/wp\/v2\/pages\/3478"}],"collection":[{"href":"https:\/\/tveitosida.no\/index.php\/wp-json\/wp\/v2\/pages"}],"about":[{"href":"https:\/\/tveitosida.no\/index.php\/wp-json\/wp\/v2\/types\/page"}],"author":[{"embeddable":true,"href":"https:\/\/tveitosida.no\/index.php\/wp-json\/wp\/v2\/users\/1"}],"replies":[{"embeddable":true,"href":"https:\/\/tveitosida.no\/index.php\/wp-json\/wp\/v2\/comments?post=3478"}],"version-history":[{"count":7,"href":"https:\/\/tveitosida.no\/index.php\/wp-json\/wp\/v2\/pages\/3478\/revisions"}],"predecessor-version":[{"id":3555,"href":"https:\/\/tveitosida.no\/index.php\/wp-json\/wp\/v2\/pages\/3478\/revisions\/3555"}],"wp:attachment":[{"href":"https:\/\/tveitosida.no\/index.php\/wp-json\/wp\/v2\/media?parent=3478"}],"curies":[{"name":"wp","href":"https:\/\/api.w.org\/{rel}","templated":true}]}}