{"id":3462,"date":"2020-11-13T21:23:15","date_gmt":"2020-11-13T21:23:15","guid":{"rendered":"http:\/\/tveitosida.no\/?page_id=3462"},"modified":"2020-11-13T21:31:24","modified_gmt":"2020-11-13T21:31:24","slug":"somarfjosen","status":"publish","type":"page","link":"https:\/\/tveitosida.no\/index.php\/somarfjosen\/","title":{"rendered":"Somarfj\u00f8sen"},"content":{"rendered":"<p>Somarfj\u00f8sen i marka<br \/>\n<img loading=\"lazy\" src=\"http:\/\/tveitosida.no\/wp-content\/uploads\/diverse_folder\/oljoyne17\/IMG_9035.jpg\" width=\"700\" height=\"525\" border=\"0\" \/><\/p>\n<p><img loading=\"lazy\" src=\"http:\/\/tveitosida.no\/wp-content\/uploads\/diverse_folder\/oljoyne17\/IMG_9041.jpg\" width=\"700\" height=\"525\" border=\"0\" \/><\/p>\n<p>Somaren 2007 blei somarfj\u00f8sen pussa opp. Det blei satt inn nytt vindu mot vatnet.<br \/>\n<img loading=\"lazy\" src=\"http:\/\/tveitosida.no\/wp-content\/uploads\/diverse_folder\/somarfjosen\/IMG_3194SF.jpg\" width=\"600\" height=\"414\" border=\"0\" \/><\/p>\n<p>Inni fj\u00f8sen st\u00e5r st\u00e5r det b\u00e5sar.<br \/>\n<img loading=\"lazy\" src=\"http:\/\/tveitosida.no\/wp-content\/uploads\/diverse_folder\/somarfjosen\/IMG_3189SF.jpg\" width=\"600\" height=\"442\" border=\"0\" \/><\/p>\n<p><img loading=\"lazy\" src=\"http:\/\/tveitosida.no\/wp-content\/uploads\/diverse_folder\/somarfjosen\/IMG_3209SF.jpg\" width=\"600\" height=\"423\" border=\"0\" \/><\/p>\n<p><img loading=\"lazy\" src=\"http:\/\/tveitosida.no\/wp-content\/uploads\/diverse_folder\/somarfjosen\/IMG_3210SF.jpg\" width=\"600\" height=\"450\" border=\"0\" \/><\/p>\n<p>P\u00e5 ein plass fann me initialene MT (Mons Tvedt) 1903.<br \/>\n<img loading=\"lazy\" src=\"http:\/\/tveitosida.no\/wp-content\/uploads\/diverse_folder\/somarfjosen\/IMG_3211SF.jpg\" width=\"600\" height=\"395\" border=\"0\" \/><\/p>\n<p>Mars 2005<br \/>\n<img loading=\"lazy\" src=\"http:\/\/tveitosida.no\/wp-content\/uploads\/diverse_folder\/somarfjosen\/IMG_2434SoFj.jpg\" width=\"600\" height=\"450\" border=\"0\" \/><\/p>\n<p><img loading=\"lazy\" src=\"http:\/\/tveitosida.no\/wp-content\/uploads\/diverse_folder\/somarfjosen\/Somarfjos.jpg\" width=\"600\" height=\"455\" border=\"0\" \/><\/p>\n<p><b>Uthuset som st\u00e5r i Sm\u00e5dalane <\/b>(av B\u00e5rd Tvedt).<\/p>\n<p>I 1921 var utskiftingen i utmarki ferdig, og etter den tid var det flytting av dei v\u00e5rflorane som stod i Gjeila. Alle v\u00e5rflorane som h\u00f8yrde til eigedomane p\u00e5 gard nr. 25 stod i Gjeila. Det var no ikkje noko hastverk med den flyttinga, men plikten var der, og plikten vart utf\u00f8rt etter kvart som dei som eigde bruki hadde h\u00f8ve til det. Bruk nr. 3 hadde ikkje oppf\u00f8rt sit hus, s\u00e5 der var ingen flytting. Bruk nr.2 sitt hus vart heller ikkje flytta, men det datt ned. Alle v\u00e5rflorane var berekna p\u00e5 sau, men dei kunne vel og brukast til andre ting. Men v\u00e5rfloren til bruk nr.1 var berekna til sau og geit. Der var fine geiteb\u00e5sa og der var saugarde. Geiteb\u00e5sane var bygd slik at dei som mj\u00f8lka geitene kunne st\u00e5 \u00e5 mj\u00f8lka geitene, eller sitja p\u00e5 avsatsen der geitene sto p\u00e5. Eg minnes ikkje geitene, men eg minnes godt sauene. Fr\u00e5 eg var liten var eg med \u00e5 fann sauene heim. Dei kunne vera p\u00e5 ymse stader, men me borni vart godt kjende i utmarki og me visste namni p\u00e5 kvar ein stad, og det var koseleg. Det var einaste skodda som kunne skapa problem, det hende meg ein gong.<\/p>\n<p>I 1933 eller 34 var det me flytta v\u00e5rfloren til der den st\u00e5r idag. Eg og Nils B\u00f8kevoll murde grunnen, far og min bror Elias, reiv v\u00e5rfloren og flytta den. Geitabasane kom ikkje oppatt, men kub\u00e5sane kom oppatt, slik som det ser ut idag. Kub\u00e5sane har me hatt mykje bruk for, og serleg sidan eg tok opp beite til melkekuene der nord i marki. No er den brukt til okseplass om natti, men det er ikkje kvar natt. V\u00e5rfloren, eller saufj\u00f8set i Gjeila, som me sa, var bygd som standardhus. Der var ikkje stavar som i l\u00f8a, men der var vanlege standarar, slik som det ser ut i dag der det st\u00e5r i beite nord i marki.<\/p>\n","protected":false},"excerpt":{"rendered":"<p>Somarfj\u00f8sen i marka Somaren 2007 blei somarfj\u00f8sen pussa opp. Det blei satt inn nytt vindu mot vatnet. Inni fj\u00f8sen st\u00e5r st\u00e5r det b\u00e5sar. P\u00e5 ein plass fann me initialene MT (Mons Tvedt) 1903. Mars 2005 Uthuset som st\u00e5r i Sm\u00e5dalane (av B\u00e5rd Tvedt). I 1921 var utskiftingen i utmarki ferdig, og etter den tid var &hellip; <a href=\"https:\/\/tveitosida.no\/index.php\/somarfjosen\/\" class=\"more-link\">Continue reading <span class=\"screen-reader-text\">Somarfj\u00f8sen<\/span> <span class=\"meta-nav\">&rarr;<\/span><\/a><\/p>\n","protected":false},"author":1,"featured_media":0,"parent":0,"menu_order":0,"comment_status":"closed","ping_status":"closed","template":"","meta":[],"_links":{"self":[{"href":"https:\/\/tveitosida.no\/index.php\/wp-json\/wp\/v2\/pages\/3462"}],"collection":[{"href":"https:\/\/tveitosida.no\/index.php\/wp-json\/wp\/v2\/pages"}],"about":[{"href":"https:\/\/tveitosida.no\/index.php\/wp-json\/wp\/v2\/types\/page"}],"author":[{"embeddable":true,"href":"https:\/\/tveitosida.no\/index.php\/wp-json\/wp\/v2\/users\/1"}],"replies":[{"embeddable":true,"href":"https:\/\/tveitosida.no\/index.php\/wp-json\/wp\/v2\/comments?post=3462"}],"version-history":[{"count":8,"href":"https:\/\/tveitosida.no\/index.php\/wp-json\/wp\/v2\/pages\/3462\/revisions"}],"predecessor-version":[{"id":3471,"href":"https:\/\/tveitosida.no\/index.php\/wp-json\/wp\/v2\/pages\/3462\/revisions\/3471"}],"wp:attachment":[{"href":"https:\/\/tveitosida.no\/index.php\/wp-json\/wp\/v2\/media?parent=3462"}],"curies":[{"name":"wp","href":"https:\/\/api.w.org\/{rel}","templated":true}]}}