{"id":3457,"date":"2020-11-13T18:55:54","date_gmt":"2020-11-13T18:55:54","guid":{"rendered":"http:\/\/tveitosida.no\/?page_id=3457"},"modified":"2020-11-13T18:58:32","modified_gmt":"2020-11-13T18:58:32","slug":"vaulsneset","status":"publish","type":"page","link":"https:\/\/tveitosida.no\/index.php\/vaulsneset\/","title":{"rendered":"Vaulsneset"},"content":{"rendered":"<p>I april 2009 var vi p\u00e5 g\u00e5tur til Vaulsneset og \u00d8yne.<br \/>\n<img loading=\"lazy\" src=\"http:\/\/tveitosida.no\/wp-content\/uploads\/diverse_folder\/vaulsneset\/IMG_2558.jpg\" width=\"600\" height=\"450\" border=\"0\" \/><\/p>\n<p><img loading=\"lazy\" src=\"http:\/\/tveitosida.no\/wp-content\/uploads\/diverse_folder\/vaulsneset\/IMG_2559.jpg\" width=\"600\" height=\"450\" border=\"0\" \/><\/p>\n<p><img loading=\"lazy\" src=\"http:\/\/tveitosida.no\/wp-content\/uploads\/diverse_folder\/vaulsneset\/IMG_2562.jpg\" width=\"600\" height=\"450\" border=\"0\" \/><\/p>\n<p><img loading=\"lazy\" src=\"http:\/\/tveitosida.no\/wp-content\/uploads\/diverse_folder\/vaulsneset\/IMG_2564.jpg\" width=\"600\" height=\"450\" border=\"0\" \/><\/p>\n<p><img loading=\"lazy\" src=\"http:\/\/tveitosida.no\/wp-content\/uploads\/diverse_folder\/vaulsneset\/IMG_2565.jpg\" width=\"600\" height=\"450\" border=\"0\" \/><\/p>\n<p><img loading=\"lazy\" src=\"http:\/\/tveitosida.no\/wp-content\/uploads\/diverse_folder\/vaulsneset\/IMG_2566.jpg\" width=\"600\" height=\"450\" border=\"0\" \/><\/p>\n<p><img loading=\"lazy\" src=\"http:\/\/tveitosida.no\/wp-content\/uploads\/diverse_folder\/vaulsneset\/IMG_2572.jpg\" width=\"600\" height=\"450\" border=\"0\" \/><\/p>\n<p><img loading=\"lazy\" src=\"http:\/\/tveitosida.no\/wp-content\/uploads\/diverse_folder\/vaulsneset\/IMG_2583.jpg\" width=\"600\" height=\"450\" border=\"0\" \/><\/p>\n<p><img loading=\"lazy\" src=\"http:\/\/tveitosida.no\/wp-content\/uploads\/diverse_folder\/vaulsneset\/IMG_2585.jpg\" width=\"600\" height=\"450\" border=\"0\" \/><\/p>\n<p><img loading=\"lazy\" src=\"http:\/\/tveitosida.no\/wp-content\/uploads\/diverse_folder\/vaulsneset\/IMG_2598.jpg\" width=\"600\" height=\"450\" border=\"0\" \/><\/p>\n<p>Gamlebrua i Austre Vaulen<br \/>\n<img loading=\"lazy\" src=\"http:\/\/tveitosida.no\/wp-content\/uploads\/diverse_folder\/vaulsneset\/AustreVaulen.jpg\" width=\"600\" height=\"450\" border=\"0\" \/><\/p>\n<p>Tveitatorvhuset i \u00d8yna f\u00f8r det ble heilt vekke.<br \/>\n<img loading=\"lazy\" src=\"http:\/\/tveitosida.no\/wp-content\/uploads\/diverse_folder\/vaulsneset\/Tveitatorvhuset.jpg\" width=\"600\" height=\"450\" border=\"0\" \/><\/p>\n","protected":false},"excerpt":{"rendered":"<p>I april 2009 var vi p\u00e5 g\u00e5tur til Vaulsneset og \u00d8yne. Gamlebrua i Austre Vaulen Tveitatorvhuset i \u00d8yna f\u00f8r det ble heilt vekke.<\/p>\n","protected":false},"author":1,"featured_media":0,"parent":0,"menu_order":0,"comment_status":"closed","ping_status":"closed","template":"","meta":[],"_links":{"self":[{"href":"https:\/\/tveitosida.no\/index.php\/wp-json\/wp\/v2\/pages\/3457"}],"collection":[{"href":"https:\/\/tveitosida.no\/index.php\/wp-json\/wp\/v2\/pages"}],"about":[{"href":"https:\/\/tveitosida.no\/index.php\/wp-json\/wp\/v2\/types\/page"}],"author":[{"embeddable":true,"href":"https:\/\/tveitosida.no\/index.php\/wp-json\/wp\/v2\/users\/1"}],"replies":[{"embeddable":true,"href":"https:\/\/tveitosida.no\/index.php\/wp-json\/wp\/v2\/comments?post=3457"}],"version-history":[{"count":3,"href":"https:\/\/tveitosida.no\/index.php\/wp-json\/wp\/v2\/pages\/3457\/revisions"}],"predecessor-version":[{"id":3460,"href":"https:\/\/tveitosida.no\/index.php\/wp-json\/wp\/v2\/pages\/3457\/revisions\/3460"}],"wp:attachment":[{"href":"https:\/\/tveitosida.no\/index.php\/wp-json\/wp\/v2\/media?parent=3457"}],"curies":[{"name":"wp","href":"https:\/\/api.w.org\/{rel}","templated":true}]}}