{"id":3452,"date":"2020-11-13T18:45:45","date_gmt":"2020-11-13T18:45:45","guid":{"rendered":"http:\/\/tveitosida.no\/?page_id=3452"},"modified":"2020-11-22T16:19:44","modified_gmt":"2020-11-22T16:19:44","slug":"oljoyne-17","status":"publish","type":"page","link":"https:\/\/tveitosida.no\/index.php\/oljoyne-17\/","title":{"rendered":"\u00d8lj\u00f8yne &#8217;17"},"content":{"rendered":"<p>Tur i april, skogsveien utover<br \/>\n<img loading=\"lazy\" src=\"http:\/\/tveitosida.no\/wp-content\/uploads\/diverse_folder\/oljoyne17\/IMG_8891.jpg\" width=\"700\" height=\"525\" border=\"0\" \/><\/p>\n<p><img loading=\"lazy\" src=\"http:\/\/tveitosida.no\/wp-content\/uploads\/diverse_folder\/oljoyne17\/IMG_8892.jpg\" width=\"700\" height=\"525\" border=\"0\" \/><\/p>\n<p><img loading=\"lazy\" src=\"http:\/\/tveitosida.no\/wp-content\/uploads\/diverse_folder\/oljoyne17\/IMG_8896.jpg\" width=\"700\" height=\"525\" border=\"0\" \/><\/p>\n<p><img loading=\"lazy\" src=\"http:\/\/tveitosida.no\/wp-content\/uploads\/diverse_folder\/oljoyne17\/IMG_8898.jpg\" width=\"700\" height=\"525\" border=\"0\" \/><\/p>\n<p><img loading=\"lazy\" src=\"http:\/\/tveitosida.no\/wp-content\/uploads\/diverse_folder\/oljoyne17\/IMG_8900.jpg\" width=\"700\" height=\"525\" border=\"0\" \/><\/p>\n<p><img loading=\"lazy\" src=\"http:\/\/tveitosida.no\/wp-content\/uploads\/diverse_folder\/oljoyne17\/IMG_8901.jpg\" width=\"700\" height=\"525\" border=\"0\" \/><\/p>\n<p>Froskeegg<br \/>\n<img loading=\"lazy\" src=\"http:\/\/tveitosida.no\/wp-content\/uploads\/diverse_folder\/oljoyne17\/IMG_8903.jpg\" width=\"700\" height=\"525\" border=\"0\" \/><\/p>\n<p>P\u00e5 opplagsplassen<br \/>\n<img loading=\"lazy\" src=\"http:\/\/tveitosida.no\/wp-content\/uploads\/diverse_folder\/oljoyne17\/IMG_8906.jpg\" width=\"700\" height=\"525\" border=\"0\" \/><\/p>\n<p><img loading=\"lazy\" src=\"http:\/\/tveitosida.no\/wp-content\/uploads\/diverse_folder\/oljoyne17\/IMG_8913.jpg\" width=\"700\" height=\"525\" border=\"0\" \/><\/p>\n<p>Videre utover<br \/>\n<img loading=\"lazy\" src=\"http:\/\/tveitosida.no\/wp-content\/uploads\/diverse_folder\/oljoyne17\/IMG_8916.jpg\" width=\"700\" height=\"525\" border=\"0\" \/><\/p>\n<p><img loading=\"lazy\" src=\"http:\/\/tveitosida.no\/wp-content\/uploads\/diverse_folder\/oljoyne17\/IMG_8921.jpg\" width=\"700\" height=\"525\" border=\"0\" \/><\/p>\n<p><img loading=\"lazy\" src=\"http:\/\/tveitosida.no\/wp-content\/uploads\/diverse_folder\/oljoyne17\/IMG_8923.jpg\" width=\"700\" height=\"525\" border=\"0\" \/><\/p>\n<p><strong>T\u00f8mmer og fl\u00f8yting<\/strong><\/p>\n<p>I gamle dager var ein ofte i skogen og veda vinterstid. Det var mykje ved som skulle til, d\u00e5 b\u00e5de koking og oppvarming var med ved. Litt t\u00f8mmer m\u00e5tte ein ogs\u00e5 pr\u00f8va \u00e5 f\u00e5 til gards.<br \/>\nT\u00f8mmeret til Tveito vart hogga i \u00d8lj\u00f8yne og frakta ned til vatnet, og om v\u00e5ren fl\u00f8tte dei t\u00f8mmeret til H\u00f8yland-stemma og saga til <em>bord og plankar<\/em>. Min far Magne hogga t\u00f8mmeret til b\u00e5de huset og l\u00f8a p\u00e5 Tveito i \u00d8lj\u00f8yne.\u00a0 Dette var f\u00f8r skogsvegen vart laga. For \u00e5 koma seg til \u00d8j\u00f8yne m\u00e5tte ein k\u00f8yre over isen.<\/p>\n<p>P\u00e5 bilde under er den gamle plassen t\u00f8mmeret skulle ned til vatnet.<img loading=\"lazy\" src=\"http:\/\/tveitosida.no\/wp-content\/uploads\/diverse_folder\/oljoyne17\/IMG_8925.jpg\" width=\"700\" height=\"525\" border=\"0\" \/><\/p>\n<p><img loading=\"lazy\" src=\"http:\/\/tveitosida.no\/wp-content\/uploads\/diverse_folder\/oljoyne17\/IMG_8926.jpg\" width=\"700\" height=\"525\" border=\"0\" \/><\/p>\n<p><img loading=\"lazy\" src=\"http:\/\/tveitosida.no\/wp-content\/uploads\/diverse_folder\/oljoyne17\/IMG_8927.jpg\" width=\"700\" height=\"525\" border=\"0\" \/><\/p>\n<p><img loading=\"lazy\" src=\"http:\/\/tveitosida.no\/wp-content\/uploads\/diverse_folder\/oljoyne17\/IMG_8929.jpg\" width=\"700\" height=\"525\" border=\"0\" \/><\/p>\n<p>I \u00d8lj\u00f8yne m\u00f8tte vi to \u00f8rner<br \/>\n<img loading=\"lazy\" src=\"http:\/\/tveitosida.no\/wp-content\/uploads\/diverse_folder\/oljoyne17\/IMG_8935_.jpg\" width=\"700\" height=\"525\" border=\"0\" \/><\/p>\n<p><img loading=\"lazy\" src=\"http:\/\/tveitosida.no\/wp-content\/uploads\/diverse_folder\/oljoyne17\/IMG_8939_.jpg\" width=\"700\" height=\"525\" border=\"0\" \/><\/p>\n<p><img loading=\"lazy\" src=\"http:\/\/tveitosida.no\/wp-content\/uploads\/diverse_folder\/oljoyne17\/IMG_8941.jpg\" width=\"700\" height=\"525\" border=\"0\" \/><\/p>\n<p>Gamal steinmur mot Vik<br \/>\n<img loading=\"lazy\" src=\"http:\/\/tveitosida.no\/wp-content\/uploads\/diverse_folder\/oljoyne17\/IMG_8954.jpg\" width=\"700\" height=\"525\" border=\"0\" \/><\/p>\n<p><img loading=\"lazy\" src=\"http:\/\/tveitosida.no\/wp-content\/uploads\/diverse_folder\/oljoyne17\/IMG_8956.jpg\" width=\"700\" height=\"525\" border=\"0\" \/><\/p>\n<p>Tvillinggranane og den ved sida av<br \/>\n<img loading=\"lazy\" src=\"http:\/\/tveitosida.no\/wp-content\/uploads\/diverse_folder\/oljoyne17\/IMG_8960.jpg\" width=\"700\" height=\"525\" border=\"0\" \/><\/p>\n<p><img loading=\"lazy\" src=\"http:\/\/tveitosida.no\/wp-content\/uploads\/diverse_folder\/oljoyne17\/IMG_8959.jpg\" width=\"700\" height=\"933\" border=\"0\" \/><\/p>\n<p><img loading=\"lazy\" src=\"http:\/\/tveitosida.no\/wp-content\/uploads\/diverse_folder\/oljoyne17\/IMG_8965.jpg\" width=\"700\" height=\"933\" border=\"0\" \/><br \/>\n<img loading=\"lazy\" src=\"http:\/\/tveitosida.no\/wp-content\/uploads\/diverse_folder\/oljoyne17\/IMG_8964.jpg\" width=\"700\" height=\"933\" border=\"0\" \/><\/p>\n<p><img loading=\"lazy\" src=\"http:\/\/tveitosida.no\/wp-content\/uploads\/diverse_folder\/oljoyne17\/IMG_8970.jpg\" width=\"700\" height=\"525\" border=\"0\" \/><\/p>\n<p>Kusymrer<br \/>\n<img loading=\"lazy\" src=\"http:\/\/tveitosida.no\/wp-content\/uploads\/diverse_folder\/oljoyne17\/IMG_8978.jpg\" width=\"700\" height=\"525\" border=\"0\" \/><\/p>\n<p><img loading=\"lazy\" src=\"http:\/\/tveitosida.no\/wp-content\/uploads\/diverse_folder\/oljoyne17\/IMG_8985.jpg\" width=\"700\" height=\"525\" border=\"0\" \/><\/p>\n<p>\u00d8vre vei (sti) heim igjen.<br \/>\n<img loading=\"lazy\" src=\"http:\/\/tveitosida.no\/wp-content\/uploads\/diverse_folder\/oljoyne17\/IMG_8992.jpg\" width=\"700\" height=\"525\" border=\"0\" \/><\/p>\n<p><img loading=\"lazy\" src=\"http:\/\/tveitosida.no\/wp-content\/uploads\/diverse_folder\/oljoyne17\/IMG_8995.jpg\" width=\"700\" height=\"525\" border=\"0\" \/><\/p>\n<p>Dobbel furu<br \/>\n<img loading=\"lazy\" src=\"http:\/\/tveitosida.no\/wp-content\/uploads\/diverse_folder\/oljoyne17\/IMG_9003.jpg\" width=\"700\" height=\"525\" border=\"0\" \/><br \/>\n<img loading=\"lazy\" src=\"http:\/\/tveitosida.no\/wp-content\/uploads\/diverse_folder\/oljoyne17\/IMG_9002.jpg\" width=\"700\" height=\"525\" border=\"0\" \/><\/p>\n<p>Granskog<br \/>\n<img loading=\"lazy\" src=\"http:\/\/tveitosida.no\/wp-content\/uploads\/diverse_folder\/oljoyne17\/IMG_9011.jpg\" width=\"700\" height=\"525\" border=\"0\" \/><\/p>\n<p>Fr\u00e5 utsiktsplassen<br \/>\n<img loading=\"lazy\" src=\"http:\/\/tveitosida.no\/wp-content\/uploads\/diverse_folder\/oljoyne17\/IMG_9023.jpg\" width=\"700\" height=\"525\" border=\"0\" \/><\/p>\n<p><img loading=\"lazy\" src=\"http:\/\/tveitosida.no\/wp-content\/uploads\/diverse_folder\/oljoyne17\/IMG_9026.jpg\" width=\"700\" height=\"525\" border=\"0\" \/><\/p>\n<p>Granskog igjen<br \/>\n<img loading=\"lazy\" src=\"http:\/\/tveitosida.no\/wp-content\/uploads\/diverse_folder\/oljoyne17\/IMG_9028.jpg\" width=\"700\" height=\"525\" border=\"0\" \/><\/p>\n<p>Kunstnerisk furu<br \/>\n<img loading=\"lazy\" src=\"http:\/\/tveitosida.no\/wp-content\/uploads\/diverse_folder\/oljoyne17\/IMG_9031.jpg\" width=\"700\" height=\"525\" border=\"0\" \/><\/p>\n<p><img loading=\"lazy\" src=\"http:\/\/tveitosida.no\/wp-content\/uploads\/diverse_folder\/oljoyne17\/IMG_9034.jpg\" width=\"700\" height=\"525\" border=\"0\" \/><\/p>\n<p>Somarfj\u00f8sen i marka<br \/>\n<img loading=\"lazy\" src=\"http:\/\/tveitosida.no\/wp-content\/uploads\/diverse_folder\/oljoyne17\/IMG_9035.jpg\" width=\"700\" height=\"525\" border=\"0\" \/><\/p>\n<p><img loading=\"lazy\" src=\"http:\/\/tveitosida.no\/wp-content\/uploads\/diverse_folder\/oljoyne17\/IMG_9041.jpg\" width=\"700\" height=\"525\" border=\"0\" \/><\/p>\n<p><img loading=\"lazy\" src=\"http:\/\/tveitosida.no\/wp-content\/uploads\/diverse_folder\/oljoyne17\/IMG_9039.jpg\" width=\"700\" height=\"525\" border=\"0\" \/><\/p>\n<p>Ved somarfj\u00f8sen kom det ti \u00f8rner over oss<br \/>\n<img loading=\"lazy\" src=\"http:\/\/tveitosida.no\/wp-content\/uploads\/diverse_folder\/oljoyne17\/20170413_134820_.jpg\" width=\"700\" height=\"525\" border=\"0\" \/><\/p>\n<p><img loading=\"lazy\" src=\"http:\/\/tveitosida.no\/wp-content\/uploads\/diverse_folder\/oljoyne17\/IMG_9044.jpg\" width=\"700\" height=\"525\" border=\"0\" \/><\/p>\n<p>Kusymrer<br \/>\n<img loading=\"lazy\" src=\"http:\/\/tveitosida.no\/wp-content\/uploads\/diverse_folder\/oljoyne17\/IMG_9053.jpg\" width=\"700\" height=\"525\" border=\"0\" \/><\/p>\n","protected":false},"excerpt":{"rendered":"<p>Tur i april, skogsveien utover Froskeegg P\u00e5 opplagsplassen Videre utover T\u00f8mmer og fl\u00f8yting I gamle dager var ein ofte i skogen og veda vinterstid. Det var mykje ved som skulle til, d\u00e5 b\u00e5de koking og oppvarming var med ved. Litt t\u00f8mmer m\u00e5tte ein ogs\u00e5 pr\u00f8va \u00e5 f\u00e5 til gards. T\u00f8mmeret til Tveito vart hogga i &hellip; <a href=\"https:\/\/tveitosida.no\/index.php\/oljoyne-17\/\" class=\"more-link\">Continue reading <span class=\"screen-reader-text\">\u00d8lj\u00f8yne &#8217;17<\/span> <span class=\"meta-nav\">&rarr;<\/span><\/a><\/p>\n","protected":false},"author":1,"featured_media":0,"parent":0,"menu_order":0,"comment_status":"closed","ping_status":"closed","template":"","meta":[],"_links":{"self":[{"href":"https:\/\/tveitosida.no\/index.php\/wp-json\/wp\/v2\/pages\/3452"}],"collection":[{"href":"https:\/\/tveitosida.no\/index.php\/wp-json\/wp\/v2\/pages"}],"about":[{"href":"https:\/\/tveitosida.no\/index.php\/wp-json\/wp\/v2\/types\/page"}],"author":[{"embeddable":true,"href":"https:\/\/tveitosida.no\/index.php\/wp-json\/wp\/v2\/users\/1"}],"replies":[{"embeddable":true,"href":"https:\/\/tveitosida.no\/index.php\/wp-json\/wp\/v2\/comments?post=3452"}],"version-history":[{"count":5,"href":"https:\/\/tveitosida.no\/index.php\/wp-json\/wp\/v2\/pages\/3452\/revisions"}],"predecessor-version":[{"id":3640,"href":"https:\/\/tveitosida.no\/index.php\/wp-json\/wp\/v2\/pages\/3452\/revisions\/3640"}],"wp:attachment":[{"href":"https:\/\/tveitosida.no\/index.php\/wp-json\/wp\/v2\/media?parent=3452"}],"curies":[{"name":"wp","href":"https:\/\/api.w.org\/{rel}","templated":true}]}}