{"id":3439,"date":"2020-11-13T18:35:11","date_gmt":"2020-11-13T18:35:11","guid":{"rendered":"http:\/\/tveitosida.no\/?page_id=3439"},"modified":"2020-11-13T18:54:53","modified_gmt":"2020-11-13T18:54:53","slug":"oljoyne","status":"publish","type":"page","link":"https:\/\/tveitosida.no\/index.php\/oljoyne\/","title":{"rendered":"\u00d8lj\u00f8yne"},"content":{"rendered":"<p>August 2010 gikk vi tur i \u00d8lj\u00f8yne. V\u00earet var h\u00f8ljande regn. Utover gjekk<br \/>\nvi skogsvegen.<br \/>\n<img loading=\"lazy\" src=\"http:\/\/tveitosida.no\/wp-content\/uploads\/diverse_folder\/oljoyne\/IMG_7079.jpg\" width=\"600\" height=\"450\" border=\"0\"><\/p>\n<p>Tvillinggranane<br \/>\n<img loading=\"lazy\" src=\"http:\/\/tveitosida.no\/wp-content\/uploads\/diverse_folder\/oljoyne\/IMG_7090.jpg\" width=\"600\" height=\"800\" border=\"0\"><img loading=\"lazy\" src=\"http:\/\/tveitosida.no\/wp-content\/uploads\/diverse_folder\/oljoyne\/IMG_7091.jpg\" width=\"600\" height=\"800\" border=\"0\"><\/p>\n<p>Den store granen som st\u00e5r aleine.<img loading=\"lazy\" src=\"http:\/\/tveitosida.no\/wp-content\/uploads\/diverse_folder\/oljoyne\/IMG_7113.jpg\" width=\"600\" height=\"450\" border=\"0\"><\/p>\n<p>Heimatt gjekk me stien (\u00f8vre vei) tilbake.<br \/>\n<img loading=\"lazy\" src=\"http:\/\/tveitosida.no\/wp-content\/uploads\/diverse_folder\/oljoyne\/IMG_7129.jpg\" width=\"600\" height=\"450\" border=\"0\"><\/p>\n<p><img loading=\"lazy\" src=\"http:\/\/tveitosida.no\/wp-content\/uploads\/diverse_folder\/oljoyne\/IMG_7137.jpg\" width=\"600\" height=\"450\" border=\"0\"><\/p>\n<p><img loading=\"lazy\" src=\"http:\/\/tveitosida.no\/wp-content\/uploads\/diverse_folder\/oljoyne\/IMG_7147.jpg\" width=\"600\" height=\"450\" border=\"0\"><\/p>\n<p><img loading=\"lazy\" src=\"http:\/\/tveitosida.no\/wp-content\/uploads\/diverse_folder\/oljoyne\/IMG_7152.jpg\" width=\"600\" height=\"450\" border=\"0\"><\/p>\n<p>Ida og Inger<br \/>\n<img loading=\"lazy\" src=\"http:\/\/tveitosida.no\/wp-content\/uploads\/gamle_folder\/ingovre\/Oeljoeyne.jpg\" alt=\"Ida og Inger i \u00d8lj\u00f8yne\" width=\"350\" height=\"510\" border=\"0\"><\/p>\n<p>Inger, Irene og Ida<br \/>\n<img loading=\"lazy\" src=\"http:\/\/tveitosida.no\/wp-content\/uploads\/diverse_folder\/oljoyne\/24_April1978Oljoyne.jpg\" width=\"600\" height=\"404\" border=\"0\"><\/p>\n<p>Irene<br \/>\n<img loading=\"lazy\" src=\"http:\/\/tveitosida.no\/wp-content\/uploads\/diverse_folder\/oljoyne\/25_IreneOlj.jpg\" width=\"600\" height=\"406\" border=\"0\"><\/p>\n<p>Irene og Helge<br \/>\n<img loading=\"lazy\" src=\"http:\/\/tveitosida.no\/wp-content\/uploads\/diverse_folder\/oljoyne\/IreneHelge.jpg\" width=\"600\" height=\"386\" border=\"0\"><\/p>\n<p>Irene og Magne p\u00e5 s\u00f8ndagstur ca 1998.<br \/>\n<img loading=\"lazy\" src=\"http:\/\/tveitosida.no\/wp-content\/uploads\/diverse_folder\/oljoyne\/IreneOljo.jpg\" width=\"334\" height=\"499\" border=\"0\"><\/p>\n<p><img loading=\"lazy\" src=\"http:\/\/tveitosida.no\/wp-content\/uploads\/diverse_folder\/oljoyne\/MagneOljo.jpg\" width=\"340\" height=\"499\" border=\"0\"><\/p>\n<p>Ove og Magne p\u00e5 utsikten n\u00e5r ein g\u00e5r \u00f8vre veg.<br \/>\n<img loading=\"lazy\" src=\"http:\/\/tveitosida.no\/wp-content\/uploads\/diverse_folder\/oljoyne\/MagneOveSti2.jpg\" width=\"600\" height=\"406\" border=\"0\"><\/p>\n<p>Magne og Inger<br \/>\n<img loading=\"lazy\" src=\"http:\/\/tveitosida.no\/wp-content\/uploads\/diverse_folder\/oljoyne\/MaIngOljo.jpg\" width=\"600\" height=\"402\" border=\"0\"><\/p>\n<p>\u00d8yenstikker<br \/>\n<img loading=\"lazy\" src=\"http:\/\/tveitosida.no\/wp-content\/uploads\/diverse_folder\/oljoyne\/Oeyenstikker.jpg\" width=\"600\" height=\"407\" border=\"0\"><\/p>\n<p>Kusymre<br \/>\n<img loading=\"lazy\" src=\"http:\/\/tveitosida.no\/wp-content\/uploads\/diverse_folder\/oljoyne\/IMG_2480_600.jpg\" width=\"600\" height=\"410\" border=\"0\"><\/p>\n<p>John plukker kusymre<br \/>\n<img loading=\"lazy\" src=\"http:\/\/tveitosida.no\/wp-content\/uploads\/diverse_folder\/oljoyne\/IMG_2486_600.jpg\" width=\"600\" height=\"450\" border=\"0\"><\/p>\n<p>Kusymrer &#8217;15<br \/>\n<img loading=\"lazy\" src=\"http:\/\/tveitosida.no\/wp-content\/uploads\/diverse_folder\/oljoyne15\/IMG_7209.jpg\" width=\"600\" height=\"400\" border=\"0\"><\/p>\n<p><img loading=\"lazy\" src=\"http:\/\/tveitosida.no\/wp-content\/uploads\/diverse_folder\/oljoyne15\/IMG_7283.jpg\" width=\"600\" height=\"400\" border=\"0\"><\/p>\n","protected":false},"excerpt":{"rendered":"<p>August 2010 gikk vi tur i \u00d8lj\u00f8yne. V\u00earet var h\u00f8ljande regn. Utover gjekk vi skogsvegen. Tvillinggranane Den store granen som st\u00e5r aleine. Heimatt gjekk me stien (\u00f8vre vei) tilbake. Ida og Inger Inger, Irene og Ida Irene Irene og Helge Irene og Magne p\u00e5 s\u00f8ndagstur ca 1998. Ove og Magne p\u00e5 utsikten n\u00e5r ein g\u00e5r &hellip; <a href=\"https:\/\/tveitosida.no\/index.php\/oljoyne\/\" class=\"more-link\">Continue reading <span class=\"screen-reader-text\">\u00d8lj\u00f8yne<\/span> <span class=\"meta-nav\">&rarr;<\/span><\/a><\/p>\n","protected":false},"author":1,"featured_media":0,"parent":0,"menu_order":0,"comment_status":"closed","ping_status":"closed","template":"","meta":[],"_links":{"self":[{"href":"https:\/\/tveitosida.no\/index.php\/wp-json\/wp\/v2\/pages\/3439"}],"collection":[{"href":"https:\/\/tveitosida.no\/index.php\/wp-json\/wp\/v2\/pages"}],"about":[{"href":"https:\/\/tveitosida.no\/index.php\/wp-json\/wp\/v2\/types\/page"}],"author":[{"embeddable":true,"href":"https:\/\/tveitosida.no\/index.php\/wp-json\/wp\/v2\/users\/1"}],"replies":[{"embeddable":true,"href":"https:\/\/tveitosida.no\/index.php\/wp-json\/wp\/v2\/comments?post=3439"}],"version-history":[{"count":9,"href":"https:\/\/tveitosida.no\/index.php\/wp-json\/wp\/v2\/pages\/3439\/revisions"}],"predecessor-version":[{"id":3456,"href":"https:\/\/tveitosida.no\/index.php\/wp-json\/wp\/v2\/pages\/3439\/revisions\/3456"}],"wp:attachment":[{"href":"https:\/\/tveitosida.no\/index.php\/wp-json\/wp\/v2\/media?parent=3439"}],"curies":[{"name":"wp","href":"https:\/\/api.w.org\/{rel}","templated":true}]}}