{"id":3434,"date":"2020-11-13T18:31:30","date_gmt":"2020-11-13T18:31:30","guid":{"rendered":"http:\/\/tveitosida.no\/?page_id=3434"},"modified":"2020-11-13T18:33:25","modified_gmt":"2020-11-13T18:33:25","slug":"tur-til-dyrasen","status":"publish","type":"page","link":"https:\/\/tveitosida.no\/index.php\/tur-til-dyrasen\/","title":{"rendered":"Tur til Dyr\u00e5sen"},"content":{"rendered":"<p>Ein sommarkveld i 2017 gjekk vi opp til Dyr\u00e5sen (284 moh) for \u00e5 sj\u00e5 p\u00e5 skyene etter sola hadde g\u00e5tt ned. Klokken var 23.11 da vi skreiv i boka. Vi m\u00f8tte ogs\u00e5 2 hjort p\u00e5 vegen opp, og da vi kom ned igjen var det 3 hjort ved bilen p\u00e5 Ole Nor sitt stykke.<br \/>\n<img loading=\"lazy\" src=\"http:\/\/tveitosida.no\/wp-content\/uploads\/diverse_folder\/dyrasen\/IMG_2051.png\" width=\"700\" height=\"525\" border=\"0\" \/><\/p>\n<p><img loading=\"lazy\" src=\"http:\/\/tveitosida.no\/wp-content\/uploads\/diverse_folder\/dyrasen\/IMG_2052.png\" width=\"700\" height=\"525\" border=\"0\" \/><\/p>\n<p><img loading=\"lazy\" src=\"http:\/\/tveitosida.no\/wp-content\/uploads\/diverse_folder\/dyrasen\/IMG_2054.png\" width=\"700\" height=\"525\" border=\"0\" \/><\/p>\n<p><img loading=\"lazy\" src=\"http:\/\/tveitosida.no\/wp-content\/uploads\/diverse_folder\/dyrasen\/IMG_2057.png\" width=\"700\" height=\"525\" border=\"0\" \/><\/p>\n<p><img loading=\"lazy\" src=\"http:\/\/tveitosida.no\/wp-content\/uploads\/diverse_folder\/dyrasen\/IMG_2059.png\" width=\"700\" height=\"525\" border=\"0\" \/><\/p>\n<p><img loading=\"lazy\" src=\"http:\/\/tveitosida.no\/wp-content\/uploads\/diverse_folder\/dyrasen\/IMG_2061.png\" width=\"700\" height=\"525\" border=\"0\" \/><\/p>\n<p><img loading=\"lazy\" src=\"http:\/\/tveitosida.no\/wp-content\/uploads\/diverse_folder\/dyrasen\/IMG_2064.png\" width=\"700\" height=\"525\" border=\"0\" \/><\/p>\n<p><img loading=\"lazy\" src=\"http:\/\/tveitosida.no\/wp-content\/uploads\/diverse_folder\/dyrasen\/IMG_2066.png\" width=\"700\" height=\"525\" border=\"0\" \/><\/p>\n<p><img loading=\"lazy\" src=\"http:\/\/tveitosida.no\/wp-content\/uploads\/diverse_folder\/dyrasen\/IMG_2068.png\" width=\"700\" height=\"525\" border=\"0\" \/><\/p>\n<p><img loading=\"lazy\" src=\"http:\/\/tveitosida.no\/wp-content\/uploads\/diverse_folder\/dyrasen\/IMG_2072.png\" width=\"700\" height=\"525\" border=\"0\" \/><\/p>\n<p><img loading=\"lazy\" src=\"http:\/\/tveitosida.no\/wp-content\/uploads\/diverse_folder\/dyrasen\/IMG_2077.png\" width=\"700\" height=\"525\" border=\"0\" \/><\/p>\n<p><img loading=\"lazy\" src=\"http:\/\/tveitosida.no\/wp-content\/uploads\/diverse_folder\/dyrasen\/IMG_2076.png\" width=\"700\" height=\"525\" border=\"0\" \/><\/p>\n","protected":false},"excerpt":{"rendered":"<p>Ein sommarkveld i 2017 gjekk vi opp til Dyr\u00e5sen (284 moh) for \u00e5 sj\u00e5 p\u00e5 skyene etter sola hadde g\u00e5tt ned. Klokken var 23.11 da vi skreiv i boka. Vi m\u00f8tte ogs\u00e5 2 hjort p\u00e5 vegen opp, og da vi kom ned igjen var det 3 hjort ved bilen p\u00e5 Ole Nor sitt stykke.<\/p>\n","protected":false},"author":1,"featured_media":0,"parent":0,"menu_order":0,"comment_status":"closed","ping_status":"closed","template":"","meta":[],"_links":{"self":[{"href":"https:\/\/tveitosida.no\/index.php\/wp-json\/wp\/v2\/pages\/3434"}],"collection":[{"href":"https:\/\/tveitosida.no\/index.php\/wp-json\/wp\/v2\/pages"}],"about":[{"href":"https:\/\/tveitosida.no\/index.php\/wp-json\/wp\/v2\/types\/page"}],"author":[{"embeddable":true,"href":"https:\/\/tveitosida.no\/index.php\/wp-json\/wp\/v2\/users\/1"}],"replies":[{"embeddable":true,"href":"https:\/\/tveitosida.no\/index.php\/wp-json\/wp\/v2\/comments?post=3434"}],"version-history":[{"count":3,"href":"https:\/\/tveitosida.no\/index.php\/wp-json\/wp\/v2\/pages\/3434\/revisions"}],"predecessor-version":[{"id":3437,"href":"https:\/\/tveitosida.no\/index.php\/wp-json\/wp\/v2\/pages\/3434\/revisions\/3437"}],"wp:attachment":[{"href":"https:\/\/tveitosida.no\/index.php\/wp-json\/wp\/v2\/media?parent=3434"}],"curies":[{"name":"wp","href":"https:\/\/api.w.org\/{rel}","templated":true}]}}