{"id":3428,"date":"2020-11-13T18:27:24","date_gmt":"2020-11-13T18:27:24","guid":{"rendered":"http:\/\/tveitosida.no\/?page_id=3428"},"modified":"2020-11-13T18:29:35","modified_gmt":"2020-11-13T18:29:35","slug":"tur-i-skogen","status":"publish","type":"page","link":"https:\/\/tveitosida.no\/index.php\/tur-i-skogen\/","title":{"rendered":"Tur i skogen"},"content":{"rendered":"<p>Disse bildene er tatt av Ove p\u00e5 tur i skogen 17. desember 2006.<br \/>\n<img loading=\"lazy\" src=\"http:\/\/tveitosida.no\/wp-content\/uploads\/diverse_folder\/turiskogen\/100_3177Skogen.jpg\" width=\"600\" height=\"450\" border=\"0\" \/><\/p>\n<p><img loading=\"lazy\" src=\"http:\/\/tveitosida.no\/wp-content\/uploads\/diverse_folder\/turiskogen\/100_3178Skogen.jpg\" width=\"600\" height=\"450\" border=\"0\" \/><\/p>\n<p><img loading=\"lazy\" src=\"http:\/\/tveitosida.no\/wp-content\/uploads\/diverse_folder\/turiskogen\/100_3180Skogen.jpg\" width=\"600\" height=\"450\" border=\"0\" \/><\/p>\n<p><img loading=\"lazy\" src=\"http:\/\/tveitosida.no\/wp-content\/uploads\/diverse_folder\/turiskogen\/100_3181Skogen.jpg\" width=\"600\" height=\"450\" border=\"0\" \/><\/p>\n<p><img loading=\"lazy\" src=\"http:\/\/tveitosida.no\/wp-content\/uploads\/diverse_folder\/turiskogen\/100_3183Skogen.jpg\" width=\"600\" height=\"450\" border=\"0\" \/><\/p>\n<p><img loading=\"lazy\" src=\"http:\/\/tveitosida.no\/wp-content\/uploads\/diverse_folder\/turiskogen\/100_3192Skogen.jpg\" width=\"600\" height=\"450\" border=\"0\" \/><\/p>\n<p><img loading=\"lazy\" src=\"http:\/\/tveitosida.no\/wp-content\/uploads\/diverse_folder\/turiskogen\/100_3193Skogen.jpg\" width=\"600\" height=\"450\" border=\"0\" \/><\/p>\n<p><img loading=\"lazy\" src=\"http:\/\/tveitosida.no\/wp-content\/uploads\/diverse_folder\/turiskogen\/100_3194Skogen.jpg\" width=\"600\" height=\"450\" border=\"0\" \/><\/p>\n<p><img loading=\"lazy\" src=\"http:\/\/tveitosida.no\/wp-content\/uploads\/diverse_folder\/turiskogen\/100_3220Skogen.jpg\" width=\"600\" height=\"450\" border=\"0\" \/><\/p>\n<p><img loading=\"lazy\" src=\"http:\/\/tveitosida.no\/wp-content\/uploads\/diverse_folder\/turiskogen\/100_3223Skogen.jpg\" width=\"600\" height=\"450\" border=\"0\" \/><\/p>\n<p><img loading=\"lazy\" src=\"http:\/\/tveitosida.no\/wp-content\/uploads\/diverse_folder\/turiskogen\/100_3236Skogen.jpg\" width=\"600\" height=\"450\" border=\"0\" \/><\/p>\n<p><img loading=\"lazy\" src=\"http:\/\/tveitosida.no\/wp-content\/uploads\/diverse_folder\/turiskogen\/100_3238Skogen.jpg\" width=\"600\" height=\"450\" border=\"0\" \/><\/p>\n<p><img loading=\"lazy\" src=\"http:\/\/tveitosida.no\/wp-content\/uploads\/diverse_folder\/turiskogen\/100_3239Skogen.jpg\" width=\"600\" height=\"450\" border=\"0\" \/><\/p>\n<p><img loading=\"lazy\" src=\"http:\/\/tveitosida.no\/wp-content\/uploads\/diverse_folder\/turiskogen\/100_3242Skogen.jpg\" width=\"600\" height=\"450\" border=\"0\" \/><\/p>\n<p><img loading=\"lazy\" src=\"http:\/\/tveitosida.no\/wp-content\/uploads\/diverse_folder\/turiskogen\/100_3244Skogen.jpg\" width=\"600\" height=\"450\" border=\"0\" \/><\/p>\n<p><img loading=\"lazy\" src=\"http:\/\/tveitosida.no\/wp-content\/uploads\/diverse_folder\/turiskogen\/100_3245Skogen.jpg\" width=\"600\" height=\"450\" border=\"0\" \/><\/p>\n<p><img loading=\"lazy\" src=\"http:\/\/tveitosida.no\/wp-content\/uploads\/diverse_folder\/turiskogen\/100_3250Skogen.jpg\" width=\"600\" height=\"450\" border=\"0\" \/><\/p>\n<p>Nokre bilder tatt av Roger p\u00e5 tur langs skogsvegen og \u00f8vre veg tilbake 25. desember 2007.<br \/>\n<img loading=\"lazy\" src=\"http:\/\/tveitosida.no\/wp-content\/uploads\/diverse_folder\/turiskogen\/186_8690Skogen.jpg\" width=\"600\" height=\"400\" border=\"0\" \/><\/p>\n<p><img loading=\"lazy\" src=\"http:\/\/tveitosida.no\/wp-content\/uploads\/diverse_folder\/turiskogen\/186_8697Skogen.jpg\" width=\"600\" height=\"400\" border=\"0\" \/><\/p>\n<p><img loading=\"lazy\" src=\"http:\/\/tveitosida.no\/wp-content\/uploads\/diverse_folder\/turiskogen\/186_8700Skogen.jpg\" width=\"600\" height=\"400\" border=\"0\" \/><\/p>\n<p><img loading=\"lazy\" src=\"http:\/\/tveitosida.no\/wp-content\/uploads\/diverse_folder\/turiskogen\/187_8705Skogen.jpg\" width=\"600\" height=\"400\" border=\"0\" \/><\/p>\n","protected":false},"excerpt":{"rendered":"<p>Disse bildene er tatt av Ove p\u00e5 tur i skogen 17. desember 2006. Nokre bilder tatt av Roger p\u00e5 tur langs skogsvegen og \u00f8vre veg tilbake 25. desember 2007.<\/p>\n","protected":false},"author":1,"featured_media":0,"parent":0,"menu_order":0,"comment_status":"closed","ping_status":"closed","template":"","meta":[],"_links":{"self":[{"href":"https:\/\/tveitosida.no\/index.php\/wp-json\/wp\/v2\/pages\/3428"}],"collection":[{"href":"https:\/\/tveitosida.no\/index.php\/wp-json\/wp\/v2\/pages"}],"about":[{"href":"https:\/\/tveitosida.no\/index.php\/wp-json\/wp\/v2\/types\/page"}],"author":[{"embeddable":true,"href":"https:\/\/tveitosida.no\/index.php\/wp-json\/wp\/v2\/users\/1"}],"replies":[{"embeddable":true,"href":"https:\/\/tveitosida.no\/index.php\/wp-json\/wp\/v2\/comments?post=3428"}],"version-history":[{"count":4,"href":"https:\/\/tveitosida.no\/index.php\/wp-json\/wp\/v2\/pages\/3428\/revisions"}],"predecessor-version":[{"id":3432,"href":"https:\/\/tveitosida.no\/index.php\/wp-json\/wp\/v2\/pages\/3428\/revisions\/3432"}],"wp:attachment":[{"href":"https:\/\/tveitosida.no\/index.php\/wp-json\/wp\/v2\/media?parent=3428"}],"curies":[{"name":"wp","href":"https:\/\/api.w.org\/{rel}","templated":true}]}}