{"id":3403,"date":"2020-11-13T18:08:29","date_gmt":"2020-11-13T18:08:29","guid":{"rendered":"http:\/\/tveitosida.no\/?page_id=3403"},"modified":"2020-11-13T18:11:09","modified_gmt":"2020-11-13T18:11:09","slug":"tveitavatnet","status":"publish","type":"page","link":"https:\/\/tveitosida.no\/index.php\/tveitavatnet\/","title":{"rendered":"Tveitavatnet"},"content":{"rendered":"<p>Solnedgang over Tveitavatnet oktober 2010.<br \/>\n<img loading=\"lazy\" src=\"http:\/\/tveitosida.no\/wp-content\/uploads\/diverse_folder\/tveitavatnet\/IMG_0341.jpg\" width=\"600\" height=\"400\" border=\"0\"><\/p>\n<p>1. oktober 2000<br \/>\n<img loading=\"lazy\" src=\"http:\/\/tveitosida.no\/wp-content\/uploads\/diverse_folder\/tveitavatnet\/Tv011000.jpg\" width=\"600\" height=\"412\"><\/p>\n<p><img loading=\"lazy\" src=\"http:\/\/tveitosida.no\/wp-content\/uploads\/diverse_folder\/tveitavatnet\/Tv011000_2.jpg\" width=\"597\" height=\"289\"><\/p>\n<p><img loading=\"lazy\" src=\"http:\/\/tveitosida.no\/wp-content\/uploads\/diverse_folder\/tveitavatnet\/Tv011000_3.jpg\" width=\"600\" height=\"407\"><\/p>\n<p>I kano<br \/>\n<img loading=\"lazy\" src=\"http:\/\/tveitosida.no\/wp-content\/uploads\/diverse_folder\/tveitavatnet\/Tv011000_4.jpg\" alt=\"Tveitavatnet i kano\" width=\"600\" height=\"402\"><\/p>\n<p><img loading=\"lazy\" src=\"http:\/\/tveitosida.no\/wp-content\/uploads\/diverse_folder\/tveitavatnet\/Tv011000_5.jpg\" alt=\"Tveitavatnet i kano\" width=\"600\" height=\"404\"><\/p>\n<p>Jonsok feiring med b\u00e5l p\u00e5 vatnet 2001<br \/>\n<img loading=\"lazy\" src=\"http:\/\/tveitosida.no\/wp-content\/uploads\/diverse_folder\/tveitavatnet\/JonsokBal.jpg\" width=\"600\" height=\"417\" border=\"0\"><\/p>\n<p>5. mai 2002<br \/>\n<img loading=\"lazy\" src=\"http:\/\/tveitosida.no\/wp-content\/uploads\/diverse_folder\/tveitavatnet\/Lerk3.jpg\" width=\"600\" height=\"396\" border=\"0\"><\/p>\n<p><img loading=\"lazy\" src=\"http:\/\/tveitosida.no\/wp-content\/uploads\/diverse_folder\/tveitavatnet\/Lerk2.jpg\" width=\"600\" height=\"395\" border=\"0\"><\/p>\n<p><img loading=\"lazy\" src=\"http:\/\/tveitosida.no\/wp-content\/uploads\/diverse_folder\/tveitavatnet\/Lerk.jpg\" width=\"600\" height=\"384\" border=\"0\"><\/p>\n<p><img loading=\"lazy\" src=\"http:\/\/tveitosida.no\/wp-content\/uploads\/diverse_folder\/tveitavatnet\/Skveg.jpg\" width=\"600\" height=\"400\" border=\"0\"><\/p>\n<p><img loading=\"lazy\" src=\"http:\/\/tveitosida.no\/wp-content\/uploads\/diverse_folder\/tveitavatnet\/Kusymr3.jpg\" width=\"600\" height=\"361\" border=\"0\"><\/p>\n<p><img loading=\"lazy\" src=\"http:\/\/tveitosida.no\/wp-content\/uploads\/diverse_folder\/tveitavatnet\/Kusymr2.jpg\" width=\"600\" height=\"399\" border=\"0\"><\/p>\n<p>9. mai 2002<br \/>\n<img loading=\"lazy\" src=\"http:\/\/tveitosida.no\/wp-content\/uploads\/diverse_folder\/tveitavatnet\/Kvitve.jpg\" width=\"600\" height=\"397\" border=\"0\"><\/p>\n<p>August 2002<br \/>\n<img loading=\"lazy\" src=\"http:\/\/tveitosida.no\/wp-content\/uploads\/diverse_folder\/tveitavatnet\/Vannlilj.jpg\" width=\"600\" height=\"440\" border=\"0\"><\/p>\n<p><img loading=\"lazy\" src=\"http:\/\/tveitosida.no\/wp-content\/uploads\/diverse_folder\/tveitavatnet\/Hammer.jpg\" width=\"600\" height=\"397\" border=\"0\"><\/p>\n<p><img loading=\"lazy\" src=\"http:\/\/tveitosida.no\/wp-content\/uploads\/diverse_folder\/tveitavatnet\/TvvaBl2.jpg\" width=\"600\" height=\"374\" border=\"0\"><\/p>\n<p><img loading=\"lazy\" src=\"http:\/\/tveitosida.no\/wp-content\/uploads\/diverse_folder\/tveitavatnet\/TvvaBl.jpg\" width=\"600\" height=\"356\" border=\"0\"><\/p>\n<p><img loading=\"lazy\" src=\"http:\/\/tveitosida.no\/wp-content\/uploads\/diverse_folder\/tveitavatnet\/FiskeRTv.jpg\" width=\"600\" height=\"450\" border=\"0\"><\/p>\n<p><img loading=\"lazy\" src=\"http:\/\/tveitosida.no\/wp-content\/uploads\/diverse_folder\/tveitavatnet\/TvSoln.jpg\" width=\"600\" height=\"248\" border=\"0\"><\/p>\n<p><img loading=\"lazy\" src=\"http:\/\/tveitosida.no\/wp-content\/uploads\/diverse_folder\/tveitavatnet\/TvSoln2.jpg\" width=\"600\" height=\"233\" border=\"0\"><\/p>\n<p>Juli 2003<br \/>\n<img loading=\"lazy\" src=\"http:\/\/tveitosida.no\/wp-content\/uploads\/diverse_folder\/tveitavatnet\/Tveitavat.jpg\" width=\"600\" height=\"335\" border=\"0\"><\/p>\n<p><img loading=\"lazy\" src=\"http:\/\/tveitosida.no\/wp-content\/uploads\/diverse_folder\/tveitavatnet\/Tveitavat2.jpg\" width=\"600\" height=\"405\" border=\"0\"><\/p>\n<p><img loading=\"lazy\" src=\"http:\/\/tveitosida.no\/wp-content\/uploads\/diverse_folder\/tveitavatnet\/Tveitavat3.jpg\" width=\"600\" height=\"389\" border=\"0\"><\/p>\n<p><img loading=\"lazy\" src=\"http:\/\/tveitosida.no\/wp-content\/uploads\/diverse_folder\/tveitavatnet\/Tveitavat4.jpg\" width=\"600\" height=\"411\" border=\"0\"><\/p>\n<p>Olsok 2010<br \/>\n<img loading=\"lazy\" src=\"http:\/\/tveitosida.no\/wp-content\/uploads\/diverse_folder\/tveitavatnet\/IMG_7995.jpg\" width=\"600\" height=\"450\" border=\"0\"><\/p>\n<p><img loading=\"lazy\" src=\"http:\/\/tveitosida.no\/wp-content\/uploads\/diverse_folder\/tveitavatnet\/IMG_8008.jpg\" width=\"600\" height=\"450\" border=\"0\"><\/p>\n<p><img loading=\"lazy\" src=\"http:\/\/tveitosida.no\/wp-content\/uploads\/diverse_folder\/tveitavatnet\/IMG_8023.jpg\" width=\"600\" height=\"450\" border=\"0\"><\/p>\n<p><img loading=\"lazy\" src=\"http:\/\/tveitosida.no\/wp-content\/uploads\/diverse_folder\/tveitavatnet\/IMG_8037.jpg\" width=\"600\" height=\"450\" border=\"0\"><\/p>\n<p>Tidligere bilde av Ninni, Irene og Magne i kano.<br \/>\n<img loading=\"lazy\" src=\"http:\/\/tveitosida.no\/wp-content\/uploads\/diverse_folder\/tveitavatnet\/KanoNiIrMa.jpg\" width=\"600\" height=\"895\" border=\"0\"><\/p>\n<p>Bilder fr\u00e5 album<br \/>\n<img loading=\"lazy\" src=\"http:\/\/tveitosida.no\/wp-content\/uploads\/diverse_folder\/tveitavatnet\/IMG_5711_600.jpg\" width=\"600\" height=\"396\" border=\"0\"><\/p>\n<p><img loading=\"lazy\" src=\"http:\/\/tveitosida.no\/wp-content\/uploads\/diverse_folder\/tveitavatnet\/IMG_5714_ro_600.jpg\" width=\"600\" height=\"858\" border=\"0\"><\/p>\n<p><img loading=\"lazy\" src=\"http:\/\/tveitosida.no\/wp-content\/uploads\/diverse_folder\/tveitavatnet\/IMG_5721_600.jpg\" width=\"600\" height=\"402\" border=\"0\"><\/p>\n<p>Eldre bilder<\/p>\n<p>Ove, Birger og Magne<br \/>\n<img loading=\"lazy\" src=\"http:\/\/tveitosida.no\/wp-content\/uploads\/diverse_folder\/tveitavatnet\/OvBirMa.jpg\" alt=\"Ove, Birger og Magne ved Tveitavatnet\" width=\"600\" height=\"381\" border=\"0\"><\/p>\n<p>P\u00e5 kattaskj\u00e6ret.<br \/>\n<img loading=\"lazy\" src=\"http:\/\/tveitosida.no\/wp-content\/uploads\/diverse_folder\/tveitavatnet\/MaOvKatt.jpg\" alt=\"Ove og Magne\" width=\"350\" height=\"399\" border=\"0\"><\/p>\n","protected":false},"excerpt":{"rendered":"<p>Solnedgang over Tveitavatnet oktober 2010. 1. oktober 2000 I kano Jonsok feiring med b\u00e5l p\u00e5 vatnet 2001 5. mai 2002 9. mai 2002 August 2002 Juli 2003 Olsok 2010 Tidligere bilde av Ninni, Irene og Magne i kano. Bilder fr\u00e5 album Eldre bilder Ove, Birger og Magne P\u00e5 kattaskj\u00e6ret.<\/p>\n","protected":false},"author":1,"featured_media":0,"parent":0,"menu_order":0,"comment_status":"closed","ping_status":"closed","template":"","meta":[],"_links":{"self":[{"href":"https:\/\/tveitosida.no\/index.php\/wp-json\/wp\/v2\/pages\/3403"}],"collection":[{"href":"https:\/\/tveitosida.no\/index.php\/wp-json\/wp\/v2\/pages"}],"about":[{"href":"https:\/\/tveitosida.no\/index.php\/wp-json\/wp\/v2\/types\/page"}],"author":[{"embeddable":true,"href":"https:\/\/tveitosida.no\/index.php\/wp-json\/wp\/v2\/users\/1"}],"replies":[{"embeddable":true,"href":"https:\/\/tveitosida.no\/index.php\/wp-json\/wp\/v2\/comments?post=3403"}],"version-history":[{"count":4,"href":"https:\/\/tveitosida.no\/index.php\/wp-json\/wp\/v2\/pages\/3403\/revisions"}],"predecessor-version":[{"id":3407,"href":"https:\/\/tveitosida.no\/index.php\/wp-json\/wp\/v2\/pages\/3403\/revisions\/3407"}],"wp:attachment":[{"href":"https:\/\/tveitosida.no\/index.php\/wp-json\/wp\/v2\/media?parent=3403"}],"curies":[{"name":"wp","href":"https:\/\/api.w.org\/{rel}","templated":true}]}}