{"id":3399,"date":"2020-11-12T21:16:48","date_gmt":"2020-11-12T21:16:48","guid":{"rendered":"http:\/\/tveitosida.no\/?page_id=3399"},"modified":"2020-11-12T21:18:00","modified_gmt":"2020-11-12T21:18:00","slug":"kvardag","status":"publish","type":"page","link":"https:\/\/tveitosida.no\/index.php\/kvardag\/","title":{"rendered":"Kvardag"},"content":{"rendered":"<p>Ripsplukking 1975.<br \/>\n<img loading=\"lazy\" src=\"http:\/\/tveitosida.no\/wp-content\/uploads\/gamle_folder\/kvardag\/Ripsplukk.jpg\" width=\"600\" height=\"404\" border=\"0\" \/><\/p>\n<p><img loading=\"lazy\" src=\"http:\/\/tveitosida.no\/wp-content\/uploads\/gamle_folder\/kvardag\/122_2222Rips.jpg\" width=\"600\" height=\"400\" border=\"0\" \/><\/p>\n<p>B\u00e5rd fisker i Tveitavatnet.<br \/>\n<img loading=\"lazy\" src=\"http:\/\/tveitosida.no\/wp-content\/uploads\/gamle_folder\/kvardag\/FiskeBaard2.jpg\" width=\"350\" height=\"471\" border=\"0\" \/><\/p>\n<p><img loading=\"lazy\" src=\"http:\/\/tveitosida.no\/wp-content\/uploads\/gamle_folder\/kvardag\/FiskeBaard3.jpg\" width=\"600\" height=\"330\" border=\"0\" \/><\/p>\n<p><img loading=\"lazy\" src=\"http:\/\/tveitosida.no\/wp-content\/uploads\/gamle_folder\/kvardag\/FiskeBaard.jpg\" width=\"600\" height=\"375\" border=\"0\" \/><\/p>\n<p>B\u00e5rd p\u00e5 gamletraktoren<br \/>\n<img loading=\"lazy\" src=\"http:\/\/tveitosida.no\/wp-content\/uploads\/gamle_folder\/kvardag\/Traktor_gress_Bard.jpg\" width=\"600\" height=\"393\" border=\"0\" \/><\/p>\n<p>B\u00e5rd i hagen i 1976.<br \/>\n<img loading=\"lazy\" src=\"http:\/\/tveitosida.no\/wp-content\/uploads\/gamle_folder\/kvardag\/BaardHagen1976V2.jpg\" width=\"300\" height=\"457\" border=\"0\" \/><\/p>\n<p><img loading=\"lazy\" src=\"http:\/\/tveitosida.no\/wp-content\/uploads\/gamle_folder\/kvardag\/BaardHagen1976V.jpg\" width=\"300\" height=\"458\" border=\"0\" \/><\/p>\n<p>B\u00e5rd p\u00e5 gamletraktoren, utsikt mot Ura.<br \/>\n<img loading=\"lazy\" src=\"http:\/\/tveitosida.no\/wp-content\/uploads\/gamle_folder\/kvardag\/BaardTraktor.jpg\" width=\"600\" height=\"393\" border=\"0\" \/><\/p>\n<p>P\u00e5 tur til \u00d8lj\u00f8yne.<br \/>\n<img loading=\"lazy\" src=\"http:\/\/tveitosida.no\/wp-content\/uploads\/gamle_folder\/kvardag\/BaardTraktorN.jpg\" width=\"600\" height=\"404\" border=\"0\" \/><\/p>\n<p>Hesjing<br \/>\n<img loading=\"lazy\" src=\"http:\/\/tveitosida.no\/wp-content\/uploads\/gamle_folder\/kvardag\/HesjeNo.jpg\" width=\"600\" height=\"419\" border=\"0\" \/><\/p>\n","protected":false},"excerpt":{"rendered":"<p>Ripsplukking 1975. B\u00e5rd fisker i Tveitavatnet. B\u00e5rd p\u00e5 gamletraktoren B\u00e5rd i hagen i 1976. B\u00e5rd p\u00e5 gamletraktoren, utsikt mot Ura. P\u00e5 tur til \u00d8lj\u00f8yne. Hesjing<\/p>\n","protected":false},"author":1,"featured_media":0,"parent":0,"menu_order":0,"comment_status":"closed","ping_status":"closed","template":"","meta":[],"_links":{"self":[{"href":"https:\/\/tveitosida.no\/index.php\/wp-json\/wp\/v2\/pages\/3399"}],"collection":[{"href":"https:\/\/tveitosida.no\/index.php\/wp-json\/wp\/v2\/pages"}],"about":[{"href":"https:\/\/tveitosida.no\/index.php\/wp-json\/wp\/v2\/types\/page"}],"author":[{"embeddable":true,"href":"https:\/\/tveitosida.no\/index.php\/wp-json\/wp\/v2\/users\/1"}],"replies":[{"embeddable":true,"href":"https:\/\/tveitosida.no\/index.php\/wp-json\/wp\/v2\/comments?post=3399"}],"version-history":[{"count":2,"href":"https:\/\/tveitosida.no\/index.php\/wp-json\/wp\/v2\/pages\/3399\/revisions"}],"predecessor-version":[{"id":3401,"href":"https:\/\/tveitosida.no\/index.php\/wp-json\/wp\/v2\/pages\/3399\/revisions\/3401"}],"wp:attachment":[{"href":"https:\/\/tveitosida.no\/index.php\/wp-json\/wp\/v2\/media?parent=3399"}],"curies":[{"name":"wp","href":"https:\/\/api.w.org\/{rel}","templated":true}]}}