{"id":3362,"date":"2020-11-12T20:42:23","date_gmt":"2020-11-12T20:42:23","guid":{"rendered":"http:\/\/tveitosida.no\/?page_id=3362"},"modified":"2020-11-12T20:58:27","modified_gmt":"2020-11-12T20:58:27","slug":"diverse","status":"publish","type":"page","link":"https:\/\/tveitosida.no\/index.php\/diverse\/","title":{"rendered":"Diverse, Sn\u00f8 p\u00e5 Tveito"},"content":{"rendered":"<p>Bilder fr\u00e5 jula 2014<br \/>\n<img loading=\"lazy\" src=\"http:\/\/tveitosida.no\/wp-content\/uploads\/diverse_folder\/snotveito\/Jula2014\/IMG_3335_600.jpg\" width=\"600\" height=\"450\" border=\"0\"><\/p>\n<p><img loading=\"lazy\" src=\"http:\/\/tveitosida.no\/wp-content\/uploads\/diverse_folder\/snotveito\/Jula2014\/IMG_6695_600.jpg\" width=\"600\" height=\"400\" border=\"0\"><\/p>\n<p><img loading=\"lazy\" src=\"http:\/\/tveitosida.no\/wp-content\/uploads\/diverse_folder\/snotveito\/Jula2014\/IMG_3384_600.jpg\" width=\"600\" height=\"450\" border=\"0\"><\/p>\n<p><img loading=\"lazy\" src=\"http:\/\/tveitosida.no\/wp-content\/uploads\/diverse_folder\/snotveito\/Jula2014\/IMG_3421_600.jpg\" width=\"600\" height=\"450\" border=\"0\"><\/p>\n<p><img loading=\"lazy\" src=\"http:\/\/tveitosida.no\/wp-content\/uploads\/diverse_folder\/snotveito\/Jula2014\/IMG_6680_600.jpg\" width=\"600\" height=\"400\" border=\"0\"><\/p>\n<p><img loading=\"lazy\" src=\"http:\/\/tveitosida.no\/wp-content\/uploads\/diverse_folder\/snotveito\/Jula2014\/IMG_6724_600.jpg\" width=\"600\" height=\"400\" border=\"0\"><\/p>\n<p><img loading=\"lazy\" src=\"http:\/\/tveitosida.no\/wp-content\/uploads\/diverse_folder\/snotveito\/Jula2014\/IMG_3398_600.jpg\" width=\"600\" height=\"450\" border=\"0\"><\/p>\n<p>Sn\u00f8 p\u00e5 Tveito desember 2013<img loading=\"lazy\" src=\"http:\/\/tveitosida.no\/wp-content\/uploads\/diverse_folder\/snotveito\/IMG_2413.jpg\" width=\"600\" height=\"400\" border=\"0\"><\/p>\n<p><img loading=\"lazy\" src=\"http:\/\/tveitosida.no\/wp-content\/uploads\/diverse_folder\/snotveito\/IMG_2418.jpg\" width=\"600\" height=\"400\" border=\"0\"><\/p>\n<p><img loading=\"lazy\" src=\"http:\/\/tveitosida.no\/wp-content\/uploads\/diverse_folder\/snotveito\/IMG_2420.jpg\" width=\"600\" height=\"400\" border=\"0\"><\/p>\n<p>1. juledag 2010<br \/>\n<img loading=\"lazy\" src=\"http:\/\/tveitosida.no\/wp-content\/uploads\/diverse_folder\/snotveito\/juledag\/IMG_0806.jpg\" width=\"600\" height=\"400\" border=\"0\"><\/p>\n<p><img loading=\"lazy\" src=\"http:\/\/tveitosida.no\/wp-content\/uploads\/diverse_folder\/snotveito\/juledag\/IMG_0807.jpg\" width=\"600\" height=\"400\" border=\"0\"><\/p>\n<p><img loading=\"lazy\" src=\"http:\/\/tveitosida.no\/wp-content\/uploads\/diverse_folder\/snotveito\/juledag\/IMG_0808.jpg\" width=\"600\" height=\"400\" border=\"0\"><\/p>\n<p><img loading=\"lazy\" src=\"http:\/\/tveitosida.no\/wp-content\/uploads\/diverse_folder\/snotveito\/juledag\/IMG_0814.jpg\" width=\"600\" height=\"400\" border=\"0\"><\/p>\n<p><img loading=\"lazy\" src=\"http:\/\/tveitosida.no\/wp-content\/uploads\/diverse_folder\/snotveito\/juledag\/IMG_0810.jpg\" width=\"600\" height=\"400\" border=\"0\"><\/p>\n<p><img loading=\"lazy\" src=\"http:\/\/tveitosida.no\/wp-content\/uploads\/diverse_folder\/snotveito\/juledag\/IMG_0819.jpg\" width=\"600\" height=\"400\" border=\"0\"><\/p>\n<p><img loading=\"lazy\" src=\"http:\/\/tveitosida.no\/wp-content\/uploads\/diverse_folder\/snotveito\/juledag\/IMG_0820.jpg\" width=\"600\" height=\"400\" border=\"0\"><\/p>\n<p><img loading=\"lazy\" src=\"http:\/\/tveitosida.no\/wp-content\/uploads\/diverse_folder\/snotveito\/juledag\/IMG_0822.jpg\" width=\"600\" height=\"400\" border=\"0\"><\/p>\n<p><img loading=\"lazy\" src=\"http:\/\/tveitosida.no\/wp-content\/uploads\/diverse_folder\/snotveito\/juledag\/IMG_0824.jpg\" width=\"600\" height=\"400\" border=\"0\"><\/p>\n<p><img loading=\"lazy\" src=\"http:\/\/tveitosida.no\/wp-content\/uploads\/diverse_folder\/snotveito\/juledag\/IMG_0832.jpg\" width=\"600\" height=\"400\" border=\"0\"><\/p>\n<p><img loading=\"lazy\" src=\"http:\/\/tveitosida.no\/wp-content\/uploads\/diverse_folder\/snotveito\/juledag\/IMG_0835.jpg\" width=\"600\" height=\"400\" border=\"0\"><\/p>\n<p><img loading=\"lazy\" src=\"http:\/\/tveitosida.no\/wp-content\/uploads\/diverse_folder\/snotveito\/juledag\/IMG_0838.jpg\" width=\"600\" height=\"400\" border=\"0\"><\/p>\n<p><img loading=\"lazy\" src=\"http:\/\/tveitosida.no\/wp-content\/uploads\/diverse_folder\/snotveito\/juledag\/IMG_0839.jpg\" width=\"600\" height=\"400\" border=\"0\"><\/p>\n<p><img loading=\"lazy\" src=\"http:\/\/tveitosida.no\/wp-content\/uploads\/diverse_folder\/snotveito\/juledag\/IMG_0841.jpg\" width=\"600\" height=\"400\" border=\"0\"><\/p>\n<p><img loading=\"lazy\" src=\"http:\/\/tveitosida.no\/wp-content\/uploads\/diverse_folder\/snotveito\/juledag\/IMG_0842.jpg\" width=\"600\" height=\"400\" border=\"0\"><\/p>\n<p><img loading=\"lazy\" src=\"http:\/\/tveitosida.no\/wp-content\/uploads\/diverse_folder\/snotveito\/juledag\/IMG_0844.jpg\" width=\"600\" height=\"400\" border=\"0\"><\/p>\n<p><img loading=\"lazy\" src=\"http:\/\/tveitosida.no\/wp-content\/uploads\/diverse_folder\/snotveito\/juledag\/IMG_0849.jpg\" width=\"600\" height=\"400\" border=\"0\"><\/p>\n<p><img loading=\"lazy\" src=\"http:\/\/tveitosida.no\/wp-content\/uploads\/diverse_folder\/snotveito\/juledag\/IMG_0851.jpg\" width=\"600\" height=\"400\" border=\"0\"><\/p>\n<p><img loading=\"lazy\" src=\"http:\/\/tveitosida.no\/wp-content\/uploads\/diverse_folder\/snotveito\/juledag\/IMG_0852.jpg\" width=\"600\" height=\"400\" border=\"0\"><\/p>\n<p><img loading=\"lazy\" src=\"http:\/\/tveitosida.no\/wp-content\/uploads\/diverse_folder\/snotveito\/juledag\/IMG_0859.jpg\" width=\"600\" height=\"400\" border=\"0\"><\/p>\n<p><img loading=\"lazy\" src=\"http:\/\/tveitosida.no\/wp-content\/uploads\/diverse_folder\/snotveito\/juledag\/Heia2.jpg\" width=\"700\" height=\"228\" border=\"0\"><\/p>\n<p><img loading=\"lazy\" src=\"http:\/\/tveitosida.no\/wp-content\/uploads\/diverse_folder\/snotveito\/juledag\/IMG_0873.jpg\" width=\"600\" height=\"400\" border=\"0\"><\/p>\n<p><img loading=\"lazy\" src=\"http:\/\/tveitosida.no\/wp-content\/uploads\/diverse_folder\/snotveito\/juledag\/IMG_0874.jpg\" width=\"600\" height=\"400\" border=\"0\"><\/p>\n<p><img loading=\"lazy\" src=\"http:\/\/tveitosida.no\/wp-content\/uploads\/diverse_folder\/snotveito\/juledag\/IMG_0914.jpg\" width=\"600\" height=\"400\" border=\"0\"><\/p>\n<p>Februar 2007<br \/>\n<img loading=\"lazy\" src=\"http:\/\/tveitosida.no\/wp-content\/uploads\/diverse_folder\/snotveito\/100_3517Vint.jpg\" width=\"600\" height=\"450\" border=\"0\"><\/p>\n<p><img loading=\"lazy\" src=\"http:\/\/tveitosida.no\/wp-content\/uploads\/diverse_folder\/snotveito\/100_3498Vint.jpg\" width=\"600\" height=\"450\" border=\"0\"><\/p>\n<p><img loading=\"lazy\" src=\"http:\/\/tveitosida.no\/wp-content\/uploads\/diverse_folder\/snotveito\/100_3506Vint.jpg\" width=\"600\" height=\"450\" border=\"0\"><\/p>\n<p><img loading=\"lazy\" src=\"http:\/\/tveitosida.no\/wp-content\/uploads\/diverse_folder\/snotveito\/100_3510Vint.jpg\" width=\"600\" height=\"450\" border=\"0\"><\/p>\n<p>Juletrehenting 2004<br \/>\n<img loading=\"lazy\" src=\"http:\/\/tveitosida.no\/wp-content\/uploads\/diverse_folder\/snotveito\/131_3145Oljo.jpg\" width=\"600\" height=\"400\" border=\"0\"><\/p>\n<p><img loading=\"lazy\" src=\"http:\/\/tveitosida.no\/wp-content\/uploads\/diverse_folder\/snotveito\/131_3150Oljo.jpg\" width=\"600\" height=\"400\" border=\"0\"><\/p>\n<p>November 2004<br \/>\n<img loading=\"lazy\" src=\"http:\/\/tveitosida.no\/wp-content\/uploads\/diverse_folder\/snotveito\/130_3047Sno.jpg\" width=\"600\" height=\"400\" border=\"0\"><\/p>\n<p><img loading=\"lazy\" src=\"http:\/\/tveitosida.no\/wp-content\/uploads\/diverse_folder\/snotveito\/130_3043Sno.jpg\" width=\"600\" height=\"400\" border=\"0\"><\/p>\n<p><img loading=\"lazy\" src=\"http:\/\/tveitosida.no\/wp-content\/uploads\/diverse_folder\/snotveito\/130_3049Sno.jpg\" width=\"600\" height=\"380\" border=\"0\"><\/p>\n<p><img loading=\"lazy\" src=\"http:\/\/tveitosida.no\/wp-content\/uploads\/diverse_folder\/snotveito\/130_3025HusSno.jpg\" width=\"600\" height=\"400\" border=\"0\"><\/p>\n<p>Utsikt<br \/>\n<img loading=\"lazy\" src=\"http:\/\/tveitosida.no\/wp-content\/uploads\/diverse_folder\/snotveito\/130_3053Utsikt.jpg\" width=\"600\" height=\"400\" border=\"0\"><\/p>\n<p>Postkassestativet<br \/>\n<img loading=\"lazy\" src=\"http:\/\/tveitosida.no\/wp-content\/uploads\/diverse_folder\/snotveito\/130_3027PostSno.jpg\" width=\"600\" height=\"400\" border=\"0\"><\/p>\n<p>Gamlado<br \/>\n<img loading=\"lazy\" src=\"http:\/\/tveitosida.no\/wp-content\/uploads\/diverse_folder\/snotveito\/130_3013HytSno.jpg\" width=\"600\" height=\"400\" border=\"0\"><\/p>\n<p>Jula 2001<br \/>\n<img loading=\"lazy\" src=\"http:\/\/tveitosida.no\/wp-content\/uploads\/diverse_folder\/snotveito\/Gmlhus_sno.jpg\" width=\"600\" height=\"357\" border=\"0\"><\/p>\n<p><img loading=\"lazy\" src=\"http:\/\/tveitosida.no\/wp-content\/uploads\/diverse_folder\/snotveito\/Hon_skysno.jpg\" width=\"600\" height=\"355\" border=\"0\"><\/p>\n<p><img loading=\"lazy\" src=\"http:\/\/tveitosida.no\/wp-content\/uploads\/diverse_folder\/snotveito\/Gmlloasno.jpg\" width=\"600\" height=\"375\" border=\"0\"><\/p>\n<p><img loading=\"lazy\" src=\"http:\/\/tveitosida.no\/wp-content\/uploads\/diverse_folder\/snotveito\/Gmlloa2sno.jpg\" width=\"600\" height=\"410\" border=\"0\"><\/p>\n<p>Sn\u00f8krystaller p\u00e5 Tveito<br \/>\n<img loading=\"lazy\" src=\"http:\/\/tveitosida.no\/wp-content\/uploads\/diverse_folder\/snotveito\/Des06.jpg\" alt=\"Sn\u00f8krystaller 16.12.01\" width=\"600\" height=\"392\" border=\"0\"><\/p>\n<p><img loading=\"lazy\" src=\"http:\/\/tveitosida.no\/wp-content\/uploads\/diverse_folder\/snotveito\/Des07.jpg\" alt=\"Sn\u00f8krystaller 16.12.01\" width=\"600\" height=\"390\" border=\"0\"><\/p>\n<p><img loading=\"lazy\" src=\"http:\/\/tveitosida.no\/wp-content\/uploads\/diverse_folder\/snotveito\/Des10.jpg\" alt=\"Sn\u00f8krystaller 16.12.01\" width=\"600\" height=\"380\" border=\"0\"><\/p>\n<p>Eldre bilde<br \/>\n<img loading=\"lazy\" src=\"http:\/\/tveitosida.no\/wp-content\/uploads\/diverse_folder\/snotveito\/TvTun75_600.jpg\" width=\"600\" height=\"375\" border=\"0\"><\/p>\n","protected":false},"excerpt":{"rendered":"<p>Bilder fr\u00e5 jula 2014 Sn\u00f8 p\u00e5 Tveito desember 2013 1. juledag 2010 Februar 2007 Juletrehenting 2004 November 2004 Utsikt Postkassestativet Gamlado Jula 2001 Sn\u00f8krystaller p\u00e5 Tveito Eldre bilde<\/p>\n","protected":false},"author":1,"featured_media":0,"parent":0,"menu_order":0,"comment_status":"closed","ping_status":"closed","template":"","meta":[],"_links":{"self":[{"href":"https:\/\/tveitosida.no\/index.php\/wp-json\/wp\/v2\/pages\/3362"}],"collection":[{"href":"https:\/\/tveitosida.no\/index.php\/wp-json\/wp\/v2\/pages"}],"about":[{"href":"https:\/\/tveitosida.no\/index.php\/wp-json\/wp\/v2\/types\/page"}],"author":[{"embeddable":true,"href":"https:\/\/tveitosida.no\/index.php\/wp-json\/wp\/v2\/users\/1"}],"replies":[{"embeddable":true,"href":"https:\/\/tveitosida.no\/index.php\/wp-json\/wp\/v2\/comments?post=3362"}],"version-history":[{"count":9,"href":"https:\/\/tveitosida.no\/index.php\/wp-json\/wp\/v2\/pages\/3362\/revisions"}],"predecessor-version":[{"id":3385,"href":"https:\/\/tveitosida.no\/index.php\/wp-json\/wp\/v2\/pages\/3362\/revisions\/3385"}],"wp:attachment":[{"href":"https:\/\/tveitosida.no\/index.php\/wp-json\/wp\/v2\/media?parent=3362"}],"curies":[{"name":"wp","href":"https:\/\/api.w.org\/{rel}","templated":true}]}}