{"id":3348,"date":"2020-11-12T20:07:21","date_gmt":"2020-11-12T20:07:21","guid":{"rendered":"http:\/\/tveitosida.no\/?page_id=3348"},"modified":"2022-07-18T10:52:40","modified_gmt":"2022-07-18T10:52:40","slug":"gravsteiner","status":"publish","type":"page","link":"https:\/\/tveitosida.no\/index.php\/gravsteiner\/","title":{"rendered":"Gravsteiner"},"content":{"rendered":"\n<figure class=\"wp-block-image size-large\"><img loading=\"lazy\" width=\"600\" height=\"400\" src=\"http:\/\/tveitosida.no\/wp-content\/uploads\/gamle_folder\/gravstein\/124_2430OmraadeAA.jpg\" alt=\"\" class=\"wp-image-2719\" srcset=\"https:\/\/tveitosida.no\/wp-content\/uploads\/gamle_folder\/gravstein\/124_2430OmraadeAA.jpg 600w, https:\/\/tveitosida.no\/wp-content\/uploads\/gamle_folder\/gravstein\/124_2430OmraadeAA-300x200.jpg 300w\" sizes=\"(max-width: 600px) 100vw, 600px\" \/><figcaption>Omr\u00e5de<\/figcaption><\/figure>\n\n\n\n<figure class=\"wp-block-image size-large\"><img loading=\"lazy\" width=\"600\" height=\"400\" src=\"http:\/\/tveitosida.no\/wp-content\/uploads\/gamle_folder\/gravstein\/124_2428AndreasAnna.jpg\" alt=\"\" class=\"wp-image-2718\" srcset=\"https:\/\/tveitosida.no\/wp-content\/uploads\/gamle_folder\/gravstein\/124_2428AndreasAnna.jpg 600w, https:\/\/tveitosida.no\/wp-content\/uploads\/gamle_folder\/gravstein\/124_2428AndreasAnna-300x200.jpg 300w\" sizes=\"(max-width: 600px) 100vw, 600px\" \/><figcaption><strong>Gravstein Anna og Andreas Aasgard.<\/strong><br>Dei er gravlagde i Andreas sin far si grav: Lars Monsson S. Askeland f.1836, d. 1905.<\/figcaption><\/figure>\n\n\n\n<figure class=\"wp-block-image size-large\"><img loading=\"lazy\" width=\"700\" height=\"641\" src=\"http:\/\/tveitosida.no\/wp-content\/uploads\/gamle_folder\/aasgard\/AndreasAaSlekt.jpg\" alt=\"\" class=\"wp-image-2379\" srcset=\"https:\/\/tveitosida.no\/wp-content\/uploads\/gamle_folder\/aasgard\/AndreasAaSlekt.jpg 700w, https:\/\/tveitosida.no\/wp-content\/uploads\/gamle_folder\/aasgard\/AndreasAaSlekt-300x275.jpg 300w\" sizes=\"(max-width: 700px) 100vw, 700px\" \/><figcaption>Andreas sine forfedre<\/figcaption><\/figure>\n\n\n\n<figure class=\"wp-block-image size-large\"><img loading=\"lazy\" width=\"1024\" height=\"768\" src=\"http:\/\/tveitosida.no\/wp-content\/uploads\/2022\/07\/img_4051-1024x768.jpg\" alt=\"\" class=\"wp-image-4431\" srcset=\"https:\/\/tveitosida.no\/wp-content\/uploads\/2022\/07\/img_4051-1024x768.jpg 1024w, https:\/\/tveitosida.no\/wp-content\/uploads\/2022\/07\/img_4051-300x225.jpg 300w, https:\/\/tveitosida.no\/wp-content\/uploads\/2022\/07\/img_4051-768x576.jpg 768w, https:\/\/tveitosida.no\/wp-content\/uploads\/2022\/07\/img_4051-1536x1152.jpg 1536w, https:\/\/tveitosida.no\/wp-content\/uploads\/2022\/07\/img_4051-2048x1536.jpg 2048w\" sizes=\"(max-width: 1024px) 100vw, 1024px\" \/><figcaption>Omr\u00e5de<\/figcaption><\/figure>\n\n\n\n<figure class=\"wp-block-image size-large\"><img loading=\"lazy\" width=\"600\" height=\"450\" src=\"http:\/\/tveitosida.no\/wp-content\/uploads\/gamle_folder\/gravstein\/IMG_4050.jpg\" alt=\"\" class=\"wp-image-2724\" srcset=\"https:\/\/tveitosida.no\/wp-content\/uploads\/gamle_folder\/gravstein\/IMG_4050.jpg 600w, https:\/\/tveitosida.no\/wp-content\/uploads\/gamle_folder\/gravstein\/IMG_4050-300x225.jpg 300w\" sizes=\"(max-width: 600px) 100vw, 600px\" \/><figcaption>Mor til Andreas sin gravstein er over 100 \u00e5r og freda. S\u00f8strene Anna og Bergit Aasgard valgte \u00e5 bli gravlagt p\u00e5 kvar si side av bestemora. Grava til Bergit var tidligere Johanna (s\u00f8ster til Andreas) si grav.<\/figcaption><\/figure>\n\n\n\n<figure class=\"wp-block-image size-large\"><img loading=\"lazy\" width=\"600\" height=\"400\" src=\"http:\/\/tveitosida.no\/wp-content\/uploads\/gamle_folder\/gravstein\/124_2444OmraadeAAAAA.jpg\" alt=\"\" class=\"wp-image-2720\" srcset=\"https:\/\/tveitosida.no\/wp-content\/uploads\/gamle_folder\/gravstein\/124_2444OmraadeAAAAA.jpg 600w, https:\/\/tveitosida.no\/wp-content\/uploads\/gamle_folder\/gravstein\/124_2444OmraadeAAAAA-300x200.jpg 300w\" sizes=\"(max-width: 600px) 100vw, 600px\" \/><figcaption>Tidligere<\/figcaption><\/figure>\n\n\n\n<figure class=\"wp-block-image size-large\"><img loading=\"lazy\" width=\"310\" height=\"466\" src=\"http:\/\/tveitosida.no\/wp-content\/uploads\/gamle_folder\/gravstein\/124_2441AnnaJohAasgard.jpg\" alt=\"\" class=\"wp-image-2715\" srcset=\"https:\/\/tveitosida.no\/wp-content\/uploads\/gamle_folder\/gravstein\/124_2441AnnaJohAasgard.jpg 310w, https:\/\/tveitosida.no\/wp-content\/uploads\/gamle_folder\/gravstein\/124_2441AnnaJohAasgard-200x300.jpg 200w\" sizes=\"(max-width: 310px) 100vw, 310px\" \/><\/figure>\n\n\n\n<figure class=\"wp-block-image size-large\"><img loading=\"lazy\" width=\"600\" height=\"400\" src=\"http:\/\/tveitosida.no\/wp-content\/uploads\/gamle_folder\/gravstein\/124_2446Utsikt.jpg\" alt=\"\" class=\"wp-image-2721\" srcset=\"https:\/\/tveitosida.no\/wp-content\/uploads\/gamle_folder\/gravstein\/124_2446Utsikt.jpg 600w, https:\/\/tveitosida.no\/wp-content\/uploads\/gamle_folder\/gravstein\/124_2446Utsikt-300x200.jpg 300w\" sizes=\"(max-width: 600px) 100vw, 600px\" \/><figcaption>Utsikt<\/figcaption><\/figure>\n\n\n\n<figure class=\"wp-block-image size-large\"><img loading=\"lazy\" width=\"696\" height=\"662\" src=\"http:\/\/tveitosida.no\/wp-content\/uploads\/gamle_folder\/aasgard\/AnnaAaSlekt.jpg\" alt=\"\" class=\"wp-image-2392\" srcset=\"https:\/\/tveitosida.no\/wp-content\/uploads\/gamle_folder\/aasgard\/AnnaAaSlekt.jpg 696w, https:\/\/tveitosida.no\/wp-content\/uploads\/gamle_folder\/aasgard\/AnnaAaSlekt-300x285.jpg 300w\" sizes=\"(max-width: 696px) 100vw, 696px\" \/><figcaption>Anna sine forfedre<\/figcaption><\/figure>\n\n\n\n<figure class=\"wp-block-image size-large\"><img loading=\"lazy\" width=\"600\" height=\"400\" src=\"http:\/\/tveitosida.no\/wp-content\/uploads\/gamle_folder\/gravstein\/124_2425OmraadeBV.jpg\" alt=\"\" class=\"wp-image-2716\" srcset=\"https:\/\/tveitosida.no\/wp-content\/uploads\/gamle_folder\/gravstein\/124_2425OmraadeBV.jpg 600w, https:\/\/tveitosida.no\/wp-content\/uploads\/gamle_folder\/gravstein\/124_2425OmraadeBV-300x200.jpg 300w\" sizes=\"(max-width: 600px) 100vw, 600px\" \/><figcaption>Omr\u00e5de<\/figcaption><\/figure>\n\n\n\n<figure class=\"wp-block-image size-large\"><img loading=\"lazy\" width=\"350\" height=\"525\" src=\"http:\/\/tveitosida.no\/wp-content\/uploads\/gamle_folder\/gravstein\/124_2424BritaVeland.jpg\" alt=\"\" class=\"wp-image-2714\" srcset=\"https:\/\/tveitosida.no\/wp-content\/uploads\/gamle_folder\/gravstein\/124_2424BritaVeland.jpg 350w, https:\/\/tveitosida.no\/wp-content\/uploads\/gamle_folder\/gravstein\/124_2424BritaVeland-200x300.jpg 200w\" sizes=\"(max-width: 350px) 100vw, 350px\" \/><figcaption>Annas mor, Brita Veland<\/figcaption><\/figure>\n\n\n\n<figure class=\"wp-block-image size-large\"><img loading=\"lazy\" width=\"600\" height=\"450\" src=\"http:\/\/tveitosida.no\/wp-content\/uploads\/gamle_folder\/gravstein\/IMG_0241Veland.jpg\" alt=\"\" class=\"wp-image-2722\" srcset=\"https:\/\/tveitosida.no\/wp-content\/uploads\/gamle_folder\/gravstein\/IMG_0241Veland.jpg 600w, https:\/\/tveitosida.no\/wp-content\/uploads\/gamle_folder\/gravstein\/IMG_0241Veland-300x225.jpg 300w\" sizes=\"(max-width: 600px) 100vw, 600px\" \/><figcaption>Bilde fr\u00e5 Veland<\/figcaption><\/figure>\n\n\n\n<figure class=\"wp-block-image size-large\"><img loading=\"lazy\" width=\"600\" height=\"450\" src=\"http:\/\/tveitosida.no\/wp-content\/uploads\/gamle_folder\/gravstein\/IMG_0250Veland.jpg\" alt=\"\" class=\"wp-image-2723\" srcset=\"https:\/\/tveitosida.no\/wp-content\/uploads\/gamle_folder\/gravstein\/IMG_0250Veland.jpg 600w, https:\/\/tveitosida.no\/wp-content\/uploads\/gamle_folder\/gravstein\/IMG_0250Veland-300x225.jpg 300w\" sizes=\"(max-width: 600px) 100vw, 600px\" \/><figcaption>Annas far, Ivar Veland er gravlagt p\u00e5 Veland<\/figcaption><\/figure>\n\n\n\n<figure class=\"wp-block-image size-large\"><img loading=\"lazy\" width=\"600\" height=\"450\" src=\"http:\/\/tveitosida.no\/wp-content\/uploads\/gamle_folder\/gravstein\/ovre\/100_1201.jpg\" alt=\"\" class=\"wp-image-2694\" srcset=\"https:\/\/tveitosida.no\/wp-content\/uploads\/gamle_folder\/gravstein\/ovre\/100_1201.jpg 600w, https:\/\/tveitosida.no\/wp-content\/uploads\/gamle_folder\/gravstein\/ovre\/100_1201-300x225.jpg 300w\" sizes=\"(max-width: 600px) 100vw, 600px\" \/><figcaption><strong>Gravstein Ida og Ingvald \u00d8vretveit. <\/strong>Omr\u00e5de<\/figcaption><\/figure>\n\n\n\n<figure class=\"wp-block-image size-large\"><img loading=\"lazy\" width=\"600\" height=\"450\" src=\"http:\/\/tveitosida.no\/wp-content\/uploads\/gamle_folder\/gravstein\/ovre\/100_1202.jpg\" alt=\"\" class=\"wp-image-2696\" srcset=\"https:\/\/tveitosida.no\/wp-content\/uploads\/gamle_folder\/gravstein\/ovre\/100_1202.jpg 600w, https:\/\/tveitosida.no\/wp-content\/uploads\/gamle_folder\/gravstein\/ovre\/100_1202-300x225.jpg 300w\" sizes=\"(max-width: 600px) 100vw, 600px\" \/><\/figure>\n\n\n\n<figure class=\"wp-block-image size-large\"><img loading=\"lazy\" width=\"600\" height=\"450\" src=\"http:\/\/tveitosida.no\/wp-content\/uploads\/gamle_folder\/gravstein\/ovre\/100_1204.jpg\" alt=\"\" class=\"wp-image-2695\" srcset=\"https:\/\/tveitosida.no\/wp-content\/uploads\/gamle_folder\/gravstein\/ovre\/100_1204.jpg 600w, https:\/\/tveitosida.no\/wp-content\/uploads\/gamle_folder\/gravstein\/ovre\/100_1204-300x225.jpg 300w\" sizes=\"(max-width: 600px) 100vw, 600px\" \/><\/figure>\n\n\n\n<figure class=\"wp-block-image size-large\"><img loading=\"lazy\" width=\"600\" height=\"400\" src=\"http:\/\/tveitosida.no\/wp-content\/uploads\/gamle_folder\/gravstein\/ovre\/124_2445OmraadeIIO.jpg\" alt=\"\" class=\"wp-image-2702\" srcset=\"https:\/\/tveitosida.no\/wp-content\/uploads\/gamle_folder\/gravstein\/ovre\/124_2445OmraadeIIO.jpg 600w, https:\/\/tveitosida.no\/wp-content\/uploads\/gamle_folder\/gravstein\/ovre\/124_2445OmraadeIIO-300x200.jpg 300w\" sizes=\"(max-width: 600px) 100vw, 600px\" \/><\/figure>\n\n\n\n<figure class=\"wp-block-image size-large\"><img loading=\"lazy\" width=\"600\" height=\"400\" src=\"http:\/\/tveitosida.no\/wp-content\/uploads\/gamle_folder\/gravstein\/ovre\/124_2426IngvaldIda.jpg\" alt=\"\" class=\"wp-image-2701\" srcset=\"https:\/\/tveitosida.no\/wp-content\/uploads\/gamle_folder\/gravstein\/ovre\/124_2426IngvaldIda.jpg 600w, https:\/\/tveitosida.no\/wp-content\/uploads\/gamle_folder\/gravstein\/ovre\/124_2426IngvaldIda-300x200.jpg 300w\" sizes=\"(max-width: 600px) 100vw, 600px\" \/><\/figure>\n\n\n\n<figure class=\"wp-block-image size-large\"><img loading=\"lazy\" width=\"698\" height=\"627\" src=\"http:\/\/tveitosida.no\/wp-content\/uploads\/gamle_folder\/ingovre\/IngvaldSlekt.jpg\" alt=\"\" class=\"wp-image-2603\" srcset=\"https:\/\/tveitosida.no\/wp-content\/uploads\/gamle_folder\/ingovre\/IngvaldSlekt.jpg 698w, https:\/\/tveitosida.no\/wp-content\/uploads\/gamle_folder\/ingovre\/IngvaldSlekt-300x269.jpg 300w\" sizes=\"(max-width: 698px) 100vw, 698px\" \/><figcaption>Ingvald sine forfedre<\/figcaption><\/figure>\n\n\n\n<figure class=\"wp-block-image size-large\"><img loading=\"lazy\" width=\"600\" height=\"400\" src=\"http:\/\/tveitosida.no\/wp-content\/uploads\/gamle_folder\/gravstein\/ovre\/124_2422OmraadeKIOJTAAT.jpg\" alt=\"\" class=\"wp-image-2700\" srcset=\"https:\/\/tveitosida.no\/wp-content\/uploads\/gamle_folder\/gravstein\/ovre\/124_2422OmraadeKIOJTAAT.jpg 600w, https:\/\/tveitosida.no\/wp-content\/uploads\/gamle_folder\/gravstein\/ovre\/124_2422OmraadeKIOJTAAT-300x200.jpg 300w\" sizes=\"(max-width: 600px) 100vw, 600px\" \/><figcaption>Omr\u00e5de<\/figcaption><\/figure>\n\n\n\n<figure class=\"wp-block-image size-large\"><img loading=\"lazy\" width=\"350\" height=\"525\" src=\"http:\/\/tveitosida.no\/wp-content\/uploads\/gamle_folder\/gravstein\/ovre\/124_2420KnutIngeborgOvretveit.jpg\" alt=\"\" class=\"wp-image-2698\" srcset=\"https:\/\/tveitosida.no\/wp-content\/uploads\/gamle_folder\/gravstein\/ovre\/124_2420KnutIngeborgOvretveit.jpg 350w, https:\/\/tveitosida.no\/wp-content\/uploads\/gamle_folder\/gravstein\/ovre\/124_2420KnutIngeborgOvretveit-200x300.jpg 200w\" sizes=\"(max-width: 350px) 100vw, 350px\" \/><figcaption>Ingvald sine foreldre:<br>Knut I. \u00d8vretveit, f.12.06.1868, d. 29.4.1951<br>Ingeborg \u00d8vretveit, f. 29.01.1868, d. 10.11.1915<\/figcaption><\/figure>\n\n\n\n<figure class=\"wp-block-image size-large\"><img loading=\"lazy\" width=\"350\" height=\"525\" src=\"http:\/\/tveitosida.no\/wp-content\/uploads\/gamle_folder\/gravstein\/ovre\/124_2417AndersAnnaToft.jpg\" alt=\"\" class=\"wp-image-2699\" srcset=\"https:\/\/tveitosida.no\/wp-content\/uploads\/gamle_folder\/gravstein\/ovre\/124_2417AndersAnnaToft.jpg 350w, https:\/\/tveitosida.no\/wp-content\/uploads\/gamle_folder\/gravstein\/ovre\/124_2417AndersAnnaToft-200x300.jpg 200w\" sizes=\"(max-width: 350px) 100vw, 350px\" \/><figcaption>Ingeborg Toft \u00d8vretveit (mor til Ingvald) sine foreldre:<br>Anders E. Toft, f. 12.12.1827, d. 14.10.1920<br>Anna M. Toft, f. 03.02.1832, d. 23.03.1913<\/figcaption><\/figure>\n\n\n\n<figure class=\"wp-block-image size-large\"><img loading=\"lazy\" width=\"689\" height=\"662\" src=\"http:\/\/tveitosida.no\/wp-content\/uploads\/gamle_folder\/hauge\/IdaSlekt.jpg\" alt=\"\" class=\"wp-image-2488\" srcset=\"https:\/\/tveitosida.no\/wp-content\/uploads\/gamle_folder\/hauge\/IdaSlekt.jpg 689w, https:\/\/tveitosida.no\/wp-content\/uploads\/gamle_folder\/hauge\/IdaSlekt-300x288.jpg 300w\" sizes=\"(max-width: 689px) 100vw, 689px\" \/><figcaption>Ida sine forfedre<\/figcaption><\/figure>\n\n\n\n<figure class=\"wp-block-image size-large\"><img loading=\"lazy\" width=\"600\" height=\"400\" src=\"http:\/\/tveitosida.no\/wp-content\/uploads\/gamle_folder\/gravstein\/hauge\/124_2435OmraadeSAAART.jpg\" alt=\"\" class=\"wp-image-2693\" srcset=\"https:\/\/tveitosida.no\/wp-content\/uploads\/gamle_folder\/gravstein\/hauge\/124_2435OmraadeSAAART.jpg 600w, https:\/\/tveitosida.no\/wp-content\/uploads\/gamle_folder\/gravstein\/hauge\/124_2435OmraadeSAAART-300x200.jpg 300w\" sizes=\"(max-width: 600px) 100vw, 600px\" \/><figcaption>Omr\u00e5de<\/figcaption><\/figure>\n\n\n\n<figure class=\"wp-block-image size-large\"><img loading=\"lazy\" width=\"350\" height=\"525\" src=\"http:\/\/tveitosida.no\/wp-content\/uploads\/gamle_folder\/gravstein\/hauge\/124_2434SivertAnnaHauge.jpg\" alt=\"\" class=\"wp-image-2692\" srcset=\"https:\/\/tveitosida.no\/wp-content\/uploads\/gamle_folder\/gravstein\/hauge\/124_2434SivertAnnaHauge.jpg 350w, https:\/\/tveitosida.no\/wp-content\/uploads\/gamle_folder\/gravstein\/hauge\/124_2434SivertAnnaHauge-200x300.jpg 200w\" sizes=\"(max-width: 350px) 100vw, 350px\" \/><figcaption>Ida sine foreldre<\/figcaption><\/figure>\n\n\n\n<figure class=\"wp-block-image size-large is-resized\"><img loading=\"lazy\" src=\"http:\/\/tveitosida.no\/wp-content\/uploads\/2022\/07\/img_4047-768x1024.jpg\" alt=\"\" class=\"wp-image-4420\" width=\"354\" height=\"472\" srcset=\"https:\/\/tveitosida.no\/wp-content\/uploads\/2022\/07\/img_4047-768x1024.jpg 768w, https:\/\/tveitosida.no\/wp-content\/uploads\/2022\/07\/img_4047-225x300.jpg 225w, https:\/\/tveitosida.no\/wp-content\/uploads\/2022\/07\/img_4047-1152x1536.jpg 1152w, https:\/\/tveitosida.no\/wp-content\/uploads\/2022\/07\/img_4047-1536x2048.jpg 1536w, https:\/\/tveitosida.no\/wp-content\/uploads\/2022\/07\/img_4047-scaled.jpg 1920w\" sizes=\"(max-width: 354px) 100vw, 354px\" \/><figcaption>Anna M. Hauge (mor til Ida) sine foreldre, rett ved siden av grava til Sivert og Anna.<\/figcaption><\/figure>\n\n\n\n<figure class=\"wp-block-image size-large\"><img loading=\"lazy\" width=\"1024\" height=\"768\" src=\"http:\/\/tveitosida.no\/wp-content\/uploads\/2022\/07\/img_4043-1024x768.jpg\" alt=\"\" class=\"wp-image-4417\" srcset=\"https:\/\/tveitosida.no\/wp-content\/uploads\/2022\/07\/img_4043-1024x768.jpg 1024w, https:\/\/tveitosida.no\/wp-content\/uploads\/2022\/07\/img_4043-300x225.jpg 300w, https:\/\/tveitosida.no\/wp-content\/uploads\/2022\/07\/img_4043-768x576.jpg 768w, https:\/\/tveitosida.no\/wp-content\/uploads\/2022\/07\/img_4043-1536x1152.jpg 1536w, https:\/\/tveitosida.no\/wp-content\/uploads\/2022\/07\/img_4043-2048x1536.jpg 2048w\" sizes=\"(max-width: 1024px) 100vw, 1024px\" \/><figcaption>Juli 2022 (<em>V\u00e5r side skulle berre pynte p\u00e5 den til venstre i eldre tider.)<\/em><\/figcaption><\/figure>\n\n\n\n<figure class=\"wp-block-image size-large\"><img loading=\"lazy\" width=\"350\" height=\"525\" src=\"http:\/\/tveitosida.no\/wp-content\/uploads\/gamle_folder\/gravstein\/hauge\/124_2432AndersAnnaHauge.jpg\" alt=\"\" class=\"wp-image-2690\" srcset=\"https:\/\/tveitosida.no\/wp-content\/uploads\/gamle_folder\/gravstein\/hauge\/124_2432AndersAnnaHauge.jpg 350w, https:\/\/tveitosida.no\/wp-content\/uploads\/gamle_folder\/gravstein\/hauge\/124_2432AndersAnnaHauge-200x300.jpg 200w\" sizes=\"(max-width: 350px) 100vw, 350px\" \/><figcaption>Sivert Hauge (far til Ida) sine foreldre<\/figcaption><\/figure>\n\n\n\n<figure class=\"wp-block-image size-large\"><img loading=\"lazy\" width=\"600\" height=\"400\" src=\"http:\/\/tveitosida.no\/wp-content\/uploads\/gamle_folder\/gravstein\/hauge\/124_2438AnnaAndersSHauge.jpg\" alt=\"\" class=\"wp-image-2691\" srcset=\"https:\/\/tveitosida.no\/wp-content\/uploads\/gamle_folder\/gravstein\/hauge\/124_2438AnnaAndersSHauge.jpg 600w, https:\/\/tveitosida.no\/wp-content\/uploads\/gamle_folder\/gravstein\/hauge\/124_2438AnnaAndersSHauge-300x200.jpg 300w\" sizes=\"(max-width: 600px) 100vw, 600px\" \/><figcaption>Anders (Ida sin bror) og Anna (f. Fammestad) Hauge. Anna hadde fotoapparat og har tatt mange av dei gamle bildene p\u00e5 sida. Grava litt lengre bak til venstre for Anna, Anna og Berit sine graver.<\/figcaption><\/figure>\n\n\n\n<figure class=\"wp-block-image size-large\"><img loading=\"lazy\" width=\"600\" height=\"400\" src=\"http:\/\/tveitosida.no\/wp-content\/uploads\/gamle_folder\/gravstein\/tveito\/124_2436OmraadeMKT.jpg\" alt=\"\" class=\"wp-image-2708\" srcset=\"https:\/\/tveitosida.no\/wp-content\/uploads\/gamle_folder\/gravstein\/tveito\/124_2436OmraadeMKT.jpg 600w, https:\/\/tveitosida.no\/wp-content\/uploads\/gamle_folder\/gravstein\/tveito\/124_2436OmraadeMKT-300x200.jpg 300w\" sizes=\"(max-width: 600px) 100vw, 600px\" \/><figcaption><strong>Gravstein Karoline og Mons Tvedt<\/strong>, Omr\u00e5de<\/figcaption><\/figure>\n\n\n\n<figure class=\"wp-block-image size-large\"><img loading=\"lazy\" width=\"600\" height=\"400\" src=\"http:\/\/tveitosida.no\/wp-content\/uploads\/gamle_folder\/gravstein\/tveito\/124_2437MonsKarolineTvedt.jpg\" alt=\"\" class=\"wp-image-2711\" srcset=\"https:\/\/tveitosida.no\/wp-content\/uploads\/gamle_folder\/gravstein\/tveito\/124_2437MonsKarolineTvedt.jpg 600w, https:\/\/tveitosida.no\/wp-content\/uploads\/gamle_folder\/gravstein\/tveito\/124_2437MonsKarolineTvedt-300x200.jpg 300w\" sizes=\"(max-width: 600px) 100vw, 600px\" \/><figcaption>Gravstein Karoline og Mons Tvedt<\/figcaption><\/figure>\n\n\n\n<figure class=\"wp-block-image size-large\"><img loading=\"lazy\" width=\"600\" height=\"388\" src=\"http:\/\/tveitosida.no\/wp-content\/uploads\/gamle_folder\/gravferd\/Gravstein_MonsKaroline.jpg\" alt=\"\" class=\"wp-image-2751\" srcset=\"https:\/\/tveitosida.no\/wp-content\/uploads\/gamle_folder\/gravferd\/Gravstein_MonsKaroline.jpg 600w, https:\/\/tveitosida.no\/wp-content\/uploads\/gamle_folder\/gravferd\/Gravstein_MonsKaroline-300x194.jpg 300w\" sizes=\"(max-width: 600px) 100vw, 600px\" \/><\/figure>\n\n\n\n<figure class=\"wp-block-image size-large\"><img loading=\"lazy\" width=\"689\" height=\"663\" src=\"http:\/\/tveitosida.no\/wp-content\/uploads\/gamle_folder\/gamletveito\/MonsNTSlekt.jpg\" alt=\"\" class=\"wp-image-174\" srcset=\"https:\/\/tveitosida.no\/wp-content\/uploads\/gamle_folder\/gamletveito\/MonsNTSlekt.jpg 689w, https:\/\/tveitosida.no\/wp-content\/uploads\/gamle_folder\/gamletveito\/MonsNTSlekt-300x289.jpg 300w\" sizes=\"(max-width: 689px) 100vw, 689px\" \/><figcaption>Mons sine forfedre<\/figcaption><\/figure>\n\n\n\n<figure class=\"wp-block-image size-large\"><img loading=\"lazy\" width=\"600\" height=\"400\" src=\"http:\/\/tveitosida.no\/wp-content\/uploads\/gamle_folder\/gravstein\/ovre\/124_2422OmraadeKIOJTAAT.jpg\" alt=\"\" class=\"wp-image-2700\" srcset=\"https:\/\/tveitosida.no\/wp-content\/uploads\/gamle_folder\/gravstein\/ovre\/124_2422OmraadeKIOJTAAT.jpg 600w, https:\/\/tveitosida.no\/wp-content\/uploads\/gamle_folder\/gravstein\/ovre\/124_2422OmraadeKIOJTAAT-300x200.jpg 300w\" sizes=\"(max-width: 600px) 100vw, 600px\" \/><figcaption>Omr\u00e5de Jakob Tvedt<\/figcaption><\/figure>\n\n\n\n<figure class=\"wp-block-image size-large\"><img loading=\"lazy\" width=\"350\" height=\"525\" src=\"http:\/\/tveitosida.no\/wp-content\/uploads\/gamle_folder\/gravstein\/tveito\/124_2418JakobTvedt.jpg\" alt=\"\" class=\"wp-image-2706\" srcset=\"https:\/\/tveitosida.no\/wp-content\/uploads\/gamle_folder\/gravstein\/tveito\/124_2418JakobTvedt.jpg 350w, https:\/\/tveitosida.no\/wp-content\/uploads\/gamle_folder\/gravstein\/tveito\/124_2418JakobTvedt-200x300.jpg 200w\" sizes=\"(max-width: 350px) 100vw, 350px\" \/><figcaption>Mons sin far, Jakob E. Tvedt, f. 13.09.1831, d. 03.01.1914<\/figcaption><\/figure>\n\n\n\n<figure class=\"wp-block-image size-large\"><img loading=\"lazy\" width=\"350\" height=\"525\" src=\"http:\/\/tveitosida.no\/wp-content\/uploads\/gamle_folder\/gravstein\/tveito\/124_2431RagnhildTvedt.jpg\" alt=\"\" class=\"wp-image-2710\" srcset=\"https:\/\/tveitosida.no\/wp-content\/uploads\/gamle_folder\/gravstein\/tveito\/124_2431RagnhildTvedt.jpg 350w, https:\/\/tveitosida.no\/wp-content\/uploads\/gamle_folder\/gravstein\/tveito\/124_2431RagnhildTvedt-200x300.jpg 200w\" sizes=\"(max-width: 350px) 100vw, 350px\" \/><figcaption>Mons si mor, Ragnhild Tvedt<\/figcaption><\/figure>\n\n\n\n<figure class=\"wp-block-image size-large\"><img loading=\"lazy\" width=\"567\" height=\"599\" src=\"http:\/\/tveitosida.no\/wp-content\/uploads\/gamle_folder\/gravstein\/tveito\/img_4041Ragnh_red.jpg\" alt=\"\" class=\"wp-image-4477\" srcset=\"https:\/\/tveitosida.no\/wp-content\/uploads\/gamle_folder\/gravstein\/tveito\/img_4041Ragnh_red.jpg 567w, https:\/\/tveitosida.no\/wp-content\/uploads\/gamle_folder\/gravstein\/tveito\/img_4041Ragnh_red-284x300.jpg 284w\" sizes=\"(max-width: 567px) 100vw, 567px\" \/><figcaption><em>Grava til &#8220;Bestemor Raila&#8221; juli 2022. Den ligg 1 rad f\u00f8r, og 1 tll h\u00f8gre f\u00f8r Siverts foreldre: Anders og Anna Hauge<\/em><\/figcaption><\/figure>\n\n\n\n<figure class=\"wp-block-image size-large\"><img loading=\"lazy\" width=\"768\" height=\"1024\" src=\"http:\/\/tveitosida.no\/wp-content\/uploads\/2022\/07\/img_4048-768x1024.jpg\" alt=\"\" class=\"wp-image-4413\" srcset=\"https:\/\/tveitosida.no\/wp-content\/uploads\/2022\/07\/img_4048-768x1024.jpg 768w, https:\/\/tveitosida.no\/wp-content\/uploads\/2022\/07\/img_4048-225x300.jpg 225w, https:\/\/tveitosida.no\/wp-content\/uploads\/2022\/07\/img_4048-1152x1536.jpg 1152w, https:\/\/tveitosida.no\/wp-content\/uploads\/2022\/07\/img_4048-1536x2048.jpg 1536w, https:\/\/tveitosida.no\/wp-content\/uploads\/2022\/07\/img_4048-scaled.jpg 1920w\" sizes=\"(max-width: 768px) 100vw, 768px\" \/><figcaption>Gravstein til Ole B\u00e5rdsen, far til Karoline. Gravlagt med si andre kone, da f\u00f8rste d\u00f8de i barsel. Ligger i bakgrunnen p\u00e5 bilde av Anna og Sivert\/Ingeborg og Mons si grav. Mor til Karoline ble gravlagt p\u00e5 den gamle kyrkjegarden. Det er ikkje merker\/steiner der lenger.<\/figcaption><\/figure>\n\n\n\n<figure class=\"wp-block-image size-large\"><img loading=\"lazy\" width=\"600\" height=\"400\" src=\"http:\/\/tveitosida.no\/wp-content\/uploads\/gamle_folder\/gravstein\/tveito\/124_2451OmraadeBT.jpg\" alt=\"\" class=\"wp-image-2712\" srcset=\"https:\/\/tveitosida.no\/wp-content\/uploads\/gamle_folder\/gravstein\/tveito\/124_2451OmraadeBT.jpg 600w, https:\/\/tveitosida.no\/wp-content\/uploads\/gamle_folder\/gravstein\/tveito\/124_2451OmraadeBT-300x200.jpg 300w\" sizes=\"(max-width: 600px) 100vw, 600px\" \/><figcaption><strong>Gravstein Jenny og B\u00e5rd Tvedt<\/strong>, Omr\u00e5de<\/figcaption><\/figure>\n\n\n\n<figure class=\"wp-block-image size-large\"><img loading=\"lazy\" width=\"600\" height=\"450\" src=\"http:\/\/tveitosida.no\/wp-content\/uploads\/gamle_folder\/gravstein\/tveito\/100_1209.jpg\" alt=\"\" class=\"wp-image-2707\" srcset=\"https:\/\/tveitosida.no\/wp-content\/uploads\/gamle_folder\/gravstein\/tveito\/100_1209.jpg 600w, https:\/\/tveitosida.no\/wp-content\/uploads\/gamle_folder\/gravstein\/tveito\/100_1209-300x225.jpg 300w\" sizes=\"(max-width: 600px) 100vw, 600px\" \/><\/figure>\n\n\n\n<figure class=\"wp-block-image size-large\"><img loading=\"lazy\" width=\"1024\" height=\"768\" src=\"http:\/\/tveitosida.no\/wp-content\/uploads\/gamle_folder\/gravstein\/IMG_2841.jpg\" alt=\"\" class=\"wp-image-3156\" srcset=\"https:\/\/tveitosida.no\/wp-content\/uploads\/gamle_folder\/gravstein\/IMG_2841.jpg 1024w, https:\/\/tveitosida.no\/wp-content\/uploads\/gamle_folder\/gravstein\/IMG_2841-300x225.jpg 300w, https:\/\/tveitosida.no\/wp-content\/uploads\/gamle_folder\/gravstein\/IMG_2841-768x576.jpg 768w\" sizes=\"(max-width: 1024px) 100vw, 1024px\" \/><figcaption>Ny tid<\/figcaption><\/figure>\n","protected":false},"excerpt":{"rendered":"","protected":false},"author":1,"featured_media":0,"parent":0,"menu_order":0,"comment_status":"closed","ping_status":"closed","template":"","meta":[],"_links":{"self":[{"href":"https:\/\/tveitosida.no\/index.php\/wp-json\/wp\/v2\/pages\/3348"}],"collection":[{"href":"https:\/\/tveitosida.no\/index.php\/wp-json\/wp\/v2\/pages"}],"about":[{"href":"https:\/\/tveitosida.no\/index.php\/wp-json\/wp\/v2\/types\/page"}],"author":[{"embeddable":true,"href":"https:\/\/tveitosida.no\/index.php\/wp-json\/wp\/v2\/users\/1"}],"replies":[{"embeddable":true,"href":"https:\/\/tveitosida.no\/index.php\/wp-json\/wp\/v2\/comments?post=3348"}],"version-history":[{"count":67,"href":"https:\/\/tveitosida.no\/index.php\/wp-json\/wp\/v2\/pages\/3348\/revisions"}],"predecessor-version":[{"id":4484,"href":"https:\/\/tveitosida.no\/index.php\/wp-json\/wp\/v2\/pages\/3348\/revisions\/4484"}],"wp:attachment":[{"href":"https:\/\/tveitosida.no\/index.php\/wp-json\/wp\/v2\/media?parent=3348"}],"curies":[{"name":"wp","href":"https:\/\/api.w.org\/{rel}","templated":true}]}}