{"id":330,"date":"2020-10-25T19:07:04","date_gmt":"2020-10-25T19:07:04","guid":{"rendered":"http:\/\/10.40.0.11\/?page_id=330"},"modified":"2020-11-02T16:10:54","modified_gmt":"2020-11-02T16:10:54","slug":"tunet","status":"publish","type":"page","link":"https:\/\/tveitosida.no\/index.php\/tunet\/","title":{"rendered":"Tunet p\u00e5 Tveito"},"content":{"rendered":"<p>Juli 2015<br \/>\n<img loading=\"lazy\" src=\"http:\/\/tveitosida.no\/wp-content\/uploads\/tveito_folder\/tunet\/IMG_7499_600.jpg\" width=\"600\" height=\"400\" border=\"0\"><\/p>\n<p><img loading=\"lazy\" src=\"http:\/\/tveitosida.no\/wp-content\/uploads\/tveito_folder\/tunet\/IMG_7450_600.jpg\" width=\"600\" height=\"400\" border=\"0\"><\/p>\n<p><img loading=\"lazy\" src=\"http:\/\/tveitosida.no\/wp-content\/uploads\/tveito_folder\/tunet\/IMG_7500_600.jpg\" width=\"600\" height=\"400\" border=\"0\"><\/p>\n<p>Ein morgon september 2010.<br \/>\n<img loading=\"lazy\" src=\"http:\/\/tveitosida.no\/wp-content\/uploads\/tveito_folder\/tunet\/IMG_2771.jpg\" width=\"600\" height=\"369\" border=\"0\"><\/p>\n<p>L\u00f8a<br \/>\n<img loading=\"lazy\" src=\"http:\/\/tveitosida.no\/wp-content\/uploads\/tveito_folder\/tunet\/IMG_7768.jpg\" width=\"600\" height=\"421\" border=\"0\"><\/p>\n<p>Bilde tatt sommaren 2012.<br \/>\n<img loading=\"lazy\" src=\"http:\/\/tveitosida.no\/wp-content\/uploads\/tveito_folder\/tunet\/IMG_3849_7D.jpg\" width=\"600\" height=\"400\" border=\"0\"><\/p>\n<p>Sommaren 2006 blei det malt mange hus i tunet p\u00e5 Tveito. Fargen som blei valgt var bygder\u00f8d og er vannbasert.<br \/>\n<img loading=\"lazy\" src=\"http:\/\/tveitosida.no\/wp-content\/uploads\/tveito_folder\/tunet\/100_1835Tunet.jpg\" width=\"600\" height=\"450\" border=\"0\"><\/p>\n<p><img loading=\"lazy\" src=\"http:\/\/tveitosida.no\/wp-content\/uploads\/tveito_folder\/tunet\/100_2019Tunet.jpg\" width=\"600\" height=\"450\" border=\"0\"><\/p>\n<p><img loading=\"lazy\" src=\"http:\/\/tveitosida.no\/wp-content\/uploads\/tveito_folder\/tunet\/100_2203Tunet.jpg\" width=\"600\" height=\"450\" border=\"0\"><\/p>\n<p><img loading=\"lazy\" src=\"http:\/\/tveitosida.no\/wp-content\/uploads\/tveito_folder\/tunet\/100_2204Tunet.jpg\" width=\"600\" height=\"450\" border=\"0\"><\/p>\n<p><img loading=\"lazy\" src=\"http:\/\/tveitosida.no\/wp-content\/uploads\/tveito_folder\/tunet\/100_2208Tunet.jpg\" width=\"600\" height=\"450\" border=\"0\"><\/p>\n<p><img loading=\"lazy\" src=\"http:\/\/tveitosida.no\/wp-content\/uploads\/tveito_folder\/tunet\/100_2211Tunet.jpg\" width=\"600\" height=\"450\" border=\"0\"><\/p>\n<p><img loading=\"lazy\" src=\"http:\/\/tveitosida.no\/wp-content\/uploads\/tveito_folder\/tunet\/100_2385Tunet.jpg\" width=\"600\" height=\"450\" border=\"0\"><\/p>\n<p><img loading=\"lazy\" src=\"http:\/\/tveitosida.no\/wp-content\/uploads\/tveito_folder\/tunet\/100_2404Tunet.jpg\" width=\"600\" height=\"450\" border=\"0\"><\/p>\n<p><img loading=\"lazy\" src=\"http:\/\/tveitosida.no\/wp-content\/uploads\/tveito_folder\/tunet\/100_2414Tunet.jpg\" width=\"600\" height=\"450\" border=\"0\"><\/p>\n<p><img loading=\"lazy\" src=\"http:\/\/tveitosida.no\/wp-content\/uploads\/tveito_folder\/tunet\/100_2622Tunet.jpg\" width=\"600\" height=\"450\" border=\"0\"><\/p>\n<p><img loading=\"lazy\" src=\"http:\/\/tveitosida.no\/wp-content\/uploads\/tveito_folder\/tunet\/100_2938Tunet.jpg\" width=\"600\" height=\"450\" border=\"0\"><\/p>\n<p><img loading=\"lazy\" src=\"http:\/\/tveitosida.no\/wp-content\/uploads\/tveito_folder\/tunet\/100_2941Tunet.jpg\" width=\"600\" height=\"450\" border=\"0\"><\/p>\n<p><img loading=\"lazy\" src=\"http:\/\/tveitosida.no\/wp-content\/uploads\/tveito_folder\/tunet\/100_2945Tunet.jpg\" width=\"600\" height=\"450\" border=\"0\"><\/p>\n<p>Bilde tatt fra Heia:<br \/>\n<img loading=\"lazy\" src=\"http:\/\/tveitosida.no\/wp-content\/uploads\/tveito_folder\/tunet\/100_2956Tunet.jpg\" width=\"600\" height=\"450\" border=\"0\"><\/p>\n<p>Bilde tatt fr\u00e5 Ranen 1992:<br \/>\n<img loading=\"lazy\" src=\"http:\/\/tveitosida.no\/wp-content\/uploads\/tveito_folder\/tunet\/Tveitegrend.jpg\" width=\"600\" height=\"398\" border=\"0\"><\/p>\n<p>Bilder tatt rundt 1975-1977:<br \/>\n<img loading=\"lazy\" src=\"http:\/\/tveitosida.no\/wp-content\/uploads\/tveito_folder\/tunet\/32_1_Tunet.jpg\" width=\"600\" height=\"401\" border=\"0\"><\/p>\n<p><img loading=\"lazy\" src=\"http:\/\/tveitosida.no\/wp-content\/uploads\/tveito_folder\/tunet\/08_Nedretvedt1977.jpg\" width=\"600\" height=\"400\" border=\"0\"><\/p>\n<p><img loading=\"lazy\" src=\"http:\/\/tveitosida.no\/wp-content\/uploads\/tveito_folder\/tunet\/09_Nedretveit2.jpg\" width=\"600\" height=\"422\" border=\"0\"><\/p>\n<p>Tunet, med sm\u00e5 tvillingane.<br \/>\n<img loading=\"lazy\" src=\"http:\/\/tveitosida.no\/wp-content\/uploads\/gamle_folder\/gamletveito\/TunetGml.jpg\" width=\"600\" height=\"392\" border=\"0\"><\/p>\n","protected":false},"excerpt":{"rendered":"<p>Juli 2015 Ein morgon september 2010. L\u00f8a Bilde tatt sommaren 2012. Sommaren 2006 blei det malt mange hus i tunet p\u00e5 Tveito. Fargen som blei valgt var bygder\u00f8d og er vannbasert. Bilde tatt fra Heia: Bilde tatt fr\u00e5 Ranen 1992: Bilder tatt rundt 1975-1977: Tunet, med sm\u00e5 tvillingane.<\/p>\n","protected":false},"author":1,"featured_media":0,"parent":0,"menu_order":0,"comment_status":"closed","ping_status":"closed","template":"","meta":[],"_links":{"self":[{"href":"https:\/\/tveitosida.no\/index.php\/wp-json\/wp\/v2\/pages\/330"}],"collection":[{"href":"https:\/\/tveitosida.no\/index.php\/wp-json\/wp\/v2\/pages"}],"about":[{"href":"https:\/\/tveitosida.no\/index.php\/wp-json\/wp\/v2\/types\/page"}],"author":[{"embeddable":true,"href":"https:\/\/tveitosida.no\/index.php\/wp-json\/wp\/v2\/users\/1"}],"replies":[{"embeddable":true,"href":"https:\/\/tveitosida.no\/index.php\/wp-json\/wp\/v2\/comments?post=330"}],"version-history":[{"count":8,"href":"https:\/\/tveitosida.no\/index.php\/wp-json\/wp\/v2\/pages\/330\/revisions"}],"predecessor-version":[{"id":1941,"href":"https:\/\/tveitosida.no\/index.php\/wp-json\/wp\/v2\/pages\/330\/revisions\/1941"}],"wp:attachment":[{"href":"https:\/\/tveitosida.no\/index.php\/wp-json\/wp\/v2\/media?parent=330"}],"curies":[{"name":"wp","href":"https:\/\/api.w.org\/{rel}","templated":true}]}}