{"id":3287,"date":"2020-11-11T19:16:32","date_gmt":"2020-11-11T19:16:32","guid":{"rendered":"http:\/\/tveitosida.no\/?page_id=3287"},"modified":"2020-11-11T19:22:31","modified_gmt":"2020-11-11T19:22:31","slug":"posthistorie-3","status":"publish","type":"page","link":"https:\/\/tveitosida.no\/index.php\/posthistorie-3\/","title":{"rendered":"Posthistorie"},"content":{"rendered":"\n<p>I tida fram til 1913 var postkontoret til bygda p\u00e5 Eikangerv\u00e5g, og det var Ola Johannesson Grov som gjekk postruta i Tveitegardane. I 1913 vedtok kommunestyret at det skulle opprettast eige postkontor for Tveitegrend og dei n\u00e6rliggjande bygdene. Namneframlegget til den nye poststaden var Tveito i Nordhordland, men namnet Tveitegrend vart vedteke. Poststaden fekk nummeret 5145. Kommunestyret godtok ogs\u00e5 Sjur H. Tveit som postopnar. Sjur H. Tveit budde p\u00e5 gnr. 25, b nr. 2, og der var ogs\u00e5 postkontoret. I 1915 vart postkontoret flytta til bnr. 1, og Mons Jakobsen Nedretveit fekk jobben som poststyrar. Posten var p\u00e5 garden til Mons d\u00f8ydde i 1952, og posten vart flytta til \u00d8vretveit. I tida etter 1970 d\u00e5 Tveitegrend postkontor vart nedlagt, har bygda vore tilknytt 5146 Dalsgrend og 5160 Eikangerv\u00e5g.<\/p>\n\n\n\n<p>Kort som Jenny sendte heim til Aarnes i 1949. Her ser me B\u00e5rd og hans foreldre. Huset var posthus p\u00e5 Tveitegrend fra 1915 til 1952. Postskiltet fremme p\u00e5 huset.<\/p>\n\n\n<p><img loading=\"lazy\" src=\"http:\/\/tveitosida.no\/wp-content\/uploads\/tveito_folder\/gamlahuset\/GmlhusKort.jpg\" width=\"600\" height=\"384\" border=\"0\" \/><\/p>\n\n\n<p>Utdrag fr\u00e5 postprotokoll<\/p>\n\n\n<p><img loading=\"lazy\" src=\"http:\/\/tveitosida.no\/wp-content\/uploads\/stadnamn_folder\/stadnavn\/Posthistorie.jpg\" width=\"600\" height=\"498\" border=\"0\"><\/p>","protected":false},"excerpt":{"rendered":"<p>I tida fram til 1913 var postkontoret til bygda p\u00e5 Eikangerv\u00e5g, og det var Ola Johannesson Grov som gjekk postruta i Tveitegardane. I 1913 vedtok kommunestyret at det skulle opprettast eige postkontor for Tveitegrend og dei n\u00e6rliggjande bygdene. Namneframlegget til den nye poststaden var Tveito i Nordhordland, men namnet Tveitegrend vart vedteke. Poststaden fekk nummeret &hellip; <a href=\"https:\/\/tveitosida.no\/index.php\/posthistorie-3\/\" class=\"more-link\">Continue reading <span class=\"screen-reader-text\">Posthistorie<\/span> <span class=\"meta-nav\">&rarr;<\/span><\/a><\/p>\n","protected":false},"author":1,"featured_media":0,"parent":0,"menu_order":0,"comment_status":"closed","ping_status":"closed","template":"","meta":[],"_links":{"self":[{"href":"https:\/\/tveitosida.no\/index.php\/wp-json\/wp\/v2\/pages\/3287"}],"collection":[{"href":"https:\/\/tveitosida.no\/index.php\/wp-json\/wp\/v2\/pages"}],"about":[{"href":"https:\/\/tveitosida.no\/index.php\/wp-json\/wp\/v2\/types\/page"}],"author":[{"embeddable":true,"href":"https:\/\/tveitosida.no\/index.php\/wp-json\/wp\/v2\/users\/1"}],"replies":[{"embeddable":true,"href":"https:\/\/tveitosida.no\/index.php\/wp-json\/wp\/v2\/comments?post=3287"}],"version-history":[{"count":5,"href":"https:\/\/tveitosida.no\/index.php\/wp-json\/wp\/v2\/pages\/3287\/revisions"}],"predecessor-version":[{"id":3294,"href":"https:\/\/tveitosida.no\/index.php\/wp-json\/wp\/v2\/pages\/3287\/revisions\/3294"}],"wp:attachment":[{"href":"https:\/\/tveitosida.no\/index.php\/wp-json\/wp\/v2\/media?parent=3287"}],"curies":[{"name":"wp","href":"https:\/\/api.w.org\/{rel}","templated":true}]}}