{"id":3259,"date":"2020-11-10T20:13:45","date_gmt":"2020-11-10T20:13:45","guid":{"rendered":"http:\/\/tveitosida.no\/?page_id=3259"},"modified":"2020-11-11T19:08:50","modified_gmt":"2020-11-11T19:08:50","slug":"seljelid","status":"publish","type":"page","link":"https:\/\/tveitosida.no\/index.php\/seljelid\/","title":{"rendered":"Seljelid"},"content":{"rendered":"<p>S e l j e l i d g a r d a n e _ i _ s l e k t a _ i _ 240 \u00e5r<br>\nKjelde: M i m r a, _ s o g e s k r i f t _ for _ L i n d \u00e5 s<br>\nAv O d d v a r _ E i k e m o<\/p>\n<p class=\"MsoNormal\"><span lang=\"NO-NYN\">D\u00e5 familien &#8220;min&#8221; budde p\u00e5 Seljelid eit par \u00e5r rundt 1950, og seinare i mange sumarferiar, h\u00f8yrde eg ofte namnet Bindingsb\u00f8. Eg kunne ikkje skj\u00f8na kor det var, og kvifor spesielt onkel Jacob Seljelid stadig snakka om Bindingsb\u00f8. Bygda Bindingsb\u00f8 ligg langt opp i Eksingedalen. Etter kvart skj\u00f8na eg kvifor Bindingsb\u00f8 ofte blei nemnt. Den f\u00f8rste eigaren p\u00e5 Seljelid i v\u00e5r slekt kom derfr\u00e5. Han heitte <span style=\"color: red;\">Johannes Bindingsb\u00f8.<\/span> Han var f\u00f8dd p\u00e5 Voss i 1737 av foreldra Jakob Fosse og Magdeli Lavik. Eldste broren Simon, fekk garden p\u00e5 Bindingsb\u00f8. Yngste broren Haldor fekk seg gard p\u00e5 Voss, og den mellomste, Knut, blei husmann p\u00e5 Bergo i Evanger.<\/span><\/p>\n<p><i>Bilde fr\u00e5 Bindingsb\u00f8 august 2017. (Husene p\u00e5 Bindingsb\u00f8 er av eldre byggjestil, men er godt ivaretatt i dag. P\u00e5 bildet ser ein tre bruk.)<\/i><br>\n<img loading=\"lazy\" src=\"http:\/\/tveitosida.no\/wp-content\/uploads\/gamle_folder\/seljelid\/IMG_6644_700.jpg\" width=\"700\" height=\"451\" align=\"center\" border=\"0\"><\/p>\n<p class=\"MsoNormal\"><span lang=\"NO-NYN\" style=\"color: red;\">Johannes<\/span><span lang=\"NO-NYN\"> klarte \u00e5 skaffa seg bygsel i 1765 p\u00e5 bruk 3 Dalen i Ytre Hordvik. Han hadde no levebr\u00f8d i ein alder av 29 \u00e5r, og som 30-\u00e5ring gifta han seg med <span style=\"color: red;\">Synneva Hermundsdal<\/span> \u00e5ret etter, og \u00e5ret der etter igjen, i 1767, blei f\u00f8rste barnet, Anna, f\u00f8dd. Diverre d\u00f8ydde ho allereie som spedbarn. Men dei gav ikkje opp, s\u00e5 i 1769 kom Ragnhild til verda. Og som ikkje det var nok, fekk dei enda ei jente, ei ny Anna i 1772. Anna blei berre eitt \u00e5r gamal. Men s\u00e5 kom gutane, <span style=\"color: #77933c;\">Jakob<\/span> i 1774 og Johannes i 1777.<\/span><\/p>\n<p class=\"MsoNormal\"><span lang=\"NO-NYN\" style=\"color: red;\">Johannes Bindingsb\u00f8<\/span><span lang=\"NO-NYN\"> eller Hordvik, som han n\u00e5 skreiv seg for, m\u00e5 ha vore ein driftig kar, for i 1773, \u00e5tte \u00e5r etter at han kom til Dalen i Ytre Hordvik, fekk han sk\u00f8yte p\u00e5 garden. Om han i 1774 skulle feira at <span style=\"color: #77933c;\">Jakob<\/span><br>\nvar komen til verda, er ikkje godt \u00e5 seia, men same \u00e5ret kj\u00f8pte han Seljelid gard. Det var den 17. mai 1774 at sk\u00f8ytet blei underskrive. Og kanskje han feira enda meir, for det \u00e5ret Johannes var f\u00f8dd, i 1777, kj\u00f8pte han Bakkeb\u00f8, ein gard som l\u00e5g tett opp til Seljelid.<\/span><\/p>\n<p class=\"MsoNormal\"><span lang=\"NO-NYN\" style=\"color: red;\">Johannes<\/span><span lang=\"NO-NYN\"> var no oppteken med \u00e5 drifta garden i Ytre Hordvik. Broren Knut som var husmann, blei bydd \u00e5 styra Seljelid. Han fekk bygsel p\u00e5 garden straks den var kj\u00f8pt. Det same gjaldt for Bakkeb\u00f8. Knut hadde med seg kona Ragnhild og to d\u00f8trer. Knut blei buande p\u00e5 Seljelid til han d\u00f8ydde 92 \u00e5r gamal i 1826. Han hadde d\u00e5 vore enkjemann i 20 \u00e5r.<\/span><\/p>\n<p class=\"MsoNormal\"><span lang=\"NO-NYN\">For familien i Ytre Hordvik gjekk det hakkande gale. Allehelgensdag 1779 blei 42-\u00e5ringane <span style=\"color: red;\">Synneva og Johannes<\/span> saman med den 10 \u00e5r gamle dottera Ragnhild, gravlagde i Hamre kyrkje. Det g\u00e5r ikkje fram av kyrkjeb\u00f8kene kvifor dei d\u00f8ydde. Men det er \u00e5 anta at dei drukna. Osterfjorden var ein viktig kommunikasjonsveg, og eg kjenner til at fleire i slekta drukna p\u00e5 veg over eller langs fjorden.<\/span><\/p>\n<p class=\"MsoNormal\"><span lang=\"NO-NYN\">Dei to sm\u00e5gutane <span style=\"color: #77933c;\">Jakob <\/span>og Johannes blei n\u00e5 foreldrelause i ein alder av fem og to \u00e5r. \u00c5ret etter var det skifte etter foreldra. Dei to sm\u00e5gutane arva 113 riksdalar og kvar sin halvpart av Seljelid. Antakeleg flytta dei to sm\u00e5gutane til onkelen p\u00e5 Seljelid og voks opp der.<\/span><\/p>\n<p class=\"MsoNormal\"><span lang=\"NO-NYN\">I 1798 d\u00e5 yngste broren Johannes blei myndig, skj\u00f8tte han sin lut av garden til sin tre \u00e5r eldre bror. <span style=\"color: #77933c;\">Jakob<\/span> blei dermed eineeigar av Seljelid.<\/span><\/p>\n<p class=\"MsoNormal\"><span lang=\"NO-NYN\">Ein er ikkje sikker p\u00e5 n\u00e5r <span style=\"color: #77933c;\">Jakob<\/span> tok over garden etter onkelen, men antakeleg kring 1802 d\u00e5 han gifta seg med tenestejenta p\u00e5 Seljelid, Marta S\u00e6tre. Marta d\u00f8ydde allereie \u00e5ret etter.<\/span><\/p>\n<p class=\"MsoNormal\"><span lang=\"NO-NYN\">No kjem Dyrkolbotn inn i slekta. P\u00e5 same m\u00e5te som for Bindingsb\u00f8, s\u00e5 var det mykje snakk om Dyrkolbotn p\u00e5 Seljelid. <span style=\"color: #77933c;\">Jakob<\/span> blei enkjemann d\u00e5 han var 29 \u00e5r. Han var ein ung mann med ein relativt stor gard, og sikkert eit bra parti. Det ser ut som om forbindelsen mellom <span style=\"color: #77933c;\">Jakob<\/span> og Dyrkolbotn var av \u00f8konomisk karakter. Det verkar som om han hadde l\u00e5nt pengar der. Om det var ein del av dei \u00f8konomiske transaksjonane, veit eg ikkje, men i alle fall blei <span style=\"color: #77933c;\">Jakob<\/span> gift med den seks \u00e5r eldre <span style=\"color: #ffc000;\">Ragnhild Dyrkolbotn<\/span> i 1804; etter eit \u00e5r som enkjemann. \u00c5ret etter i 1805, fekk dei sonen Johannes. D\u00e5 han blei vaksen, kalla dei han \u00abGamle Selien\u00bb for \u00e5 skilja han fr\u00e5 sonen Johannes. <b>Og i 1807 kom dottera Marta, som seinare blei gift til Tveito-slekta. <\/b><\/span><\/p>\n<p><img loading=\"lazy\" src=\"http:\/\/tveitosida.no\/wp-content\/uploads\/gamle_folder\/seljelid\/MartaJakobsdS_.jpg\" width=\"350\" height=\"534\" border=\"0\"><br>\n<i><b>Marta Jakobsd. Seljelid<\/b> 1807-1887 (mor til Jakob Erikson Nedretveit 1831-1914).<\/i><\/p>\n<p class=\"MsoNormal\"><span lang=\"NO-NYN\">Fem \u00e5r etter bryllaupet d\u00f8ydde <span style=\"color: #77933c;\">Jakob<\/span> berre 35 \u00e5r gamal. Ragnhild sat att med Johannes p\u00e5 fire og <b>Marta<\/b> p\u00e5 to \u00e5r. I tillegg hadde ho gard \u00e5 drifta.<br>\nKvifor Jakob d\u00f8ydde s\u00e5 ung, veit me ikkje.<\/span><\/p>\n<p class=\"MsoNormal\"><span lang=\"NO-NYN\">Eg veit ikkje kor tid p\u00e5 \u00e5ret <span style=\"color: #77933c;\">Jakob<\/span> d\u00f8ydde, men allereie nytt\u00e5rsaftan same \u00e5ret (1809) gifta <span style=\"color: #ffc000;\">Ragnhild<\/span> seg opp att med den ti \u00e5r yngre <span style=\"color: lime;\">Ole Vik<\/span>. 19-\u00e5ringen <span style=\"color: lime;\">Ole<\/span> fr\u00e5 nabogarden p\u00e5 Vik gifta seg til ein bra gard og fekk to sm\u00e5born p\u00e5 kj\u00f8pet. I arven etter <span style=\"color: #77933c;\">Jakob<\/span> blei omtrent tredjedelen lagt ut til kreditoren Sjur Dyrkolbotn, far til <span style=\"color: #ffc000;\">Ragnhild<\/span>. Resten blei delt mellom enkja og dei to borna. <span style=\"color: lime;\">Ole<\/span> m\u00e5 ha hatt tilgang p\u00e5 ressursar, for han l\u00f8yste ut sin komande svigerfar og fekk sk\u00f8yte p\u00e5 den delen av garden. Dermed var han medeigar i garden allereie f\u00f8r han blei gift.<\/span><\/p>\n<p class=\"MsoNormal\"><span lang=\"NO-NYN\">Om <span style=\"color: #ffc000;\">Ragnhild<\/span> og <span style=\"color: lime;\">Ole<\/span> har hatt eit godt auga til kvarandre f\u00f8r ho blei enkje, er ikkje godt \u00e5 vita. Men giftarm\u00e5let kom rimeleg fort etter at <span style=\"color: #77933c;\">Jakob <\/span>gjekk bort. D\u00e5 <span style=\"color: lime;\">Ole <\/span>blei gift med Ragnhild, fekk han bygsel i 14 \u00e5r p\u00e5 den delen som dei to borna <i>Johannes<\/i> og <b>Marta<\/b> hadde arva.<\/span><\/p>\n<p class=\"MsoNormal\"><span style=\"color: #ffffff;\"><i><span lang=\"NO-NYN\" style=\"background: gray;\">(Som 22-\u00e5ring blei Johannes (Gamle Selien) gift med enkja Ragnhild S\u00e6tre. Ragnhild som hadde vore gift med Johannes Eikemo fr\u00e5 Eikemo i Hosanger, hadde fire born mellom 9 og 14 \u00e5r med han. Johannes Eikemo blei 37 \u00e5r og enkja var tre \u00e5r yngre, men sju \u00e5r eldre enn den nye Johannes Seljelid. Det gjekk fort her ogs\u00e5, for Ragnhild S\u00e6tre Eikemo hadde vore enkje knapt eit \u00e5r f\u00f8r ho gifta seg opp att.<\/span><\/i><\/span><\/p>\n<p class=\"MsoNormal\"><span style=\"color: #ffffff;\"><i><span lang=\"NO-NYN\" style=\"background: gray;\">Den nye familien blei verande p\u00e5 Eikemo til eldste sonen til Ragnhild, Ole Eikemo, blei myndig. Det var d\u00e5 naturleg at han tok over garden.<\/span><\/i><\/span><\/p>\n<p class=\"MsoNormal\"><span style=\"color: #ffffff;\"><i><span lang=\"NO-NYN\" style=\"background: gray;\">I dei ti \u00e5ra Ragnhild og Johannes \u00abGamle S\u00e6lien\u00bb budde p\u00e5 Eikemo, fekk dei fem born saman. N\u00e5r n\u00e5 neste generasjon p\u00e5 Eikemo hadde teke over garden, var det naudsynt for Ragnhild og Johannes \u00e5 gjera noko med sin situasjon.)<\/span><\/i><\/span><\/p>\n<p><img loading=\"lazy\" src=\"http:\/\/tveitosida.no\/wp-content\/uploads\/gamle_folder\/seljelid\/CCI10082015_600.jpg\" width=\"600\" height=\"428\" border=\"0\"><\/p>\n<p><i>Seljelid gard<\/i><\/p>\n<p class=\"MsoNormal\">1833 hadde Johannes f\u00e5tt sk\u00f8yte p\u00e5 halve Seljelid. <span lang=\"NO-NYN\">Garden blei delt, og Johannes sin lut blei bruk 2. Johannes var framleis arving til bruk 1, men med delinga blei dei einige om grensene og at <span style=\"color: #ffc000;\">Ragnhild<\/span> og <span style=\"color: lime;\">Ole<\/span> <span style=\"color: lime;\">Vik<\/span> skulle drifta begge bruka s\u00e5 lenge dei levde.<\/span><\/p>\n<p class=\"MsoNormal\"><span style=\"color: #ffffff;\"><i><span lang=\"NO-NYN\" style=\"background: gray;\">(I 1837 flytta Johannes med kone og fem born til Seljelid. \u00c5ret f\u00f8r hadde han kj\u00f8pt garden Adnekvam i Masfjorden. Bruket blei bygsla til Mons Kvamme for 20 \u00e5r. Men Mons blei ikkje verande der s\u00e5 lenge, s\u00e5 Johannes og familien flytta til \u00c5dnekvam etter kvart. Ein veit ikkje sikkert n\u00e5r.<\/span><\/i><\/span><\/p>\n<p class=\"MsoNormal\"><span style=\"color: #ffffff;\"><i><span lang=\"NO-NYN\" style=\"background: gray;\">Det var ikkje overraskande at Johannes kalla dei to eldste borna sine for Jakob og Johannes. Eldste sonen Jakob, var etla til \u00e5 taka over bruk 2. D\u00e5 han blei myndig i 1848, fekk han sk\u00f8yte p\u00e5 bruket. Aret etter blei han gift med Brita Vik. Ho var niesa til Ole Vik. Det gjekk ikkje langt etter ektefelle den gongen. Den nest eldste sonen til\u00bb Gamle Selien\u00bb, Johannes, overtok Adnekvam i 1867. D\u00e5 var han 37 \u00e5r og hadde i seks \u00e5r vore gift med Brita Kalhovda fr\u00e5 Masfjorden.<\/span><\/i><\/span><\/p>\n<p class=\"MsoNormal\"><span style=\"color: #ffffff;\"><i><span lang=\"NO-NYN\" style=\"background: gray;\">Johannes \u00abGamle Sellen\u00bb gjekk bort i 1876, 71 \u00e5r gamal.<\/span><\/i><\/span><\/p>\n<p class=\"MsoNormal\"><span style=\"color: #ffffff;\"><i><span lang=\"NO-NYN\" style=\"background: gray;\">Jakob og Brita p\u00e5 bruk 2 fekk ein son som dei kalla Johannes. Han d\u00f8ydde allereie som 13-\u00e5ring, og del fekk ikkje fleire born. Dei dreiv garden fram til 1881. D\u00e5 var Brita 66 \u00e5r og Jakob 63. D\u00e5 selde dei garden til Martinus Konglevoll og kona Magdalena Treland. Dei hadde med seg borna Oluf og Elevine Kristine, eller Kristina som ho blei kalla til dagleg. Magdalena d\u00f8ydde eit par \u00e5r etter kj\u00f8pet. Det kan vera \u00e5rsaka til at Jakob kj\u00f8pte garden attende i 1884 til same pris som han hadde selt den for.<\/span><\/i><\/span><\/p>\n<p class=\"MsoNormal\"><span style=\"color: #ffffff;\"><i><span lang=\"NO-NYN\" style=\"background: gray;\">Men s\u00e5 skjedde det noko p\u00e5 \u00c5dnekvam som fekk f\u00f8lgjer for bruk 2 p\u00e5 Seljelid. Same \u00e5ret som Jakob kj\u00f8pte attende bruk 2, d\u00f8ydde broren Johannes p\u00e5 Adnekvam. Han var d\u00e5 54 \u00e5r og enkja Brita Kalhovda som var \u00e5tte \u00e5r yngre, sat att med fem born som levde. Dei hadde hatt ni born. Eldste sonen Ole, var d\u00e5 22 \u00e5r og tok over \u00c5dnekvam. Om det var av praktiske \u00e5rsaker eller noko anna, veit me ikkje, men Brita reiste til Seljelid og hadde med seg gutane Johannes og Jakob. I alle h\u00f8ve blei ho i 1886 gift med enkjemannen Martinus Konglevoll, og dei kj\u00f8pte attende bruk 2 same \u00e5ret. D\u00e5 dei kom til Seljelid, var Johannes fjorten og Jakob \u00e5tte \u00e5r.<\/span><\/i><\/span><\/p>\n<p class=\"MsoNormal\"><span style=\"color: #ffffff;\"><i><span lang=\"NO-NYN\" style=\"background: gray;\">Brita og Martinus fekk berre \u00e5tte \u00e5r saman. 11892 d\u00f8ydde Martinus 50 \u00e5r gamal. Johannes var d\u00e5 21 \u00e5r og kunne ta over garden. Johannes kasta etter kvart augo p\u00e5 den seks \u00e5r yngre Kristina. Ho var foreldrelaus etter at faren d\u00f8ydde, men blei buande p\u00e5 garden saman med stemora Brita og hennar to s\u00f8ner. Kristina var 20 \u00e5r og Johannes 26 d\u00e5 dei gifta seg i 1898. Bror til Kristina, Oluf, hadde utvandra til Amerika, og ho sat att med garden saman med stemora.<\/span><\/i><\/span><\/p>\n<p class=\"MsoNormal\"><span style=\"color: #ffffff;\"><i><span lang=\"NO-NYN\" style=\"background: gray;\">Johannes blei berre 48 \u00e5r, men dei klarte \u00e5 f\u00e5 15 born saman. Kristina levde lenge, og d\u00f8ydde i 1962, 83 \u00e5r gamal.<\/span><\/i><\/span><\/p>\n<p class=\"MsoNormal\"><span style=\"color: #ffffff;\"><i><span lang=\"NO-NYN\" style=\"background: gray;\">Det blei Johannes og Kristina sitt barn nr. 7, Johannes, som kom til \u00e5 ta over garden. Johannes blei i 1944 gift med Maria Kjenes. Dei fekk tre born, Jorunn, Rolf og Magnar. Rolf tok over garden. I dag er det hans dotter Marion som har bruk 2 p\u00e5 Seljelid.)<\/span><\/i><\/span><\/p>\n<p class=\"MsoNormal\"><span lang=\"NO-NYN\">P\u00e5 bruk 1 hadde <span style=\"color: #ffc000;\">Ragnhild Dyrkolbotn <\/span>og <span style=\"color: lime;\">Ole<\/span> <span style=\"color: lime;\">Vik<\/span> f\u00e5tt fem born,&nbsp; halvs\u00f8sken til \u00abGamle Selien\u00bb. Den eldste, <span style=\"color: #ff33cc;\">Brita<\/span>, var f\u00f8dd \u00e5ret etter at foreldra gifta seg. Brita blei i 1835 gift med 21- \u00e5ringen <span style=\"color: #00ccff;\">Ivar Romarheim<\/span>. Ho var fire \u00e5r eldre. Ivar, som er min tipp oldefar, var f\u00f8dd i 1814. Mora til <span style=\"color: #00ccff;\">Ivar<\/span>, Marta Romarheim, var gift to gonger og hadde fem born med kvar av ektefellane. Det m\u00e5 ha vore sv\u00e6rt folksamt p\u00e5 Romarheim. (ikkje merkeleg at mange der i fr\u00e5 utvandra til Amerika). Men <span style=\"color: #00ccff;\">Ivar<\/span> og <span style=\"color: #ff33cc;\">Brita<\/span> blei likevel verande p\u00e5 Romarheim etter giftarm\u00e5let. Dei delte garden med Ivar sin halvbror Anders, som for \u00f8vrig seinare utvandra til Amerika og blei bestefar til Agatha Rommereim, kona til Jacob Seljelid.<\/span><\/p>\n<p><img loading=\"lazy\" src=\"http:\/\/tveitosida.no\/wp-content\/uploads\/gamle_folder\/seljelid\/IvarBritaR_.jpg\" width=\"350\" height=\"532\" border=\"0\"><br>\n<i><span lang=\"NO-NYN\">Bilde av <\/span><\/i><i><span lang=\"NO-NYN\" style=\"color: #00ccff;\">Ivar<\/span><\/i><i><span lang=\"NO-NYN\"> og <\/span><\/i><i><span lang=\"NO-NYN\" style=\"color: #ff33cc;\">Brita <\/span><\/i><i><span lang=\"NO-NYN\">Romarheim foreldre til Ragnhild.<\/span><\/i><\/p>\n<p class=\"MsoNormal\"><span lang=\"NO-NYN\">I ca. 20 \u00e5r budde <span style=\"color: #00ccff;\">Ivar <\/span>og <span style=\"color: #ff33cc;\">Brita<\/span> p\u00e5 Romarheim. P\u00e5 den tida fekk dei seks born. <\/span><i><span style=\"color: blue;\">(Der i blant Ragnhild Ivarsd. Seljelid 1836-1929).<\/span><\/i> <span lang=\"NO-NYN\">P\u00e5 Seljelid bruk 1 d\u00f8ydde <span style=\"color: lime;\">Ole Vik<\/span> i 1856. D\u00e5 var han 66 \u00e5r og kona <span style=\"color: #ffc000;\">Ragnhild<\/span> 10 \u00e5r eldre. Det var kl\u00e5rt at ho ikkje makta \u00e5 driva garden. Med <span style=\"color: lime;\">Ole<\/span> hadde <span style=\"color: #ffc000;\">Ragnhild<\/span> f\u00e5tt berre d\u00f8trer. Alle var gifte og etablerte med sine heimar andre stader. Det blei til at den eldste dottera <span style=\"color: #ff33cc;\">Brita<\/span>, saman med <span style=\"color: #00ccff;\">Ivar <\/span>tok over garden. Dei fire eldste borna var d\u00f8trer. S\u00e5 kom dei to gutane Askild og Ole.<\/span><\/p>\n<p class=\"MsoNormal\"><span lang=\"NO-NYN\">Askild, min oldefar, var f\u00f8dd i 1841. Ole utvandra til Amerika. Dei fire eldre s\u00f8strene var gifte kvar p\u00e5 sin kant. <\/span><span style=\"color: blue;\">(Ragnhild blei gift til Tveito-slekta.)<\/span><\/p>\n<p class=\"MsoNormal\"><span lang=\"NO-NYN\">Askild som i 1869 hadde gifta seg med s\u00f8skenbarnet Barbu Grimstad (m\u00f8drene Brita og Guri var s\u00f8sken, d\u00f8trene til Ole og Ragnhild), tok over garden i 1878, 30 \u00e5r gamal. <span style=\"color: #ffc000;\">Ragnhild<\/span> d\u00f8ydde i 1867, 87 \u00e5r gamal. <span style=\"color: #00ccff;\">Ivar<\/span> d\u00f8ydde i 1894, 80 \u00e5r, mens <span style=\"color: #ff33cc;\">Brita<\/span>, mor til Askild, d\u00f8ydde i 1903, 93 \u00e5r gamal. Ho er blant dei eldste Seljelidane som har levd lengst, bortsett fr\u00e5 nokre i den nolevande eldste generasjonen.<\/span><\/p>\n<p class=\"MsoNormal\"><span style=\"color: #ffffff;\"><i><span lang=\"NO-NYN\" style=\"background: gray;\">(Askild og Barbu fekk tre born. Eldste sonen Ivar, blei som 21- \u00e5ring gift med Steffina Fjellsb\u00f8. (Det ser ut som om det var vanleg \u00e5 gifta seg s\u00e5 snart dei blei myndige, i alle fall n\u00e5r dei var odelsgutar). Ivar tok aldri over garden. I 1900 som 30- \u00e5ring, d\u00f8ydde han barnlaus. Steffina gifta seg opp att med s\u00f8skenbarnet til Ivar, Haavard Grimstad.<\/span><\/i><\/span><\/p>\n<p class=\"MsoNormal\"><span style=\"color: #ffffff;\"><i><span lang=\"NO-NYN\" style=\"background: gray;\">Den andre sonen til Askild og Barbu var Hans. Han blei berre \u00e5tte \u00e5r. Han d\u00f8ydde av lungebetennelse etter \u00e5 ha vorte v\u00e5t og kald p\u00e5 skulevegen.<\/span><\/i><\/span><\/p>\n<p class=\"MsoNormal\"><span style=\"color: #ffffff;\"><i><span lang=\"NO-NYN\" style=\"background: gray;\">Den yngste var Hanna Gurina. Ho var n\u00e6rast ein attp\u00e5klatt i og med at ho var f\u00f8dd l1 \u00e5r etter Hans. Hanna som var 18 \u00e5r d\u00e5 broren Ivar d\u00f8ydde, blei n\u00e5 einearving til Seljelid bruk 1. P\u00e5 andre sida av steingarden p\u00e5 bruk 2 budde den fire \u00e5r eldre Jakob. Dei har nok kjent kvarandre heile livet og g\u00e5tt p\u00e5 skulevegen saman. I alle fall blei det til at Jakob tok turen dei knapt 100 metrane til nabohuset og fridde til halv- tremenningen sin Hanna. 3. juni 1903 gifta dei seg. Det blei eit langt ekteskapeleg liv. Dei fekk 11 born som voks opp. Jakob var 92 \u00e5r d\u00e5 han gjekk bort i 1971, og Hanna 91 d\u00e5 ho d\u00f8ydde to \u00e5r seinare.<\/span><\/i><\/span><\/p>\n<p class=\"MsoNormal\"><span style=\"color: #ffffff;\"><i><span lang=\"NO-NYN\" style=\"background: gray;\">I 1944 fekk eldste sonen Ivar sk\u00f8yte p\u00e5 garden. Men den gjekk etter f\u00e5 \u00e5r attende til faren i og med at Ivar ville fortsetja i faget sitt som los p\u00e5 kysten. I byrjinga av 1950- talet blei det til at s\u00f8skena Borghild, Berta og Jacob hadde garden fram til 1983 d\u00e5 Jacob for til Amerika. Nev\u00f8en H\u00e5kon overtok garden og hadde den fram til 2001, d\u00e5 hans son, Stein Ove Seljelid, tok over. Det er han som har garden n\u00e5 i 2014.<\/span><\/i><\/span><\/p>\n<p class=\"MsoNormal\"><span style=\"color: #ffffff;\"><i><span lang=\"NO-NYN\" style=\"background: gray;\">Korleis gjekk det med Adnekvam?<\/span><\/i><\/span><\/p>\n<p class=\"MsoNormal\"><span style=\"color: #ffffff;\"><i><span lang=\"NO-NYN\" style=\"background: gray;\">D\u00e5 Johannes, nest eldste sonen til \u00abGamle Selien\u00bb d\u00f8ydde, var det eldste&nbsp; sonen Ola, som tok over \u00c5dnekvam. Han var gift to gongar. F\u00f8rst med Karin Duesund. Dei fekk seks born. Ingen av borna tok over garden. 11902 d\u00f8ydde Karin, og Ola gifta seg i 1912 opp att med Sina Skuggedal. Dei fekk ikkje born. 11924 blei garden overdradd til Sina si s\u00f8ster Kristianna, og hennar mann Arne Kvinge. Dermed gjekk garden ut av den n\u00e6re Seljelidslekta.)<\/span><\/i><\/span><\/p>\n\n\n<figure class=\"wp-block-image size-large\"><img loading=\"lazy\" width=\"531\" height=\"531\" src=\"http:\/\/tveitosida.no\/wp-content\/uploads\/gamle_folder\/seljelid\/Mons_slekt.png\" alt=\"\" class=\"wp-image-3278\" srcset=\"https:\/\/tveitosida.no\/wp-content\/uploads\/gamle_folder\/seljelid\/Mons_slekt.png 531w, https:\/\/tveitosida.no\/wp-content\/uploads\/gamle_folder\/seljelid\/Mons_slekt-300x300.png 300w, https:\/\/tveitosida.no\/wp-content\/uploads\/gamle_folder\/seljelid\/Mons_slekt-150x150.png 150w\" sizes=\"(max-width: 531px) 100vw, 531px\" \/><\/figure>\n","protected":false},"excerpt":{"rendered":"<p>S e l j e l i d g a r d a n e _ i _ s l e k t a _ i _ 240 \u00e5r Kjelde: M i m r a, _ s o g e s k r i f t _ for _ L i n d \u00e5 s &hellip; <a href=\"https:\/\/tveitosida.no\/index.php\/seljelid\/\" class=\"more-link\">Continue reading <span class=\"screen-reader-text\">Seljelid<\/span> <span class=\"meta-nav\">&rarr;<\/span><\/a><\/p>\n","protected":false},"author":1,"featured_media":0,"parent":0,"menu_order":0,"comment_status":"closed","ping_status":"closed","template":"","meta":[],"_links":{"self":[{"href":"https:\/\/tveitosida.no\/index.php\/wp-json\/wp\/v2\/pages\/3259"}],"collection":[{"href":"https:\/\/tveitosida.no\/index.php\/wp-json\/wp\/v2\/pages"}],"about":[{"href":"https:\/\/tveitosida.no\/index.php\/wp-json\/wp\/v2\/types\/page"}],"author":[{"embeddable":true,"href":"https:\/\/tveitosida.no\/index.php\/wp-json\/wp\/v2\/users\/1"}],"replies":[{"embeddable":true,"href":"https:\/\/tveitosida.no\/index.php\/wp-json\/wp\/v2\/comments?post=3259"}],"version-history":[{"count":17,"href":"https:\/\/tveitosida.no\/index.php\/wp-json\/wp\/v2\/pages\/3259\/revisions"}],"predecessor-version":[{"id":3279,"href":"https:\/\/tveitosida.no\/index.php\/wp-json\/wp\/v2\/pages\/3259\/revisions\/3279"}],"wp:attachment":[{"href":"https:\/\/tveitosida.no\/index.php\/wp-json\/wp\/v2\/media?parent=3259"}],"curies":[{"name":"wp","href":"https:\/\/api.w.org\/{rel}","templated":true}]}}