{"id":2902,"date":"2020-11-04T21:27:00","date_gmt":"2020-11-04T21:27:00","guid":{"rendered":"http:\/\/tveitosida.no\/?page_id=2902"},"modified":"2020-11-05T19:24:25","modified_gmt":"2020-11-05T19:24:25","slug":"afdal","status":"publish","type":"page","link":"https:\/\/tveitosida.no\/index.php\/afdal\/","title":{"rendered":"Afdal"},"content":{"rendered":"<p>Eigar nummer 3 for Tveito Nedre var (i f\u00f8lge gards- og \u00e6ttesoga): Erik Olson f. 1738, d. 1811, gift med Ingeborg St\u00f8rkesdtr. f. 1745, d. 1824. Dette paret kom fr\u00e5 Voss. Ingeborg fr\u00e5 Indre Afdal, og Erik fr\u00e5 Gjerdskv\u00e5l.<\/p>\n<p><i><span style=\"color: #ff9900;\"><a href=\"http:\/\/www.ullstad.com\/index.htm?\/vossaboki\/vossaboki.htm\" target=\"_blank\" rel=\"noopener noreferrer\">Fr\u00e5 Vossaboki. Bind II:<\/a><\/span><\/i><\/p>\n<p><b style=\"mso-bidi-font-weight: normal;\"><u><span style=\"mso-ansi-language: NO-BOK;\">Gjerdskv\u00e5l<br \/>\n<\/span><\/u><\/b><b style=\"mso-bidi-font-weight: normal;\">Bruk 3, Uppigarden<\/b><\/p>\n<p><b style=\"mso-bidi-font-weight: normal;\"><span style=\"mso-ansi-language: NO-BOK;\">Laurits Torgeirson<\/span><\/b><span style=\"mso-ansi-language: NO-BOK;\"> var brukar der p\u00e5 slutten av 1600-talet og d\u00f8ydde 1700. Han var gift med <b style=\"mso-bidi-font-weight: normal;\">Gudve Eiriksdtr.<\/b> Som sidan vart attgift med Per Mikkjelson Rong. Dei var fyst leiglendingar, men i 1714 kj\u00f8pte dei 1 laup 18 mark i Gjerdskv\u00e5l. B\u00e5de Per og Gudve d\u00f8ydde i 1746, han 75 \u00bd \u00e5r gamal og ho 87 \u00e5r. Born hadde dei ikkje.<\/span><\/p>\n<p><span style=\"mso-ansi-language: NO-BOK;\">Med Laurits hadde ho Gudve borni:<\/span><span style=\"mso-ansi-language: NO-BOK;\"><span style=\"mso-tab-count: 1;\"><br \/>\n<\/span>1. Knut<span style=\"mso-tab-count: 1;\">\u00a0\u00a0\u00a0\u00a0\u00a0\u00a0\u00a0\u00a0\u00a0\u00a0\u00a0\u00a0<\/span>1690-<span style=\"mso-tab-count: 1;\"><br \/>\n<\/span><b style=\"mso-bidi-font-weight: normal;\">2. Marta<span style=\"mso-tab-count: 1;\">\u00a0 \u00a0 \u00a0 \u00a0 \u00a0<\/span>1698-1762 gift med Olav Eirikson<\/b><\/span><\/p>\n<p class=\"MsoNormal\" style=\"tab-stops: 36.0pt 108.0pt;\"><span style=\"mso-ansi-language: NO-BOK;\">Knut gifte seg 1715 med Marta Larsdtr. Ho <b style=\"mso-bidi-font-weight: normal;\">Marta<\/b> vart gift med <b style=\"mso-bidi-font-weight: normal;\">Olav Eirikson<\/b>. Dei bygsla gardparten \u00e5t far hennar i 1732. Olav d\u00f8ydde 1758, 57 \u00e5r gamal, og ho Marta i 1762. Dei hadde borni:<br \/>\n<\/span><span style=\"mso-list: Ignore; mso-ansi-language: NO-BOK;\">1. <\/span><span style=\"mso-ansi-language: NO-BOK;\">Eirik d.e.<span style=\"mso-tab-count: 1;\"> \u00a0<\/span><\/span><span style=\"mso-ansi-language: NO-BOK;\"><br \/>\n<\/span><span style=\"mso-list: Ignore; mso-ansi-language: NO-BOK;\">2. <\/span><span style=\"mso-ansi-language: NO-BOK;\">Per<\/span><span style=\"mso-ansi-language: NO-BOK;\"><br \/>\n<\/span><span style=\"mso-list: Ignore; mso-ansi-language: NO-BOK;\">3.\u00a0<\/span><span style=\"mso-ansi-language: NO-BOK;\">Sjur d.e. 1734<\/span><span style=\"mso-ansi-language: NO-BOK;\"><br \/>\n<\/span><span style=\"mso-list: Ignore; mso-ansi-language: NO-BOK;\">4.<span style=\"font: 7.0pt 'Times New Roman';\"> \u00a0<\/span><\/span><span style=\"mso-ansi-language: NO-BOK;\">Sjur d.y. 1736<\/span><span style=\"mso-ansi-language: NO-BOK;\"><b style=\"mso-ansi-language: NO-BOK;\"><br \/>\n<\/b><\/span><b style=\"mso-bidi-font-weight: normal;\"><span style=\"mso-list: Ignore; mso-ansi-language: NO-BOK;\">5. <\/span><span style=\"mso-ansi-language: NO-BOK;\">Eirik d.y. <\/span><\/b><b style=\"mso-bidi-font-weight: normal;\">1738-<span style=\"mso-spacerun: yes;\">\u00a0 \u00a0 \u00a0 \u00a0 <\/span>gift med Ingeb<\/b><b style=\"mso-bidi-font-weight: normal; mso-ansi-language: NO-BOK;\">org <\/b><b style=\"mso-bidi-font-weight: normal;\">Styrksdtr. Afdal<\/b><span style=\"mso-ansi-language: NO-BOK; mso-bidi-font-weight: normal;\"><br \/>\n<\/span><span style=\"mso-list: Ignore; mso-ansi-language: NO-BOK;\">6.\u00a0<\/span><span style=\"mso-ansi-language: NO-BOK;\">Ingebj\u00f8rg 1725-<\/span><\/p>\n<p><b style=\"mso-bidi-font-weight: normal;\"><u><span style=\"mso-ansi-language: NO-BOK;\">Indre Afdal<br \/>\n<\/span><\/u><\/b><b style=\"mso-bidi-font-weight: normal;\"><span style=\"mso-ansi-language: NO-BOK;\">Bruk 1<\/span><\/b><b style=\"mso-bidi-font-weight: normal;\"><span style=\"mso-ansi-language: NO-BOK;\"><br \/>\nStyrk Sjurson<\/span><\/b><span style=\"mso-ansi-language: NO-BOK;\"> f\u00f8dd 1696, kj\u00f8pte i 1731 18 mark og bygsla seinare resten. Lars Gudleikson Tillung kj\u00f8pte i 1740 12 mark og av Styrk Sjurson i 1751 18 mark. Eirik Larsson Tillung fekk i 1783 semje med Styrk um at han skulde avst\u00e5 bygsleretten sin til 1 pund 3 mark til Eirik mot \u00e5 f\u00e5 k\u00e5r. Likeeins skulde Eirik f\u00e5 bygsla 9 mark i garden som Styrk d\u00e5 \u00e5tte. Styrk hadde borni:\u00a0<\/span><span style=\"mso-ansi-language: NO-BOK;\"><span style=\"mso-tab-count: 1;\"><br \/>\n<\/span>1. Olav\u00a0 \u00a0 \u00a0 \u00a0 \u00a0 \u00a0 \u00a0 1742- gift 1782 med Guri Sjursdtr. Mosafinn<span style=\"mso-tab-count: 1;\"><br \/>\n<\/span><b style=\"mso-bidi-font-weight: normal;\">2. Ingeb<\/b><b style=\"mso-bidi-font-weight: normal; mso-ansi-language: NO-BOK;\">or<\/b><b style=\"mso-bidi-font-weight: normal;\">g<span style=\"mso-tab-count: 1;\">\u00a0 \u00a0 <\/span>1745- gift 1774 med Eirik Olavson Gjerdskv\u00e5l<\/b><span style=\"mso-tab-count: 1;\"><br \/>\n<\/span>3. Sjur\u00a0 \u00a0 \u00a0 \u00a0 \u00a0 \u00a0 \u00a0 \u00a0 1748-<br \/>\n<\/span><span style=\"mso-ansi-language: NO-BOK;\">4. Gudleik<span style=\"mso-tab-count: 1;\"> \u00a0\u00a0\u00a0\u00a0\u00a0\u00a0<\/span>1752-<\/span><\/p>\n<p class=\"MsoNormal\" style=\"tab-stops: 36.0pt 108.0pt;\">Matrikkel 71 l.nr. 146. Som ovafor nemnt \u00e5tte Styrk Sjurson 9 mark i Indre Afdal. I 1796 har Olav Styrkson Afdal (Olav og Guri hadde busett seg p\u00e5 Myhr br. nr. 2 i Haugsdalen) og Eirik Olavson Tveito som einaste ervingar etter Styrk selt desse 9 mark til Lars Jonson Afdal.<\/p>\n<p class=\"MsoNormal\" style=\"tab-stops: 36.0pt 108.0pt;\"><i>Fr\u00e5 <a href=\"http:\/\/www.arkivverket.no\/URN:kb_read\" target=\"_blank\" rel=\"noopener noreferrer\"> Voss Ministerialbok<\/a>, barned\u00e5p: Eric 1738 og Ingebor 1745.<\/i><br \/>\n<img loading=\"lazy\" src=\"http:\/\/tveitosida.no\/wp-content\/uploads\/gamle_folder\/afdal\/Daap_Eirik1938.jpg\" width=\"700\" height=\"194\" border=\"0\" \/><\/p>\n<p class=\"MsoNormal\" style=\"tab-stops: 36.0pt 108.0pt;\"><img loading=\"lazy\" src=\"http:\/\/tveitosida.no\/wp-content\/uploads\/gamle_folder\/afdal\/Daap_Ingeborg1745.jpg\" width=\"700\" height=\"156\" border=\"0\" \/><\/p>\n<p>Sommaren 1994 reiste B\u00e5rd og John Tvedt til Afdal for \u00e5 sj\u00e5 kor forfedrane v\u00e5re kom i fr\u00e5.<\/p>\n<p>Det blei fortalt at at AFFR betyr tilbake, attende, alts\u00e5 Afferdal (Afdal) blir d\u00e5 dalen som g\u00e5r motsatt av hoveddalen.<\/p>\n<p>Namnet Gjerdskv\u00e5l er samansett av gn. ger\u00f0i (gjerde) og hv\u00e1ll m. liten haug.<br \/>\n<img loading=\"lazy\" src=\"http:\/\/tveitosida.no\/wp-content\/uploads\/gamle_folder\/afdal\/Gjerdskval_.jpg\" width=\"546\" height=\"853\" border=\"0\" \/><\/p>\n<p>Bildene nedanfor er fr\u00e5 to plasser. Gjerdskv\u00e5l og Afdal.<\/p>\n<p><b>Gjerdskv\u00e5l<\/b><img loading=\"lazy\" src=\"http:\/\/tveitosida.no\/wp-content\/uploads\/gamle_folder\/afdal\/2-39Gjerdskval.jpg\" width=\"600\" height=\"398\" border=\"0\" \/><br \/>\n<i><span style=\"font-size: small;\">Fot. P. Braaten 1935 fr\u00e5 Vossaboki Bind II.<\/span><\/i><\/p>\n<p>Bilde II er tatt fra vegen opp mot huset til Lars Gjerdeskv\u00e5l.<br \/>\n<img loading=\"lazy\" src=\"http:\/\/tveitosida.no\/wp-content\/uploads\/gamle_folder\/afdal\/II.jpg\" width=\"600\" height=\"406\" border=\"0\" \/><\/p>\n<p>Bilde V og bilde III er i tunet hj\u00e5 Lars.<br \/>\n<img loading=\"lazy\" src=\"http:\/\/tveitosida.no\/wp-content\/uploads\/gamle_folder\/afdal\/V.jpg\" width=\"600\" height=\"401\" border=\"0\" \/><\/p>\n<p><img loading=\"lazy\" src=\"http:\/\/tveitosida.no\/wp-content\/uploads\/gamle_folder\/afdal\/III.jpg\" width=\"600\" height=\"411\" border=\"0\" \/><\/p>\n<p>Bilde VI er tatt fr\u00e5 tunet til Lars, og innover dalen til Afdal.<br \/>\n<img loading=\"lazy\" src=\"http:\/\/tveitosida.no\/wp-content\/uploads\/gamle_folder\/afdal\/VI.jpg\" width=\"600\" height=\"407\" border=\"0\" \/><\/p>\n<p>Bilde VII er tatt rett oppover (nordover) mot fjellet p\u00e5 baksida til huset.<br \/>\n<img loading=\"lazy\" src=\"http:\/\/tveitosida.no\/wp-content\/uploads\/gamle_folder\/afdal\/VII.jpg\" width=\"600\" height=\"410\" border=\"0\" \/><\/p>\n<p>Bilde I er tatt i retning Voss, ogs\u00e5 dette fra tunet til Lars.<br \/>\n<img loading=\"lazy\" src=\"http:\/\/tveitosida.no\/wp-content\/uploads\/gamle_folder\/afdal\/I.jpg\" width=\"600\" height=\"398\" border=\"0\" \/><\/p>\n<p>Neste bilde er tatt nede p\u00e5 Gjerdeskv\u00e5lhaugen, bruk nr.3 som no er seldt til staten.<\/p>\n<p>Bilde IV er fra det statseigde huset som no ligg like nordvest for tomtane til den opprinnelege delen av bruk 3.<br \/>\n<img loading=\"lazy\" src=\"http:\/\/tveitosida.no\/wp-content\/uploads\/gamle_folder\/afdal\/IV.jpg\" width=\"600\" height=\"402\" border=\"0\" \/><\/p>\n<p><b>Afdal<br \/>\n<\/b>Her er dei fleste bildene fra Indre Afdal, alts\u00e5 hovedbruket i Afdal.<\/p>\n<p>F\u00f8rst var vi innom Ytre Afdal bilde XIIII. Det var her me fekk god mat m\u00e5 vite hj\u00e5 Olga Afdal.<br \/>\n<img loading=\"lazy\" src=\"http:\/\/tveitosida.no\/wp-content\/uploads\/gamle_folder\/afdal\/XIIII.jpg\" width=\"600\" height=\"403\" border=\"0\" \/><\/p>\n<p>B\u00e5rd p\u00e5 vegen med utsikt mot indre Afdal, eit bra oversiktsbilde (XIII).<br \/>\n<img loading=\"lazy\" src=\"http:\/\/tveitosida.no\/wp-content\/uploads\/gamle_folder\/afdal\/XIII.jpg\" width=\"600\" height=\"400\" border=\"0\" \/><\/p>\n<p>B\u00e5rd inne i tunet p\u00e5 Indre Afdal, bilde XII.<br \/>\n<img loading=\"lazy\" src=\"http:\/\/tveitosida.no\/wp-content\/uploads\/gamle_folder\/afdal\/XII.jpg\" width=\"600\" height=\"407\" border=\"0\" \/><\/p>\n<p>Stova utanifr\u00e5 p\u00e5 bilde XI.<br \/>\n<img loading=\"lazy\" src=\"http:\/\/tveitosida.no\/wp-content\/uploads\/gamle_folder\/afdal\/XI.jpg\" width=\"600\" height=\"400\" border=\"0\" \/><\/p>\n<p>Vidare er det to bilder fra Storastova, bilde IX og bilde X.<br \/>\n<img loading=\"lazy\" src=\"http:\/\/tveitosida.no\/wp-content\/uploads\/gamle_folder\/afdal\/IX.jpg\" width=\"600\" height=\"482\" border=\"0\" \/><\/p>\n<p><img loading=\"lazy\" src=\"http:\/\/tveitosida.no\/wp-content\/uploads\/gamle_folder\/afdal\/X.jpg\" width=\"600\" height=\"408\" border=\"0\" \/><\/p>\n<p>Bilde VIII er fra bakkane utanfor stova sett fra vegen p\u00e5 nordsida.<br \/>\n<img loading=\"lazy\" src=\"http:\/\/tveitosida.no\/wp-content\/uploads\/gamle_folder\/afdal\/VIII.jpg\" width=\"600\" height=\"405\" border=\"0\" \/><\/p>\n<p>Kontaktar i Indre Afdal var: Lars Indre Afdal, Brynjult Afdal og Anders Afdal.<\/p>\n","protected":false},"excerpt":{"rendered":"<p>Eigar nummer 3 for Tveito Nedre var (i f\u00f8lge gards- og \u00e6ttesoga): Erik Olson f. 1738, d. 1811, gift med Ingeborg St\u00f8rkesdtr. f. 1745, d. 1824. Dette paret kom fr\u00e5 Voss. Ingeborg fr\u00e5 Indre Afdal, og Erik fr\u00e5 Gjerdskv\u00e5l. Fr\u00e5 Vossaboki. Bind II: Gjerdskv\u00e5l Bruk 3, Uppigarden Laurits Torgeirson var brukar der p\u00e5 slutten av &hellip; <a href=\"https:\/\/tveitosida.no\/index.php\/afdal\/\" class=\"more-link\">Continue reading <span class=\"screen-reader-text\">Afdal<\/span> <span class=\"meta-nav\">&rarr;<\/span><\/a><\/p>\n","protected":false},"author":1,"featured_media":0,"parent":0,"menu_order":0,"comment_status":"closed","ping_status":"closed","template":"","meta":[],"_links":{"self":[{"href":"https:\/\/tveitosida.no\/index.php\/wp-json\/wp\/v2\/pages\/2902"}],"collection":[{"href":"https:\/\/tveitosida.no\/index.php\/wp-json\/wp\/v2\/pages"}],"about":[{"href":"https:\/\/tveitosida.no\/index.php\/wp-json\/wp\/v2\/types\/page"}],"author":[{"embeddable":true,"href":"https:\/\/tveitosida.no\/index.php\/wp-json\/wp\/v2\/users\/1"}],"replies":[{"embeddable":true,"href":"https:\/\/tveitosida.no\/index.php\/wp-json\/wp\/v2\/comments?post=2902"}],"version-history":[{"count":19,"href":"https:\/\/tveitosida.no\/index.php\/wp-json\/wp\/v2\/pages\/2902\/revisions"}],"predecessor-version":[{"id":2981,"href":"https:\/\/tveitosida.no\/index.php\/wp-json\/wp\/v2\/pages\/2902\/revisions\/2981"}],"wp:attachment":[{"href":"https:\/\/tveitosida.no\/index.php\/wp-json\/wp\/v2\/media?parent=2902"}],"curies":[{"name":"wp","href":"https:\/\/api.w.org\/{rel}","templated":true}]}}