{"id":277,"date":"2020-10-25T18:33:29","date_gmt":"2020-10-25T18:33:29","guid":{"rendered":"http:\/\/10.40.0.11\/?page_id=277"},"modified":"2020-11-25T18:16:23","modified_gmt":"2020-11-25T18:16:23","slug":"velkommen-til-tveito","status":"publish","type":"page","link":"https:\/\/tveitosida.no\/index.php\/velkommen-til-tveito\/","title":{"rendered":"Velkommen til Tveito!"},"content":{"rendered":"<p><img loading=\"lazy\" src=\"http:\/\/tveitosida.no\/wp-content\/uploads\/tveito_folder\/tveitoh\/LARGE06_8mai.jpg\" width=\"600\" height=\"400\" border=\"0\" \/><\/p>\n<p><img loading=\"lazy\" src=\"http:\/\/tveitosida.no\/wp-content\/uploads\/tveito_folder\/tveitoh\/LARGE09TunKvi.jpg\" width=\"600\" height=\"400\" border=\"0\" \/><\/p>\n<p><img loading=\"lazy\" src=\"http:\/\/tveitosida.no\/wp-content\/uploads\/tveito_folder\/tveitoh\/LARGE19TunLov.jpg\" width=\"600\" height=\"400\" border=\"0\" \/><\/p>\n<p>Hausten 2003<br \/><img loading=\"lazy\" src=\"http:\/\/tveitosida.no\/wp-content\/uploads\/tveito_folder\/tveitoh\/TunetNb.jpg\" width=\"600\" height=\"380\" border=\"0\" \/><\/p>\n<p>Nytt postkassestativ<br \/><img loading=\"lazy\" src=\"http:\/\/tveitosida.no\/wp-content\/uploads\/tveito_folder\/tveitoh\/Postkassestb.jpg\" width=\"600\" height=\"403\" border=\"0\" \/><\/p>\n<p>Oktober 2004<br \/><img loading=\"lazy\" src=\"http:\/\/tveitosida.no\/wp-content\/uploads\/tveito_folder\/tveitoh\/127_2797Tveito.jpg\" width=\"600\" height=\"400\" border=\"0\" \/><\/p>\n<p><img loading=\"lazy\" src=\"http:\/\/tveitosida.no\/wp-content\/uploads\/tveito_folder\/tveitoh\/127_2799Tveito.jpg\" width=\"600\" height=\"400\" border=\"0\" \/><\/p>\n<p>Bilde tatt i fr\u00e5 Hovden tidligere<br \/><img loading=\"lazy\" src=\"http:\/\/tveitosida.no\/wp-content\/uploads\/tveito_folder\/tveitoh\/Tveito_fra_Hovden.jpg\" alt=\"Tveito fra Hovden \" width=\"600\" height=\"353\" \/><\/p>\n<p>Oktober 2000<br \/><img loading=\"lazy\" src=\"http:\/\/tveitosida.no\/wp-content\/uploads\/tveito_folder\/tveitoh\/Tveito_10_00.jpg\" alt=\"Tunet oktober 2000\" width=\"600\" height=\"409\" border=\"0\" \/><\/p>\n<p>Nedretveito fr\u00e5 fly juli 2002<br \/><img loading=\"lazy\" src=\"http:\/\/tveitosida.no\/wp-content\/uploads\/tveito_folder\/tveitoh\/Nedretv.jpg\" width=\"600\" height=\"323\" border=\"0\" \/><\/p>\n<p>Bilde tatt i fr\u00e5 Ranen 1992<br \/><img loading=\"lazy\" src=\"http:\/\/tveitosida.no\/wp-content\/uploads\/tveito_folder\/tveitoh\/TveitoR.jpg\" width=\"600\" height=\"342\" border=\"0\" \/><\/p>\n<p>Bilde tatt i fr\u00e5 Ranen med sn\u00f8<br \/><img loading=\"lazy\" src=\"http:\/\/tveitosida.no\/wp-content\/uploads\/tveito_folder\/tveitoh\/IMG_5743_600.jpg\" width=\"600\" height=\"385\" border=\"0\" \/><\/p>\n<p>Eit gamalt bilde fr\u00e5 Tveito, tatt rundt 1930-\u00e5ra<br \/><img loading=\"lazy\" src=\"http:\/\/tveitosida.no\/wp-content\/uploads\/tveito_folder\/tveitoh\/Gamalt_tveito.jpg\" alt=\"Gamalt bilde fr\u00e5 Tveito \" width=\"600\" height=\"398\" \/><\/p>\n<p>Utsikt fr\u00e5 plenen<br \/><img loading=\"lazy\" src=\"http:\/\/tveitosida.no\/wp-content\/uploads\/tveito_folder\/tveitoh\/Utsikt.jpg\" alt=\"Utsikt \" width=\"600\" height=\"378\" \/><\/p>\n<p>Soloppgang fr\u00e5 Tveito desember 2001<br \/><img loading=\"lazy\" src=\"http:\/\/tveitosida.no\/wp-content\/uploads\/tveito_folder\/tveitoh\/Des01.jpg\" alt=\"Soloppgang 22.12.01\" width=\"600\" height=\"302\" border=\"0\" \/><\/p>\n<p>Soloppgang oktober 2005<br \/><img loading=\"lazy\" src=\"http:\/\/tveitosida.no\/wp-content\/uploads\/tveito_folder\/tveitoh\/103_0384Oktober.jpg\" width=\"600\" height=\"450\" border=\"0\" \/><\/p>\n<p>Januar 2006<br \/><img loading=\"lazy\" src=\"http:\/\/tveitosida.no\/wp-content\/uploads\/tveito_folder\/tveitoh\/149_4963Soln.jpg\" width=\"600\" height=\"385\" border=\"0\" \/><\/p>\n<p>Januar 2020, utsikt til Fammestadtj\u00f8dna\u00a0<\/p>\n\n\n<figure class=\"wp-block-image size-large\"><img loading=\"lazy\" width=\"1024\" height=\"768\" src=\"http:\/\/tveitosida.no\/wp-content\/uploads\/tveito_folder\/tveitoh\/IMG_4469.jpg\" alt=\"\" class=\"wp-image-3663\" srcset=\"https:\/\/tveitosida.no\/wp-content\/uploads\/tveito_folder\/tveitoh\/IMG_4469.jpg 1024w, https:\/\/tveitosida.no\/wp-content\/uploads\/tveito_folder\/tveitoh\/IMG_4469-300x225.jpg 300w, https:\/\/tveitosida.no\/wp-content\/uploads\/tveito_folder\/tveitoh\/IMG_4469-768x576.jpg 768w\" sizes=\"(max-width: 1024px) 100vw, 1024px\" \/><\/figure>\n\n\n\n<figure class=\"wp-block-image size-large\"><img loading=\"lazy\" width=\"1024\" height=\"768\" src=\"http:\/\/tveitosida.no\/wp-content\/uploads\/tveito_folder\/tveitoh\/IMG_4483.jpg\" alt=\"\" class=\"wp-image-3664\" srcset=\"https:\/\/tveitosida.no\/wp-content\/uploads\/tveito_folder\/tveitoh\/IMG_4483.jpg 1024w, https:\/\/tveitosida.no\/wp-content\/uploads\/tveito_folder\/tveitoh\/IMG_4483-300x225.jpg 300w, https:\/\/tveitosida.no\/wp-content\/uploads\/tveito_folder\/tveitoh\/IMG_4483-768x576.jpg 768w\" sizes=\"(max-width: 1024px) 100vw, 1024px\" \/><\/figure>\n","protected":false},"excerpt":{"rendered":"<p>Hausten 2003 Nytt postkassestativ Oktober 2004 Bilde tatt i fr\u00e5 Hovden tidligere Oktober 2000 Nedretveito fr\u00e5 fly juli 2002 Bilde tatt i fr\u00e5 Ranen 1992 Bilde tatt i fr\u00e5 Ranen med sn\u00f8 Eit gamalt bilde fr\u00e5 Tveito, tatt rundt 1930-\u00e5ra Utsikt fr\u00e5 plenen Soloppgang fr\u00e5 Tveito desember 2001 Soloppgang oktober 2005 Januar 2006 Januar 2020, &hellip; <a href=\"https:\/\/tveitosida.no\/index.php\/velkommen-til-tveito\/\" class=\"more-link\">Continue reading <span class=\"screen-reader-text\">Velkommen til Tveito!<\/span> <span class=\"meta-nav\">&rarr;<\/span><\/a><\/p>\n","protected":false},"author":1,"featured_media":0,"parent":0,"menu_order":0,"comment_status":"closed","ping_status":"closed","template":"","meta":[],"_links":{"self":[{"href":"https:\/\/tveitosida.no\/index.php\/wp-json\/wp\/v2\/pages\/277"}],"collection":[{"href":"https:\/\/tveitosida.no\/index.php\/wp-json\/wp\/v2\/pages"}],"about":[{"href":"https:\/\/tveitosida.no\/index.php\/wp-json\/wp\/v2\/types\/page"}],"author":[{"embeddable":true,"href":"https:\/\/tveitosida.no\/index.php\/wp-json\/wp\/v2\/users\/1"}],"replies":[{"embeddable":true,"href":"https:\/\/tveitosida.no\/index.php\/wp-json\/wp\/v2\/comments?post=277"}],"version-history":[{"count":8,"href":"https:\/\/tveitosida.no\/index.php\/wp-json\/wp\/v2\/pages\/277\/revisions"}],"predecessor-version":[{"id":3667,"href":"https:\/\/tveitosida.no\/index.php\/wp-json\/wp\/v2\/pages\/277\/revisions\/3667"}],"wp:attachment":[{"href":"https:\/\/tveitosida.no\/index.php\/wp-json\/wp\/v2\/media?parent=277"}],"curies":[{"name":"wp","href":"https:\/\/api.w.org\/{rel}","templated":true}]}}