{"id":1878,"date":"2020-11-01T16:48:53","date_gmt":"2020-11-01T16:48:53","guid":{"rendered":"http:\/\/tveitosida.no\/?page_id=1878"},"modified":"2020-11-01T16:50:27","modified_gmt":"2020-11-01T16:50:27","slug":"eksingedalen-10","status":"publish","type":"page","link":"https:\/\/tveitosida.no\/index.php\/eksingedalen-10\/","title":{"rendered":"Eksingedalen &#8217;10"},"content":{"rendered":"<p>Oktober 2010 reiste vi p\u00e5 hytta. Det bl\u00e5ste veldig.<br \/>\n<img loading=\"lazy\" src=\"http:\/\/tveitosida.no\/wp-content\/uploads\/eksingedal_folder\/eksingedal10\/IMG_2824.jpg\" width=\"600\" height=\"400\" border=\"0\" \/><\/p>\n<p><img loading=\"lazy\" src=\"http:\/\/tveitosida.no\/wp-content\/uploads\/eksingedal_folder\/eksingedal10\/IMG_2821.jpg\" width=\"600\" height=\"400\" border=\"0\" \/><\/p>\n<p><img loading=\"lazy\" src=\"http:\/\/tveitosida.no\/wp-content\/uploads\/eksingedal_folder\/eksingedal10\/IMG_2828.jpg\" width=\"600\" height=\"400\" border=\"0\" \/><\/p>\n<p>Ser inn p\u00e5 Raudberget<br \/>\n<img loading=\"lazy\" src=\"http:\/\/tveitosida.no\/wp-content\/uploads\/eksingedal_folder\/eksingedal10\/IMG_2833.jpg\" width=\"600\" height=\"400\" border=\"0\" \/><\/p>\n<p>Skjerjevatnet<br \/>\n<img loading=\"lazy\" src=\"http:\/\/tveitosida.no\/wp-content\/uploads\/eksingedal_folder\/eksingedal10\/IMG_2834.jpg\" width=\"600\" height=\"400\" border=\"0\" \/><\/p>\n<p><img loading=\"lazy\" src=\"http:\/\/tveitosida.no\/wp-content\/uploads\/eksingedal_folder\/eksingedal10\/IMG_2836.jpg\" width=\"600\" height=\"400\" border=\"0\" \/><\/p>\n<p><img loading=\"lazy\" src=\"http:\/\/tveitosida.no\/wp-content\/uploads\/eksingedal_folder\/eksingedal10\/IMG_2844.jpg\" width=\"600\" height=\"400\" border=\"0\" \/><\/p>\n<p><img loading=\"lazy\" src=\"http:\/\/tveitosida.no\/wp-content\/uploads\/eksingedal_folder\/eksingedal10\/IMG_2845.jpg\" width=\"600\" height=\"400\" border=\"0\" \/><\/p>\n<p><img loading=\"lazy\" src=\"http:\/\/tveitosida.no\/wp-content\/uploads\/eksingedal_folder\/eksingedal10\/IMG_2848.jpg\" width=\"600\" height=\"400\" border=\"0\" \/><\/p>\n<p><img loading=\"lazy\" src=\"http:\/\/tveitosida.no\/wp-content\/uploads\/eksingedal_folder\/eksingedal10\/IMG_2853.jpg\" width=\"600\" height=\"400\" border=\"0\" \/><\/p>\n<p><img loading=\"lazy\" src=\"http:\/\/tveitosida.no\/wp-content\/uploads\/eksingedal_folder\/eksingedal10\/IMG_2857.jpg\" width=\"600\" height=\"400\" border=\"0\" \/><\/p>\n<p><img loading=\"lazy\" src=\"http:\/\/tveitosida.no\/wp-content\/uploads\/eksingedal_folder\/eksingedal10\/IMG_2866.jpg\" width=\"600\" height=\"400\" border=\"0\" \/><\/p>\n<p>Turen opp gjekk via Evanger og over fjellet til Nesheim.<br \/>\n<img loading=\"lazy\" src=\"http:\/\/tveitosida.no\/wp-content\/uploads\/eksingedal_folder\/eksingedal10\/IMG_7769.jpg\" width=\"600\" height=\"450\" border=\"0\" \/><\/p>\n<p><img loading=\"lazy\" src=\"http:\/\/tveitosida.no\/wp-content\/uploads\/eksingedal_folder\/eksingedal10\/IMG_7770.jpg\" width=\"600\" height=\"450\" border=\"0\" \/><\/p>\n<p><img loading=\"lazy\" src=\"http:\/\/tveitosida.no\/wp-content\/uploads\/eksingedal_folder\/eksingedal10\/IMG_7772.jpg\" width=\"600\" height=\"450\" border=\"0\" \/><\/p>\n<p><img loading=\"lazy\" src=\"http:\/\/tveitosida.no\/wp-content\/uploads\/eksingedal_folder\/eksingedal10\/IMG_7773.jpg\" width=\"600\" height=\"450\" border=\"0\" \/><\/p>\n<p><img loading=\"lazy\" src=\"http:\/\/tveitosida.no\/wp-content\/uploads\/eksingedal_folder\/eksingedal10\/IMG_7775.jpg\" width=\"600\" height=\"450\" border=\"0\" \/><\/p>\n<p><img loading=\"lazy\" src=\"http:\/\/tveitosida.no\/wp-content\/uploads\/eksingedal_folder\/eksingedal10\/IMG_7781.jpg\" width=\"600\" height=\"450\" border=\"0\" \/><\/p>\n<p>Heim igjen var det mykje blader i vegen.<br \/>\n<img loading=\"lazy\" src=\"http:\/\/tveitosida.no\/wp-content\/uploads\/eksingedal_folder\/eksingedal10\/IMG_7796.jpg\" width=\"600\" height=\"450\" border=\"0\" \/><\/p>\n<p><img loading=\"lazy\" src=\"http:\/\/tveitosida.no\/wp-content\/uploads\/eksingedal_folder\/eksingedal10\/IMG_7800.jpg\" width=\"600\" height=\"450\" border=\"0\" \/><\/p>\n<p><img loading=\"lazy\" src=\"http:\/\/tveitosida.no\/wp-content\/uploads\/eksingedal_folder\/eksingedal10\/IMG_7804.jpg\" width=\"600\" height=\"450\" border=\"0\" \/><\/p>\n","protected":false},"excerpt":{"rendered":"<p>Oktober 2010 reiste vi p\u00e5 hytta. Det bl\u00e5ste veldig. Ser inn p\u00e5 Raudberget Skjerjevatnet Turen opp gjekk via Evanger og over fjellet til Nesheim. Heim igjen var det mykje blader i vegen.<\/p>\n","protected":false},"author":1,"featured_media":0,"parent":0,"menu_order":0,"comment_status":"closed","ping_status":"closed","template":"","meta":[],"_links":{"self":[{"href":"https:\/\/tveitosida.no\/index.php\/wp-json\/wp\/v2\/pages\/1878"}],"collection":[{"href":"https:\/\/tveitosida.no\/index.php\/wp-json\/wp\/v2\/pages"}],"about":[{"href":"https:\/\/tveitosida.no\/index.php\/wp-json\/wp\/v2\/types\/page"}],"author":[{"embeddable":true,"href":"https:\/\/tveitosida.no\/index.php\/wp-json\/wp\/v2\/users\/1"}],"replies":[{"embeddable":true,"href":"https:\/\/tveitosida.no\/index.php\/wp-json\/wp\/v2\/comments?post=1878"}],"version-history":[{"count":3,"href":"https:\/\/tveitosida.no\/index.php\/wp-json\/wp\/v2\/pages\/1878\/revisions"}],"predecessor-version":[{"id":1881,"href":"https:\/\/tveitosida.no\/index.php\/wp-json\/wp\/v2\/pages\/1878\/revisions\/1881"}],"wp:attachment":[{"href":"https:\/\/tveitosida.no\/index.php\/wp-json\/wp\/v2\/media?parent=1878"}],"curies":[{"name":"wp","href":"https:\/\/api.w.org\/{rel}","templated":true}]}}