{"id":1747,"date":"2020-11-01T16:12:52","date_gmt":"2020-11-01T16:12:52","guid":{"rendered":"http:\/\/tveitosida.no\/?page_id=1747"},"modified":"2020-11-02T20:17:50","modified_gmt":"2020-11-02T20:17:50","slug":"eksingedalen-09","status":"publish","type":"page","link":"https:\/\/tveitosida.no\/index.php\/eksingedalen-09\/","title":{"rendered":"Eksingedalen &#8217;09"},"content":{"rendered":"<p>Eksingedalen hausten &#8217;09. Tur fra Beinhelleren inn mot Kalvedalsvatnet der sauene g\u00e5r.<br \/>\n<img loading=\"lazy\" src=\"http:\/\/tveitosida.no\/wp-content\/uploads\/eksingedal_folder\/eksingedal09\/IMG_4404.jpg\" width=\"600\" height=\"450\" border=\"0\" \/><\/p>\n<p><img loading=\"lazy\" src=\"http:\/\/tveitosida.no\/wp-content\/uploads\/eksingedal_folder\/eksingedal09\/IMG_4405.jpg\" width=\"600\" height=\"450\" border=\"0\" \/><\/p>\n<p><img loading=\"lazy\" src=\"http:\/\/tveitosida.no\/wp-content\/uploads\/eksingedal_folder\/eksingedal09\/IMG_4407.jpg\" width=\"600\" height=\"450\" border=\"0\" \/><\/p>\n<p><img loading=\"lazy\" src=\"http:\/\/tveitosida.no\/wp-content\/uploads\/eksingedal_folder\/eksingedal09\/IMG_4412.jpg\" width=\"600\" height=\"450\" border=\"0\" \/><\/p>\n<p><img loading=\"lazy\" src=\"http:\/\/tveitosida.no\/wp-content\/uploads\/eksingedal_folder\/eksingedal09\/IMG_4413.jpg\" width=\"600\" height=\"450\" border=\"0\" \/><\/p>\n<p><img loading=\"lazy\" src=\"http:\/\/tveitosida.no\/wp-content\/uploads\/eksingedal_folder\/eksingedal09\/IMG_4414.jpg\" width=\"600\" height=\"450\" border=\"0\" \/><\/p>\n<p><img loading=\"lazy\" src=\"http:\/\/tveitosida.no\/wp-content\/uploads\/eksingedal_folder\/eksingedal09\/IMG_4420.jpg\" width=\"600\" height=\"450\" border=\"0\" \/><\/p>\n<p><img loading=\"lazy\" src=\"http:\/\/tveitosida.no\/wp-content\/uploads\/eksingedal_folder\/eksingedal09\/IMG_4423.jpg\" width=\"600\" height=\"450\" border=\"0\" \/><\/p>\n<p>Bl\u00e5b\u00e6r<br \/>\n<img loading=\"lazy\" src=\"http:\/\/tveitosida.no\/wp-content\/uploads\/eksingedal_folder\/eksingedal09\/IMG_4425.jpg\" width=\"600\" height=\"450\" border=\"0\" \/><\/p>\n<p>Krekeb\u00e6r<br \/>\n<img loading=\"lazy\" src=\"http:\/\/tveitosida.no\/wp-content\/uploads\/eksingedal_folder\/eksingedal09\/IMG_4426.jpg\" width=\"600\" height=\"450\" border=\"0\" \/><\/p>\n<p><img loading=\"lazy\" src=\"http:\/\/tveitosida.no\/wp-content\/uploads\/eksingedal_folder\/eksingedal09\/IMG_4428.jpg\" width=\"600\" height=\"450\" border=\"0\" \/><\/p>\n<p><img loading=\"lazy\" src=\"http:\/\/tveitosida.no\/wp-content\/uploads\/eksingedal_folder\/eksingedal09\/IMG_4433.jpg\" width=\"600\" height=\"450\" border=\"0\" \/><\/p>\n<p><img loading=\"lazy\" src=\"http:\/\/tveitosida.no\/wp-content\/uploads\/eksingedal_folder\/eksingedal09\/IMG_4438.jpg\" width=\"600\" height=\"450\" border=\"0\" \/><\/p>\n<p><img loading=\"lazy\" src=\"http:\/\/tveitosida.no\/wp-content\/uploads\/eksingedal_folder\/eksingedal09\/IMG_4439.jpg\" width=\"600\" height=\"450\" border=\"0\" \/><\/p>\n<p><img loading=\"lazy\" src=\"http:\/\/tveitosida.no\/wp-content\/uploads\/eksingedal_folder\/eksingedal09\/IMG_4441.jpg\" width=\"600\" height=\"450\" border=\"0\" \/><\/p>\n<p><img loading=\"lazy\" src=\"http:\/\/tveitosida.no\/wp-content\/uploads\/eksingedal_folder\/eksingedal09\/IMG_4443.jpg\" width=\"600\" height=\"450\" border=\"0\" \/><\/p>\n<p><img loading=\"lazy\" src=\"http:\/\/tveitosida.no\/wp-content\/uploads\/eksingedal_folder\/eksingedal09\/IMG_4444.jpg\" width=\"600\" height=\"450\" border=\"0\" \/><\/p>\n<p><img loading=\"lazy\" src=\"http:\/\/tveitosida.no\/wp-content\/uploads\/eksingedal_folder\/eksingedal09\/IMG_4445.jpg\" width=\"600\" height=\"450\" border=\"0\" \/><\/p>\n<p><img loading=\"lazy\" src=\"http:\/\/tveitosida.no\/wp-content\/uploads\/eksingedal_folder\/eksingedal09\/IMG_4447.jpg\" width=\"600\" height=\"450\" border=\"0\" \/><\/p>\n<p><img loading=\"lazy\" src=\"http:\/\/tveitosida.no\/wp-content\/uploads\/eksingedal_folder\/eksingedal09\/IMG_4449.jpg\" width=\"600\" height=\"450\" border=\"0\" \/><\/p>\n<p><img loading=\"lazy\" src=\"http:\/\/tveitosida.no\/wp-content\/uploads\/eksingedal_folder\/eksingedal09\/IMG_4452.jpg\" width=\"600\" height=\"450\" border=\"0\" \/><\/p>\n<p><img loading=\"lazy\" src=\"http:\/\/tveitosida.no\/wp-content\/uploads\/eksingedal_folder\/eksingedal09\/IMG_4453.jpg\" width=\"600\" height=\"450\" border=\"0\" \/><\/p>\n<p><img loading=\"lazy\" src=\"http:\/\/tveitosida.no\/wp-content\/uploads\/eksingedal_folder\/eksingedal09\/IMG_4454.jpg\" width=\"600\" height=\"450\" border=\"0\" \/><\/p>\n<p><img loading=\"lazy\" src=\"http:\/\/tveitosida.no\/wp-content\/uploads\/eksingedal_folder\/eksingedal09\/IMG_4458.jpg\" width=\"600\" height=\"450\" border=\"0\" \/><\/p>\n<p><img loading=\"lazy\" src=\"http:\/\/tveitosida.no\/wp-content\/uploads\/eksingedal_folder\/eksingedal09\/IMG_4459.jpg\" width=\"600\" height=\"450\" border=\"0\" \/><\/p>\n<p><img loading=\"lazy\" src=\"http:\/\/tveitosida.no\/wp-content\/uploads\/eksingedal_folder\/eksingedal09\/IMG_4460.jpg\" width=\"600\" height=\"450\" border=\"0\" \/><\/p>\n<p><img loading=\"lazy\" src=\"http:\/\/tveitosida.no\/wp-content\/uploads\/eksingedal_folder\/eksingedal09\/IMG_4462.jpg\" width=\"600\" height=\"450\" border=\"0\" \/><\/p>\n<p><img loading=\"lazy\" src=\"http:\/\/tveitosida.no\/wp-content\/uploads\/eksingedal_folder\/eksingedal09\/IMG_4464.jpg\" width=\"600\" height=\"450\" border=\"0\" \/><\/p>\n<p><img loading=\"lazy\" src=\"http:\/\/tveitosida.no\/wp-content\/uploads\/eksingedal_folder\/eksingedal09\/IMG_4467.jpg\" width=\"600\" height=\"450\" border=\"0\" \/><\/p>\n<p><img loading=\"lazy\" src=\"http:\/\/tveitosida.no\/wp-content\/uploads\/eksingedal_folder\/eksingedal09\/IMG_4474.jpg\" width=\"600\" height=\"450\" border=\"0\" \/><\/p>\n<p><img loading=\"lazy\" src=\"http:\/\/tveitosida.no\/wp-content\/uploads\/eksingedal_folder\/eksingedal09\/IMG_4478.jpg\" width=\"600\" height=\"450\" border=\"0\" \/><\/p>\n<p><img loading=\"lazy\" src=\"http:\/\/tveitosida.no\/wp-content\/uploads\/eksingedal_folder\/eksingedal09\/IMG_4479.jpg\" width=\"600\" height=\"450\" border=\"0\" \/><\/p>\n<p><img loading=\"lazy\" src=\"http:\/\/tveitosida.no\/wp-content\/uploads\/eksingedal_folder\/eksingedal09\/IMG_4480.jpg\" width=\"600\" height=\"450\" border=\"0\" \/><\/p>\n<p><img loading=\"lazy\" src=\"http:\/\/tveitosida.no\/wp-content\/uploads\/eksingedal_folder\/eksingedal09\/IMG_4481.jpg\" width=\"600\" height=\"450\" border=\"0\" \/><\/p>\n<p><img loading=\"lazy\" src=\"http:\/\/tveitosida.no\/wp-content\/uploads\/eksingedal_folder\/eksingedal09\/IMG_4482.jpg\" width=\"600\" height=\"450\" border=\"0\" \/><\/p>\n<p><img loading=\"lazy\" src=\"http:\/\/tveitosida.no\/wp-content\/uploads\/eksingedal_folder\/eksingedal09\/IMG_4485.jpg\" width=\"600\" height=\"450\" border=\"0\" \/><\/p>\n<p><img loading=\"lazy\" src=\"http:\/\/tveitosida.no\/wp-content\/uploads\/eksingedal_folder\/eksingedal09\/IMG_4486.jpg\" width=\"600\" height=\"450\" border=\"0\" \/><\/p>\n<p><img loading=\"lazy\" src=\"http:\/\/tveitosida.no\/wp-content\/uploads\/eksingedal_folder\/eksingedal09\/IMG_4488.jpg\" width=\"600\" height=\"450\" border=\"0\" \/><\/p>\n<p><img loading=\"lazy\" src=\"http:\/\/tveitosida.no\/wp-content\/uploads\/eksingedal_folder\/eksingedal09\/IMG_4489.jpg\" width=\"600\" height=\"450\" border=\"0\" \/><\/p>\n<p><img loading=\"lazy\" src=\"http:\/\/tveitosida.no\/wp-content\/uploads\/eksingedal_folder\/eksingedal09\/IMG_4492.jpg\" width=\"600\" height=\"450\" border=\"0\" \/><\/p>\n<p><img loading=\"lazy\" src=\"http:\/\/tveitosida.no\/wp-content\/uploads\/eksingedal_folder\/eksingedal09\/IMG_4493.jpg\" width=\"600\" height=\"450\" border=\"0\" \/><\/p>\n<p><img loading=\"lazy\" src=\"http:\/\/tveitosida.no\/wp-content\/uploads\/eksingedal_folder\/eksingedal09\/IMG_4496.jpg\" width=\"600\" height=\"450\" border=\"0\" \/><\/p>\n<p><img loading=\"lazy\" src=\"http:\/\/tveitosida.no\/wp-content\/uploads\/eksingedal_folder\/eksingedal09\/IMG_4498.jpg\" width=\"600\" height=\"450\" border=\"0\" \/><\/p>\n<p><img loading=\"lazy\" src=\"http:\/\/tveitosida.no\/wp-content\/uploads\/eksingedal_folder\/eksingedal09\/IMG_4499.jpg\" width=\"600\" height=\"450\" border=\"0\" \/><\/p>\n<p><img loading=\"lazy\" src=\"http:\/\/tveitosida.no\/wp-content\/uploads\/eksingedal_folder\/eksingedal09\/IMG_4509.jpg\" width=\"600\" height=\"450\" border=\"0\" \/><\/p>\n<p><img loading=\"lazy\" src=\"http:\/\/tveitosida.no\/wp-content\/uploads\/eksingedal_folder\/eksingedal09\/IMG_4511.jpg\" width=\"600\" height=\"450\" border=\"0\" \/><\/p>\n<p><img loading=\"lazy\" src=\"http:\/\/tveitosida.no\/wp-content\/uploads\/eksingedal_folder\/eksingedal09\/IMG_4513.jpg\" width=\"600\" height=\"450\" border=\"0\" \/><\/p>\n<p><img loading=\"lazy\" src=\"http:\/\/tveitosida.no\/wp-content\/uploads\/eksingedal_folder\/eksingedal09\/IMG_4514.jpg\" width=\"600\" height=\"450\" border=\"0\" \/><\/p>\n<p><img loading=\"lazy\" src=\"http:\/\/tveitosida.no\/wp-content\/uploads\/eksingedal_folder\/eksingedal09\/IMG_4519.jpg\" width=\"600\" height=\"450\" border=\"0\" \/><\/p>\n<p><img loading=\"lazy\" src=\"http:\/\/tveitosida.no\/wp-content\/uploads\/eksingedal_folder\/eksingedal09\/IMG_4521.jpg\" width=\"600\" height=\"450\" border=\"0\" \/><\/p>\n<p><img loading=\"lazy\" src=\"http:\/\/tveitosida.no\/wp-content\/uploads\/eksingedal_folder\/eksingedal09\/IMG_4522.jpg\" width=\"600\" height=\"450\" border=\"0\" \/><\/p>\n<p><img loading=\"lazy\" src=\"http:\/\/tveitosida.no\/wp-content\/uploads\/eksingedal_folder\/eksingedal09\/IMG_4527.jpg\" width=\"600\" height=\"450\" border=\"0\" \/><\/p>\n<p>Sauesanking<\/p>\n<p><img loading=\"lazy\" src=\"http:\/\/tveitosida.no\/wp-content\/uploads\/eksingedal_folder\/eksingedal09\/IMG_7034.jpg\" width=\"600\" height=\"450\" border=\"0\" \/><\/p>\n<p><img loading=\"lazy\" src=\"http:\/\/tveitosida.no\/wp-content\/uploads\/eksingedal_folder\/eksingedal09\/IMG_7037.jpg\" width=\"600\" height=\"450\" border=\"0\" \/><\/p>\n<p><img loading=\"lazy\" src=\"http:\/\/tveitosida.no\/wp-content\/uploads\/eksingedal_folder\/eksingedal09\/IMG_7039.jpg\" width=\"600\" height=\"450\" border=\"0\" \/><\/p>\n<p><img loading=\"lazy\" src=\"http:\/\/tveitosida.no\/wp-content\/uploads\/eksingedal_folder\/eksingedal09\/IMG_7050.jpg\" width=\"600\" height=\"450\" border=\"0\" \/><\/p>\n<p><img loading=\"lazy\" src=\"http:\/\/tveitosida.no\/wp-content\/uploads\/eksingedal_folder\/eksingedal09\/IMG_7052.jpg\" width=\"600\" height=\"450\" border=\"0\" \/><\/p>\n<p><img loading=\"lazy\" src=\"http:\/\/tveitosida.no\/wp-content\/uploads\/eksingedal_folder\/eksingedal09\/IMG_7055.jpg\" width=\"600\" height=\"450\" border=\"0\" \/><\/p>\n<p><img loading=\"lazy\" src=\"http:\/\/tveitosida.no\/wp-content\/uploads\/eksingedal_folder\/eksingedal09\/IMG_7062.jpg\" width=\"600\" height=\"450\" border=\"0\" \/><\/p>\n<p><img loading=\"lazy\" src=\"http:\/\/tveitosida.no\/wp-content\/uploads\/eksingedal_folder\/eksingedal09\/IMG_7065.jpg\" width=\"600\" height=\"450\" border=\"0\" \/><\/p>\n<p><img loading=\"lazy\" src=\"http:\/\/tveitosida.no\/wp-content\/uploads\/eksingedal_folder\/eksingedal09\/IMG_7067.jpg\" width=\"600\" height=\"450\" border=\"0\" \/><\/p>\n<p><img loading=\"lazy\" src=\"http:\/\/tveitosida.no\/wp-content\/uploads\/eksingedal_folder\/eksingedal09\/IMG_7068.jpg\" width=\"600\" height=\"450\" border=\"0\" \/><\/p>\n<p><img loading=\"lazy\" src=\"http:\/\/tveitosida.no\/wp-content\/uploads\/eksingedal_folder\/eksingedal09\/IMG_7071.jpg\" width=\"600\" height=\"450\" border=\"0\" \/><\/p>\n<p><img loading=\"lazy\" src=\"http:\/\/tveitosida.no\/wp-content\/uploads\/eksingedal_folder\/eksingedal09\/IMG_7077.jpg\" width=\"600\" height=\"450\" border=\"0\" \/><\/p>\n<p><img loading=\"lazy\" src=\"http:\/\/tveitosida.no\/wp-content\/uploads\/eksingedal_folder\/eksingedal09\/IMG_7080.jpg\" width=\"600\" height=\"450\" border=\"0\" \/><\/p>\n<p><img loading=\"lazy\" src=\"http:\/\/tveitosida.no\/wp-content\/uploads\/eksingedal_folder\/eksingedal09\/IMG_7082.jpg\" width=\"600\" height=\"450\" border=\"0\" \/><\/p>\n<p><img loading=\"lazy\" src=\"http:\/\/tveitosida.no\/wp-content\/uploads\/eksingedal_folder\/eksingedal09\/IMG_7086.jpg\" width=\"600\" height=\"450\" border=\"0\" \/><\/p>\n<p><img loading=\"lazy\" src=\"http:\/\/tveitosida.no\/wp-content\/uploads\/eksingedal_folder\/eksingedal09\/IMG_7087.jpg\" width=\"600\" height=\"450\" border=\"0\" \/><\/p>\n<p><img loading=\"lazy\" src=\"http:\/\/tveitosida.no\/wp-content\/uploads\/eksingedal_folder\/eksingedal09\/IMG_7096.jpg\" width=\"600\" height=\"450\" border=\"0\" \/><\/p>\n<p><img loading=\"lazy\" src=\"http:\/\/tveitosida.no\/wp-content\/uploads\/eksingedal_folder\/eksingedal09\/IMG_7100.jpg\" width=\"600\" height=\"450\" border=\"0\" \/><\/p>\n<p><img loading=\"lazy\" src=\"http:\/\/tveitosida.no\/wp-content\/uploads\/eksingedal_folder\/eksingedal09\/IMG_7101.jpg\" width=\"600\" height=\"450\" border=\"0\" \/><\/p>\n<p><img loading=\"lazy\" src=\"http:\/\/tveitosida.no\/wp-content\/uploads\/eksingedal_folder\/eksingedal09\/IMG_7102.jpg\" width=\"600\" height=\"450\" border=\"0\" \/><\/p>\n<p><img loading=\"lazy\" src=\"http:\/\/tveitosida.no\/wp-content\/uploads\/eksingedal_folder\/eksingedal09\/IMG_7103.jpg\" width=\"600\" height=\"450\" border=\"0\" \/><\/p>\n<p><img loading=\"lazy\" src=\"http:\/\/tveitosida.no\/wp-content\/uploads\/eksingedal_folder\/eksingedal09\/IMG_7107.jpg\" width=\"600\" height=\"450\" border=\"0\" \/><\/p>\n<p><img loading=\"lazy\" src=\"http:\/\/tveitosida.no\/wp-content\/uploads\/eksingedal_folder\/eksingedal09\/IMG_7109.jpg\" width=\"600\" height=\"450\" border=\"0\" \/><\/p>\n<p><img loading=\"lazy\" src=\"http:\/\/tveitosida.no\/wp-content\/uploads\/eksingedal_folder\/eksingedal09\/IMG_7117.jpg\" width=\"600\" height=\"450\" border=\"0\" \/><\/p>\n<p><img loading=\"lazy\" src=\"http:\/\/tveitosida.no\/wp-content\/uploads\/eksingedal_folder\/eksingedal09\/IMG_7119.jpg\" width=\"600\" height=\"450\" border=\"0\" \/><\/p>\n<p><img loading=\"lazy\" src=\"http:\/\/tveitosida.no\/wp-content\/uploads\/eksingedal_folder\/eksingedal09\/IMG_7120.jpg\" width=\"600\" height=\"450\" border=\"0\" \/><\/p>\n<p><img loading=\"lazy\" src=\"http:\/\/tveitosida.no\/wp-content\/uploads\/eksingedal_folder\/eksingedal09\/IMG_7121.jpg\" width=\"600\" height=\"450\" border=\"0\" \/><\/p>\n<p><img loading=\"lazy\" src=\"http:\/\/tveitosida.no\/wp-content\/uploads\/eksingedal_folder\/eksingedal09\/IMG_7122.jpg\" width=\"600\" height=\"450\" border=\"0\" \/><\/p>\n<p><img loading=\"lazy\" src=\"http:\/\/tveitosida.no\/wp-content\/uploads\/eksingedal_folder\/eksingedal09\/IMG_7125.jpg\" width=\"600\" height=\"450\" border=\"0\" \/><\/p>\n<p><img loading=\"lazy\" src=\"http:\/\/tveitosida.no\/wp-content\/uploads\/eksingedal_folder\/eksingedal09\/IMG_7127.jpg\" width=\"600\" height=\"450\" border=\"0\" \/><\/p>\n<p><img loading=\"lazy\" src=\"http:\/\/tveitosida.no\/wp-content\/uploads\/eksingedal_folder\/eksingedal09\/IMG_7128.jpg\" width=\"600\" height=\"450\" border=\"0\" \/><\/p>\n<p><img loading=\"lazy\" src=\"http:\/\/tveitosida.no\/wp-content\/uploads\/eksingedal_folder\/eksingedal09\/IMG_7131.jpg\" width=\"600\" height=\"450\" border=\"0\" \/><\/p>\n<p><img loading=\"lazy\" src=\"http:\/\/tveitosida.no\/wp-content\/uploads\/eksingedal_folder\/eksingedal09\/IMG_7133.jpg\" width=\"600\" height=\"450\" border=\"0\" \/><\/p>\n<p><img loading=\"lazy\" src=\"http:\/\/tveitosida.no\/wp-content\/uploads\/eksingedal_folder\/eksingedal09\/IMG_7153.jpg\" width=\"600\" height=\"450\" border=\"0\" \/><\/p>\n<p><img loading=\"lazy\" src=\"http:\/\/tveitosida.no\/wp-content\/uploads\/eksingedal_folder\/eksingedal09\/IMG_7162.jpg\" width=\"600\" height=\"450\" border=\"0\" \/><\/p>\n<p>Raudberget<br \/>\n<img loading=\"lazy\" src=\"http:\/\/tveitosida.no\/wp-content\/uploads\/eksingedal_folder\/eksingedal09\/IMG_7166.jpg\" width=\"600\" height=\"450\" border=\"0\" \/><\/p>\n<p><img loading=\"lazy\" src=\"http:\/\/tveitosida.no\/wp-content\/uploads\/eksingedal_folder\/eksingedal09\/IMG_7167.jpg\" width=\"600\" height=\"450\" border=\"0\" \/><\/p>\n<p><img loading=\"lazy\" src=\"http:\/\/tveitosida.no\/wp-content\/uploads\/eksingedal_folder\/eksingedal09\/IMG_7169.jpg\" width=\"600\" height=\"450\" border=\"0\" \/><\/p>\n<p><img loading=\"lazy\" src=\"http:\/\/tveitosida.no\/wp-content\/uploads\/eksingedal_folder\/eksingedal09\/IMG_7170.jpg\" width=\"600\" height=\"450\" border=\"0\" \/><\/p>\n<p><img loading=\"lazy\" src=\"http:\/\/tveitosida.no\/wp-content\/uploads\/eksingedal_folder\/eksingedal09\/IMG_7171.jpg\" width=\"600\" height=\"450\" border=\"0\" \/><\/p>\n<p><img loading=\"lazy\" src=\"http:\/\/tveitosida.no\/wp-content\/uploads\/eksingedal_folder\/eksingedal09\/IMG_7175.jpg\" width=\"600\" height=\"450\" border=\"0\" \/><\/p>\n<p><img loading=\"lazy\" src=\"http:\/\/tveitosida.no\/wp-content\/uploads\/eksingedal_folder\/eksingedal09\/IMG_7176.jpg\" width=\"600\" height=\"450\" border=\"0\" \/><\/p>\n<p><img loading=\"lazy\" src=\"http:\/\/tveitosida.no\/wp-content\/uploads\/eksingedal_folder\/eksingedal09\/IMG_7178.jpg\" width=\"600\" height=\"450\" border=\"0\" \/><\/p>\n<p><img loading=\"lazy\" src=\"http:\/\/tveitosida.no\/wp-content\/uploads\/eksingedal_folder\/eksingedal09\/IMG_7186.jpg\" width=\"600\" height=\"450\" border=\"0\" \/><\/p>\n<p><img loading=\"lazy\" src=\"http:\/\/tveitosida.no\/wp-content\/uploads\/eksingedal_folder\/eksingedal09\/IMG_7188.jpg\" width=\"600\" height=\"450\" border=\"0\" \/><\/p>\n","protected":false},"excerpt":{"rendered":"<p>Eksingedalen hausten &#8217;09. Tur fra Beinhelleren inn mot Kalvedalsvatnet der sauene g\u00e5r. Bl\u00e5b\u00e6r Krekeb\u00e6r Sauesanking Raudberget<\/p>\n","protected":false},"author":1,"featured_media":0,"parent":0,"menu_order":0,"comment_status":"closed","ping_status":"closed","template":"","meta":[],"_links":{"self":[{"href":"https:\/\/tveitosida.no\/index.php\/wp-json\/wp\/v2\/pages\/1747"}],"collection":[{"href":"https:\/\/tveitosida.no\/index.php\/wp-json\/wp\/v2\/pages"}],"about":[{"href":"https:\/\/tveitosida.no\/index.php\/wp-json\/wp\/v2\/types\/page"}],"author":[{"embeddable":true,"href":"https:\/\/tveitosida.no\/index.php\/wp-json\/wp\/v2\/users\/1"}],"replies":[{"embeddable":true,"href":"https:\/\/tveitosida.no\/index.php\/wp-json\/wp\/v2\/comments?post=1747"}],"version-history":[{"count":27,"href":"https:\/\/tveitosida.no\/index.php\/wp-json\/wp\/v2\/pages\/1747\/revisions"}],"predecessor-version":[{"id":2052,"href":"https:\/\/tveitosida.no\/index.php\/wp-json\/wp\/v2\/pages\/1747\/revisions\/2052"}],"wp:attachment":[{"href":"https:\/\/tveitosida.no\/index.php\/wp-json\/wp\/v2\/media?parent=1747"}],"curies":[{"name":"wp","href":"https:\/\/api.w.org\/{rel}","templated":true}]}}