{"id":1665,"date":"2020-11-01T15:57:08","date_gmt":"2020-11-01T15:57:08","guid":{"rendered":"http:\/\/tveitosida.no\/?page_id=1665"},"modified":"2020-11-01T16:10:42","modified_gmt":"2020-11-01T16:10:42","slug":"eksingedalen","status":"publish","type":"page","link":"https:\/\/tveitosida.no\/index.php\/eksingedalen\/","title":{"rendered":"Eksingedalen"},"content":{"rendered":"<p>Hytta<br \/>\n<img loading=\"lazy\" src=\"http:\/\/tveitosida.no\/wp-content\/uploads\/eksingedal_folder\/eksingedal\/141_4136Eks.jpg\" width=\"600\" height=\"400\" border=\"0\" \/><\/p>\n<p>Blyfjellet<br \/>\n<img loading=\"lazy\" src=\"http:\/\/tveitosida.no\/wp-content\/uploads\/eksingedal_folder\/eksingedal\/141_4144Eks.jpg\" width=\"600\" height=\"400\" border=\"0\" \/><\/p>\n<p><img loading=\"lazy\" src=\"http:\/\/tveitosida.no\/wp-content\/uploads\/eksingedal_folder\/eksingedal\/141_4153Eks.jpg\" width=\"600\" height=\"400\" border=\"0\" \/><\/p>\n<p><img loading=\"lazy\" src=\"http:\/\/tveitosida.no\/wp-content\/uploads\/eksingedal_folder\/eksingedal\/141_4164Eks.jpg\" width=\"600\" height=\"400\" border=\"0\" \/><\/p>\n<p><img loading=\"lazy\" src=\"http:\/\/tveitosida.no\/wp-content\/uploads\/eksingedal_folder\/eksingedal\/141_4165Eks.jpg\" width=\"600\" height=\"400\" border=\"0\" \/><\/p>\n<p><img loading=\"lazy\" src=\"http:\/\/tveitosida.no\/wp-content\/uploads\/eksingedal_folder\/eksingedal\/141_4169Eks.jpg\" width=\"600\" height=\"400\" border=\"0\" \/><\/p>\n<p><img loading=\"lazy\" src=\"http:\/\/tveitosida.no\/wp-content\/uploads\/eksingedal_folder\/eksingedal\/141_4176Eks.jpg\" width=\"600\" height=\"400\" border=\"0\" \/><\/p>\n<p><img loading=\"lazy\" src=\"http:\/\/tveitosida.no\/wp-content\/uploads\/eksingedal_folder\/eksingedal\/141_4177Eks.jpg\" width=\"600\" height=\"400\" border=\"0\" \/><\/p>\n<p><img loading=\"lazy\" src=\"http:\/\/tveitosida.no\/wp-content\/uploads\/eksingedal_folder\/eksingedal\/141_4184Eks.jpg\" width=\"600\" height=\"400\" border=\"0\" \/><\/p>\n<p><img loading=\"lazy\" src=\"http:\/\/tveitosida.no\/wp-content\/uploads\/eksingedal_folder\/eksingedal\/141_4197Eks.jpg\" width=\"600\" height=\"400\" border=\"0\" \/><\/p>\n<p>Beinhelleren<br \/>\n<img loading=\"lazy\" src=\"http:\/\/tveitosida.no\/wp-content\/uploads\/eksingedal_folder\/eksingedal10\/IMG_2820.jpg\" width=\"600\" height=\"400\" border=\"0\" \/><\/p>\n<p>Demning<br \/>\n<img loading=\"lazy\" src=\"http:\/\/tveitosida.no\/wp-content\/uploads\/eksingedal_folder\/eksingedal\/182_8295Eks.jpg\" width=\"600\" height=\"400\" border=\"0\" \/><\/p>\n<p>Vinter<br \/>\n<img loading=\"lazy\" src=\"http:\/\/tveitosida.no\/wp-content\/uploads\/eksingedal_folder\/eksingedal\/IMG_3551Eks.jpg\" width=\"600\" height=\"417\" border=\"0\" \/><\/p>\n<p>Det gamle sankegjerdet nesten nedsn\u00f8dd<br \/>\n<img loading=\"lazy\" src=\"http:\/\/tveitosida.no\/wp-content\/uploads\/eksingedal_folder\/eksingedal\/IMG_4467M.jpg\" width=\"600\" height=\"450\" border=\"0\" \/><\/p>\n<p>Sommar<br \/>\n<img loading=\"lazy\" src=\"http:\/\/tveitosida.no\/wp-content\/uploads\/eksingedal_folder\/eksingedal\/IMG_2777Eks.jpg\" width=\"600\" height=\"400\" border=\"0\" \/><\/p>\n<p>Haust<br \/>\n<img loading=\"lazy\" src=\"http:\/\/tveitosida.no\/wp-content\/uploads\/eksingedal_folder\/eksingedal\/126-2618_IMG_Eks.jpg\" width=\"600\" height=\"400\" border=\"0\" \/><\/p>\n<p><b>Hausten 2008<\/b><\/p>\n<p>Askjellsdalsvatnet<br \/>\n<img loading=\"lazy\" src=\"http:\/\/tveitosida.no\/wp-content\/uploads\/eksingedal_folder\/eksingedal\/IMG_0133Eks.jpg\" width=\"600\" height=\"400\" border=\"0\" \/><\/p>\n<p>Skjerjavatnet<br \/>\n<img loading=\"lazy\" src=\"http:\/\/tveitosida.no\/wp-content\/uploads\/eksingedal_folder\/eksingedal\/IMG_0135RREks.jpg\" width=\"600\" height=\"400\" border=\"0\" \/><\/p>\n<p><img loading=\"lazy\" src=\"http:\/\/tveitosida.no\/wp-content\/uploads\/eksingedal_folder\/eksingedal\/IMG_0137Eks.jpg\" width=\"600\" height=\"400\" border=\"0\" \/><\/p>\n<p>Holskardvatnet<br \/>\n<img loading=\"lazy\" src=\"http:\/\/tveitosida.no\/wp-content\/uploads\/eksingedal_folder\/eksingedal\/IMG_0146Eks.jpg\" width=\"600\" height=\"400\" border=\"0\" \/><\/p>\n<p>P\u00e5 Helleberget<br \/>\n<img loading=\"lazy\" src=\"http:\/\/tveitosida.no\/wp-content\/uploads\/eksingedal_folder\/eksingedal\/IMG_0159Eks.jpg\" width=\"600\" height=\"400\" border=\"0\" \/><\/p>\n<p><img loading=\"lazy\" src=\"http:\/\/tveitosida.no\/wp-content\/uploads\/eksingedal_folder\/eksingedal\/IMG_0162Eks.jpg\" width=\"600\" height=\"400\" border=\"0\" \/><\/p>\n<p><img loading=\"lazy\" src=\"http:\/\/tveitosida.no\/wp-content\/uploads\/eksingedal_folder\/eksingedal\/IMG_0168Eks.jpg\" width=\"600\" height=\"400\" border=\"0\" \/><\/p>\n<p>Beinhelleren<br \/>\n<img loading=\"lazy\" src=\"http:\/\/tveitosida.no\/wp-content\/uploads\/eksingedal_folder\/eksingedal\/IMG_6039Eks.jpg\" width=\"600\" height=\"450\" border=\"0\" \/><\/p>\n<p><img loading=\"lazy\" src=\"http:\/\/tveitosida.no\/wp-content\/uploads\/eksingedal_folder\/eksingedal\/IMG_6046Eks.jpg\" width=\"600\" height=\"450\" border=\"0\" \/><\/p>\n<p>Ved kulpen<br \/>\n<img loading=\"lazy\" src=\"http:\/\/tveitosida.no\/wp-content\/uploads\/eksingedal_folder\/eksingedal\/IMG_0189Eks.jpg\" width=\"600\" height=\"400\" border=\"0\" \/><\/p>\n<p><img loading=\"lazy\" src=\"http:\/\/tveitosida.no\/wp-content\/uploads\/eksingedal_folder\/eksingedal\/IMG_0192Eks.jpg\" width=\"600\" height=\"400\" border=\"0\" \/><\/p>\n<p><img loading=\"lazy\" src=\"http:\/\/tveitosida.no\/wp-content\/uploads\/eksingedal_folder\/eksingedal\/IMG_0197Eks.jpg\" width=\"600\" height=\"400\" border=\"0\" \/><\/p>\n<p><img loading=\"lazy\" src=\"http:\/\/tveitosida.no\/wp-content\/uploads\/eksingedal_folder\/eksingedal\/IMG_0199Eks.jpg\" width=\"600\" height=\"400\" border=\"0\" \/><\/p>\n<p>P\u00e5 veg mot sankegjerdet<br \/>\n<img loading=\"lazy\" src=\"http:\/\/tveitosida.no\/wp-content\/uploads\/eksingedal_folder\/eksingedal\/IMG_6103Eks.jpg\" width=\"600\" height=\"450\" border=\"0\" \/><\/p>\n<p><img loading=\"lazy\" src=\"http:\/\/tveitosida.no\/wp-content\/uploads\/eksingedal_folder\/eksingedal\/IMG_6108Eks.jpg\" width=\"600\" height=\"450\" border=\"0\" \/><\/p>\n<p>Ved sankegjerdet<br \/>\n<img loading=\"lazy\" src=\"http:\/\/tveitosida.no\/wp-content\/uploads\/eksingedal_folder\/eksingedal\/IMG_0208Eks.jpg\" width=\"600\" height=\"400\" border=\"0\" \/><\/p>\n<p><img loading=\"lazy\" src=\"http:\/\/tveitosida.no\/wp-content\/uploads\/eksingedal_folder\/eksingedal\/IMG_0209Eks.jpg\" width=\"600\" height=\"400\" border=\"0\" \/><\/p>\n<p><img loading=\"lazy\" src=\"http:\/\/tveitosida.no\/wp-content\/uploads\/eksingedal_folder\/eksingedal\/IMG_6179Eks.jpg\" width=\"600\" height=\"450\" border=\"0\" \/><\/p>\n<p>August\/september 2003<br \/>\n<img loading=\"lazy\" src=\"http:\/\/tveitosida.no\/wp-content\/uploads\/eksingedal_folder\/eksingedal\/123-2394_IMG.jpg\" width=\"600\" height=\"450\" border=\"0\" \/><\/p>\n<p><img loading=\"lazy\" src=\"http:\/\/tveitosida.no\/wp-content\/uploads\/eksingedal_folder\/eksingedal\/124-2401_IMG.jpg\" width=\"600\" height=\"450\" border=\"0\" \/><\/p>\n<p><img loading=\"lazy\" src=\"http:\/\/tveitosida.no\/wp-content\/uploads\/eksingedal_folder\/eksingedal\/100-0066_IMG.jpg\" width=\"600\" height=\"450\" border=\"0\" \/><\/p>\n<p><img loading=\"lazy\" src=\"http:\/\/tveitosida.no\/wp-content\/uploads\/eksingedal_folder\/eksingedal\/100-0071_IMG.jpg\" width=\"600\" height=\"450\" border=\"0\" \/><\/p>\n<p><img loading=\"lazy\" src=\"http:\/\/tveitosida.no\/wp-content\/uploads\/eksingedal_folder\/eksingedal\/100-0073_IMG.jpg\" width=\"600\" height=\"450\" border=\"0\" \/><\/p>\n<p><img loading=\"lazy\" src=\"http:\/\/tveitosida.no\/wp-content\/uploads\/eksingedal_folder\/eksingedal\/100-0074_IMG.jpg\" width=\"600\" height=\"450\" border=\"0\" \/><\/p>\n","protected":false},"excerpt":{"rendered":"<p>Hytta Blyfjellet Beinhelleren Demning Vinter Det gamle sankegjerdet nesten nedsn\u00f8dd Sommar Haust Hausten 2008 Askjellsdalsvatnet Skjerjavatnet Holskardvatnet P\u00e5 Helleberget Beinhelleren Ved kulpen P\u00e5 veg mot sankegjerdet Ved sankegjerdet August\/september 2003<\/p>\n","protected":false},"author":1,"featured_media":0,"parent":0,"menu_order":0,"comment_status":"closed","ping_status":"closed","template":"","meta":[],"_links":{"self":[{"href":"https:\/\/tveitosida.no\/index.php\/wp-json\/wp\/v2\/pages\/1665"}],"collection":[{"href":"https:\/\/tveitosida.no\/index.php\/wp-json\/wp\/v2\/pages"}],"about":[{"href":"https:\/\/tveitosida.no\/index.php\/wp-json\/wp\/v2\/types\/page"}],"author":[{"embeddable":true,"href":"https:\/\/tveitosida.no\/index.php\/wp-json\/wp\/v2\/users\/1"}],"replies":[{"embeddable":true,"href":"https:\/\/tveitosida.no\/index.php\/wp-json\/wp\/v2\/comments?post=1665"}],"version-history":[{"count":8,"href":"https:\/\/tveitosida.no\/index.php\/wp-json\/wp\/v2\/pages\/1665\/revisions"}],"predecessor-version":[{"id":1744,"href":"https:\/\/tveitosida.no\/index.php\/wp-json\/wp\/v2\/pages\/1665\/revisions\/1744"}],"wp:attachment":[{"href":"https:\/\/tveitosida.no\/index.php\/wp-json\/wp\/v2\/media?parent=1665"}],"curies":[{"name":"wp","href":"https:\/\/api.w.org\/{rel}","templated":true}]}}