{"id":1652,"date":"2020-11-01T15:33:19","date_gmt":"2020-11-01T15:33:19","guid":{"rendered":"http:\/\/tveitosida.no\/?page_id=1652"},"modified":"2020-11-01T16:12:03","modified_gmt":"2020-11-01T16:12:03","slug":"eksingedalen-dag-1","status":"publish","type":"page","link":"https:\/\/tveitosida.no\/index.php\/eksingedalen-dag-1\/","title":{"rendered":"Eksingedalen &#8217;20 dag 1"},"content":{"rendered":"\n<p>Oppe p\u00e5 Nesheimfjellet<\/p>\n\n\n\n<figure class=\"wp-block-image size-large\"><img loading=\"lazy\" width=\"2560\" height=\"1920\" src=\"http:\/\/tveitosida.no\/wp-content\/uploads\/eksingedal_folder\/eksingedal2020\/img_2105-scaled.jpg\" alt=\"\" class=\"wp-image-1637\" srcset=\"https:\/\/tveitosida.no\/wp-content\/uploads\/eksingedal_folder\/eksingedal2020\/img_2105-scaled.jpg 2560w, https:\/\/tveitosida.no\/wp-content\/uploads\/eksingedal_folder\/eksingedal2020\/img_2105-scaled-300x225.jpg 300w, https:\/\/tveitosida.no\/wp-content\/uploads\/eksingedal_folder\/eksingedal2020\/img_2105-scaled-1024x768.jpg 1024w, https:\/\/tveitosida.no\/wp-content\/uploads\/eksingedal_folder\/eksingedal2020\/img_2105-scaled-768x576.jpg 768w, https:\/\/tveitosida.no\/wp-content\/uploads\/eksingedal_folder\/eksingedal2020\/img_2105-scaled-1536x1152.jpg 1536w, https:\/\/tveitosida.no\/wp-content\/uploads\/eksingedal_folder\/eksingedal2020\/img_2105-scaled-2048x1536.jpg 2048w\" sizes=\"(max-width: 2560px) 100vw, 2560px\" \/><\/figure>\n\n\n\n<p>T\u00e5ke p\u00e5 Nesheim<\/p>\n\n\n\n<figure class=\"wp-block-image size-large\"><img loading=\"lazy\" width=\"2560\" height=\"1920\" src=\"http:\/\/tveitosida.no\/wp-content\/uploads\/eksingedal_folder\/eksingedal2020\/img_2110-scaled.jpg\" alt=\"\" class=\"wp-image-1638\" srcset=\"https:\/\/tveitosida.no\/wp-content\/uploads\/eksingedal_folder\/eksingedal2020\/img_2110-scaled.jpg 2560w, https:\/\/tveitosida.no\/wp-content\/uploads\/eksingedal_folder\/eksingedal2020\/img_2110-scaled-300x225.jpg 300w, https:\/\/tveitosida.no\/wp-content\/uploads\/eksingedal_folder\/eksingedal2020\/img_2110-scaled-1024x768.jpg 1024w, https:\/\/tveitosida.no\/wp-content\/uploads\/eksingedal_folder\/eksingedal2020\/img_2110-scaled-768x576.jpg 768w, https:\/\/tveitosida.no\/wp-content\/uploads\/eksingedal_folder\/eksingedal2020\/img_2110-scaled-1536x1152.jpg 1536w, https:\/\/tveitosida.no\/wp-content\/uploads\/eksingedal_folder\/eksingedal2020\/img_2110-scaled-2048x1536.jpg 2048w\" sizes=\"(max-width: 2560px) 100vw, 2560px\" \/><\/figure>\n\n\n\n<figure class=\"wp-block-image size-large\"><img loading=\"lazy\" width=\"2560\" height=\"1920\" src=\"http:\/\/tveitosida.no\/wp-content\/uploads\/eksingedal_folder\/eksingedal2020\/img_2115-scaled.jpg\" alt=\"\" class=\"wp-image-1639\" srcset=\"https:\/\/tveitosida.no\/wp-content\/uploads\/eksingedal_folder\/eksingedal2020\/img_2115-scaled.jpg 2560w, https:\/\/tveitosida.no\/wp-content\/uploads\/eksingedal_folder\/eksingedal2020\/img_2115-scaled-300x225.jpg 300w, https:\/\/tveitosida.no\/wp-content\/uploads\/eksingedal_folder\/eksingedal2020\/img_2115-scaled-1024x768.jpg 1024w, https:\/\/tveitosida.no\/wp-content\/uploads\/eksingedal_folder\/eksingedal2020\/img_2115-scaled-768x576.jpg 768w, https:\/\/tveitosida.no\/wp-content\/uploads\/eksingedal_folder\/eksingedal2020\/img_2115-scaled-1536x1152.jpg 1536w, https:\/\/tveitosida.no\/wp-content\/uploads\/eksingedal_folder\/eksingedal2020\/img_2115-scaled-2048x1536.jpg 2048w\" sizes=\"(max-width: 2560px) 100vw, 2560px\" \/><\/figure>\n\n\n\n<figure class=\"wp-block-image size-large\"><img loading=\"lazy\" width=\"2560\" height=\"1920\" src=\"http:\/\/tveitosida.no\/wp-content\/uploads\/eksingedal_folder\/eksingedal2020\/img_2123-scaled.jpg\" alt=\"\" class=\"wp-image-1640\" srcset=\"https:\/\/tveitosida.no\/wp-content\/uploads\/eksingedal_folder\/eksingedal2020\/img_2123-scaled.jpg 2560w, https:\/\/tveitosida.no\/wp-content\/uploads\/eksingedal_folder\/eksingedal2020\/img_2123-scaled-300x225.jpg 300w, https:\/\/tveitosida.no\/wp-content\/uploads\/eksingedal_folder\/eksingedal2020\/img_2123-scaled-1024x768.jpg 1024w, https:\/\/tveitosida.no\/wp-content\/uploads\/eksingedal_folder\/eksingedal2020\/img_2123-scaled-768x576.jpg 768w, https:\/\/tveitosida.no\/wp-content\/uploads\/eksingedal_folder\/eksingedal2020\/img_2123-scaled-1536x1152.jpg 1536w, https:\/\/tveitosida.no\/wp-content\/uploads\/eksingedal_folder\/eksingedal2020\/img_2123-scaled-2048x1536.jpg 2048w\" sizes=\"(max-width: 2560px) 100vw, 2560px\" \/><\/figure>\n\n\n\n<p>Opp i Norddalen<\/p>\n\n\n\n<figure class=\"wp-block-image size-large\"><img loading=\"lazy\" width=\"2560\" height=\"1920\" src=\"http:\/\/tveitosida.no\/wp-content\/uploads\/eksingedal_folder\/eksingedal2020\/img_2135-scaled.jpg\" alt=\"\" class=\"wp-image-1641\" srcset=\"https:\/\/tveitosida.no\/wp-content\/uploads\/eksingedal_folder\/eksingedal2020\/img_2135-scaled.jpg 2560w, https:\/\/tveitosida.no\/wp-content\/uploads\/eksingedal_folder\/eksingedal2020\/img_2135-scaled-300x225.jpg 300w, https:\/\/tveitosida.no\/wp-content\/uploads\/eksingedal_folder\/eksingedal2020\/img_2135-scaled-1024x768.jpg 1024w, https:\/\/tveitosida.no\/wp-content\/uploads\/eksingedal_folder\/eksingedal2020\/img_2135-scaled-768x576.jpg 768w, https:\/\/tveitosida.no\/wp-content\/uploads\/eksingedal_folder\/eksingedal2020\/img_2135-scaled-1536x1152.jpg 1536w, https:\/\/tveitosida.no\/wp-content\/uploads\/eksingedal_folder\/eksingedal2020\/img_2135-scaled-2048x1536.jpg 2048w\" sizes=\"(max-width: 2560px) 100vw, 2560px\" \/><\/figure>\n\n\n\n<p>Beinhellervatnet<\/p>\n\n\n\n<figure class=\"wp-block-image size-large\"><img loading=\"lazy\" width=\"2560\" height=\"1920\" src=\"http:\/\/tveitosida.no\/wp-content\/uploads\/eksingedal_folder\/eksingedal2020\/img_2137-scaled.jpg\" alt=\"\" class=\"wp-image-1642\" srcset=\"https:\/\/tveitosida.no\/wp-content\/uploads\/eksingedal_folder\/eksingedal2020\/img_2137-scaled.jpg 2560w, https:\/\/tveitosida.no\/wp-content\/uploads\/eksingedal_folder\/eksingedal2020\/img_2137-scaled-300x225.jpg 300w, https:\/\/tveitosida.no\/wp-content\/uploads\/eksingedal_folder\/eksingedal2020\/img_2137-scaled-1024x768.jpg 1024w, https:\/\/tveitosida.no\/wp-content\/uploads\/eksingedal_folder\/eksingedal2020\/img_2137-scaled-768x576.jpg 768w, https:\/\/tveitosida.no\/wp-content\/uploads\/eksingedal_folder\/eksingedal2020\/img_2137-scaled-1536x1152.jpg 1536w, https:\/\/tveitosida.no\/wp-content\/uploads\/eksingedal_folder\/eksingedal2020\/img_2137-scaled-2048x1536.jpg 2048w\" sizes=\"(max-width: 2560px) 100vw, 2560px\" \/><\/figure>\n\n\n\n<figure class=\"wp-block-image size-large\"><img loading=\"lazy\" width=\"2560\" height=\"1920\" src=\"http:\/\/tveitosida.no\/wp-content\/uploads\/eksingedal_folder\/eksingedal2020\/img_2142-scaled.jpg\" alt=\"\" class=\"wp-image-1643\" srcset=\"https:\/\/tveitosida.no\/wp-content\/uploads\/eksingedal_folder\/eksingedal2020\/img_2142-scaled.jpg 2560w, https:\/\/tveitosida.no\/wp-content\/uploads\/eksingedal_folder\/eksingedal2020\/img_2142-scaled-300x225.jpg 300w, https:\/\/tveitosida.no\/wp-content\/uploads\/eksingedal_folder\/eksingedal2020\/img_2142-scaled-1024x768.jpg 1024w, https:\/\/tveitosida.no\/wp-content\/uploads\/eksingedal_folder\/eksingedal2020\/img_2142-scaled-768x576.jpg 768w, https:\/\/tveitosida.no\/wp-content\/uploads\/eksingedal_folder\/eksingedal2020\/img_2142-scaled-1536x1152.jpg 1536w, https:\/\/tveitosida.no\/wp-content\/uploads\/eksingedal_folder\/eksingedal2020\/img_2142-scaled-2048x1536.jpg 2048w\" sizes=\"(max-width: 2560px) 100vw, 2560px\" \/><\/figure>\n\n\n\n<p>Beinhelleren<\/p>\n\n\n\n<figure class=\"wp-block-image size-large\"><img loading=\"lazy\" width=\"2560\" height=\"1920\" src=\"http:\/\/tveitosida.no\/wp-content\/uploads\/eksingedal_folder\/eksingedal2020\/img_2153-scaled.jpg\" alt=\"\" class=\"wp-image-1644\" srcset=\"https:\/\/tveitosida.no\/wp-content\/uploads\/eksingedal_folder\/eksingedal2020\/img_2153-scaled.jpg 2560w, https:\/\/tveitosida.no\/wp-content\/uploads\/eksingedal_folder\/eksingedal2020\/img_2153-scaled-300x225.jpg 300w, https:\/\/tveitosida.no\/wp-content\/uploads\/eksingedal_folder\/eksingedal2020\/img_2153-scaled-1024x768.jpg 1024w, https:\/\/tveitosida.no\/wp-content\/uploads\/eksingedal_folder\/eksingedal2020\/img_2153-scaled-768x576.jpg 768w, https:\/\/tveitosida.no\/wp-content\/uploads\/eksingedal_folder\/eksingedal2020\/img_2153-scaled-1536x1152.jpg 1536w, https:\/\/tveitosida.no\/wp-content\/uploads\/eksingedal_folder\/eksingedal2020\/img_2153-scaled-2048x1536.jpg 2048w\" sizes=\"(max-width: 2560px) 100vw, 2560px\" \/><\/figure>\n\n\n\n<figure class=\"wp-block-image size-large\"><img loading=\"lazy\" width=\"2560\" height=\"1920\" src=\"http:\/\/tveitosida.no\/wp-content\/uploads\/eksingedal_folder\/eksingedal2020\/img_2158-scaled.jpg\" alt=\"\" class=\"wp-image-1645\" srcset=\"https:\/\/tveitosida.no\/wp-content\/uploads\/eksingedal_folder\/eksingedal2020\/img_2158-scaled.jpg 2560w, https:\/\/tveitosida.no\/wp-content\/uploads\/eksingedal_folder\/eksingedal2020\/img_2158-scaled-300x225.jpg 300w, https:\/\/tveitosida.no\/wp-content\/uploads\/eksingedal_folder\/eksingedal2020\/img_2158-scaled-1024x768.jpg 1024w, https:\/\/tveitosida.no\/wp-content\/uploads\/eksingedal_folder\/eksingedal2020\/img_2158-scaled-768x576.jpg 768w, https:\/\/tveitosida.no\/wp-content\/uploads\/eksingedal_folder\/eksingedal2020\/img_2158-scaled-1536x1152.jpg 1536w, https:\/\/tveitosida.no\/wp-content\/uploads\/eksingedal_folder\/eksingedal2020\/img_2158-scaled-2048x1536.jpg 2048w\" sizes=\"(max-width: 2560px) 100vw, 2560px\" \/><\/figure>\n\n\n\n<figure class=\"wp-block-image size-large\"><img loading=\"lazy\" width=\"2560\" height=\"1920\" src=\"http:\/\/tveitosida.no\/wp-content\/uploads\/eksingedal_folder\/eksingedal2020\/img_2161-scaled.jpg\" alt=\"\" class=\"wp-image-1646\" srcset=\"https:\/\/tveitosida.no\/wp-content\/uploads\/eksingedal_folder\/eksingedal2020\/img_2161-scaled.jpg 2560w, https:\/\/tveitosida.no\/wp-content\/uploads\/eksingedal_folder\/eksingedal2020\/img_2161-scaled-300x225.jpg 300w, https:\/\/tveitosida.no\/wp-content\/uploads\/eksingedal_folder\/eksingedal2020\/img_2161-scaled-1024x768.jpg 1024w, https:\/\/tveitosida.no\/wp-content\/uploads\/eksingedal_folder\/eksingedal2020\/img_2161-scaled-768x576.jpg 768w, https:\/\/tveitosida.no\/wp-content\/uploads\/eksingedal_folder\/eksingedal2020\/img_2161-scaled-1536x1152.jpg 1536w, https:\/\/tveitosida.no\/wp-content\/uploads\/eksingedal_folder\/eksingedal2020\/img_2161-scaled-2048x1536.jpg 2048w\" sizes=\"(max-width: 2560px) 100vw, 2560px\" \/><\/figure>\n\n\n\n<figure class=\"wp-block-image size-large\"><img loading=\"lazy\" width=\"2560\" height=\"1920\" src=\"http:\/\/tveitosida.no\/wp-content\/uploads\/eksingedal_folder\/eksingedal2020\/img_2176-scaled.jpg\" alt=\"\" class=\"wp-image-1648\" srcset=\"https:\/\/tveitosida.no\/wp-content\/uploads\/eksingedal_folder\/eksingedal2020\/img_2176-scaled.jpg 2560w, https:\/\/tveitosida.no\/wp-content\/uploads\/eksingedal_folder\/eksingedal2020\/img_2176-scaled-300x225.jpg 300w, https:\/\/tveitosida.no\/wp-content\/uploads\/eksingedal_folder\/eksingedal2020\/img_2176-scaled-1024x768.jpg 1024w, https:\/\/tveitosida.no\/wp-content\/uploads\/eksingedal_folder\/eksingedal2020\/img_2176-scaled-768x576.jpg 768w, https:\/\/tveitosida.no\/wp-content\/uploads\/eksingedal_folder\/eksingedal2020\/img_2176-scaled-1536x1152.jpg 1536w, https:\/\/tveitosida.no\/wp-content\/uploads\/eksingedal_folder\/eksingedal2020\/img_2176-scaled-2048x1536.jpg 2048w\" sizes=\"(max-width: 2560px) 100vw, 2560px\" \/><\/figure>\n\n\n\n<figure class=\"wp-block-image size-large\"><img loading=\"lazy\" width=\"2560\" height=\"1920\" src=\"http:\/\/tveitosida.no\/wp-content\/uploads\/eksingedal_folder\/eksingedal2020\/img_2181-scaled.jpg\" alt=\"\" class=\"wp-image-1649\" srcset=\"https:\/\/tveitosida.no\/wp-content\/uploads\/eksingedal_folder\/eksingedal2020\/img_2181-scaled.jpg 2560w, https:\/\/tveitosida.no\/wp-content\/uploads\/eksingedal_folder\/eksingedal2020\/img_2181-scaled-300x225.jpg 300w, https:\/\/tveitosida.no\/wp-content\/uploads\/eksingedal_folder\/eksingedal2020\/img_2181-scaled-1024x768.jpg 1024w, https:\/\/tveitosida.no\/wp-content\/uploads\/eksingedal_folder\/eksingedal2020\/img_2181-scaled-768x576.jpg 768w, https:\/\/tveitosida.no\/wp-content\/uploads\/eksingedal_folder\/eksingedal2020\/img_2181-scaled-1536x1152.jpg 1536w, https:\/\/tveitosida.no\/wp-content\/uploads\/eksingedal_folder\/eksingedal2020\/img_2181-scaled-2048x1536.jpg 2048w\" sizes=\"(max-width: 2560px) 100vw, 2560px\" \/><\/figure>\n\n\n\n<p>Askjelldalsvatnet<\/p>\n\n\n\n<figure class=\"wp-block-image size-large\"><img loading=\"lazy\" width=\"2560\" height=\"1920\" src=\"http:\/\/tveitosida.no\/wp-content\/uploads\/eksingedal_folder\/eksingedal2020\/img_2183-scaled.jpg\" alt=\"\" class=\"wp-image-1650\" srcset=\"https:\/\/tveitosida.no\/wp-content\/uploads\/eksingedal_folder\/eksingedal2020\/img_2183-scaled.jpg 2560w, https:\/\/tveitosida.no\/wp-content\/uploads\/eksingedal_folder\/eksingedal2020\/img_2183-scaled-300x225.jpg 300w, https:\/\/tveitosida.no\/wp-content\/uploads\/eksingedal_folder\/eksingedal2020\/img_2183-scaled-1024x768.jpg 1024w, https:\/\/tveitosida.no\/wp-content\/uploads\/eksingedal_folder\/eksingedal2020\/img_2183-scaled-768x576.jpg 768w, https:\/\/tveitosida.no\/wp-content\/uploads\/eksingedal_folder\/eksingedal2020\/img_2183-scaled-1536x1152.jpg 1536w, https:\/\/tveitosida.no\/wp-content\/uploads\/eksingedal_folder\/eksingedal2020\/img_2183-scaled-2048x1536.jpg 2048w\" sizes=\"(max-width: 2560px) 100vw, 2560px\" \/><\/figure>\n\n\n\n<p>Sauer som venter p\u00e5 heimreis<\/p>\n\n\n\n<figure class=\"wp-block-image size-large\"><img loading=\"lazy\" width=\"2560\" height=\"1920\" src=\"http:\/\/tveitosida.no\/wp-content\/uploads\/eksingedal_folder\/eksingedal2020\/img_2193-scaled.jpg\" alt=\"\" class=\"wp-image-1651\" srcset=\"https:\/\/tveitosida.no\/wp-content\/uploads\/eksingedal_folder\/eksingedal2020\/img_2193-scaled.jpg 2560w, https:\/\/tveitosida.no\/wp-content\/uploads\/eksingedal_folder\/eksingedal2020\/img_2193-scaled-300x225.jpg 300w, https:\/\/tveitosida.no\/wp-content\/uploads\/eksingedal_folder\/eksingedal2020\/img_2193-scaled-1024x768.jpg 1024w, https:\/\/tveitosida.no\/wp-content\/uploads\/eksingedal_folder\/eksingedal2020\/img_2193-scaled-768x576.jpg 768w, https:\/\/tveitosida.no\/wp-content\/uploads\/eksingedal_folder\/eksingedal2020\/img_2193-scaled-1536x1152.jpg 1536w, https:\/\/tveitosida.no\/wp-content\/uploads\/eksingedal_folder\/eksingedal2020\/img_2193-scaled-2048x1536.jpg 2048w\" sizes=\"(max-width: 2560px) 100vw, 2560px\" \/><\/figure>\n","protected":false},"excerpt":{"rendered":"<p>Oppe p\u00e5 Nesheimfjellet T\u00e5ke p\u00e5 Nesheim Opp i Norddalen Beinhellervatnet Beinhelleren Askjelldalsvatnet Sauer som venter p\u00e5 heimreis<\/p>\n","protected":false},"author":1,"featured_media":0,"parent":0,"menu_order":0,"comment_status":"closed","ping_status":"closed","template":"","meta":[],"_links":{"self":[{"href":"https:\/\/tveitosida.no\/index.php\/wp-json\/wp\/v2\/pages\/1652"}],"collection":[{"href":"https:\/\/tveitosida.no\/index.php\/wp-json\/wp\/v2\/pages"}],"about":[{"href":"https:\/\/tveitosida.no\/index.php\/wp-json\/wp\/v2\/types\/page"}],"author":[{"embeddable":true,"href":"https:\/\/tveitosida.no\/index.php\/wp-json\/wp\/v2\/users\/1"}],"replies":[{"embeddable":true,"href":"https:\/\/tveitosida.no\/index.php\/wp-json\/wp\/v2\/comments?post=1652"}],"version-history":[{"count":6,"href":"https:\/\/tveitosida.no\/index.php\/wp-json\/wp\/v2\/pages\/1652\/revisions"}],"predecessor-version":[{"id":1745,"href":"https:\/\/tveitosida.no\/index.php\/wp-json\/wp\/v2\/pages\/1652\/revisions\/1745"}],"wp:attachment":[{"href":"https:\/\/tveitosida.no\/index.php\/wp-json\/wp\/v2\/media?parent=1652"}],"curies":[{"name":"wp","href":"https:\/\/api.w.org\/{rel}","templated":true}]}}