{"id":1516,"date":"2020-10-28T15:33:55","date_gmt":"2020-10-28T15:33:55","guid":{"rendered":"http:\/\/10.40.0.11\/?page_id=1516"},"modified":"2020-11-02T15:38:33","modified_gmt":"2020-11-02T15:38:33","slug":"gamlebatane","status":"publish","type":"page","link":"https:\/\/tveitosida.no\/index.php\/gamlebatane\/","title":{"rendered":"Gamleb\u00e5tane"},"content":{"rendered":"<p><img loading=\"lazy\" src=\"http:\/\/tveitosida.no\/wp-content\/uploads\/gamlaloa_folderen\/gmlbaatane\/Batane2.jpg\" width=\"600\" height=\"408\" border=\"0\"><\/p>\n<p>Gamleb\u00e5ten i vatnet, opp under taket i gamlal\u00f8a med ausekaret skrudd fast.<br \/>\n<img loading=\"lazy\" src=\"http:\/\/tveitosida.no\/wp-content\/uploads\/gamlaloa_folderen\/gmlbaatane\/Baaten.jpg\" width=\"600\" height=\"385\"><\/p>\n<p>S\u00e5 fekk han pensjon den gamle b\u00e5ten, og er plassert i den gamle l\u00f8a, og det fortener han etter \u00e5 ha vore eit godt framkomstmiddel i fleire generasjonar.<br \/>\nDet var Mons Tvedt som kj\u00f8pte b\u00e5ten i 1905, og f\u00f8r den tid hadde den vore brukt til frakteb\u00e5t over v\u00e5gen i Bergen. Den 17 fot lange Oselvaren vart frakta med dampb\u00e5t og h\u00f8yvogn, f\u00f8r han fekk sin stad i naustet ved Tveitavatnet.<br \/>\nFisket var f\u00f8rst og fremst om hausten, men ogs\u00e5 utp\u00e5 vinteren<br \/>\nfreista det med fersk vassfisk, og det er ikkje f\u00e5 r\u00f8yer og aurar som har havna i garna som vart sette med gamleb\u00e5ten. B\u00e5ten vart ikkje berre brukt til fiske, men ogs\u00e5 som frakteb\u00e5t for kjerrer, spadar og andre reiskapar som h\u00f8yrde til under torvtakinga. I dei tider d\u00e5 notelaget selde brislingar heime til folk i nabobygdene, var det gamleb\u00e5ten som vart brukt som transportmiddel for folk og kiper fulle av fisk, og dei unge fungerte som romaskiner. I eldre tider var det nesten ikkje skog i Tveitegardane, og ved og t\u00f8mmer m\u00e5tte difor kj\u00f8past fr\u00e5 gardar p\u00e5 andre sida av vatnet, d\u00e5 var det godt \u00e5 ha ein god b\u00e5t \u00e5 frakta i. N\u00e5r kalvane skulle p\u00e5 sommarbeite p\u00e5 ein holme i vatnet, var det ogs\u00e5 gamleb\u00e5ten som vart brukt.<br \/>\nDet var pengar \u00e5 tena p\u00e5 gamleb\u00e5ten, og b\u00e5de bymenn og spanjolar<br \/>\nhar hatt fine fisketurar med god fangst med gamleb\u00e5ten. Det var ogs\u00e5 pengar \u00e5 tena for dei som var store nok, og hadde vilje til \u00e5 ro for fiskarane.<\/p>\n<p>Jenny og B\u00e5rd<br \/>\n<img loading=\"lazy\" src=\"http:\/\/tveitosida.no\/wp-content\/uploads\/gamlaloa_folderen\/gmlbaatane\/Gmlbaaten.jpg\" width=\"600\" height=\"380\" border=\"0\"><\/p>\n<p>Birger m\/barn og Inger<br \/>\n<img loading=\"lazy\" src=\"http:\/\/tveitosida.no\/wp-content\/uploads\/gamlaloa_folderen\/gmlbaatane\/GmlBatenm.jpg\" width=\"600\" height=\"402\" border=\"0\"><\/p>\n<p>Sj\u00f8b\u00e5ten<br \/>\n<img loading=\"lazy\" src=\"http:\/\/tveitosida.no\/wp-content\/uploads\/gamlaloa_folderen\/gmlbaatane\/Sjobaten.jpg\" width=\"600\" height=\"408\" border=\"0\"><\/p>\n<p>Kva tid sj\u00f8b\u00e5ten kom i hendene p\u00e5 eigarane av bruk nummer 1 er uvisst, men at den har vore det sidan 1800-talet er heilt sikkert. Naglane i b\u00e5ten kan vitna om ein alder p\u00e5 minst 200 \u00e5r, s\u00e5 kanskje var det denne b\u00e5ten Mons Erikson H\u00f8lleland brukte d\u00e5 han kom til gards i siste delen av 1700-talet.<br \/>\nI 1903 vart Haugsdalen og Tveitegrend notelag skipa, og d\u00e5 m\u00e5tte alle b\u00e5tane takast i bruk. Notelaget hadde storb\u00e5ten \u00d8rnen og eit par mindre b\u00e5tar Abraham og Sara i tillegg til alle sm\u00e5b\u00e5tane til eigarane. N\u00e5r n\u00f8tene skulle barkast for at dei skulle fiska sild, var sj\u00f8b\u00e5ten s\u00e6rleg i bruk. Barkinga foregjekk p\u00e5 Barkholmen i ei hole i berget.<br \/>\nVegane her i omr\u00e5det kom seint, og difor var sj\u00f8b\u00e5ten det store&nbsp; framkomstmiddelet i lang tid. B\u00e5ten har tent som farkost for b\u00e5de likferd og brureferd i mange \u00e5r. N\u00e5r sauene skulle p\u00e5 fjellbeite m\u00e5tte dei roast til Kvingo. Det var naudsynt \u00e5 ha rob\u00e5t n\u00e5r ein skulle bes\u00f8ka grender som \u00c5sgard og Hindenes, og ikkje minst n\u00e5r ein skulle til handelsmannen p\u00e5 Mykinghella. I dag har b\u00e5de motorb\u00e5tar og bilar overteke b\u00e5ten si rolle p\u00e5 dette omr\u00e5det, og som vassb\u00e5ten har ogs\u00e5 sj\u00f8b\u00e5ten f\u00e5tt pensjon.<\/p>\n<p>Mange brukte b\u00e5t d\u00e5 dei skulle til kyrkja. Asbj\u00f8rn Aa sitt minne fr\u00e5 Mons sin konfirmasjonsdagen i 1927: Ho Karolina Tvedt stod i folkemengda innfor kyrkjed\u00f8ra og ordna med flettesl\u00f8yfene til Magnhild som og var konfirmant. Han hadde aldri sett s\u00e5 lange fletter.<\/p>\n<p>Nye b\u00e5ten<br \/>\n<img loading=\"lazy\" src=\"http:\/\/tveitosida.no\/wp-content\/uploads\/gamlaloa_folderen\/gmlbaatane\/IMG_5711_600.jpg\" width=\"600\" height=\"396\" border=\"0\"><\/p>\n<p><img loading=\"lazy\" src=\"http:\/\/tveitosida.no\/wp-content\/uploads\/gamlaloa_folderen\/gmlbaatane\/Nybaten.jpg\" width=\"600\" height=\"339\" border=\"0\"><\/p>\n","protected":false},"excerpt":{"rendered":"<p>Gamleb\u00e5ten i vatnet, opp under taket i gamlal\u00f8a med ausekaret skrudd fast. S\u00e5 fekk han pensjon den gamle b\u00e5ten, og er plassert i den gamle l\u00f8a, og det fortener han etter \u00e5 ha vore eit godt framkomstmiddel i fleire generasjonar. Det var Mons Tvedt som kj\u00f8pte b\u00e5ten i 1905, og f\u00f8r den tid hadde den &hellip; <a href=\"https:\/\/tveitosida.no\/index.php\/gamlebatane\/\" class=\"more-link\">Continue reading <span class=\"screen-reader-text\">Gamleb\u00e5tane<\/span> <span class=\"meta-nav\">&rarr;<\/span><\/a><\/p>\n","protected":false},"author":1,"featured_media":0,"parent":0,"menu_order":0,"comment_status":"closed","ping_status":"closed","template":"","meta":[],"_links":{"self":[{"href":"https:\/\/tveitosida.no\/index.php\/wp-json\/wp\/v2\/pages\/1516"}],"collection":[{"href":"https:\/\/tveitosida.no\/index.php\/wp-json\/wp\/v2\/pages"}],"about":[{"href":"https:\/\/tveitosida.no\/index.php\/wp-json\/wp\/v2\/types\/page"}],"author":[{"embeddable":true,"href":"https:\/\/tveitosida.no\/index.php\/wp-json\/wp\/v2\/users\/1"}],"replies":[{"embeddable":true,"href":"https:\/\/tveitosida.no\/index.php\/wp-json\/wp\/v2\/comments?post=1516"}],"version-history":[{"count":7,"href":"https:\/\/tveitosida.no\/index.php\/wp-json\/wp\/v2\/pages\/1516\/revisions"}],"predecessor-version":[{"id":1921,"href":"https:\/\/tveitosida.no\/index.php\/wp-json\/wp\/v2\/pages\/1516\/revisions\/1921"}],"wp:attachment":[{"href":"https:\/\/tveitosida.no\/index.php\/wp-json\/wp\/v2\/media?parent=1516"}],"curies":[{"name":"wp","href":"https:\/\/api.w.org\/{rel}","templated":true}]}}