{"id":1506,"date":"2020-10-28T15:32:21","date_gmt":"2020-10-28T15:32:21","guid":{"rendered":"http:\/\/10.40.0.11\/?page_id=1506"},"modified":"2020-11-02T15:58:19","modified_gmt":"2020-11-02T15:58:19","slug":"nede-i-loa","status":"publish","type":"page","link":"https:\/\/tveitosida.no\/index.php\/nede-i-loa\/","title":{"rendered":"Nede i l\u00f8a"},"content":{"rendered":"<p>Nye trappesteiner april 2010.<br \/>\n<img loading=\"lazy\" src=\"http:\/\/tveitosida.no\/wp-content\/uploads\/gamlaloa_folderen\/nedeiloa\/IMG_6071Dor.jpg\" width=\"600\" height=\"450\" border=\"0\"><\/p>\n<p>April 2010 hengte Ove opp nye bilder, og flytta ned melkeutstyret.<br \/>\n<img loading=\"lazy\" src=\"http:\/\/tveitosida.no\/wp-content\/uploads\/gamlaloa_folderen\/nedeiloa\/IMG_7656.jpg\" width=\"600\" height=\"450\" border=\"0\"><\/p>\n<p><img loading=\"lazy\" src=\"http:\/\/tveitosida.no\/wp-content\/uploads\/gamlaloa_folderen\/nedeiloa\/IMG_7658.jpg\" width=\"600\" height=\"450\" border=\"0\"><\/p>\n<p>November 2009 lagde Ove nye d\u00f8rer nede i l\u00f8a<br \/>\n<img loading=\"lazy\" src=\"http:\/\/tveitosida.no\/wp-content\/uploads\/gamlaloa_folderen\/nedeiloa\/2009\/IMG_1430.jpg\" width=\"600\" height=\"400\" border=\"0\"><\/p>\n<p><img loading=\"lazy\" src=\"http:\/\/tveitosida.no\/wp-content\/uploads\/gamlaloa_folderen\/nedeiloa\/2009\/IMG_1432.jpg\" width=\"600\" height=\"400\" border=\"0\"><\/p>\n<p>Fj\u00f8set der kyrne stod var i f\u00f8rste etasje, og det gjekk trapp fr\u00e5 l\u00f8a og ned i fj\u00f8sen. B\u00e5sane stod p\u00e5 veggen mot vest. Mot aust var det ein garde som var rekna for sau. I 1930-\u00e5ra vart fj\u00f8set ominnreidd av oldefaren min Mons Tvedt. Under denne ombygginga vart b\u00e5sane utvida og flytta ut p\u00e5 golvet, og det vart laga gj\u00f8ter til \u00e5 fora kyrne i.<br \/>\nP\u00e5 1970-tallet var det ogs\u00e5 hull i gulvet p\u00e5 andre etasje. D\u00e5 kunne ein sleppa h\u00f8yet ned gjennom det, slik at det havna rett i gj\u00f8ta til kyrne. Desse hullene er ikke laga i det nye golvet som er no.<\/p>\n<p><img loading=\"lazy\" src=\"http:\/\/tveitosida.no\/wp-content\/uploads\/gamlaloa_folderen\/nedeiloa\/2009\/IMG_7434.jpg\" width=\"600\" height=\"450\" border=\"0\"><\/p>\n<p><img loading=\"lazy\" src=\"http:\/\/tveitosida.no\/wp-content\/uploads\/gamlaloa_folderen\/nedeiloa\/2009\/IMG_1436.jpg\" width=\"300\" height=\"450\" border=\"0\"><\/p>\n<p><img loading=\"lazy\" src=\"http:\/\/tveitosida.no\/wp-content\/uploads\/gamlaloa_folderen\/nedeiloa\/2009\/IMG_1438.jpg\" width=\"600\" height=\"400\" border=\"0\"><\/p>\n<p><img loading=\"lazy\" src=\"http:\/\/tveitosida.no\/wp-content\/uploads\/gamlaloa_folderen\/nedeiloa\/2009\/IMG_7433.jpg\" width=\"600\" height=\"450\" border=\"0\"><\/p>\n<p><img loading=\"lazy\" src=\"http:\/\/tveitosida.no\/wp-content\/uploads\/gamlaloa_folderen\/nedeiloa\/2009\/IMG_7423.jpg\" width=\"600\" height=\"450\" border=\"0\"><\/p>\n<p>Jenny mater dyra.<br \/>\n<img loading=\"lazy\" src=\"http:\/\/tveitosida.no\/wp-content\/uploads\/gamlaloa_folderen\/nedeiloa\/JennyFjosen.jpg\" width=\"600\" height=\"421\" border=\"0\"><\/p>\n<p>Dette var d\u00f8ra der oksane, og i si tid kyrne, gjekk ut og inn.<br \/>\n<img loading=\"lazy\" src=\"http:\/\/tveitosida.no\/wp-content\/uploads\/gamlaloa_folderen\/nedeiloa\/Dor.jpg\" alt=\"D\u00f8ra\" width=\"526\" height=\"323\"><\/p>\n<p>Tidlegare d\u00e5 det var drift i gamlefj\u00f8sen.<img loading=\"lazy\" src=\"http:\/\/tveitosida.no\/wp-content\/uploads\/gamlaloa_folderen\/nedeiloa\/Fjosen.jpg\" width=\"300\" height=\"277\" border=\"0\"><\/p>\n<p><img loading=\"lazy\" src=\"http:\/\/tveitosida.no\/wp-content\/uploads\/gamlaloa_folderen\/nedeiloa\/Kalver.jpg\" width=\"350\" height=\"353\" border=\"0\"> Kalveb\u00e5sen<\/p>\n<p>B\u00e5rd Tvedt mater dyra.<br \/>\n<img loading=\"lazy\" src=\"http:\/\/tveitosida.no\/wp-content\/uploads\/gamlaloa_folderen\/nedeiloa\/NLoaBard.jpg\" width=\"600\" height=\"410\" border=\"0\"><\/p>\n<p>Siste okse som skulle p\u00e5 slakteriet fr\u00e5 gamlal\u00f8a.<br \/>\n<img loading=\"lazy\" src=\"http:\/\/tveitosida.no\/wp-content\/uploads\/gamlaloa_folderen\/nedeiloa\/SisteOkse.jpg\" width=\"600\" height=\"407\" border=\"0\"><\/p>\n<p>No er det rydda her i l\u00f8a. Det er satt opp 2 b\u00e5sar fr\u00e5 somarfj\u00f8sen til<br \/>\nutstilling.<br \/>\n<img loading=\"lazy\" src=\"http:\/\/tveitosida.no\/wp-content\/uploads\/gamlaloa_folderen\/nedeiloa\/IMG_4916Loa.jpg\" width=\"600\" height=\"398\" border=\"0\"><\/p>\n<p>Bilde av nokre av oksane i nyel\u00f8a ca 1985(\/86)<br \/>\n<img loading=\"lazy\" src=\"http:\/\/tveitosida.no\/wp-content\/uploads\/gamlaloa_folderen\/nedeiloa\/Dress1Nye_loa.jpg\" width=\"600\" height=\"405\" border=\"0\"><\/p>\n<p><img loading=\"lazy\" src=\"http:\/\/tveitosida.no\/wp-content\/uploads\/gamlaloa_folderen\/nedeiloa\/Dress2Nye_loa2.jpg\" width=\"600\" height=\"406\" border=\"0\"><\/p>\n","protected":false},"excerpt":{"rendered":"<p>Nye trappesteiner april 2010. April 2010 hengte Ove opp nye bilder, og flytta ned melkeutstyret. November 2009 lagde Ove nye d\u00f8rer nede i l\u00f8a Fj\u00f8set der kyrne stod var i f\u00f8rste etasje, og det gjekk trapp fr\u00e5 l\u00f8a og ned i fj\u00f8sen. B\u00e5sane stod p\u00e5 veggen mot vest. Mot aust var det ein garde som &hellip; <a href=\"https:\/\/tveitosida.no\/index.php\/nede-i-loa\/\" class=\"more-link\">Continue reading <span class=\"screen-reader-text\">Nede i l\u00f8a<\/span> <span class=\"meta-nav\">&rarr;<\/span><\/a><\/p>\n","protected":false},"author":1,"featured_media":0,"parent":0,"menu_order":0,"comment_status":"closed","ping_status":"closed","template":"","meta":[],"_links":{"self":[{"href":"https:\/\/tveitosida.no\/index.php\/wp-json\/wp\/v2\/pages\/1506"}],"collection":[{"href":"https:\/\/tveitosida.no\/index.php\/wp-json\/wp\/v2\/pages"}],"about":[{"href":"https:\/\/tveitosida.no\/index.php\/wp-json\/wp\/v2\/types\/page"}],"author":[{"embeddable":true,"href":"https:\/\/tveitosida.no\/index.php\/wp-json\/wp\/v2\/users\/1"}],"replies":[{"embeddable":true,"href":"https:\/\/tveitosida.no\/index.php\/wp-json\/wp\/v2\/comments?post=1506"}],"version-history":[{"count":6,"href":"https:\/\/tveitosida.no\/index.php\/wp-json\/wp\/v2\/pages\/1506\/revisions"}],"predecessor-version":[{"id":1935,"href":"https:\/\/tveitosida.no\/index.php\/wp-json\/wp\/v2\/pages\/1506\/revisions\/1935"}],"wp:attachment":[{"href":"https:\/\/tveitosida.no\/index.php\/wp-json\/wp\/v2\/media?parent=1506"}],"curies":[{"name":"wp","href":"https:\/\/api.w.org\/{rel}","templated":true}]}}