{"id":1496,"date":"2020-10-28T15:30:00","date_gmt":"2020-10-28T15:30:00","guid":{"rendered":"http:\/\/10.40.0.11\/?page_id=1496"},"modified":"2020-11-02T15:43:52","modified_gmt":"2020-11-02T15:43:52","slug":"hesteutstyr","status":"publish","type":"page","link":"https:\/\/tveitosida.no\/index.php\/hesteutstyr\/","title":{"rendered":"Hesteutstyr"},"content":{"rendered":"<p>Hestekjerrer<br \/>\n<img loading=\"lazy\" src=\"http:\/\/tveitosida.no\/wp-content\/uploads\/gamlaloa_folderen\/hesteutstyr\/Hestekjerre.jpg\" alt=\"Hestekjerrer \" width=\"440\" height=\"289\" \/><\/p>\n<p>Hestekjerre og melkevogn<br \/>\n<img loading=\"lazy\" src=\"http:\/\/tveitosida.no\/wp-content\/uploads\/gamlaloa_folderen\/hesteutstyr\/Hestekjerre2.jpg\" alt=\"Hestekjerre og melkevogn \" width=\"420\" height=\"249\" \/><\/p>\n<p>Sleder og sl\u00e5maskin<br \/>\n<img loading=\"lazy\" src=\"http:\/\/tveitosida.no\/wp-content\/uploads\/gamlaloa_folderen\/hesteutstyr\/Vogner.jpg\" alt=\"Sleder og sl\u00e5maskin \" width=\"550\" height=\"302\" \/><\/p>\n<p>P\u00e5 isen i Olahola. Mons Tvedt, Hans Magne, Johan og Mons Tjora.<br \/>\n<img loading=\"lazy\" src=\"http:\/\/tveitosida.no\/wp-content\/uploads\/tveito_folder\/olahola\/IsenOlaho.jpg\" width=\"600\" height=\"413\" border=\"0\" \/><\/p>\n<p>Steinslede<br \/>\n<img loading=\"lazy\" src=\"http:\/\/tveitosida.no\/wp-content\/uploads\/gamlaloa_folderen\/hesteutstyr\/Steinslede.jpg\" alt=\"Steinslede \" width=\"511\" height=\"363\" \/><\/p>\n<p>Vegarbeid med steinslede<br \/>\n<img loading=\"lazy\" src=\"http:\/\/tveitosida.no\/wp-content\/uploads\/gamlaloa_folderen\/hesteutstyr\/Vegarbeid6_600.jpg\" alt=\"Steinslede \" width=\"600\" height=\"411\" \/><\/p>\n<p>H\u00f8yvogn<br \/>\n<img loading=\"lazy\" src=\"http:\/\/tveitosida.no\/wp-content\/uploads\/gamlaloa_folderen\/hesteutstyr\/Hoyvogn.jpg\" alt=\"H\u00f8yvogn \" width=\"529\" height=\"352\" \/><\/p>\n<p>H\u00f8yvogna i bruk<br \/>\n<img loading=\"lazy\" src=\"http:\/\/tveitosida.no\/wp-content\/uploads\/gamlaloa_folderen\/hesteutstyr\/Hesten.jpg\" width=\"600\" height=\"349\" border=\"0\" \/><\/p>\n<p>Sl\u00e5tten<\/p>\n<p><img loading=\"lazy\" src=\"http:\/\/tveitosida.no\/wp-content\/uploads\/gamlaloa_folderen\/hesteutstyr\/Slotten.jpg\" width=\"350\" height=\"347\" border=\"0\" \/><\/p>\n<p><img loading=\"lazy\" src=\"http:\/\/tveitosida.no\/wp-content\/uploads\/gamlaloa_folderen\/hesteutstyr\/Slotten2.jpg\" width=\"600\" height=\"418\" border=\"0\" \/><\/p>\n<p><img loading=\"lazy\" src=\"http:\/\/tveitosida.no\/wp-content\/uploads\/gamlaloa_folderen\/hesteutstyr\/Slotten3.jpg\" width=\"600\" height=\"415\" border=\"0\" \/><\/p>\n<p><img loading=\"lazy\" src=\"http:\/\/tveitosida.no\/wp-content\/uploads\/gamlaloa_folderen\/hesteutstyr\/Slotten4.jpg\" width=\"600\" height=\"443\" border=\"0\" \/><\/p>\n","protected":false},"excerpt":{"rendered":"<p>Hestekjerrer Hestekjerre og melkevogn Sleder og sl\u00e5maskin P\u00e5 isen i Olahola. Mons Tvedt, Hans Magne, Johan og Mons Tjora. Steinslede Vegarbeid med steinslede H\u00f8yvogn H\u00f8yvogna i bruk Sl\u00e5tten<\/p>\n","protected":false},"author":1,"featured_media":0,"parent":0,"menu_order":0,"comment_status":"closed","ping_status":"closed","template":"","meta":[],"_links":{"self":[{"href":"https:\/\/tveitosida.no\/index.php\/wp-json\/wp\/v2\/pages\/1496"}],"collection":[{"href":"https:\/\/tveitosida.no\/index.php\/wp-json\/wp\/v2\/pages"}],"about":[{"href":"https:\/\/tveitosida.no\/index.php\/wp-json\/wp\/v2\/types\/page"}],"author":[{"embeddable":true,"href":"https:\/\/tveitosida.no\/index.php\/wp-json\/wp\/v2\/users\/1"}],"replies":[{"embeddable":true,"href":"https:\/\/tveitosida.no\/index.php\/wp-json\/wp\/v2\/comments?post=1496"}],"version-history":[{"count":11,"href":"https:\/\/tveitosida.no\/index.php\/wp-json\/wp\/v2\/pages\/1496\/revisions"}],"predecessor-version":[{"id":1925,"href":"https:\/\/tveitosida.no\/index.php\/wp-json\/wp\/v2\/pages\/1496\/revisions\/1925"}],"wp:attachment":[{"href":"https:\/\/tveitosida.no\/index.php\/wp-json\/wp\/v2\/media?parent=1496"}],"curies":[{"name":"wp","href":"https:\/\/api.w.org\/{rel}","templated":true}]}}