{"id":1402,"date":"2020-10-26T19:09:25","date_gmt":"2020-10-26T19:09:25","guid":{"rendered":"http:\/\/10.40.0.11\/?page_id=1402"},"modified":"2020-11-08T20:08:48","modified_gmt":"2020-11-08T20:08:48","slug":"gamlahuset","status":"publish","type":"page","link":"https:\/\/tveitosida.no\/index.php\/gamlahuset\/","title":{"rendered":"Gamlahuset"},"content":{"rendered":"\n<p>Oktober 2019<\/p>\n\n\n\n<figure class=\"wp-block-image size-large\"><img loading=\"lazy\" width=\"1024\" height=\"667\" src=\"http:\/\/tveitosida.no\/wp-content\/uploads\/tveito_folder\/gamlahuset\/IMG_2819_.jpg\" alt=\"\" class=\"wp-image-3146\" srcset=\"https:\/\/tveitosida.no\/wp-content\/uploads\/tveito_folder\/gamlahuset\/IMG_2819_.jpg 1024w, https:\/\/tveitosida.no\/wp-content\/uploads\/tveito_folder\/gamlahuset\/IMG_2819_-300x195.jpg 300w, https:\/\/tveitosida.no\/wp-content\/uploads\/tveito_folder\/gamlahuset\/IMG_2819_-768x500.jpg 768w\" sizes=\"(max-width: 1024px) 100vw, 1024px\" \/><\/figure>\n\n\n<p>Under: Bilde av huset slik det s\u00e5g ut f\u00f8r p\u00e5bygging i 1919. Det er torvtak, utbygg p\u00e5 begge sider og inngang p\u00e5 framsida med trapp. Personer p\u00e5 bildet fr\u00e5 venstre: Johanna (s\u00f8ster til Karolina), XX (Elias f.1899, Ola f. 1900, Ragnvald f. 1902 eller Johannes f.1904) p\u00e5 hesten, Mons Tvedt, Ragnhild f. 1906, Karolina, XX (B\u00e5rd f. 1910, Magnhild f. 1913, Kristian f. 1915 eller Gunnhild f.1917), Ragnhild og Jakob Tvedt. 1911?<img loading=\"lazy\" src=\"http:\/\/tveitosida.no\/wp-content\/uploads\/tveito_folder\/gamlahuset\/Gamlahuset6F2R.jpg\" width=\"600\" height=\"384\" border=\"0\" \/><\/p>\n<p>Februar 2013. Fargen var fin i vintersol \u00f2g.<br \/><img loading=\"lazy\" src=\"http:\/\/tveitosida.no\/wp-content\/uploads\/tveito_folder\/gamlahuset\/IMG_1337_600.jpg\" width=\"600\" height=\"368\" border=\"0\" \/><\/p>\n<p>Maling framsida og nytt vindu kammerset juni 2012<br \/><img loading=\"lazy\" src=\"http:\/\/tveitosida.no\/wp-content\/uploads\/tveito_folder\/gamlahuset\/IMG_3841_7D.jpg\" width=\"600\" height=\"400\" border=\"0\" \/><\/p>\n<p>Maling august 2010, farge <i>lys natur<\/i>.<br \/><img loading=\"lazy\" src=\"http:\/\/tveitosida.no\/wp-content\/uploads\/tveito_folder\/gamlahuset\/IMG_7203Veggsor.jpg\" width=\"600\" height=\"466\" border=\"0\" \/><\/p>\n<p><img loading=\"lazy\" src=\"http:\/\/tveitosida.no\/wp-content\/uploads\/tveito_folder\/gamlahuset\/IMG_7200Veggsor.jpg\" width=\"600\" height=\"470\" border=\"0\" \/><\/p>\n<p><img loading=\"lazy\" src=\"http:\/\/tveitosida.no\/wp-content\/uploads\/tveito_folder\/gamlahuset\/IMG_9128GML_600.jpg\" width=\"600\" height=\"420\" border=\"0\" \/><\/p>\n<p>(Ny taklegging og fire nye vindu september 2009)<\/p>\n<p>Baksida p\u00e5 huset etter maling sommaren 2000<br \/><img loading=\"lazy\" src=\"http:\/\/tveitosida.no\/wp-content\/uploads\/tveito_folder\/gamlahuset\/Gamlehuset3.jpg\" alt=\"Gamlehuset \" width=\"600\" height=\"400\" \/><\/p>\n<p>Framsida v\u00e5ren 2002<br \/><img loading=\"lazy\" src=\"http:\/\/tveitosida.no\/wp-content\/uploads\/tveito_folder\/gamlahuset\/Gmlhus2.jpg\" width=\"600\" height=\"393\" border=\"0\" \/><\/p>\n<p class=\"MsoPlainText\">Huset vart truleg bygd i den tida d\u00e5 bruk ein og to vart skilde, og det inneber at det vart bygd rundt 1723. Huset stod oppe p\u00e5 T\u00f8pti, der ogs\u00e5 dei andre bustadhusa p\u00e5 Nedretveit stod. Mellom 1860 og 1864 flytta Jacob Tvedt huset\u00a0 ned der det st\u00e5r i dag. Huset var nok tenkt som k\u00e5rstove, for i kj\u00f8pekontrakten stod det at det var Eirik Monsen (Jacob sin far) som skulle ha den nye stova, med dei to sm\u00e5romma som h\u00f8yrde til. Huset har gjennom mange hundre \u00e5r vore bustad for b\u00e5de dei som eigde bruket og andre.<\/p>\n<p>Stova der heime (les Gamle bilder\/Ragnhild Hauge):<\/p>\n<p class=\"MsoPlainText\">P\u00e5 den eine sida av vindauga stod sengebenken, p\u00e5 den andre var mor og far si seng. P\u00e5 veggen hang ein reol, gjerne kalla hjedl, og p\u00e5 f\u00f8rste hylla l\u00e5g skuleb\u00f8kene. Der var og ei lita bokhylle p\u00e5 veggen. Der hadde Elias sakene sine, og der var streng orden. Bordet var bl\u00e5tt. Der var d\u00f8r inn til eit lite kammers. Framandfolk fekk gjerne mat der inne. Far hadde dreiebenk og laga ymse ting til huset.<\/p>\n<p>Her er et bilde som er tatt f\u00f8r heving av taket p\u00e5 loftet i 1919. Under oppussing av kammerset innvendig kunne vi sj\u00e5 at det har vore ovn med pipe (se bilde) og brannmur i metall inn mot hovedhuset. Det s\u00e5g ogs\u00e5 ut som det hadde vore koks i hj\u00f8rna mot s\u00f8raust.<br \/><img loading=\"lazy\" src=\"http:\/\/tveitosida.no\/wp-content\/uploads\/tveito_folder\/gamlahuset\/Kammerset.jpg\" width=\"600\" height=\"400\" border=\"0\" \/><\/p>\n<p>Dugnad sommaren 2000<br \/><img loading=\"lazy\" src=\"http:\/\/tveitosida.no\/wp-content\/uploads\/tveito_folder\/gamlahuset\/VeggGH2.jpg\" alt=\"Oppussing av kammerset\" width=\"308\" height=\"375\" border=\"0\" \/><\/p>\n<p><img loading=\"lazy\" src=\"http:\/\/tveitosida.no\/wp-content\/uploads\/tveito_folder\/gamlahuset\/VeggGH.jpg\" alt=\"Vegg under kledning\" width=\"223\" height=\"250\" border=\"0\" \/><\/p>\n<p>Oppussing av kammerset sommaren 2012.<br \/><img loading=\"lazy\" src=\"http:\/\/tveitosida.no\/wp-content\/uploads\/tveito_folder\/gamlahuset\/IMG_0270_SengM.jpg\" width=\"600\" height=\"450\" border=\"0\" \/><\/p>\n<p><img loading=\"lazy\" src=\"http:\/\/tveitosida.no\/wp-content\/uploads\/tveito_folder\/gamlahuset\/IMG_0272_Seng.jpg\" width=\"600\" height=\"450\" border=\"0\" \/><\/p>\n<p>Kort som Jenny sendte heim til Aarnes i 1949. Her ser me B\u00e5rd og hans foreldre. Huset har og vore posthus p\u00e5 Tveitegrend.<br \/><img loading=\"lazy\" src=\"http:\/\/tveitosida.no\/wp-content\/uploads\/tveito_folder\/gamlahuset\/GmlhusKort.jpg\" width=\"600\" height=\"384\" border=\"0\" \/><\/p>\n<p><img loading=\"lazy\" src=\"http:\/\/tveitosida.no\/wp-content\/uploads\/tveito_folder\/gamlahuset\/GmlhusKort2.jpg\" width=\"600\" height=\"400\" border=\"0\" \/><\/p>\n<p>Gamlahuset m\/l\u00f8nna.<br \/><img loading=\"lazy\" src=\"http:\/\/tveitosida.no\/wp-content\/uploads\/tveito_folder\/gamlahuset\/Gamlahuset.jpg\" width=\"600\" height=\"393\" border=\"0\" \/><\/p>\n<p>Bilde laga av Ove Tvedt i 1972.<br \/><img loading=\"lazy\" src=\"http:\/\/tveitosida.no\/wp-content\/uploads\/tveito_folder\/gamlahuset\/IMG_3885R2_600.jpg\" width=\"600\" height=\"441\" border=\"0\" \/><\/p>\n<p>Bilde mala av Ove i 1974 til Ninni.<br \/><img loading=\"lazy\" src=\"http:\/\/tveitosida.no\/wp-content\/uploads\/tveito_folder\/gamlahuset\/100_0370R.jpg\" width=\"600\" height=\"450\" border=\"0\" \/><\/p>\n<p>Bilde tatt i 1975<br \/><img loading=\"lazy\" src=\"http:\/\/tveitosida.no\/wp-content\/uploads\/tveito_folder\/gamlahuset\/TvTun75_600.jpg\" width=\"600\" height=\"375\" border=\"0\" \/><\/p>","protected":false},"excerpt":{"rendered":"<p>Oktober 2019 Under: Bilde av huset slik det s\u00e5g ut f\u00f8r p\u00e5bygging i 1919. Det er torvtak, utbygg p\u00e5 begge sider og inngang p\u00e5 framsida med trapp. Personer p\u00e5 bildet fr\u00e5 venstre: Johanna (s\u00f8ster til Karolina), XX (Elias f.1899, Ola f. 1900, Ragnvald f. 1902 eller Johannes f.1904) p\u00e5 hesten, Mons Tvedt, Ragnhild f. 1906, &hellip; <a href=\"https:\/\/tveitosida.no\/index.php\/gamlahuset\/\" class=\"more-link\">Continue reading <span class=\"screen-reader-text\">Gamlahuset<\/span> <span class=\"meta-nav\">&rarr;<\/span><\/a><\/p>\n","protected":false},"author":1,"featured_media":0,"parent":0,"menu_order":0,"comment_status":"closed","ping_status":"closed","template":"","meta":[],"_links":{"self":[{"href":"https:\/\/tveitosida.no\/index.php\/wp-json\/wp\/v2\/pages\/1402"}],"collection":[{"href":"https:\/\/tveitosida.no\/index.php\/wp-json\/wp\/v2\/pages"}],"about":[{"href":"https:\/\/tveitosida.no\/index.php\/wp-json\/wp\/v2\/types\/page"}],"author":[{"embeddable":true,"href":"https:\/\/tveitosida.no\/index.php\/wp-json\/wp\/v2\/users\/1"}],"replies":[{"embeddable":true,"href":"https:\/\/tveitosida.no\/index.php\/wp-json\/wp\/v2\/comments?post=1402"}],"version-history":[{"count":14,"href":"https:\/\/tveitosida.no\/index.php\/wp-json\/wp\/v2\/pages\/1402\/revisions"}],"predecessor-version":[{"id":3150,"href":"https:\/\/tveitosida.no\/index.php\/wp-json\/wp\/v2\/pages\/1402\/revisions\/3150"}],"wp:attachment":[{"href":"https:\/\/tveitosida.no\/index.php\/wp-json\/wp\/v2\/media?parent=1402"}],"curies":[{"name":"wp","href":"https:\/\/api.w.org\/{rel}","templated":true}]}}