{"id":1400,"date":"2020-10-26T19:09:09","date_gmt":"2020-10-26T19:09:09","guid":{"rendered":"http:\/\/10.40.0.11\/?page_id=1400"},"modified":"2020-11-22T21:11:44","modified_gmt":"2020-11-22T21:11:44","slug":"lonna","status":"publish","type":"page","link":"https:\/\/tveitosida.no\/index.php\/lonna\/","title":{"rendered":"L\u00f8nna"},"content":{"rendered":"<p>31. mai 2019, siste dag med l\u00f8nna. Den var blitt s\u00e5 stor at det var fare for huset.<br \/><img loading=\"lazy\" src=\"http:\/\/tveitosida.no\/wp-content\/uploads\/tveito_folder\/lonna\/IMG_0797_sq_600.jpg\" width=\"600\" height=\"616\" border=\"0\" \/><\/p>\n<p><img loading=\"lazy\" src=\"http:\/\/tveitosida.no\/wp-content\/uploads\/tveito_folder\/lonna\/IMG_7676_600.jpg\" width=\"600\" height=\"616\" border=\"0\" \/><\/p>\n<p><img loading=\"lazy\" src=\"http:\/\/tveitosida.no\/wp-content\/uploads\/tveito_folder\/lonna\/IMG_7685_sq_600.jpg\" width=\"600\" height=\"529\" border=\"0\" \/><\/p>\n<p>L\u00f8nna i april 2012<br \/><img loading=\"lazy\" src=\"http:\/\/tveitosida.no\/wp-content\/uploads\/tveito_folder\/lonna\/03_Bilde013.jpg\" width=\"600\" height=\"424\" border=\"0\" \/><\/p>\n<p>Her er l\u00f8nna ved gamlahuset. Gamletraktoren er ikkje stor i forhold.<br \/><img loading=\"lazy\" src=\"http:\/\/tveitosida.no\/wp-content\/uploads\/tveito_folder\/lonna\/Lonna3.jpg\" alt=\"L\u00f8nna \" width=\"300\" height=\"418\" \/><\/p>\n<p><b>Tuntreet p\u00e5 Tveito<\/b><\/p>\n<p>Det var i f\u00f8rre hundre, v\u00e5r far han tenkte s\u00e5:<br \/>Me skulle hatt eit tuntre, men kvar skal treet st\u00e5.<br \/>Og kva skal treet heite, han visste ikkje visst,<br \/>men l\u00f8nna vart den lokkande, og den vant til sist.<\/p>\n<p>Men kvar fann han denne l\u00f8nna, me veit det ikkje visst,<br \/>men truleg var det Bergen som hadde moderkvist.<br \/>For farfar han var pendlar, og var i bygningsfag,<br \/>og soleis fann han l\u00f8nna som heit inntok hans hug.<\/p>\n<p>V\u00e5r farfars gode verkstad var gamle kammerset,<br \/>det var det vesle tilbygg som sj\u00f8lv han lagde til.<br \/>Og utanfor det glaset som st\u00e5r mot vesterveg,<br \/>der planta han den l\u00f8nna som lita var av seg.<\/p>\n<p>Men l\u00f8nna stod ikkje roleg, og t\u00f8rka ikkje ut,<br \/>for den vart stelt og vatna, og l\u00f8nna sugde opp.<br \/>Og jorda den vart gj\u00f8dsla, og l\u00f8nna den fekk mat,<br \/>og renningane lange seg opp langs huset vaks.<\/p>\n<p>I dag den dominerer med h\u00f8gda og med stamm,<br \/>den mest for h\u00f8g vil vera, den over huset renn,<br \/>men fagert er det synet n\u00e5r slekta heim den kjem,<br \/>og l\u00f8nna den dei helsar: Her er din barndomsheim.<\/p>\n<p>Kva farfar stundom tenkte, me veit det ikkje visst,<br \/>men l\u00f8nna opp seg strekte i fr\u00e5 sin moderkvist.<br \/>Med renningane lange, det lovde framtidsvon,<br \/>den skulle verta st\u00f8rre til slektene som kom.<\/p>\n<p>V\u00e5r kj\u00f8re mor og fader, dei stod ved L\u00f8nnas fot,<br \/>og lovde med kvarandre: vi halda skal i hop.<br \/>Det var den f\u00f8rste kj\u00e6rleik som uttrykt vart i ord,<br \/>mens mor ho heldt i toppen p\u00e5 l\u00f8nna der ho stod.<\/p>\n<p>av B\u00e5rd Tvedt<\/p>\n<p>Finpussing av l\u00f8nna<br \/><img loading=\"lazy\" src=\"http:\/\/tveitosida.no\/wp-content\/uploads\/tveito_folder\/lonna\/LonnaJobb.jpg\" width=\"350\" height=\"506\" border=\"0\" \/><\/p>\n<p>Utsikt fra l\u00f8nna<br \/><img loading=\"lazy\" src=\"http:\/\/tveitosida.no\/wp-content\/uploads\/tveito_folder\/lonna\/JennyNinni.jpg\" width=\"600\" height=\"417\" border=\"0\" \/><\/p>\n<p><b>L\u00f8nntreet.<\/b><\/p>\n<p>N\u00e5r l\u00f8nntreet om hausten slepper sitt lauv, det bod om vinter det ber, men fagert er det n\u00e5r lauvet fell ned, det har pryda det treet s\u00e5 kj\u00e6rt.<\/p>\n<p>Men lauvet det legg seg p\u00e5 bakken s\u00e5 vent, mens l\u00f8nnen den naknare vert, men tidi er komen for l\u00f8nnen s\u00e5 kj\u00e6r, ho brigdar sin skapning f\u00f8r vinteren kjem.<\/p>\n<p>Og fuglane rotar i lauvet s\u00e5 godt, dei finn seg litt mat om enn det er sm\u00e5tt, men slik er det ordnet fr\u00e5 skaperens hand, og fuglen den gler seg for alt det han fann.<\/p>\n<p><img loading=\"lazy\" src=\"http:\/\/tveitosida.no\/wp-content\/uploads\/diverse_folder\/hosttveito2012\/IMG_4881.jpg\" width=\"600\" height=\"400\" border=\"0\" \/><\/p>\n<p>Bilde av et flyfoto tatt f\u00f8r 2000 som viser hvor stor l\u00f8nna var (over gamlahuset).<\/p>\n\n\n<figure class=\"wp-block-image size-large\"><img loading=\"lazy\" width=\"1024\" height=\"624\" src=\"http:\/\/tveitosida.no\/wp-content\/uploads\/tveito_folder\/lonna\/IMG_6688-1024x624.jpg\" alt=\"\" class=\"wp-image-3641\" srcset=\"https:\/\/tveitosida.no\/wp-content\/uploads\/tveito_folder\/lonna\/IMG_6688-1024x624.jpg 1024w, https:\/\/tveitosida.no\/wp-content\/uploads\/tveito_folder\/lonna\/IMG_6688-300x183.jpg 300w, https:\/\/tveitosida.no\/wp-content\/uploads\/tveito_folder\/lonna\/IMG_6688-768x468.jpg 768w, https:\/\/tveitosida.no\/wp-content\/uploads\/tveito_folder\/lonna\/IMG_6688-1536x935.jpg 1536w, https:\/\/tveitosida.no\/wp-content\/uploads\/tveito_folder\/lonna\/IMG_6688-2048x1247.jpg 2048w\" sizes=\"(max-width: 1024px) 100vw, 1024px\" \/><\/figure>\n\n\n\n<p>April 2018<\/p>\n\n\n\n<figure class=\"wp-block-image size-large\"><img loading=\"lazy\" width=\"1024\" height=\"768\" src=\"http:\/\/tveitosida.no\/wp-content\/uploads\/tveito_folder\/lonna\/IMG_3183.jpg\" alt=\"\" class=\"wp-image-3151\" srcset=\"https:\/\/tveitosida.no\/wp-content\/uploads\/tveito_folder\/lonna\/IMG_3183.jpg 1024w, https:\/\/tveitosida.no\/wp-content\/uploads\/tveito_folder\/lonna\/IMG_3183-300x225.jpg 300w, https:\/\/tveitosida.no\/wp-content\/uploads\/tveito_folder\/lonna\/IMG_3183-768x576.jpg 768w\" sizes=\"(max-width: 1024px) 100vw, 1024px\" \/><\/figure>\n","protected":false},"excerpt":{"rendered":"<p>31. mai 2019, siste dag med l\u00f8nna. Den var blitt s\u00e5 stor at det var fare for huset. L\u00f8nna i april 2012 Her er l\u00f8nna ved gamlahuset. Gamletraktoren er ikkje stor i forhold. Tuntreet p\u00e5 Tveito Det var i f\u00f8rre hundre, v\u00e5r far han tenkte s\u00e5:Me skulle hatt eit tuntre, men kvar skal treet st\u00e5.Og &hellip; <a href=\"https:\/\/tveitosida.no\/index.php\/lonna\/\" class=\"more-link\">Continue reading <span class=\"screen-reader-text\">L\u00f8nna<\/span> <span class=\"meta-nav\">&rarr;<\/span><\/a><\/p>\n","protected":false},"author":1,"featured_media":0,"parent":0,"menu_order":0,"comment_status":"closed","ping_status":"closed","template":"","meta":[],"_links":{"self":[{"href":"https:\/\/tveitosida.no\/index.php\/wp-json\/wp\/v2\/pages\/1400"}],"collection":[{"href":"https:\/\/tveitosida.no\/index.php\/wp-json\/wp\/v2\/pages"}],"about":[{"href":"https:\/\/tveitosida.no\/index.php\/wp-json\/wp\/v2\/types\/page"}],"author":[{"embeddable":true,"href":"https:\/\/tveitosida.no\/index.php\/wp-json\/wp\/v2\/users\/1"}],"replies":[{"embeddable":true,"href":"https:\/\/tveitosida.no\/index.php\/wp-json\/wp\/v2\/comments?post=1400"}],"version-history":[{"count":18,"href":"https:\/\/tveitosida.no\/index.php\/wp-json\/wp\/v2\/pages\/1400\/revisions"}],"predecessor-version":[{"id":3644,"href":"https:\/\/tveitosida.no\/index.php\/wp-json\/wp\/v2\/pages\/1400\/revisions\/3644"}],"wp:attachment":[{"href":"https:\/\/tveitosida.no\/index.php\/wp-json\/wp\/v2\/media?parent=1400"}],"curies":[{"name":"wp","href":"https:\/\/api.w.org\/{rel}","templated":true}]}}