{"id":1396,"date":"2020-10-26T19:08:40","date_gmt":"2020-10-26T19:08:40","guid":{"rendered":"http:\/\/10.40.0.11\/?page_id=1396"},"modified":"2021-09-02T15:39:14","modified_gmt":"2021-09-02T15:39:14","slug":"ola-holo","status":"publish","type":"page","link":"https:\/\/tveitosida.no\/index.php\/ola-holo\/","title":{"rendered":"Ola H\u00f8lo"},"content":{"rendered":"\n<p>Sommar 2020<\/p>\n\n\n\n<figure class=\"wp-block-image size-large\"><img loading=\"lazy\" width=\"2560\" height=\"1920\" src=\"http:\/\/tveitosida.no\/wp-content\/uploads\/tveito_folder\/olahola\/img_0338-scaled.jpg\" alt=\"\" class=\"wp-image-3135\" srcset=\"https:\/\/tveitosida.no\/wp-content\/uploads\/tveito_folder\/olahola\/img_0338-scaled.jpg 2560w, https:\/\/tveitosida.no\/wp-content\/uploads\/tveito_folder\/olahola\/img_0338-scaled-300x225.jpg 300w, https:\/\/tveitosida.no\/wp-content\/uploads\/tveito_folder\/olahola\/img_0338-scaled-1024x768.jpg 1024w, https:\/\/tveitosida.no\/wp-content\/uploads\/tveito_folder\/olahola\/img_0338-scaled-768x576.jpg 768w, https:\/\/tveitosida.no\/wp-content\/uploads\/tveito_folder\/olahola\/img_0338-scaled-1536x1152.jpg 1536w, https:\/\/tveitosida.no\/wp-content\/uploads\/tveito_folder\/olahola\/img_0338-scaled-2048x1536.jpg 2048w\" sizes=\"(max-width: 2560px) 100vw, 2560px\" \/><\/figure>\n\n\n\n<figure class=\"wp-block-image size-large\"><img loading=\"lazy\" width=\"2560\" height=\"1920\" src=\"http:\/\/tveitosida.no\/wp-content\/uploads\/tveito_folder\/olahola\/img_0310-scaled.jpg\" alt=\"\" class=\"wp-image-3138\" srcset=\"https:\/\/tveitosida.no\/wp-content\/uploads\/tveito_folder\/olahola\/img_0310-scaled.jpg 2560w, https:\/\/tveitosida.no\/wp-content\/uploads\/tveito_folder\/olahola\/img_0310-scaled-300x225.jpg 300w, https:\/\/tveitosida.no\/wp-content\/uploads\/tveito_folder\/olahola\/img_0310-scaled-1024x768.jpg 1024w, https:\/\/tveitosida.no\/wp-content\/uploads\/tveito_folder\/olahola\/img_0310-scaled-768x576.jpg 768w, https:\/\/tveitosida.no\/wp-content\/uploads\/tveito_folder\/olahola\/img_0310-scaled-1536x1152.jpg 1536w, https:\/\/tveitosida.no\/wp-content\/uploads\/tveito_folder\/olahola\/img_0310-scaled-2048x1536.jpg 2048w\" sizes=\"(max-width: 2560px) 100vw, 2560px\" \/><\/figure>\n\n\n\n<figure class=\"wp-block-image size-large\"><img loading=\"lazy\" width=\"2560\" height=\"1920\" src=\"http:\/\/tveitosida.no\/wp-content\/uploads\/tveito_folder\/olahola\/img_0330-scaled.jpg\" alt=\"\" class=\"wp-image-3136\" srcset=\"https:\/\/tveitosida.no\/wp-content\/uploads\/tveito_folder\/olahola\/img_0330-scaled.jpg 2560w, https:\/\/tveitosida.no\/wp-content\/uploads\/tveito_folder\/olahola\/img_0330-scaled-300x225.jpg 300w, https:\/\/tveitosida.no\/wp-content\/uploads\/tveito_folder\/olahola\/img_0330-scaled-1024x768.jpg 1024w, https:\/\/tveitosida.no\/wp-content\/uploads\/tveito_folder\/olahola\/img_0330-scaled-768x576.jpg 768w, https:\/\/tveitosida.no\/wp-content\/uploads\/tveito_folder\/olahola\/img_0330-scaled-1536x1152.jpg 1536w, https:\/\/tveitosida.no\/wp-content\/uploads\/tveito_folder\/olahola\/img_0330-scaled-2048x1536.jpg 2048w\" sizes=\"(max-width: 2560px) 100vw, 2560px\" \/><\/figure>\n\n\n<p>H\u00f8sten 2002<br \/><img loading=\"lazy\" src=\"http:\/\/tveitosida.no\/wp-content\/uploads\/tveito_folder\/olahola\/Olaholah.jpg\" width=\"600\" height=\"408\" border=\"0\" \/><\/p>\n<p>1. oktober 2000<br \/><img loading=\"lazy\" src=\"http:\/\/tveitosida.no\/wp-content\/uploads\/tveito_folder\/olahola\/Olahola011000_2.jpg\" alt=\"Olahola\" width=\"600\" height=\"410\" \/><\/p>\n<p>Sittegruppe i stein med grill.<br \/><img loading=\"lazy\" src=\"http:\/\/tveitosida.no\/wp-content\/uploads\/tveito_folder\/olahola\/Olahola011000.jpg\" alt=\"Sittegruppe\" width=\"600\" height=\"394\" \/><\/p>\n<p>Her ligg fl\u00e5ten. Innvendig er det som ei koselig hytte uten str\u00f8m.<br \/><img loading=\"lazy\" src=\"http:\/\/tveitosida.no\/wp-content\/uploads\/tveito_folder\/olahola\/Olahola011000_3.jpg\" alt=\"Olahola\" width=\"600\" height=\"358\" \/><\/p>\n<p>Den nye fl\u00e5ten.<br \/><img loading=\"lazy\" src=\"http:\/\/tveitosida.no\/wp-content\/uploads\/tveito_folder\/olahola\/MArk.jpg\" width=\"600\" height=\"390\" border=\"0\" \/><\/p>\n<p>I bruk<br \/><img loading=\"lazy\" src=\"http:\/\/tveitosida.no\/wp-content\/uploads\/tveito_folder\/olahola\/DSC00639Flaten.jpg\" width=\"600\" height=\"450\" border=\"0\" \/><\/p>\n<p>Grilling er ogs\u00e5 kjekt.<br \/><img loading=\"lazy\" src=\"http:\/\/tveitosida.no\/wp-content\/uploads\/tveito_folder\/olahola\/Grillmat.jpg\" alt=\"Grillmat\" width=\"600\" height=\"370\" border=\"0\" \/><\/p>\n<p>\u00d8rret etter fisking med garn.<br \/><img loading=\"lazy\" src=\"http:\/\/tveitosida.no\/wp-content\/uploads\/tveito_folder\/olahola\/Fangst.jpg\" alt=\"\u00d8rret etter fisking med garn\" width=\"600\" height=\"283\" border=\"0\" \/><\/p>\n<p>Bading.<br \/><img loading=\"lazy\" src=\"http:\/\/tveitosida.no\/wp-content\/uploads\/tveito_folder\/olahola\/BadingTv.jpg\" alt=\"Bading i Tveitavatnet\" width=\"600\" height=\"376\" border=\"0\" \/><\/p>\n<p>Ein kan ogs\u00e5 fiske med stang.<br \/><img loading=\"lazy\" src=\"http:\/\/tveitosida.no\/wp-content\/uploads\/tveito_folder\/olahola\/TvVaR.jpg\" width=\"600\" height=\"397\" border=\"0\" \/><\/p>\n<p>Magne og Ove<br \/><img loading=\"lazy\" src=\"http:\/\/tveitosida.no\/wp-content\/uploads\/tveito_folder\/olahola\/OlahGml.jpg\" alt=\"Magne og Ove i Olahola\" width=\"600\" height=\"405\" border=\"0\" \/><\/p>\n<p><img loading=\"lazy\" src=\"http:\/\/tveitosida.no\/wp-content\/uploads\/tveito_folder\/olahola\/MaOvTv.jpg\" alt=\"Magne og Ove\" width=\"600\" height=\"399\" border=\"0\" \/><\/p>\n<p><img loading=\"lazy\" src=\"http:\/\/tveitosida.no\/wp-content\/uploads\/tveito_folder\/olahola\/MagTv.jpg\" alt=\"Magne\" width=\"600\" height=\"392\" border=\"0\" \/><\/p>\n<p>I 1936 var utskiftinga av innmarki ferdig, og d\u00e5 vart der ein del endringar i marki, og s\u00e5leis vart der flytting av dei ymse uthus for enkelte. S\u00e5leis m\u00e5tte Mons flytta b\u00e5e l\u00f8ene i Neset. Den st\u00f8rste av l\u00f8ene flytta Mons heim, og sette den i saman med den gamle l\u00f8a, og dermed vart det ein vinkel p\u00e5 den gamle l\u00f8a. Den vinkelen st\u00e5r der enno. Den minste l\u00f8a sette Mons i Olah\u00f8la, der den er ombygd til ei lita hytta. F\u00f8r den var ombygd vart den brukt til ymse, slik som: vedhus, h\u00f8yhus og s\u00e5 vidare. Den minste l\u00f8a var truleg bygd av Erik Monsen, B\u00e5rds bestefar. B\u00e5e desse l\u00f8ene har den gamle byggestil.<\/p>\n<p>P\u00e5 isen i Olahola. Mons Tvedt, Hans Magne, Johan og Mons Tjora.<br \/><img loading=\"lazy\" src=\"http:\/\/tveitosida.no\/wp-content\/uploads\/tveito_folder\/olahola\/IsenOlaho.jpg\" width=\"600\" height=\"413\" border=\"0\" \/><\/p>\n<p><img loading=\"lazy\" src=\"http:\/\/tveitosida.no\/wp-content\/uploads\/tveito_folder\/olahola\/IsenOlahoo.jpg\" width=\"600\" height=\"542\" border=\"0\" \/><\/p>\n<p>Bading juli 2021<\/p>\n\n\n<figure class=\"wp-block-image size-large\"><img loading=\"lazy\" width=\"2560\" height=\"1920\" src=\"https:\/\/tveitosida.no\/wp-content\/uploads\/2021\/09\/img_8413-scaled.jpg\" alt=\"\" class=\"wp-image-4114\" srcset=\"https:\/\/tveitosida.no\/wp-content\/uploads\/2021\/09\/img_8413-scaled.jpg 2560w, https:\/\/tveitosida.no\/wp-content\/uploads\/2021\/09\/img_8413-300x225.jpg 300w, https:\/\/tveitosida.no\/wp-content\/uploads\/2021\/09\/img_8413-1024x768.jpg 1024w, https:\/\/tveitosida.no\/wp-content\/uploads\/2021\/09\/img_8413-768x576.jpg 768w, https:\/\/tveitosida.no\/wp-content\/uploads\/2021\/09\/img_8413-1536x1152.jpg 1536w, https:\/\/tveitosida.no\/wp-content\/uploads\/2021\/09\/img_8413-2048x1536.jpg 2048w\" sizes=\"(max-width: 2560px) 100vw, 2560px\" \/><\/figure>\n\n\n\n<figure class=\"wp-block-image size-large\"><img loading=\"lazy\" width=\"2560\" height=\"1920\" src=\"https:\/\/tveitosida.no\/wp-content\/uploads\/2021\/09\/img_8437-scaled.jpg\" alt=\"\" class=\"wp-image-4116\" srcset=\"https:\/\/tveitosida.no\/wp-content\/uploads\/2021\/09\/img_8437-scaled.jpg 2560w, https:\/\/tveitosida.no\/wp-content\/uploads\/2021\/09\/img_8437-300x225.jpg 300w, https:\/\/tveitosida.no\/wp-content\/uploads\/2021\/09\/img_8437-1024x768.jpg 1024w, https:\/\/tveitosida.no\/wp-content\/uploads\/2021\/09\/img_8437-768x576.jpg 768w, https:\/\/tveitosida.no\/wp-content\/uploads\/2021\/09\/img_8437-1536x1152.jpg 1536w, https:\/\/tveitosida.no\/wp-content\/uploads\/2021\/09\/img_8437-2048x1536.jpg 2048w\" sizes=\"(max-width: 2560px) 100vw, 2560px\" \/><\/figure>\n\n\n\n<figure class=\"wp-block-image size-large\"><img loading=\"lazy\" width=\"2560\" height=\"1920\" src=\"https:\/\/tveitosida.no\/wp-content\/uploads\/2021\/09\/img_8451-scaled.jpg\" alt=\"\" class=\"wp-image-4117\" srcset=\"https:\/\/tveitosida.no\/wp-content\/uploads\/2021\/09\/img_8451-scaled.jpg 2560w, https:\/\/tveitosida.no\/wp-content\/uploads\/2021\/09\/img_8451-300x225.jpg 300w, https:\/\/tveitosida.no\/wp-content\/uploads\/2021\/09\/img_8451-1024x768.jpg 1024w, https:\/\/tveitosida.no\/wp-content\/uploads\/2021\/09\/img_8451-768x576.jpg 768w, https:\/\/tveitosida.no\/wp-content\/uploads\/2021\/09\/img_8451-1536x1152.jpg 1536w, https:\/\/tveitosida.no\/wp-content\/uploads\/2021\/09\/img_8451-2048x1536.jpg 2048w\" sizes=\"(max-width: 2560px) 100vw, 2560px\" \/><\/figure>\n\n\n\n<figure class=\"wp-block-image size-large\"><img loading=\"lazy\" width=\"2560\" height=\"1920\" src=\"https:\/\/tveitosida.no\/wp-content\/uploads\/2021\/09\/img_8487-scaled.jpg\" alt=\"\" class=\"wp-image-4121\" srcset=\"https:\/\/tveitosida.no\/wp-content\/uploads\/2021\/09\/img_8487-scaled.jpg 2560w, https:\/\/tveitosida.no\/wp-content\/uploads\/2021\/09\/img_8487-300x225.jpg 300w, https:\/\/tveitosida.no\/wp-content\/uploads\/2021\/09\/img_8487-1024x768.jpg 1024w, https:\/\/tveitosida.no\/wp-content\/uploads\/2021\/09\/img_8487-768x576.jpg 768w, https:\/\/tveitosida.no\/wp-content\/uploads\/2021\/09\/img_8487-1536x1152.jpg 1536w, https:\/\/tveitosida.no\/wp-content\/uploads\/2021\/09\/img_8487-2048x1536.jpg 2048w\" sizes=\"(max-width: 2560px) 100vw, 2560px\" \/><\/figure>\n\n\n","protected":false},"excerpt":{"rendered":"<p>Sommar 2020 H\u00f8sten 2002 1. oktober 2000 Sittegruppe i stein med grill. Her ligg fl\u00e5ten. Innvendig er det som ei koselig hytte uten str\u00f8m. Den nye fl\u00e5ten. I bruk Grilling er ogs\u00e5 kjekt. \u00d8rret etter fisking med garn. Bading. Ein kan ogs\u00e5 fiske med stang. Magne og Ove I 1936 var utskiftinga av innmarki ferdig, &hellip; <a href=\"https:\/\/tveitosida.no\/index.php\/ola-holo\/\" class=\"more-link\">Continue reading <span class=\"screen-reader-text\">Ola H\u00f8lo<\/span> <span class=\"meta-nav\">&rarr;<\/span><\/a><\/p>\n","protected":false},"author":1,"featured_media":0,"parent":0,"menu_order":0,"comment_status":"closed","ping_status":"closed","template":"","meta":[],"_links":{"self":[{"href":"https:\/\/tveitosida.no\/index.php\/wp-json\/wp\/v2\/pages\/1396"}],"collection":[{"href":"https:\/\/tveitosida.no\/index.php\/wp-json\/wp\/v2\/pages"}],"about":[{"href":"https:\/\/tveitosida.no\/index.php\/wp-json\/wp\/v2\/types\/page"}],"author":[{"embeddable":true,"href":"https:\/\/tveitosida.no\/index.php\/wp-json\/wp\/v2\/users\/1"}],"replies":[{"embeddable":true,"href":"https:\/\/tveitosida.no\/index.php\/wp-json\/wp\/v2\/comments?post=1396"}],"version-history":[{"count":15,"href":"https:\/\/tveitosida.no\/index.php\/wp-json\/wp\/v2\/pages\/1396\/revisions"}],"predecessor-version":[{"id":4126,"href":"https:\/\/tveitosida.no\/index.php\/wp-json\/wp\/v2\/pages\/1396\/revisions\/4126"}],"wp:attachment":[{"href":"https:\/\/tveitosida.no\/index.php\/wp-json\/wp\/v2\/media?parent=1396"}],"curies":[{"name":"wp","href":"https:\/\/api.w.org\/{rel}","templated":true}]}}