{"id":1394,"date":"2020-10-26T19:08:12","date_gmt":"2020-10-26T19:08:12","guid":{"rendered":"http:\/\/10.40.0.11\/?page_id=1394"},"modified":"2020-11-02T16:13:58","modified_gmt":"2020-11-02T16:13:58","slug":"honsehuset","status":"publish","type":"page","link":"https:\/\/tveitosida.no\/index.php\/honsehuset\/","title":{"rendered":"H\u00f8nsehuset"},"content":{"rendered":"<p align=\"left\">Dette huset vart brukt til fj\u00f8s f\u00f8r. Grisene var nede og h\u00f8nsene var oppe. No kan det brukast til diverse sammenkomster. Langbord med plass til ca 14 stk.<br \/>\n<img loading=\"lazy\" src=\"http:\/\/tveitosida.no\/wp-content\/uploads\/tveito_folder\/honsehuset\/IMG_3836Honse.jpg\" alt=\"H\u00f8nsehuset \" width=\"600\" height=\"406\"><\/p>\n<p><img loading=\"lazy\" src=\"http:\/\/tveitosida.no\/wp-content\/uploads\/tveito_folder\/honsehuset\/Langbord.jpg\" alt=\"Langbord \" width=\"600\" height=\"394\"><\/p>\n<p><img loading=\"lazy\" src=\"http:\/\/tveitosida.no\/wp-content\/uploads\/tveito_folder\/honsehuset\/Divan.jpg\" alt=\"Divan \" width=\"600\" height=\"396\"><\/p>\n<p><img loading=\"lazy\" src=\"http:\/\/tveitosida.no\/wp-content\/uploads\/tveito_folder\/honsehuset\/Honsehuset2.jpg\" alt=\"H\u00f8nsehuset \" width=\"600\" height=\"418\"><\/p>\n<p>F\u00f8r<br \/>\n<img loading=\"lazy\" src=\"http:\/\/tveitosida.no\/wp-content\/uploads\/tveito_folder\/honsehuset\/GamlestvaFor.jpg\" alt=\"F\u00f8r \" width=\"520\" height=\"348\"><\/p>\n<p>Historia seier at denne stova har blitt flytta fr\u00e5 Hos\u00f8ya og hit til garden. Det var tipp-tipp-tippoldefaren min Mons Eriksen H\u00f8lleland som stod for flyttinga. F\u00f8rst vart huset plassert oppe p\u00e5 Heia, men tippoldefaren min Jacob Tvedt flytta den ned p\u00e5 tunet. Kor mange hundre \u00e5r huset er, er vanskeleg \u00e5 sl\u00e5 fast, men at det er gamalt veit ein. P\u00e5 stova ser det ut til at det har vore utgong til neste rom b\u00e5de i f\u00f8rste og andre etasje. P\u00e5 veggen mot nord er det ein glugg. Huset har opp gjennom tidene blitt brukt som kufj\u00f8s, sauefj\u00f8s, grisehus og h\u00f8nsehus, og har difor hatt mange namn opp gjennom tidene.<\/p>\n<p><img loading=\"lazy\" src=\"http:\/\/tveitosida.no\/wp-content\/uploads\/tveito_folder\/honsehuset\/Orginal_Vegg.jpg\" alt=\"Vegg under kledning \" width=\"520\" height=\"350\"><\/p>\n","protected":false},"excerpt":{"rendered":"<p>Dette huset vart brukt til fj\u00f8s f\u00f8r. Grisene var nede og h\u00f8nsene var oppe. No kan det brukast til diverse sammenkomster. Langbord med plass til ca 14 stk. F\u00f8r Historia seier at denne stova har blitt flytta fr\u00e5 Hos\u00f8ya og hit til garden. Det var tipp-tipp-tippoldefaren min Mons Eriksen H\u00f8lleland som stod for flyttinga. F\u00f8rst &hellip; <a href=\"https:\/\/tveitosida.no\/index.php\/honsehuset\/\" class=\"more-link\">Continue reading <span class=\"screen-reader-text\">H\u00f8nsehuset<\/span> <span class=\"meta-nav\">&rarr;<\/span><\/a><\/p>\n","protected":false},"author":1,"featured_media":0,"parent":0,"menu_order":0,"comment_status":"closed","ping_status":"closed","template":"","meta":[],"_links":{"self":[{"href":"https:\/\/tveitosida.no\/index.php\/wp-json\/wp\/v2\/pages\/1394"}],"collection":[{"href":"https:\/\/tveitosida.no\/index.php\/wp-json\/wp\/v2\/pages"}],"about":[{"href":"https:\/\/tveitosida.no\/index.php\/wp-json\/wp\/v2\/types\/page"}],"author":[{"embeddable":true,"href":"https:\/\/tveitosida.no\/index.php\/wp-json\/wp\/v2\/users\/1"}],"replies":[{"embeddable":true,"href":"https:\/\/tveitosida.no\/index.php\/wp-json\/wp\/v2\/comments?post=1394"}],"version-history":[{"count":6,"href":"https:\/\/tveitosida.no\/index.php\/wp-json\/wp\/v2\/pages\/1394\/revisions"}],"predecessor-version":[{"id":1943,"href":"https:\/\/tveitosida.no\/index.php\/wp-json\/wp\/v2\/pages\/1394\/revisions\/1943"}],"wp:attachment":[{"href":"https:\/\/tveitosida.no\/index.php\/wp-json\/wp\/v2\/media?parent=1394"}],"curies":[{"name":"wp","href":"https:\/\/api.w.org\/{rel}","templated":true}]}}