{"id":1392,"date":"2020-10-26T19:07:53","date_gmt":"2020-10-26T19:07:53","guid":{"rendered":"http:\/\/10.40.0.11\/?page_id=1392"},"modified":"2020-11-10T20:04:28","modified_gmt":"2020-11-10T20:04:28","slug":"forfedre","status":"publish","type":"page","link":"https:\/\/tveitosida.no\/index.php\/forfedre\/","title":{"rendered":"Forfedre"},"content":{"rendered":"\n<p>Forfedre til nokon av dei som er vokse opp p\u00e5 g\u00e5rden, Nedretveit<\/p>\n\n\n<p>Ola B\u00e5rson \u00d8vretveit (far til Karoline Tvedt).<br><span style=\"color: #ff00ff;\"><img loading=\"lazy\" src=\"http:\/\/tveitosida.no\/wp-content\/uploads\/gamle_folder\/forfedre\/OleBTvedt.jpg\" width=\"350\" height=\"514\" border=\"0\"> &nbsp;<\/span><\/p>\n<p>Ola B\u00e5rson \u00d8vretveit f. 1850, d. 1947, g.1872 med Johanna Elina Ivarsdatter Fammestad f. 1852, d. 1884. Ola attg. 1886 med Olina Nilsdatter S. Askeland f. 1857, d. 1927.<\/p>\n<p>Barn: B\u00e5r, Karoline Bertina, B\u00e5r, Ivar, Arne Johan, Kari, Johanna Eline,<br>|ny kone| Ola, Nils, Henrik, Josefina Elisa.<\/p>\n<p><span style=\"color: #ff00ff;\"><img loading=\"lazy\" src=\"http:\/\/tveitosida.no\/wp-content\/uploads\/gamle_folder\/forfedre\/OlaBarsenOvretveit.jpg\" width=\"350\" height=\"514\" border=\"0\"><\/span><\/p>\n<p>Johanna gift med Ola B\u00e5rson \u00d8vretveit&nbsp;<br><span style=\"color: #ff00ff;\"><img loading=\"lazy\" src=\"http:\/\/tveitosida.no\/wp-content\/uploads\/gamle_folder\/forfedre\/Johanna_gmOleBTvedt.jpg\" width=\"357\" height=\"454\" border=\"0\"><\/span><\/p>\n<p><span style=\"color: #ff00ff;\"><img loading=\"lazy\" src=\"http:\/\/tveitosida.no\/wp-content\/uploads\/gamle_folder\/forfedre\/JohOBTvedt2.jpg\" width=\"333\" height=\"454\" border=\"0\"><\/span><\/p>\n<p>Helena N\u00e6vdal f. 1854 (s\u00f8ster til Ola B. \u00d8vretveit) g. 1877 med byggmester Johs. Haldorson N\u00e6vdal.<br><img loading=\"lazy\" src=\"http:\/\/tveitosida.no\/wp-content\/uploads\/gamle_folder\/forfedre\/HeleneNavdal.jpg\" width=\"350\" height=\"520\" border=\"0\"><\/p>\n<p>Karoline Bertine (f\u00f8r Olsdatter \u00d8vretveit) Tvedt, f. 1873 d. 1953, g.<br>1898 med Mons Tvedt, foreldre til B\u00e5rd Tvedt. Datter til Ola B. \u00d8vretveit og Johanna.<br>Barn: Elias, Ola, Ragnvald, Johannes, Ragnhild, B\u00e5rd, Magnhild, Kristian og Gunnhild.<br><span style=\"color: #ff00ff;\"><img loading=\"lazy\" src=\"http:\/\/tveitosida.no\/wp-content\/uploads\/gamle_folder\/forfedre\/N1.jpg\" width=\"350\" height=\"599\" border=\"0\"><\/span><\/p>\n<p>B\u00e5r O. Tvedt f. 1875 (Ola B\u00e5rson \u00d8vretveit&#8217;s s\u00f8nn) USA.<br><img loading=\"lazy\" src=\"http:\/\/tveitosida.no\/wp-content\/uploads\/gamle_folder\/forfedre\/BardOTvedt.jpg\" width=\"350\" height=\"522\" border=\"0\"><\/p>\n<p>Nils Tvedt f. 1888 (Ola B\u00e5rson \u00d8vretveit&#8217;s s\u00f8nn) USA.<br><img loading=\"lazy\" src=\"http:\/\/tveitosida.no\/wp-content\/uploads\/gamle_folder\/forfedre\/NilsTvedt.jpg\" width=\"350\" height=\"457\" border=\"0\"><\/p>\n<p>S\u00f8sknene: Kari f. 1882, Karoline f. 1873, Johanna f. 1884 og Henrik f.1895.<br><img loading=\"lazy\" src=\"http:\/\/tveitosida.no\/wp-content\/uploads\/gamle_folder\/forfedre\/Karolinassosk.jpg\" width=\"600\" height=\"236\" border=\"0\"><\/p>\n<p>Anna Andersdatter T\u00f8sse (Hosanger) og Ivar Olsson \u00d8vretveit f. 1877, d.<br>1959, g. 1907 (Karoline Tvedt sin bror).<br>Barn: Olav og Audun.<br><span style=\"color: #ff00ff;\"><img loading=\"lazy\" src=\"http:\/\/tveitosida.no\/wp-content\/uploads\/gamle_folder\/forfedre\/AnnaIvarOptun.jpg\" width=\"600\" height=\"402\" border=\"0\"><\/span><\/p>\n<p>Berljot og Olav (s\u00f8nn av Anna og Ivar) B\u00e5rdsen.<br><img loading=\"lazy\" src=\"http:\/\/tveitosida.no\/wp-content\/uploads\/gamle_folder\/forfedre\/BerljotOlavBardsen1932.jpg\" alt=\"Berljot og Olav B\u00e5rdsen 1932.\" width=\"350\" height=\"569\" border=\"0\">&nbsp;<\/p>\n<p>Elias Tvedt f. 1863, d. 1926. USA i 1884. (Jakob Tvedts s\u00f8nn).<br><img loading=\"lazy\" src=\"http:\/\/tveitosida.no\/wp-content\/uploads\/gamle_folder\/forfedre\/EliasTvedtf1863.jpg\" width=\"350\" height=\"544\" border=\"0\"><\/p>\n<p>Martin Tvedt f. 1869, d. 1904. USA. (Jakob Tvedts s\u00f8nn).<br><img loading=\"lazy\" src=\"http:\/\/tveitosida.no\/wp-content\/uploads\/gamle_folder\/forfedre\/MartinTvedtf1869.jpg\" width=\"350\" height=\"487\" border=\"0\"><\/p>\n<p>Mons Tvedt f. 1877, d. 1952, g. 1898 med Karoline. (Jakob Tvedts s\u00f8nn).<br><span style=\"color: #ff00ff;\"><img loading=\"lazy\" src=\"http:\/\/tveitosida.no\/wp-content\/uploads\/gamle_folder\/forfedre\/MonsTvedt.jpg\" width=\"350\" height=\"536\" border=\"0\"><\/span><\/p>\n<p>Gjertrud Tvedt f. 1874, d. 1903 (Mons Tvedt&#8217;s s\u00f8ster). D\u00f8ydde som ug.<br>k\u00e5rtakar p\u00e5 Nedretvedt. (Jakob Tvedts datter).<br><span style=\"color: #ff00ff;\"><img loading=\"lazy\" src=\"http:\/\/tveitosida.no\/wp-content\/uploads\/gamle_folder\/forfedre\/GjertrudTvMonssys.jpg\" width=\"350\" height=\"544\" border=\"0\"><\/span><\/p>\n<p><img loading=\"lazy\" src=\"http:\/\/tveitosida.no\/wp-content\/uploads\/gamle_folder\/forfedre\/M2.jpg\" width=\"350\" height=\"521\" border=\"0\"><\/p>\n<p>Marta Seljelid, Jakobs mor.<br><span style=\"color: #ff00ff;\"><img loading=\"lazy\" src=\"http:\/\/tveitosida.no\/wp-content\/uploads\/gamle_folder\/forfedre\/MartaSeljelid_Jsmor.jpg\" width=\"350\" height=\"534\" border=\"0\"> &nbsp;<\/span><\/p>\n<p>Erik Monsson Nedretvedt f. 1805 d. 1875 g. 1831 med Marta Jakobsdatter Seljelid f. 1807 d. 1887.<br>Barn: Jakob, Ingeborg, Marta, Mons, Ragnhild, Ingebrigt, Ingeborg, Ola, Ola, Erik, Erik, Johannes, Malena<\/p>\n<p>Folketelling 1865 (funnet p\u00e5 Statsarkivet 15.11.2006)<\/p>\n<p>259 \u2013 13 Nedretvedt &#8211; 254 &#8211; 1 hus 2 husholdninger<\/p>\n<p>Erik Mons. Husfader Selveier: 1\/2 hester, 6 storkv\u00e6g, 26 F\u00e5r, 3 tunner Havre, 6 tunner Poteter&nbsp;<br>Marta Jakobsdtr. &#8211; hans kone<br>Erik Eriks. &#8211; deres S\u00f8n <i>(1845-1901) (reiste til USA 1876)<\/i><br>Malena Eriksd. &#8211; deres Datter <i>(1850- ) (reiste til USA)<\/i><br>&#8211; &#8211; &#8211; &#8211;<br>Jakob Eriks. &#8211; Bestyrer halve gaarden<br>Ragnhild Ivarsd. &#8211; hans kone<br>Elias Jakobs. &#8211; deres S\u00f8n <i>(1863-1926) (reiste til USA 1884)<\/i><br>Brita Jakobsd. &#8211; deres Datter <i>(1861-1885) (d\u00f8de ugift)<\/i><br>Ole Eriks. &#8211; Tjenestekarl <i>(1843- ) son til Erik Monsson N. (reiste til USA 1876)<\/i><\/p>\n<p>Jakob Tvedt far til Mons Tvedt, gift med Ragnhild Tvedt<br><img loading=\"lazy\" src=\"http:\/\/tveitosida.no\/wp-content\/uploads\/gamle_folder\/forfedre\/Jakob.jpg\" width=\"350\" height=\"441\" border=\"0\"><\/p>\n<p>Ragnhild Tvedt<br><img loading=\"lazy\" src=\"http:\/\/tveitosida.no\/wp-content\/uploads\/gamle_folder\/forfedre\/Ragnhild.jpg\" width=\"350\" height=\"441\" border=\"0\"><\/p>\n<p>Jakob Eriksson Nedretvedt f. 1831 d. 1914, g 1860 med Ragnhild Ivarsdatter Seljelid f. 1836, d. 1929.<br>Barn: Brita, Elias, Ivar, Mons, Martin, Gjertrud, Mons. (Se over). Tok over garden i 1876.<\/p>\n<p>Jakob Tvedt<br><img loading=\"lazy\" src=\"http:\/\/tveitosida.no\/wp-content\/uploads\/gamle_folder\/forfedre\/JakobT_350.jpg\" width=\"350\" height=\"519\" border=\"0\"><\/p>\n<p>Ragnhild Tvedt<br><img loading=\"lazy\" src=\"http:\/\/tveitosida.no\/wp-content\/uploads\/gamle_folder\/forfedre\/RagnhildT_350.jpg\" width=\"350\" height=\"519\" border=\"0\"><\/p>\n<p>Ivar og Brita Romarheim, Ragnhild sine foreldre.<br><span style=\"color: #ff00ff;\"><img loading=\"lazy\" src=\"http:\/\/tveitosida.no\/wp-content\/uploads\/gamle_folder\/forfedre\/IvarBritaRomarheimfRagn.jpg\" width=\"350\" height=\"532\" border=\"0\"> &nbsp;<\/span><\/p>\n<p>Hans og Ragnhild Grimstad&nbsp; f. 1836, d. 1921 (Jakob&#8217;s s\u00f8ster).<br><span style=\"color: #ff00ff;\"><img loading=\"lazy\" src=\"http:\/\/tveitosida.no\/wp-content\/uploads\/gamle_folder\/forfedre\/HansGrimstadRagnhildJssys.jpg\" width=\"350\" height=\"523\" border=\"0\"><\/span><\/p>\n<p>Ingebrigt Tvedt (Jakob&#8217;s bror)<br><span style=\"color: #ff00ff;\"><img loading=\"lazy\" src=\"http:\/\/tveitosida.no\/wp-content\/uploads\/gamle_folder\/forfedre\/IngebrigtTvedtJsbror.jpg\" width=\"350\" height=\"547\" border=\"0\"><\/span><\/p>\n<p>Synneve Rasmusdatter Sogndalsfj\u00e6ren og Ingebrigt Tvedt f. 1838 g. 1869 (Jakob&#8217;s bror).&nbsp; USA 1876.<br><span style=\"color: #ff00ff;\"><img loading=\"lazy\" src=\"http:\/\/tveitosida.no\/wp-content\/uploads\/gamle_folder\/forfedre\/Ingebrigtogkona.jpg\" width=\"350\" height=\"550\" border=\"0\"><\/span><\/p>\n<p>Berta Susanna f. 1847 og Ole E. Tvedt f. 1843. (Jakob&#8217;s bror). USA 1872.<br><span style=\"color: #ff00ff;\"><img loading=\"lazy\" src=\"http:\/\/tveitosida.no\/wp-content\/uploads\/gamle_folder\/forfedre\/BertaOleTvedtJsbror.jpg\" width=\"350\" height=\"511\" border=\"0\"><\/span><\/p>\n<p>Erik Tvedt (Jakob&#8217;s bror) f. 1845, d. 1901. Reiste til USA i 1876.<br><span style=\"color: #ff00ff;\"><img loading=\"lazy\" src=\"http:\/\/tveitosida.no\/wp-content\/uploads\/gamle_folder\/forfedre\/ErikTvedtJsbrors.jpg\" width=\"350\" height=\"523\" border=\"0\"><\/span><\/p>\n<p>Ingeborg Olsdatter Vefjell og Johannes Tvedt f. 1847, g. 1873 (Jakob&#8217;s bror).<br><span style=\"color: #ff00ff;\"><img loading=\"lazy\" src=\"http:\/\/tveitosida.no\/wp-content\/uploads\/gamle_folder\/forfedre\/IngeborgJohannesTvedtJsbr.jpg\" width=\"350\" height=\"528\" border=\"0\"><\/span><\/p>\n<p><span style=\"color: #ff00ff;\"><img loading=\"lazy\" src=\"http:\/\/tveitosida.no\/wp-content\/uploads\/gamle_folder\/forfedre\/IngeborgJohannesTvedtJsbr2.jpg\" width=\"350\" height=\"528\" border=\"0\"><\/span><\/p>","protected":false},"excerpt":{"rendered":"<p>Forfedre til nokon av dei som er vokse opp p\u00e5 g\u00e5rden, Nedretveit Ola B\u00e5rson \u00d8vretveit (far til Karoline Tvedt). &nbsp; Ola B\u00e5rson \u00d8vretveit f. 1850, d. 1947, g.1872 med Johanna Elina Ivarsdatter Fammestad f. 1852, d. 1884. Ola attg. 1886 med Olina Nilsdatter S. Askeland f. 1857, d. 1927. Barn: B\u00e5r, Karoline Bertina, B\u00e5r, Ivar, &hellip; <a href=\"https:\/\/tveitosida.no\/index.php\/forfedre\/\" class=\"more-link\">Continue reading <span class=\"screen-reader-text\">Forfedre<\/span> <span class=\"meta-nav\">&rarr;<\/span><\/a><\/p>\n","protected":false},"author":1,"featured_media":0,"parent":0,"menu_order":0,"comment_status":"closed","ping_status":"closed","template":"","meta":[],"_links":{"self":[{"href":"https:\/\/tveitosida.no\/index.php\/wp-json\/wp\/v2\/pages\/1392"}],"collection":[{"href":"https:\/\/tveitosida.no\/index.php\/wp-json\/wp\/v2\/pages"}],"about":[{"href":"https:\/\/tveitosida.no\/index.php\/wp-json\/wp\/v2\/types\/page"}],"author":[{"embeddable":true,"href":"https:\/\/tveitosida.no\/index.php\/wp-json\/wp\/v2\/users\/1"}],"replies":[{"embeddable":true,"href":"https:\/\/tveitosida.no\/index.php\/wp-json\/wp\/v2\/comments?post=1392"}],"version-history":[{"count":9,"href":"https:\/\/tveitosida.no\/index.php\/wp-json\/wp\/v2\/pages\/1392\/revisions"}],"predecessor-version":[{"id":3249,"href":"https:\/\/tveitosida.no\/index.php\/wp-json\/wp\/v2\/pages\/1392\/revisions\/3249"}],"wp:attachment":[{"href":"https:\/\/tveitosida.no\/index.php\/wp-json\/wp\/v2\/media?parent=1392"}],"curies":[{"name":"wp","href":"https:\/\/api.w.org\/{rel}","templated":true}]}}