{"id":1388,"date":"2020-10-26T19:07:06","date_gmt":"2020-10-26T19:07:06","guid":{"rendered":"http:\/\/10.40.0.11\/?page_id=1388"},"modified":"2022-11-01T18:16:56","modified_gmt":"2022-11-01T18:16:56","slug":"gamle-bilder-fra-ovretveit","status":"publish","type":"page","link":"https:\/\/tveitosida.no\/index.php\/gamle-bilder-fra-ovretveit\/","title":{"rendered":"\u00d8vretveit"},"content":{"rendered":"<p>Gamle bilder fr\u00e5 \u00d8vretveit, barndomsheimen til Ingvald \u00d8vretveit.<\/p>\n<p>Eldre bilde av Br\u00f8ktaknutbruket (br.7) med Utf\u00f8re (br.5) i bakgrunnen<br \/><img loading=\"lazy\" src=\"http:\/\/tveitosida.no\/wp-content\/uploads\/gamle_folder\/ingovre\/OvretveitUtf_600.jpg\" width=\"600\" height=\"423\" border=\"0\" \/><\/p>\n<p>Ingebrigt og Mageli. Dette bildet er stort veggbilde.<br \/><img loading=\"lazy\" src=\"http:\/\/tveitosida.no\/wp-content\/uploads\/gamle_folder\/ingovre\/IMG_1467IngebrigtMageli.jpg\" width=\"600\" height=\"443\" border=\"0\" \/><\/p>\n<p>Mens dette bildet l\u00e5g i ein album. Her ser vi heile antrekket.<br \/><img loading=\"lazy\" src=\"http:\/\/tveitosida.no\/wp-content\/uploads\/gamle_folder\/ingovre\/IngebrigtMagdeliOvretveitSV.jpg\" width=\"600\" height=\"810\" border=\"0\" \/><\/p>\n<p>Mageli Monsdatter Fladaas<br \/><img loading=\"lazy\" src=\"http:\/\/tveitosida.no\/wp-content\/uploads\/gamle_folder\/ingovre\/IMG_1474Mageli.jpg\" width=\"600\" height=\"346\" border=\"0\" \/><\/p>\n<p><img loading=\"lazy\" src=\"http:\/\/tveitosida.no\/wp-content\/uploads\/gamle_folder\/ingovre\/IMG_5756Blaa.jpg\" width=\"600\" height=\"377\" border=\"0\" \/><\/p>\n<p>Knut og Ingeborg<br \/><img loading=\"lazy\" src=\"http:\/\/tveitosida.no\/wp-content\/uploads\/gamle_folder\/ingovre\/IMG_1465Knut.jpg\" width=\"319\" height=\"393\" border=\"0\" \/><\/p>\n<p><img loading=\"lazy\" src=\"http:\/\/tveitosida.no\/wp-content\/uploads\/gamle_folder\/ingovre\/IMG_1459IngeborgO.jpg\" width=\"303\" height=\"393\" border=\"0\" \/><\/p>\n<p>Ingeborg, ung.<br \/><img loading=\"lazy\" src=\"http:\/\/tveitosida.no\/wp-content\/uploads\/gamle_folder\/ingovre\/IngeborgToftOvretveit.jpg\" width=\"350\" height=\"525\" border=\"0\" \/><\/p>\n<p>Ingeborg Andersdatter Toft 1889<br \/><img loading=\"lazy\" src=\"http:\/\/tveitosida.no\/wp-content\/uploads\/gamle_folder\/ingovre\/IMG_7778_600.jpg\" width=\"600\" height=\"394\" border=\"0\" \/><\/p>\n<p>Matile, Anna, Knut, Ingvald og Ingeborg<br \/><img loading=\"lazy\" src=\"http:\/\/tveitosida.no\/wp-content\/uploads\/gamle_folder\/ingovre\/FamKOvretv.jpg\" width=\"600\" height=\"450\" border=\"0\" \/><\/p>\n<p>Knut, Anna og Ingvald.<br \/><img loading=\"lazy\" src=\"http:\/\/tveitosida.no\/wp-content\/uploads\/gamle_folder\/ingovre\/FamKOvretv2.jpg\" width=\"350\" height=\"527\" border=\"0\" \/><\/p>\n<p>Ingvald<br \/><img loading=\"lazy\" src=\"http:\/\/tveitosida.no\/wp-content\/uploads\/gamle_folder\/ingovre\/Ingvald.jpg\" width=\"350\" height=\"490\" border=\"0\" \/><\/p>\n<p>S\u00f8stera Anna<br \/><img loading=\"lazy\" src=\"http:\/\/tveitosida.no\/wp-content\/uploads\/gamle_folder\/ingovre\/AnnaGrimstad_350.jpg\" width=\"350\" height=\"490\" border=\"0\" \/><\/p>\n<p>Fam. Anders \u00d8 v r e t v e i t, Anders var broren til Knut og var byggmester i Bergen.\u00a0Brita (Einarsen Myking), Einar, Ingolf(bak), Betsy, Alvhilda, Anders.<br \/><img loading=\"lazy\" src=\"http:\/\/tveitosida.no\/wp-content\/uploads\/gamle_folder\/ingovre\/FamAndersOvretv_600.jpg\" width=\"600\" height=\"384\" border=\"0\" \/><\/p>\n<p>P\u00e5 Stallen<br \/><img loading=\"lazy\" src=\"http:\/\/tveitosida.no\/wp-content\/uploads\/gamle_folder\/ingovre\/IMG_7773_sv_600.jpg\" width=\"600\" height=\"506\" border=\"0\" \/><\/p>\n<p>XX, Anna Grimstad, Anna Hauge, Ingvald \u00d8vretveit, Ragnhild?, XX<br \/><img loading=\"lazy\" src=\"http:\/\/tveitosida.no\/wp-content\/uploads\/gamle_folder\/ingovre\/SamlOvre.jpg\" width=\"600\" height=\"425\" border=\"0\" \/><\/p>\n<p>Anna og Ragnhild, Ingvald i bakgrunnen i treet, Anders Hauge heilt bak.<br \/><img loading=\"lazy\" src=\"http:\/\/tveitosida.no\/wp-content\/uploads\/gamle_folder\/ingovre\/SamlOvreAnRaIngv.jpg\" width=\"600\" height=\"407\" border=\"0\" \/><\/p>\n<p>Utanfor floren, Ole Nor \u00d8vretveit, Ingvald \u00d8vretveit, Johan og Ivar Grov<br \/><img loading=\"lazy\" src=\"http:\/\/tveitosida.no\/wp-content\/uploads\/gamle_folder\/ingovre\/UtforFloren_IOJI_600.jpg\" width=\"600\" height=\"398\" border=\"0\" \/><\/p>\n<p>Ingvald sine forfedre<br \/><img loading=\"lazy\" src=\"http:\/\/tveitosida.no\/wp-content\/uploads\/gamle_folder\/ingovre\/IngvaldSlekt.jpg\" width=\"698\" height=\"627\" border=\"0\" \/><\/p>\n<p>Ingvald og Ida med krone<br \/><img loading=\"lazy\" src=\"http:\/\/tveitosida.no\/wp-content\/uploads\/gamle_folder\/ingovre\/IngvIda2_600.jpg\" alt=\"Bryllup\" width=\"600\" height=\"984\" border=\"0\" \/><\/p>\n<p>Ida med krone<br \/><img loading=\"lazy\" src=\"http:\/\/tveitosida.no\/wp-content\/uploads\/gamle_folder\/ingovre\/IMG_5792_600.jpg\" alt=\"Bryllup\" width=\"600\" height=\"883\" border=\"0\" \/><\/p>\n<p>Ingvald og Ida med kvithue<br \/><img loading=\"lazy\" src=\"http:\/\/tveitosida.no\/wp-content\/uploads\/gamle_folder\/ingovre\/IngvIda_C.png\" alt=\"Bryllup\" width=\"600\" height=\"864\" border=\"0\" \/><\/p>\n<p>Ida ved l\u00f8a<br \/><img loading=\"lazy\" src=\"http:\/\/tveitosida.no\/wp-content\/uploads\/gamle_folder\/ingovre\/IdaLoa.jpg\" width=\"600\" height=\"375\" border=\"0\" \/><\/p>\n<p>Anna og Ingvald ved hesja<br \/><img loading=\"lazy\" src=\"http:\/\/tveitosida.no\/wp-content\/uploads\/gamle_folder\/ingovre\/AnnaIngvaldHesj_600.jpg\" width=\"600\" height=\"380\" border=\"0\" \/><\/p>\n<p>Marta og Anna p\u00e5 hesten til Ingvald.<br \/><img loading=\"lazy\" src=\"http:\/\/tveitosida.no\/wp-content\/uploads\/gamle_folder\/ingovre\/XXXAnna_600.jpg\" width=\"600\" height=\"409\" border=\"0\" \/><\/p>\n<p>Ingvald og Anna med hesten<br \/><img loading=\"lazy\" src=\"http:\/\/tveitosida.no\/wp-content\/uploads\/gamle_folder\/ingovre\/HestenIngvaldAnnaR.jpg\" width=\"600\" height=\"400\" border=\"0\" \/><\/p>\n<p>Ingebj\u00f8rg og Anlaug<br \/><img loading=\"lazy\" src=\"http:\/\/tveitosida.no\/wp-content\/uploads\/gamle_folder\/ingovre\/AnnlaugIngebj.jpg\" width=\"600\" height=\"539\" border=\"0\" \/><\/p>\n<p>Tre s\u00f8sken<br \/><img loading=\"lazy\" src=\"http:\/\/tveitosida.no\/wp-content\/uploads\/gamle_folder\/ingovre\/TreSoskOvre.png\" width=\"600\" height=\"400\" border=\"0\" \/><\/p>\n<p><img loading=\"lazy\" src=\"http:\/\/tveitosida.no\/wp-content\/uploads\/gamle_folder\/ingovre\/Kjokken.jpg\" width=\"600\" height=\"808\" border=\"0\" \/><\/p>\n<p>Bakerst: Knut, Midten: Judit Bj\u00f8nndal* (*Evakuert etter krigen), Anlaug, Annborg Bj\u00f8nndal*<br \/>Framme: Hj\u00f8rdis \u00d8vretveit, Knut \u00d8vretveit, Knut N\u00f8sdal. Anlaug i &#8220;bestemorkjole&#8221; bl\u00e5rutete stoff. Anna, kona til Anders sydde. Stoffet kj\u00f8pt av Ingvald i byn.<\/p>\n<p>Ingebj\u00f8rg, Knut og Anlaug<br \/><img loading=\"lazy\" src=\"http:\/\/tveitosida.no\/wp-content\/uploads\/gamle_folder\/ingovre\/SoskOvretv.jpg\" width=\"600\" height=\"400\" border=\"0\" \/><\/p>\n<p>Knut med hest kj\u00f8rer bort torv til bestefar i torvslumpen. Ingolf \u00d8vretveit kjem med mat i kipo. Ingvald, Ida og Svanhild stikk ut torv. Anlaug og Ingebj\u00f8rg sit. Dei brukte torv til \u00e5 fyre i ovnen. F\u00f8rst skar dei torv ut i fr\u00e5 myrane. S\u00e5 la dei det p\u00e5 bakken, snudde p\u00e5 det, krakka det (sette det opp. \/\\.)<br \/><img loading=\"lazy\" src=\"http:\/\/tveitosida.no\/wp-content\/uploads\/gamle_folder\/ingovre\/OvreTorv2.jpg\" width=\"600\" height=\"422\" border=\"0\" \/><\/p>\n<p>Ingebj\u00f8rg med kopp, Anlaug, Karen \u00d8vretveit, Svanhild, Ida, Ingvald, Knut, Knut. Matpause under henting av torv i \u00d8stmarka.<br \/><img loading=\"lazy\" src=\"http:\/\/tveitosida.no\/wp-content\/uploads\/gamle_folder\/ingovre\/OvreTorv.jpg\" width=\"600\" height=\"400\" border=\"0\" \/><\/p>\n<p>Anlaug og Ingebj\u00f8rg<br \/><img loading=\"lazy\" src=\"http:\/\/tveitosida.no\/wp-content\/uploads\/gamle_folder\/ingovre\/AnnlaugIngebj2.jpg\" width=\"600\" height=\"400\" border=\"0\" \/><\/p>\n<p>Ingebj\u00f8rg&#8217;s konfirmasjon<br \/><img loading=\"lazy\" src=\"http:\/\/tveitosida.no\/wp-content\/uploads\/gamle_folder\/ingovre\/IngebjorgKonf2_34.jpg\" width=\"600\" height=\"800\" border=\"0\" \/><\/p>\n<p>Bringeduken<br \/><img loading=\"lazy\" src=\"http:\/\/tveitosida.no\/wp-content\/uploads\/gamle_folder\/ingovre\/IMG_2655Bringeduk.jpg\" width=\"600\" height=\"510\" border=\"0\" \/><\/p>\n<p>Rokk<br \/><img loading=\"lazy\" src=\"http:\/\/tveitosida.no\/wp-content\/uploads\/gamle_folder\/ingovre\/IMG_5761Rok.jpg\" width=\"600\" height=\"507\" border=\"0\" \/><\/p>\n<p>Ida \u00d8vretveit og Ragnhild Hauge<br \/><img loading=\"lazy\" src=\"http:\/\/tveitosida.no\/wp-content\/uploads\/gamle_folder\/ingovre\/IdaStal_600.jpg\" width=\"600\" height=\"464\" border=\"0\" \/><\/p>\n<p>Hestekjerre forbi Hauge, Byggningsmann A n d e r s \u00d8 v r e t v e i t. Hestekjerra er den Ida og Ingvald fekk i bryllupsgave. Det er ogs\u00e5 hesten deira.<br \/><img loading=\"lazy\" src=\"http:\/\/tveitosida.no\/wp-content\/uploads\/gamle_folder\/postkort\/Hestekjerre_600.jpg\" alt=\"Hauge\" width=\"600\" height=\"375\" border=\"0\" \/><\/p>\n<p>Knut \u00d8vretveit og svigers\u00f8nn Jacob Grimstad<br \/><img loading=\"lazy\" src=\"http:\/\/tveitosida.no\/wp-content\/uploads\/gamle_folder\/ingovre\/KnutOvretJacobGrim.jpg\" alt=\"Mann og svigers\u00f8nn.\" width=\"545\" height=\"333\" border=\"0\" \/><\/p>\n<p>Anlaug og Ingvald<br \/><img loading=\"lazy\" src=\"http:\/\/tveitosida.no\/wp-content\/uploads\/gamle_folder\/ingovre\/AnnIngv.jpg\" alt=\"Datter og far.\" width=\"600\" height=\"374\" border=\"0\" \/><\/p>\n<p>Anlaug og Aasmund gifter seg<br \/><img loading=\"lazy\" src=\"http:\/\/tveitosida.no\/wp-content\/uploads\/gamle_folder\/ingovre\/Bryllup1950.jpg\" alt=\"Kone og mann.\" width=\"600\" height=\"383\" border=\"0\" \/><\/p>\n<p>Ingvald og Ida med Inger (f\u00f8rste barnebarn).<br \/><img loading=\"lazy\" src=\"http:\/\/tveitosida.no\/wp-content\/uploads\/gamle_folder\/ingovre\/IngerInIda.jpg\" width=\"600\" height=\"433\" border=\"0\" \/><\/p>\n<p><img loading=\"lazy\" src=\"http:\/\/tveitosida.no\/wp-content\/uploads\/gamle_folder\/ingovre\/Forstebarnebarn.png\" width=\"600\" height=\"386\" border=\"0\" \/><\/p>\n<p><img loading=\"lazy\" src=\"http:\/\/tveitosida.no\/wp-content\/uploads\/gamle_folder\/ingovre\/IngvVog.jpg\" width=\"600\" height=\"372\" border=\"0\" \/><\/p>\n<p><img loading=\"lazy\" src=\"http:\/\/tveitosida.no\/wp-content\/uploads\/gamle_folder\/ingovre\/Ovretvefam.jpg\" width=\"600\" height=\"401\" border=\"0\" \/><\/p>\n<p>Inger<br \/><img loading=\"lazy\" src=\"http:\/\/tveitosida.no\/wp-content\/uploads\/gamle_folder\/ingovre\/IngerBil.jpg\" alt=\"Inger p\u00e5 farens bil\" width=\"600\" height=\"388\" border=\"0\" \/><\/p>\n<p>Ingvald og Oddvar<br \/><img loading=\"lazy\" src=\"http:\/\/tveitosida.no\/wp-content\/uploads\/gamle_folder\/ingovre\/IngvOddHest.jpg\" alt=\"Oddvar p\u00e5 hesten\" width=\"600\" height=\"383\" border=\"0\" \/><\/p>\n<p>&#8220;Nyehuset&#8221;<br \/><img loading=\"lazy\" src=\"http:\/\/tveitosida.no\/wp-content\/uploads\/gamle_folder\/ingovre\/Ovretv3.jpg\" width=\"600\" height=\"340\" border=\"0\" \/><\/p>\n<p>Tunet<br \/><img loading=\"lazy\" src=\"http:\/\/tveitosida.no\/wp-content\/uploads\/gamle_folder\/ingovre\/IMG_5138_600.jpg\" width=\"600\" height=\"429\" border=\"0\" \/><\/p>\n<p>Tunet<br \/><img loading=\"lazy\" src=\"http:\/\/tveitosida.no\/wp-content\/uploads\/gamle_folder\/ingovre\/IMG_5093_n2_600.jpg\" width=\"600\" height=\"434\" border=\"0\" \/><\/p>\n<p>Arne, Inger og Oddvar.<br \/><img loading=\"lazy\" src=\"http:\/\/tveitosida.no\/wp-content\/uploads\/gamle_folder\/ingovre\/ArneIngerOdd.jpg\" alt=\"Arne, Inger og Oddvar\" width=\"600\" height=\"399\" border=\"0\" \/><\/p>\n<p>S\u00f8skenbarn Inger, Oddvar og Arne.<br \/><img loading=\"lazy\" src=\"http:\/\/tveitosida.no\/wp-content\/uploads\/gamle_folder\/ingovre\/IMG_1993_.jpg\" width=\"600\" height=\"386\" border=\"0\" \/><\/p>\n<p>S\u00f8sken barn: Inger og Arne bak, Ingmund og Oddvar framme.<br \/><img loading=\"lazy\" src=\"http:\/\/tveitosida.no\/wp-content\/uploads\/gamle_folder\/ingovre\/IMG_1996_.jpg\" width=\"600\" height=\"387\" border=\"0\" \/><\/p>\n<p>Ingvald og Ida<br \/><img loading=\"lazy\" src=\"http:\/\/tveitosida.no\/wp-content\/uploads\/gamle_folder\/ingovre\/Ovretvei_2Ny.jpg\" width=\"600\" height=\"516\" border=\"0\" \/><\/p>\n<p>Ida og Inger<br \/><img loading=\"lazy\" src=\"http:\/\/tveitosida.no\/wp-content\/uploads\/gamle_folder\/ingovre\/Oeljoeyne.jpg\" alt=\"Ida og Inger i \u00d8lj\u00f8yne\" width=\"350\" height=\"510\" border=\"0\" \/><\/p>\n<p>Ida i favorittkjolen<br \/><img loading=\"lazy\" src=\"http:\/\/tveitosida.no\/wp-content\/uploads\/gamle_folder\/ingovre\/IMG_5226_600.jpg\" width=\"600\" height=\"390\" border=\"0\" \/><\/p>\n<p>4 generasjoner i Irenes d\u00e5p<br \/><img loading=\"lazy\" src=\"http:\/\/tveitosida.no\/wp-content\/uploads\/gamle_folder\/ingovre\/R142_DapIrene.jpg\" width=\"600\" height=\"390\" border=\"0\" \/><\/p>\n<p><b>Ida p\u00e5 sine eldre dager:<\/b><br \/>B\u00e5rd har med seg kassettspiller med musikk, og synger sj\u00f8lvlaga sang til Ida p\u00e5 hennes 90 \u00e5rs dag.<br \/><img loading=\"lazy\" src=\"http:\/\/tveitosida.no\/wp-content\/uploads\/gamle_folder\/ingovre\/BardIdaSang.jpg\" width=\"600\" height=\"413\" border=\"0\" \/><\/p>\n<p>Ida fisker i Tveitavatnet sammen med Inger.<br \/><img loading=\"lazy\" src=\"http:\/\/tveitosida.no\/wp-content\/uploads\/gamle_folder\/ingovre\/Ida.jpg\" width=\"600\" height=\"405\" border=\"0\" \/><\/p>\n<p><img loading=\"lazy\" src=\"http:\/\/tveitosida.no\/wp-content\/uploads\/gamle_folder\/ingovre\/Ida_terassen2.jpg\" width=\"600\" height=\"655\" border=\"0\" \/><\/p>\n<p><img loading=\"lazy\" src=\"http:\/\/tveitosida.no\/wp-content\/uploads\/gamle_folder\/ingovre\/IdaIBil.jpg\" width=\"600\" height=\"876\" border=\"0\" \/><\/p>\n<p>Brikke med bilde av katter som Ida hadde p\u00e5 kj\u00f8kkenet sitt<br \/><img loading=\"lazy\" src=\"http:\/\/tveitosida.no\/wp-content\/uploads\/gamle_folder\/ingovre\/IMG_2136_600.jpg\" width=\"600\" height=\"599\" border=\"0\" \/><\/p>\n<p>Bilde av forma Ida pleide \u00e5 lage natronkaker med<br \/><img loading=\"lazy\" src=\"http:\/\/tveitosida.no\/wp-content\/uploads\/gamle_folder\/ingovre\/IMG_1530_600.jpg\" width=\"600\" height=\"595\" border=\"0\" \/><\/p>\n<p><b>Gryta hennar mor<\/b><\/p>\n<p>Blant ljose barneminner er gryta hennar mor. Ho stend p\u00e5 gamle tomter der ville blomar gror; Ho er nok slitt av sleiva av rust og tiders tann, men ingen kan fortelja som gamle gryta kan.<\/p>\n<p>Kor:<br \/>Gryta hennar mor, gryta hennar mor<br \/>Blant ljose barneminner er gryta hennar mor<\/p>\n<p>No er det lenge sidan og mange \u00e5r har g\u00e5tt. Far og mor er borte, si kvila har dei f\u00e5tt, Men enno kan eg h\u00f8yra st\u00e5ket kring v\u00e5rt bord, d\u00e5 alle skulle mettast av gryta hennar mor.<\/p>\n<p>At gryta kan fortelja om gode snille far, som og i tronge tider si b\u00f8r til gryta bar. I strev for mange ungar i solskinn som i frost, om han som signar maten, sj\u00f8lv fattig mannens kost.<\/p>\n<p>Eg h\u00f8yrer fuglen syngja, som dengong vi var sm\u00e5, og himlen er den same, evig, ung og bl\u00e5. Men blant dei s\u00e5re minner, eg har ei gleda stor, v\u00e5r Gud har planta blomar kring gryta hennar mor.<\/p>\n<p><img loading=\"lazy\" src=\"http:\/\/tveitosida.no\/wp-content\/uploads\/gamle_folder\/ingovre\/IMG_6154R_600.jpg\" width=\"350\" height=\"491\" border=\"0\" \/><\/p>\n<p><b>Eg gjette Tulla<\/b><\/p>\n<p>Eg gjette tulla i femten \u00e5r,<br \/>eg passa vel p\u00e5 Tulla.<br \/>Eg gjette bort b\u00e5de lam og f\u00e5r;<br \/>men end\u00e5 hadde eg Tulla.<\/p>\n<p>Refreng:<br \/>\u00c5 hei, \u00e5 h\u00e5, det f\u00e5r s\u00e5 g\u00e5,<br \/>eg tregar meste p\u00e5 Tulla,<br \/>for ho var krulla i ulla.<\/p>\n<p>Eg gjette Tulla borti ei li,<br \/>det var s\u00e5 lite til beite.<br \/>Eg gjekk og lokka p\u00e5 Tulla mi<br \/>og etter graset ho leite.<\/p>\n<p>Og s\u00e5 kom skrubben laskande fram,<br \/>d\u00e5 fekk eg kj\u00f8pmann til Tulla,<br \/>og akkederinga var kje lang,<br \/>og penningan\u2019ver kje mange.<\/p>\n<p>(Eg fekk kje meire av Tulla mi<br \/>enn ein liten flekk utav blodet.<br \/>No kjem eg aldri til Fagerli<br \/>om der er gras nok og groe.)<\/p>\n<p><img loading=\"lazy\" src=\"http:\/\/tveitosida.no\/wp-content\/uploads\/gamle_folder\/ingovre\/Fugl_350.jpg\" width=\"350\" height=\"282\" border=\"0\" \/><\/p>\n<p><b>Ein liten fugl<\/b><\/p>\n<p>Ein liten fugl p\u00e5 gulvet g\u00e5r,<br \/>med to forgylte fj\u00f8rer.<br \/>Han vokser ikkje mykje stor,<br \/>med tidsler og med tordner.<\/p>\n<p>Han synger s\u00e5 blant bedre var,<br \/>p\u00e5 ein fri fot han vandrar.<br \/>No sit han i eit bur t\u00e5 gull,<br \/>og s\u00f8kjer br\u00f8d hj\u00e5 andre.<\/p>\n\n\n<hr class=\"wp-block-separator\"\/>\n\n\n\n<p><strong>Nattasang<\/strong><\/p>\n\n\n\n<p>Eg auga mitt no lukkar, til Gud i himlen sukkar. \u00c5 vak no over oss.<br>Lat inkje vondt oss henda, lat synd i fr\u00e5 oss venda. Eg trur og lit s\u00e5 trygt p\u00e5 deg.<\/p>\n\n\n\n<p>No kan s\u00e5 trygt me sova, V\u00e5r Herre han hev lova. \u00c5 vaka over oss.<br>Fr\u00e5 synd og sorg og fare. Din engel oss bevare. Vi kviler trygt i Jesu navn.<\/p>\n","protected":false},"excerpt":{"rendered":"<p>Gamle bilder fr\u00e5 \u00d8vretveit, barndomsheimen til Ingvald \u00d8vretveit. Eldre bilde av Br\u00f8ktaknutbruket (br.7) med Utf\u00f8re (br.5) i bakgrunnen Ingebrigt og Mageli. Dette bildet er stort veggbilde. Mens dette bildet l\u00e5g i ein album. Her ser vi heile antrekket. Mageli Monsdatter Fladaas Knut og Ingeborg Ingeborg, ung. Ingeborg Andersdatter Toft 1889 Matile, Anna, Knut, Ingvald og &hellip; <a href=\"https:\/\/tveitosida.no\/index.php\/gamle-bilder-fra-ovretveit\/\" class=\"more-link\">Continue reading <span class=\"screen-reader-text\">\u00d8vretveit<\/span> <span class=\"meta-nav\">&rarr;<\/span><\/a><\/p>\n","protected":false},"author":1,"featured_media":0,"parent":0,"menu_order":0,"comment_status":"closed","ping_status":"closed","template":"","meta":[],"_links":{"self":[{"href":"https:\/\/tveitosida.no\/index.php\/wp-json\/wp\/v2\/pages\/1388"}],"collection":[{"href":"https:\/\/tveitosida.no\/index.php\/wp-json\/wp\/v2\/pages"}],"about":[{"href":"https:\/\/tveitosida.no\/index.php\/wp-json\/wp\/v2\/types\/page"}],"author":[{"embeddable":true,"href":"https:\/\/tveitosida.no\/index.php\/wp-json\/wp\/v2\/users\/1"}],"replies":[{"embeddable":true,"href":"https:\/\/tveitosida.no\/index.php\/wp-json\/wp\/v2\/comments?post=1388"}],"version-history":[{"count":16,"href":"https:\/\/tveitosida.no\/index.php\/wp-json\/wp\/v2\/pages\/1388\/revisions"}],"predecessor-version":[{"id":4640,"href":"https:\/\/tveitosida.no\/index.php\/wp-json\/wp\/v2\/pages\/1388\/revisions\/4640"}],"wp:attachment":[{"href":"https:\/\/tveitosida.no\/index.php\/wp-json\/wp\/v2\/media?parent=1388"}],"curies":[{"name":"wp","href":"https:\/\/api.w.org\/{rel}","templated":true}]}}