{"id":1386,"date":"2020-10-26T19:04:11","date_gmt":"2020-10-26T19:04:11","guid":{"rendered":"http:\/\/10.40.0.11\/?page_id=1386"},"modified":"2020-11-11T20:44:18","modified_gmt":"2020-11-11T20:44:18","slug":"forening","status":"publish","type":"page","link":"https:\/\/tveitosida.no\/index.php\/forening\/","title":{"rendered":"Forening"},"content":{"rendered":"<p>Koselige bilder fr\u00e5 bes\u00f8k hj\u00e5 Jenny p\u00e5 Tveito. Mange av dei som er p\u00e5 bildet var dei som gjekk p\u00e5 forening saman.<\/p>\n<p>Med Ragnhild Hauge, Anna \u00d8vretveit (Myrne), Valborg Askeland, Ida \u00d8vretveit (f. Hauge), Jannika \u00d8vretveit (Myrne) og Ingrid Aasgard.<br \/>\n<img loading=\"lazy\" border=\"0\" src=\"http:\/\/tveitosida.no\/wp-content\/uploads\/gamle_folder\/forening\/Jenny_feirer.jpg\" width=\"600\" height=\"414\"><\/p>\n<p>Med Jenny Tvedt, Irene Reiker\u00e5s, Jakobine Reiker\u00e5s, Borgny Hellem og Kjellaug Seim.<br \/>\n<img loading=\"lazy\" border=\"0\" src=\"http:\/\/tveitosida.no\/wp-content\/uploads\/gamle_folder\/forening\/Jenny_feirer1.jpg\" width=\"600\" height=\"414\"><\/p>\n<p>Med Borghild Tvedt (i veien), Ragnhild Grov (ugift), Magnhild Nesb\u00f8, Ole Nesb\u00f8 og Jenny Tvedt.<br \/>\n<img loading=\"lazy\" border=\"0\" src=\"http:\/\/tveitosida.no\/wp-content\/uploads\/gamle_folder\/forening\/Jenny_feirer2.jpg\" width=\"600\" height=\"404\"><\/p>\n<p>Med Ingrid Aasgard, XX, \u00c5se Fammestad, Inger Tvedt og Borghild N\u00e6vdal.<br \/>\n<img loading=\"lazy\" border=\"0\" src=\"http:\/\/tveitosida.no\/wp-content\/uploads\/gamle_folder\/forening\/Jenny_feirer3.jpg\" width=\"600\" height=\"413\"><\/p>\n","protected":false},"excerpt":{"rendered":"<p>Koselige bilder fr\u00e5 bes\u00f8k hj\u00e5 Jenny p\u00e5 Tveito. Mange av dei som er p\u00e5 bildet var dei som gjekk p\u00e5 forening saman. Med Ragnhild Hauge, Anna \u00d8vretveit (Myrne), Valborg Askeland, Ida \u00d8vretveit (f. Hauge), Jannika \u00d8vretveit (Myrne) og Ingrid Aasgard. Med Jenny Tvedt, Irene Reiker\u00e5s, Jakobine Reiker\u00e5s, Borgny Hellem og Kjellaug Seim. Med Borghild Tvedt &hellip; <a href=\"https:\/\/tveitosida.no\/index.php\/forening\/\" class=\"more-link\">Continue reading <span class=\"screen-reader-text\">Forening<\/span> <span class=\"meta-nav\">&rarr;<\/span><\/a><\/p>\n","protected":false},"author":1,"featured_media":0,"parent":0,"menu_order":0,"comment_status":"closed","ping_status":"closed","template":"","meta":[],"_links":{"self":[{"href":"https:\/\/tveitosida.no\/index.php\/wp-json\/wp\/v2\/pages\/1386"}],"collection":[{"href":"https:\/\/tveitosida.no\/index.php\/wp-json\/wp\/v2\/pages"}],"about":[{"href":"https:\/\/tveitosida.no\/index.php\/wp-json\/wp\/v2\/types\/page"}],"author":[{"embeddable":true,"href":"https:\/\/tveitosida.no\/index.php\/wp-json\/wp\/v2\/users\/1"}],"replies":[{"embeddable":true,"href":"https:\/\/tveitosida.no\/index.php\/wp-json\/wp\/v2\/comments?post=1386"}],"version-history":[{"count":2,"href":"https:\/\/tveitosida.no\/index.php\/wp-json\/wp\/v2\/pages\/1386\/revisions"}],"predecessor-version":[{"id":3295,"href":"https:\/\/tveitosida.no\/index.php\/wp-json\/wp\/v2\/pages\/1386\/revisions\/3295"}],"wp:attachment":[{"href":"https:\/\/tveitosida.no\/index.php\/wp-json\/wp\/v2\/media?parent=1386"}],"curies":[{"name":"wp","href":"https:\/\/api.w.org\/{rel}","templated":true}]}}