{"id":1384,"date":"2020-10-26T19:03:43","date_gmt":"2020-10-26T19:03:43","guid":{"rendered":"http:\/\/10.40.0.11\/?page_id=1384"},"modified":"2020-11-05T19:52:43","modified_gmt":"2020-11-05T19:52:43","slug":"gravferder","status":"publish","type":"page","link":"https:\/\/tveitosida.no\/index.php\/gravferder\/","title":{"rendered":"Gravferder"},"content":{"rendered":"<p>Gravferda til Oline B.Tvedt 1927, (g. m\/far til Karolina Tvedt) med hest til kyrkja.<br \/>\n<img loading=\"lazy\" src=\"http:\/\/tveitosida.no\/wp-content\/uploads\/gamle_folder\/gravferd\/GravferdOlina.jpg\" width=\"600\" height=\"344\" border=\"0\"><\/p>\n<p><img loading=\"lazy\" src=\"http:\/\/tveitosida.no\/wp-content\/uploads\/gamle_folder\/gravferd\/IMG_1381Begr_600.jpg\" width=\"600\" height=\"350\" border=\"0\"><\/p>\n<p>Gravferda til Ola B\u00e5rsen \u00d8vretveit 1947, (far til Karolina Tvedt) med hest til kyrkja. P\u00e5 \u00d8vretveit\/Uptun. Med hatten i hendene: Henrik p\u00e5 stemmo (Henrik \u00d8vretveit). Dame med svart skaut lengst til h\u00f8gre: Karoline Tvedt. Bak for henne p\u00e5 skr\u00e5 til h\u00f8gre mannen Mons Tvedt.<br \/>\n<img loading=\"lazy\" src=\"http:\/\/tveitosida.no\/wp-content\/uploads\/gamle_folder\/gravferd\/OlaBarsonOvretveitsbegr8.jpg\" width=\"600\" height=\"422\" border=\"0\"><\/p>\n<p>Med hatten i hendene: Henrik p\u00e5 stemmo (Henrik \u00d8vretveit). Bak han Ola Tvedt, Ola Myrne \u00d8vretveit. Til h\u00f8gre: Ingvald \u00d8vretveit. Bak han: Norvald \u00d8vretveit.<br \/>\n<img loading=\"lazy\" src=\"http:\/\/tveitosida.no\/wp-content\/uploads\/gamle_folder\/gravferd\/OlaBarsonOvretveitsbegr1.jpg\" width=\"600\" height=\"421\" border=\"0\"><\/p>\n<p><img loading=\"lazy\" src=\"http:\/\/tveitosida.no\/wp-content\/uploads\/gamle_folder\/gravferd\/OlaBarsonOvretveitsbegr4.jpg\" width=\"600\" height=\"398\" border=\"0\"><\/p>\n<p><img loading=\"lazy\" src=\"http:\/\/tveitosida.no\/wp-content\/uploads\/gamle_folder\/gravferd\/OlaBarsonOvretveitsbegr5.jpg\" width=\"600\" height=\"416\" border=\"0\"><\/p>\n<p><img loading=\"lazy\" src=\"http:\/\/tveitosida.no\/wp-content\/uploads\/gamle_folder\/gravferd\/OlaBarsonOvretveitsbegr7.jpg\" width=\"600\" height=\"402\" border=\"0\"><\/p>\n<p>Gravferda til Mons Tvedt 1952, (far til B\u00e5rd Tvedt), framfor gamlal\u00f8o p\u00e5 Tveito.<br \/>\n<img loading=\"lazy\" src=\"http:\/\/tveitosida.no\/wp-content\/uploads\/gamle_folder\/gravferd\/GravferdMo.jpg\" width=\"600\" height=\"411\" border=\"0\"><\/p>\n<p><img loading=\"lazy\" src=\"http:\/\/tveitosida.no\/wp-content\/uploads\/gamle_folder\/gravferd\/GravferdMo_.jpg\" width=\"600\" height=\"420\" border=\"0\"><\/p>\n<p>Gravferda til Karoline Tvedt 1953, (mor til B\u00e5rd Tvedt, framfor gamlal\u00f8o p\u00e5 Tveito.<br \/>\n<img loading=\"lazy\" src=\"http:\/\/tveitosida.no\/wp-content\/uploads\/gamle_folder\/gravferd\/GravferdKar2.jpg\" width=\"600\" height=\"392\" border=\"0\"><\/p>\n<p><img loading=\"lazy\" src=\"http:\/\/tveitosida.no\/wp-content\/uploads\/gamle_folder\/gravferd\/GravferdKar_ca.jpg\" width=\"600\" height=\"375\" border=\"0\"><\/p>\n<p>P\u00e5 Myking: Til venstre framme: Magnus Tvedt, h\u00f8gre: Johannes.<br \/>\n<img loading=\"lazy\" src=\"http:\/\/tveitosida.no\/wp-content\/uploads\/gamle_folder\/gravferd\/KarolinaTvedtsBegr3.jpg\" width=\"600\" height=\"397\" border=\"0\"><\/p>\n<p>Fra venstre: B\u00e5rd, Mons Hauge, Magnus Tvedt. Bak kista: Johannes. Fra<br \/>\nh\u00f8gre: Elias og Ola.<br \/>\n<img loading=\"lazy\" src=\"http:\/\/tveitosida.no\/wp-content\/uploads\/gamle_folder\/gravferd\/KarolinaTvedtsBegr2.jpg\" width=\"600\" height=\"426\" border=\"0\"><\/p>\n<p>Gunnhild, Ola, Ragnhild, B\u00e5rd, Johannes, Kristian, Magnhild, Elias.<br \/>\n<img loading=\"lazy\" src=\"http:\/\/tveitosida.no\/wp-content\/uploads\/gamle_folder\/gravferd\/KarolinaTvedtsBegr6.jpg\" width=\"600\" height=\"421\" border=\"0\"><\/p>\n<p>Gravsteinen til Mons og Karoline<br \/>\n<img loading=\"lazy\" src=\"http:\/\/tveitosida.no\/wp-content\/uploads\/gamle_folder\/gravferd\/Gravstein_MonsKaroline.jpg\" width=\"600\" height=\"388\" border=\"0\"><\/p>\n<p>Sivert (Hauge) Anna&#8217;s begravelse. Ida \u00d8vretveit med hatt til h\u00f8gre i bildet.<br \/>\n<img loading=\"lazy\" src=\"http:\/\/tveitosida.no\/wp-content\/uploads\/gamle_folder\/gravferd\/SivertAnnasBegravelse.jpg\" width=\"600\" height=\"495\" border=\"0\"><\/p>\n<p>Begravelse Ragnhild Grov (nabo, ikke slekt).<br \/>\n<img loading=\"lazy\" src=\"http:\/\/tveitosida.no\/wp-content\/uploads\/gamle_folder\/gravferd\/BegravelseRagnhildGrov.jpg\" width=\"600\" height=\"334\" border=\"0\"><\/p>\n<p><img loading=\"lazy\" src=\"http:\/\/tveitosida.no\/wp-content\/uploads\/gamle_folder\/gravferd\/BegravelseRagnhildGrov2.jpg\" width=\"600\" height=\"351\" border=\"0\"><\/p>\n<p>Begravelse, \u00d8vretveit bn. 2, til Martina Karina Hansdtr. Tveiten, bn.1 f. 1872, d. 1952. Gift med Ivar. P\u00e5 bilde: Ola f. 1904, Olufina f. 1907, Ingrid f. 1911, Anna f. 1902, Ivar, Amanda f. 1899, Hans f. 1908, Norvald.<br \/>\n<img loading=\"lazy\" src=\"http:\/\/tveitosida.no\/wp-content\/uploads\/gamle_folder\/gravferd\/IMG_1325Begr_600.jpg\" width=\"600\" height=\"430\" border=\"0\"><\/p>\n<p>Lastebilen til Norvald.<br \/>\n<img loading=\"lazy\" src=\"http:\/\/tveitosida.no\/wp-content\/uploads\/gamle_folder\/gravferd\/IMG_1320IngMorBe_600.jpg\" width=\"600\" height=\"393\" border=\"0\"><\/p>\n<p><img loading=\"lazy\" src=\"http:\/\/tveitosida.no\/wp-content\/uploads\/gamle_folder\/gravferd\/IMG_1324IngMorBe_600.jpg\" width=\"600\" height=\"396\" border=\"0\"><\/p>\n<p>Begravelse, \u00d8vretveit bn. 2, til Ivar Andreas Olson \u00d8vretveit f. 1872, d. 1962.<br \/>\n<img loading=\"lazy\" src=\"http:\/\/tveitosida.no\/wp-content\/uploads\/gamle_folder\/gravferd\/IMG_1371IngFarBegr_600.jpg\" width=\"600\" height=\"390\" border=\"0\"><\/p>\n<p><img loading=\"lazy\" src=\"http:\/\/tveitosida.no\/wp-content\/uploads\/gamle_folder\/gravferd\/IMG_1374IngFarsBe_600.jpg\" width=\"600\" height=\"401\" border=\"0\"><\/p>\n<p>Begravelsen til Gjertrud p\u00e5 Fammestad, s\u00f8stera Malena R\u00f8dland fr\u00e5 venstre, broren Lars i Asko, broren Erik Toft, Hans H. Fammestad, Reidar, Hans Johan, Aslaug, Harald, Ragnhild, l\u00e6raren Andreas Fammestad med kona Ida Kleiven Fammestad, Anna Fammestad Hauge, Gudrun, Anders Hauge.<br \/>\n<img loading=\"lazy\" src=\"http:\/\/tveitosida.no\/wp-content\/uploads\/gamle_folder\/gravferd\/GravferdFamm_600.jpg\" width=\"600\" height=\"419\" border=\"0\"><\/p>\n<p>Begravelse i Asko, Ostereidet: XX, Erik Toft, Lars i Asko og kona, Hans H. Fammestad og Gjertrud, Malena R\u00f8dland, Ingeborg? (Gjertrud, Malena og Ingeborg (\u00d8vretveit) var s\u00f8strene til Lars, Erik var broren.)<br \/>\n<img loading=\"lazy\" src=\"http:\/\/tveitosida.no\/wp-content\/uploads\/gamle_folder\/gravferd\/GravferdAsko_600.jpg\" width=\"600\" height=\"398\" border=\"0\"><\/p>\n<p>Bestefar Veland si kiste, september 1936. Aasmund med lys skyggelue, mor med kvithue, Gina. Ukjend hatt, Tella. Lai.<br \/>\n<img loading=\"lazy\" src=\"http:\/\/tveitosida.no\/wp-content\/uploads\/gamle_folder\/gravferd\/Begrav.jpg\" width=\"600\" height=\"351\" border=\"0\"><\/p>\n<p>Kista til Andreas Aasgard 1966: Lars, Mons, Aasmund, Asbj\u00f8rn, Olav, Bergit, Ivar, mor, Anna og Johan B.<br \/>\n<img loading=\"lazy\" src=\"http:\/\/tveitosida.no\/wp-content\/uploads\/gamle_folder\/aasgard\/AndreasKiste.jpg\" width=\"600\" height=\"435\" border=\"0\"><\/p>\n","protected":false},"excerpt":{"rendered":"<p>Gravferda til Oline B.Tvedt 1927, (g. m\/far til Karolina Tvedt) med hest til kyrkja. Gravferda til Ola B\u00e5rsen \u00d8vretveit 1947, (far til Karolina Tvedt) med hest til kyrkja. P\u00e5 \u00d8vretveit\/Uptun. Med hatten i hendene: Henrik p\u00e5 stemmo (Henrik \u00d8vretveit). Dame med svart skaut lengst til h\u00f8gre: Karoline Tvedt. Bak for henne p\u00e5 skr\u00e5 til h\u00f8gre &hellip; <a href=\"https:\/\/tveitosida.no\/index.php\/gravferder\/\" class=\"more-link\">Continue reading <span class=\"screen-reader-text\">Gravferder<\/span> <span class=\"meta-nav\">&rarr;<\/span><\/a><\/p>\n","protected":false},"author":1,"featured_media":0,"parent":0,"menu_order":0,"comment_status":"closed","ping_status":"closed","template":"","meta":[],"_links":{"self":[{"href":"https:\/\/tveitosida.no\/index.php\/wp-json\/wp\/v2\/pages\/1384"}],"collection":[{"href":"https:\/\/tveitosida.no\/index.php\/wp-json\/wp\/v2\/pages"}],"about":[{"href":"https:\/\/tveitosida.no\/index.php\/wp-json\/wp\/v2\/types\/page"}],"author":[{"embeddable":true,"href":"https:\/\/tveitosida.no\/index.php\/wp-json\/wp\/v2\/users\/1"}],"replies":[{"embeddable":true,"href":"https:\/\/tveitosida.no\/index.php\/wp-json\/wp\/v2\/comments?post=1384"}],"version-history":[{"count":5,"href":"https:\/\/tveitosida.no\/index.php\/wp-json\/wp\/v2\/pages\/1384\/revisions"}],"predecessor-version":[{"id":3000,"href":"https:\/\/tveitosida.no\/index.php\/wp-json\/wp\/v2\/pages\/1384\/revisions\/3000"}],"wp:attachment":[{"href":"https:\/\/tveitosida.no\/index.php\/wp-json\/wp\/v2\/media?parent=1384"}],"curies":[{"name":"wp","href":"https:\/\/api.w.org\/{rel}","templated":true}]}}