{"id":1382,"date":"2020-10-26T19:03:23","date_gmt":"2020-10-26T19:03:23","guid":{"rendered":"http:\/\/10.40.0.11\/?page_id=1382"},"modified":"2020-11-06T21:20:37","modified_gmt":"2020-11-06T21:20:37","slug":"arbeid","status":"publish","type":"page","link":"https:\/\/tveitosida.no\/index.php\/arbeid\/","title":{"rendered":"Arbeid"},"content":{"rendered":"<p><b>Arbeid i hagen p\u00e5 \u00d8vretveit<\/b><br \/>\n<img loading=\"lazy\" src=\"http:\/\/tveitosida.no\/wp-content\/uploads\/gamle_folder\/arbeid\/HagenOvret3.jpg\" width=\"700\" height=\"471\" border=\"0\" \/><\/p>\n<p>XX, Ingvald \u00d8vretveit, Ragnhild Hauge<br \/>\n<img loading=\"lazy\" src=\"http:\/\/tveitosida.no\/wp-content\/uploads\/gamle_folder\/arbeid\/HagenOvret4.jpg\" width=\"585\" height=\"839\" border=\"0\" \/><\/p>\n<p><b>Grunnarbeid til ungdomshuset<\/b>, vinteren 1927<br \/>\n<img loading=\"lazy\" src=\"http:\/\/tveitosida.no\/wp-content\/uploads\/gamle_folder\/arbeid\/Vegarbeid.jpg\" width=\"700\" height=\"458\" border=\"0\" \/><br \/>\nFramme fr\u00e5 venstre: Hans J. Fammestad, XX, XX, XX, Magnus Grov, Anders Hauge, Martin Kleiven.<br \/>\nMidten fr\u00e5 venstre: Ingvald \u00d8vretveit, Nils Myrne?, Mons Hauge?.<br \/>\nBakerst fr\u00e5 venstre: XX, xx, Reidar Fammestad.<\/p>\n<p>Mons var formann i 1925 og 1926, Ingvald i 1928 og 1929.<br \/>\nTomta er Hans Fammestad si, og teikningane av huset vart gjort av han. Huset stod ferdig ca 1931.<\/p>\n<p><img loading=\"lazy\" src=\"http:\/\/tveitosida.no\/wp-content\/uploads\/gamle_folder\/arbeid\/Vegarbeid2.jpg\" width=\"700\" height=\"447\" border=\"0\" \/><\/p>\n<p><img loading=\"lazy\" src=\"http:\/\/tveitosida.no\/wp-content\/uploads\/gamle_folder\/arbeid\/Vegarbeid5.jpg\" width=\"700\" height=\"475\" border=\"0\" \/><\/p>\n<p>Fra venstre Anders Hauge, Ragnhild Hauge<br \/>\n<img loading=\"lazy\" src=\"http:\/\/tveitosida.no\/wp-content\/uploads\/gamle_folder\/arbeid\/Vegarbeid3.jpg\" width=\"700\" height=\"471\" border=\"0\" \/><\/p>\n<p><img loading=\"lazy\" src=\"http:\/\/tveitosida.no\/wp-content\/uploads\/gamle_folder\/arbeid\/Vegarbeid6.jpg\" width=\"700\" height=\"478\" border=\"0\" \/><\/p>\n<p><b>P\u00e5 sj\u00f8en<\/b><br \/>\n<img loading=\"lazy\" src=\"http:\/\/tveitosida.no\/wp-content\/uploads\/gamle_folder\/arbeid\/Baater.jpg\" width=\"700\" height=\"480\" border=\"0\" \/><\/p>\n<p><img loading=\"lazy\" src=\"http:\/\/tveitosida.no\/wp-content\/uploads\/gamle_folder\/arbeid\/Sildebaat.jpg\" width=\"700\" height=\"434\" border=\"0\" \/><\/p>\n<p><img loading=\"lazy\" src=\"http:\/\/tveitosida.no\/wp-content\/uploads\/gamle_folder\/arbeid\/Baat3.jpg\" width=\"700\" height=\"465\" border=\"0\" \/><\/p>\n<p><img loading=\"lazy\" src=\"http:\/\/tveitosida.no\/wp-content\/uploads\/gamle_folder\/arbeid\/Baat.jpg\" width=\"700\" height=\"439\" border=\"0\" \/><\/p>\n<p><img loading=\"lazy\" src=\"http:\/\/tveitosida.no\/wp-content\/uploads\/gamle_folder\/arbeid\/Baat2.jpg\" width=\"700\" height=\"443\" border=\"0\" \/><\/p>\n","protected":false},"excerpt":{"rendered":"<p>Arbeid i hagen p\u00e5 \u00d8vretveit XX, Ingvald \u00d8vretveit, Ragnhild Hauge Grunnarbeid til ungdomshuset, vinteren 1927 Framme fr\u00e5 venstre: Hans J. Fammestad, XX, XX, XX, Magnus Grov, Anders Hauge, Martin Kleiven. Midten fr\u00e5 venstre: Ingvald \u00d8vretveit, Nils Myrne?, Mons Hauge?. Bakerst fr\u00e5 venstre: XX, xx, Reidar Fammestad. Mons var formann i 1925 og 1926, Ingvald i &hellip; <a href=\"https:\/\/tveitosida.no\/index.php\/arbeid\/\" class=\"more-link\">Continue reading <span class=\"screen-reader-text\">Arbeid<\/span> <span class=\"meta-nav\">&rarr;<\/span><\/a><\/p>\n","protected":false},"author":1,"featured_media":0,"parent":0,"menu_order":0,"comment_status":"closed","ping_status":"closed","template":"","meta":[],"_links":{"self":[{"href":"https:\/\/tveitosida.no\/index.php\/wp-json\/wp\/v2\/pages\/1382"}],"collection":[{"href":"https:\/\/tveitosida.no\/index.php\/wp-json\/wp\/v2\/pages"}],"about":[{"href":"https:\/\/tveitosida.no\/index.php\/wp-json\/wp\/v2\/types\/page"}],"author":[{"embeddable":true,"href":"https:\/\/tveitosida.no\/index.php\/wp-json\/wp\/v2\/users\/1"}],"replies":[{"embeddable":true,"href":"https:\/\/tveitosida.no\/index.php\/wp-json\/wp\/v2\/comments?post=1382"}],"version-history":[{"count":3,"href":"https:\/\/tveitosida.no\/index.php\/wp-json\/wp\/v2\/pages\/1382\/revisions"}],"predecessor-version":[{"id":3130,"href":"https:\/\/tveitosida.no\/index.php\/wp-json\/wp\/v2\/pages\/1382\/revisions\/3130"}],"wp:attachment":[{"href":"https:\/\/tveitosida.no\/index.php\/wp-json\/wp\/v2\/media?parent=1382"}],"curies":[{"name":"wp","href":"https:\/\/api.w.org\/{rel}","templated":true}]}}