{"id":1380,"date":"2020-10-26T19:03:00","date_gmt":"2020-10-26T19:03:00","guid":{"rendered":"http:\/\/10.40.0.11\/?page_id=1380"},"modified":"2020-11-15T17:35:03","modified_gmt":"2020-11-15T17:35:03","slug":"gruppebilder","status":"publish","type":"page","link":"https:\/\/tveitosida.no\/index.php\/gruppebilder\/","title":{"rendered":"Gruppebilder"},"content":{"rendered":"<p>Arbeidskamerater til Mons Tvedt (med hatt og flaske) i 1908.<br \/>\n<img loading=\"lazy\" src=\"http:\/\/tveitosida.no\/wp-content\/uploads\/gamle_folder\/gruppebilder\/ArbeidskamMons1908.jpg\" width=\"600\" height=\"437\" border=\"0\" \/><\/p>\n<p>I hovden 1928.<br \/>\n<img loading=\"lazy\" src=\"http:\/\/tveitosida.no\/wp-content\/uploads\/gamle_folder\/gruppebilder\/Hovden.jpg\" width=\"600\" height=\"357\" border=\"0\" \/><\/p>\n<p><img loading=\"lazy\" src=\"http:\/\/tveitosida.no\/wp-content\/uploads\/gamle_folder\/gruppebilder\/Hovden_b.jpg\" width=\"600\" height=\"320\" border=\"0\" \/><\/p>\n<p>Tur til Nesb\u00f8 1932<br \/>\n<img loading=\"lazy\" src=\"http:\/\/tveitosida.no\/wp-content\/uploads\/gamle_folder\/gruppebilder\/Nesboe.jpg\" width=\"600\" height=\"441\" border=\"0\" \/><\/p>\n<p><img loading=\"lazy\" src=\"http:\/\/tveitosida.no\/wp-content\/uploads\/gamle_folder\/gruppebilder\/Nesboe_b.jpg\" width=\"600\" height=\"384\" border=\"0\" \/><\/p>\n<p>Bilde kanskje tatt p\u00e5 Viken: \u00d8verst fra venstre: Martin Hindenes. Nederst fra venstre:<br \/>\nAnders Hauge, Ingvald Kol\u00e5s, Olai Kol\u00e5s, Kristian Kol\u00e5s, Magnus Lid (bror til Ottar)<br \/>\n<img loading=\"lazy\" src=\"http:\/\/tveitosida.no\/wp-content\/uploads\/gamle_folder\/gruppebilder\/Folk.jpg\" width=\"600\" height=\"357\" border=\"0\" \/><\/p>\n<p>Johannes? Tvedt m\/slips nr 3 oppe fr\u00e5 venstre. Ingvald \u00d8vretveit bak i midten. Bergit Aasgard m\/skaut og Anna m\/hatt framfor, Hans \u00d8vretveit,<br \/>\nRagnhild Hauge, Gudrun<br \/>\n<img loading=\"lazy\" src=\"http:\/\/tveitosida.no\/wp-content\/uploads\/gamle_folder\/gruppebilder\/Folk6.jpg\" width=\"600\" height=\"397\" border=\"0\" \/><\/p>\n<p><img loading=\"lazy\" src=\"http:\/\/tveitosida.no\/wp-content\/uploads\/gamle_folder\/gruppebilder\/I_Hauane_600.jpg\" width=\"600\" height=\"408\" border=\"0\" \/><\/p>\n<p><img loading=\"lazy\" src=\"http:\/\/tveitosida.no\/wp-content\/uploads\/gamle_folder\/gruppebilder\/PaBeite_600.jpg\" width=\"600\" height=\"389\" border=\"0\" \/><\/p>\n<p>B\u00e5rd til venstre og Magne og Ove framme i midten.<br \/>\n<img loading=\"lazy\" src=\"http:\/\/tveitosida.no\/wp-content\/uploads\/gamle_folder\/gruppebilder\/Nesben70.jpg\" width=\"600\" height=\"419\" border=\"0\" \/><\/p>\n<p>P\u00e5 Uptun. Framme fr\u00e5 venstre: Ivar B\u00e5rdsen (onkel til B\u00e5rd(bestefar)),<br \/>\nAnna, Audun og Oline f. \u00d8vr\u00e5s (andre kona til tippoldefar). Bak fr\u00e5 venstre: Ole B\u00e5rdsen (tippoldefar) og Johs N\u00e6vdal.<br \/>\n<img loading=\"lazy\" src=\"http:\/\/tveitosida.no\/wp-content\/uploads\/gamle_folder\/gruppebilder\/Bardsen.jpg\" width=\"600\" height=\"434\" border=\"0\" \/><\/p>\n<p>Ole og Magnhild Nesb\u00f8 sitt bryllup 1933.<br \/>\n<img loading=\"lazy\" src=\"http:\/\/tveitosida.no\/wp-content\/uploads\/gamle_folder\/gruppebilder\/NesboeBr.jpg\" width=\"600\" height=\"427\" border=\"0\" \/><\/p>\n<p><img loading=\"lazy\" src=\"http:\/\/tveitosida.no\/wp-content\/uploads\/gamle_folder\/gruppebilder\/IMG_1384MagnhBry_600.jpg\" width=\"600\" height=\"349\" border=\"0\" \/><\/p>\n<p>Ole og Magnhild<br \/>\n<img loading=\"lazy\" src=\"http:\/\/tveitosida.no\/wp-content\/uploads\/gamle_folder\/gruppebilder\/IMG_1385MagnhBr.jpg\" width=\"300\" height=\"517\" border=\"0\" \/><\/p>\n<p><img loading=\"lazy\" src=\"http:\/\/tveitosida.no\/wp-content\/uploads\/gamle_folder\/gruppebilder\/IMG_1386MagnhBr.jpg\" width=\"300\" height=\"517\" border=\"0\" \/><\/p>\n<p><img loading=\"lazy\" src=\"http:\/\/tveitosida.no\/wp-content\/uploads\/gamle_folder\/gruppebilder\/IMG_1310Magnh_.jpg\" width=\"300\" height=\"434\" border=\"0\" \/><\/p>\n<p><img loading=\"lazy\" src=\"http:\/\/tveitosida.no\/wp-content\/uploads\/gamle_folder\/gruppebilder\/IMG_1387MagnhOleM.jpg\" width=\"300\" height=\"434\" border=\"0\" \/><\/p>\n<p><img loading=\"lazy\" src=\"http:\/\/tveitosida.no\/wp-content\/uploads\/gamle_folder\/gruppebilder\/Karol60.jpg\" width=\"600\" height=\"420\" border=\"0\" \/><\/p>\n<p>Over: Karolina 60 \u00e5r 1933. Fremst: Kristian Tvedt, Borgny Hauge?, Pernhild og Magnus Tvedt, Mary N\u00e5g\u00e5rd, Gerny Heggertveit.<br \/>\nBak: Elias Tvedt, Gjertrud R\u00f8d, Aslaug Tvedt, Guveig Veland, Gunnhild Tjora, Ragnhild Hauge, Mons Tvedt, Oline Tvedt (gift med Ole Tvedt), B\u00e5rd Tvedt, Karoline Tvedt, Ole og Magnhild Nesb\u00f8.<\/p>\n<p><img loading=\"lazy\" src=\"http:\/\/tveitosida.no\/wp-content\/uploads\/gamle_folder\/gruppebilder\/Forskj2.jpg\" width=\"600\" height=\"412\" border=\"0\" \/><\/p>\n<p>Over: Karoline 70 \u00e5r 1943. Fremst: Ole Tvedt, Karoline, Mons Tvedt, Kristian Tveit, Oline Tvedt.<br \/>\nBak: Severina Aarnes, Aslaug Tvedt, B\u00e5rd Tvedt, Jenny Tvedt, Johanna \u00d8vretveit (s\u00f8ster til Karolina), Elias Tvedt, Ragnhild og Mons Hauge, Magnhild og Ole Nesb\u00f8.<\/p>\n<p><img loading=\"lazy\" src=\"http:\/\/tveitosida.no\/wp-content\/uploads\/gamle_folder\/gruppebilder\/KarMoGull_Ra_c.jpg\" width=\"600\" height=\"417\" border=\"0\" \/><\/p>\n<p><b>Gullbryllup Karoline og Mons Tvedt 31.05.1948:<\/b><br \/>\nSitjande framme: Ole Nesb\u00f8, Signe Hauge, Kari Tvedt, Otto Tvedt, Ivar<br \/>\nNesb\u00f8, Oddmund Nesb\u00f8, Knut Tvedt, Arne Johan Tvedt.<\/p>\n<p>St\u00e5ande: Ingeborg Tvedt (mor til Alf i Breivika), Anna \u00d8vretveit, Fru Monsen (i Hovden), Elias Tvedt, Borgny Hauge, bakom?, Vennine til Gunnhild, Gunnhild Tvedt (Tjora), Magnhild Tveit m\/Kari Tveit p\u00e5 armen, B\u00e5rd Tvedt, Ole Tvedt, Karoline og Mons Tvedt.<\/p>\n<p>Bakom dei: Ivar \u00d8vretveit (Myrne, far til Ingrid Aasgard), Oline Tvedt, (Vidare etter Mons) Ragnhild Hauge, bakom?, Kjellaug Hauge, Kjellaug Nesb\u00f8, frammom? Birger Tvedt?, Roald Hauge, Magnhild Nesb\u00f8, Kristian Tveit, Anna Tvedt, Magnor Hauge, Johannes Tvedt, M\u00e5lfrid Nesb\u00f8 (Tysse).<\/p>\n<p><img loading=\"lazy\" src=\"http:\/\/tveitosida.no\/wp-content\/uploads\/gamle_folder\/gruppebilder\/Forskj1.jpg\" width=\"600\" height=\"385\" border=\"0\" \/><\/p>\n<p>P\u00e5 tunet. Anna \u00d8vretveit, Aslaug Tvedt (kona til Elias Tvedt), Else (datter til Johannes Tvedt), Pernhild (datter til Elias).<\/p>\n<p><img loading=\"lazy\" src=\"http:\/\/tveitosida.no\/wp-content\/uploads\/gamle_folder\/gruppebilder\/IMG_2002_2ForeningTveito.png\" width=\"600\" height=\"406\" border=\"0\" \/><\/p>\n<p>Over: Forening Tveito:<br \/>\nBakerste rekke: Aslaug Tvedt, Alma Bj\u00f8rndal, Emma Bj\u00f8rnevoll, Borghild i Ure (Tveito), M\u00e5lfrid Lid, Pernhild, Liv Str\u00f8m, Asbj\u00f8rg Fammestad.<br \/>\nMidterste rekke: Ingebj\u00f8rg \u00d8vretveit, Anborg Bj\u00f8nndal, Anna Myrne, Astrid Heggertveit, Margit i Breivika (Hindenes), Olga Bj\u00f8rnevoll.<br \/>\nFremste rekke: Judit Bj\u00f8nndal, Sigrid Reiker\u00e5s, Annlaug \u00d8vretveit, Dagrunn Bj\u00f8rnevoll, (Kvinge), Jenny N\u00f8ttveit (Fammestad).<\/p>\n<p>Gruppebilde<br \/>\n<img loading=\"lazy\" src=\"http:\/\/tveitosida.no\/wp-content\/uploads\/gamle_folder\/gruppebilder\/Gruppebilde.jpg\" width=\"600\" height=\"397\" border=\"0\" \/><\/p>\n<p><img loading=\"lazy\" src=\"http:\/\/tveitosida.no\/wp-content\/uploads\/gamle_folder\/gruppebilder\/Gruppebilde2.jpg\" width=\"600\" height=\"399\" border=\"0\" \/><\/p>\n<p>Berljot og Olav B\u00e5rdsen sitt bryllup<br \/>\n<img loading=\"lazy\" src=\"http:\/\/tveitosida.no\/wp-content\/uploads\/gamle_folder\/gruppebilder\/IMG_1341OlavBardsenBr_600.jpg\" width=\"600\" height=\"391\" border=\"0\" \/><\/p>\n<p>Ludvig Tvedt sitt bryllup<br \/>\n<img loading=\"lazy\" src=\"http:\/\/tveitosida.no\/wp-content\/uploads\/gamle_folder\/gruppebilder\/IMG_1382LudvikTvBry_600.jpg\" width=\"600\" height=\"451\" border=\"0\" \/><\/p>\n<p>XX, Anna Hauge, Magnus Hauge, Ida \u00d8vretveit<br \/>\n<img loading=\"lazy\" src=\"http:\/\/tveitosida.no\/wp-content\/uploads\/gamle_folder\/gruppebilder\/Folk5_c_600.jpg\" width=\"600\" height=\"385\" border=\"0\" \/><\/p>\n<p>Olga Lid, Sofia Lid, Anna Lid, Sofia Kvingedal, Anna Kleiven, Brita Myr Aasgard, Anna Fammestad Hauge, Bergit Hauge Aasgard (bak Anna).<br \/>\n<img loading=\"lazy\" src=\"http:\/\/tveitosida.no\/wp-content\/uploads\/gamle_folder\/gruppebilder\/Damer_600.jpg\" width=\"600\" height=\"441\" border=\"0\" \/><\/p>\n<p>S\u00f8strene Hauge, Bruk 4, Ragna f.1901 (Lekva), Bergit f.1906 (Aasgard) og Ingeborg f. 1892 (V\u00e5ge).<br \/>\n<img loading=\"lazy\" src=\"http:\/\/tveitosida.no\/wp-content\/uploads\/gamle_folder\/gruppebilder\/IMG_1358Sostre_600.jpg\" width=\"600\" height=\"651\" border=\"0\" \/><\/p>\n<p>P\u00e5 S\u00e6tra i Haugsdalen (Masfjorden), Laura Haugsdal (Indre H., Kj\u00f8lneset f.5.1.1904) i midten.<br \/>\n<img loading=\"lazy\" src=\"http:\/\/tveitosida.no\/wp-content\/uploads\/gamle_folder\/gruppebilder\/PaSatre_sc_600.jpg\" width=\"600\" height=\"413\" border=\"0\" \/><\/p>\n<p>Brita i Hauane (mor til Karl \u00d8vretveit, fele Nils, Johan). Mannen blei kalla fele Knut. Berta med Lilly.<br \/>\n<img loading=\"lazy\" src=\"http:\/\/tveitosida.no\/wp-content\/uploads\/gamle_folder\/gruppebilder\/HauaneBrita_600.jpg\" width=\"600\" height=\"412\" border=\"0\" \/><\/p>\n<p>Diverse folk Tveito: Ida og Ingvald \u00d8vretveit heilt til h\u00f8gre.<br \/>\n<img loading=\"lazy\" src=\"http:\/\/tveitosida.no\/wp-content\/uploads\/gamle_folder\/gruppebilder\/FolkTveito.jpg\" width=\"600\" height=\"349\" border=\"0\" \/><\/p>\n<p>Diverse folk Tveito\/Fammestad\/Hauge<br \/>\n<img loading=\"lazy\" src=\"http:\/\/tveitosida.no\/wp-content\/uploads\/gamle_folder\/gruppebilder\/SamlingFolkF_600.jpg\" width=\"600\" height=\"449\" border=\"0\" \/><\/p>\n<p>Anna Hauge (f. Fammestad) med skuleklasse. Ho skulte b\u00e5de p\u00e5 Fjelldsb\u00f8 og Kl\u00f8ve.<br \/>\n<img loading=\"lazy\" src=\"http:\/\/tveitosida.no\/wp-content\/uploads\/gamle_folder\/gruppebilder\/AnnaSkuleklasse_600.jpg\" width=\"600\" height=\"373\" border=\"0\" \/><\/p>\n<p>P\u00e5 Fammestad hj\u00e5 Hans og Gjertrud<br \/>\n<img loading=\"lazy\" src=\"http:\/\/tveitosida.no\/wp-content\/uploads\/gamle_folder\/gruppebilder\/HansFammestad2_600.jpg\" width=\"600\" height=\"608\" border=\"0\" \/><\/p>\n<p>Kl\u00f8vheim<br \/>\n<img loading=\"lazy\" src=\"http:\/\/tveitosida.no\/wp-content\/uploads\/gamle_folder\/gruppebilder\/Klovheim.jpg\" width=\"600\" height=\"380\" border=\"0\" \/><\/p>\n<p>Hundre\u00e5rsdagen til Ole Sjursen Reiker\u00e5s 14. juli 1932:<br \/>\n1.rekkje fr\u00e5 venstre: Anna Reiker\u00e5s m\/Sigrid Reiker\u00e5s p\u00e5 fanget, Arne O. Lid, Hans J. Fammestad, Ole A. Thorset (prost), Ola Sjurson Lid (100-\u00e5ringen), Oline Reiker\u00e5s, Ole B. \u00d8vretveit.<br \/>\n2.rekkje fr\u00e5 venstre: Ola Reiker\u00e5s, Martin J. O. Lid, Mathilda Lid (Tilla), Ivar A. O. \u00d8vretveit, Martina \u00d8vretveit (halvt skjult), Ingvald K. \u00d8vretveit.<br \/>\n3.rekkje fr\u00e5 venstre: \u00c5got Bergmann (Lid), Ole I. Nesb\u00f8, Andreas A. Lid, Severin Reiker\u00e5s, Maria (Fr\u00f8ken) Nilsen (Kokke), Andrina Nedretveit.<br \/>\n4.rekkje fr\u00e5 venstre: Marta I. \u00d8vretveit, Solveig Reiker\u00e5s, Alvilda Reiker\u00e5s, Nilla Reiker\u00e5s, Sygni Reiker\u00e5s, Andreas M. Lid, Elisabeth L. Lid, Anna Lid.<br \/>\n<img loading=\"lazy\" src=\"http:\/\/tveitosida.no\/wp-content\/uploads\/gamle_folder\/gruppebilder\/OleReikHundre3_600.jpg\" width=\"600\" height=\"401\" border=\"0\" \/><\/p>\n<p>Ungdomslaget<br \/>\n<img loading=\"lazy\" src=\"http:\/\/tveitosida.no\/wp-content\/uploads\/gamle_folder\/gruppebilder\/UngdomslagetKl.jpg\" width=\"600\" height=\"374\" border=\"0\" \/><\/p>\n<p>H e s t e l \u00f8 p p\u00e5 Tveitavatnet<br \/>\n<img loading=\"lazy\" src=\"http:\/\/tveitosida.no\/wp-content\/uploads\/gamle_folder\/gruppebilder\/Hestelop2_sv_350.jpg\" width=\"350\" height=\"499\" border=\"0\" \/><\/p>\n<p>Travk\u00f8yring: Bane 1000 m.<br \/>\n<img loading=\"lazy\" src=\"http:\/\/tveitosida.no\/wp-content\/uploads\/gamle_folder\/gruppebilder\/Hestelop9_600.jpg\" width=\"600\" height=\"480\" border=\"0\" \/><\/p>\n<p><img loading=\"lazy\" src=\"http:\/\/tveitosida.no\/wp-content\/uploads\/gamle_folder\/gruppebilder\/Margit_Grov_sv_c_600.jpg\" width=\"600\" height=\"581\" border=\"0\" \/><\/p>\n<p><img loading=\"lazy\" src=\"http:\/\/tveitosida.no\/wp-content\/uploads\/gamle_folder\/gruppebilder\/Margit_Grov_txt_600.jpg\" width=\"600\" height=\"145\" border=\"0\" \/><\/p>\n<p>Norvald \u00d8vretveit p\u00e5 Tveitavatnet (Kattaskj\u00e6ret).<br \/>\n<img loading=\"lazy\" src=\"http:\/\/tveitosida.no\/wp-content\/uploads\/gamle_folder\/gruppebilder\/NorvaldOv.jpg\" width=\"600\" height=\"415\" border=\"0\" \/><\/p>\n<p>Jordbruksskurset p\u00e5 Frekhaug 1927. B\u00e5rd Tvedt bakerst til venstre.<br \/>\n<img loading=\"lazy\" src=\"http:\/\/tveitosida.no\/wp-content\/uploads\/gamle_folder\/gruppebilder\/Jordbrukskurs.jpg\" width=\"600\" height=\"390\" border=\"0\" \/><\/p>\n<p>Bibelskulen i 1937. B\u00e5rd til venstre.<br \/>\n<img loading=\"lazy\" src=\"http:\/\/tveitosida.no\/wp-content\/uploads\/gamle_folder\/gruppebilder\/Bibelskulen1937.jpg\" width=\"600\" height=\"372\" border=\"0\" \/><\/p>\n<p>S\u00f8lvbryllup Jenny og B\u00e5rd i 1962.<br \/>\n<img loading=\"lazy\" src=\"http:\/\/tveitosida.no\/wp-content\/uploads\/gamle_folder\/gruppebilder\/JennyBaardSolvbr.jpg\" width=\"600\" height=\"386\" border=\"0\" \/><\/p>\n<p>Mens de venter p\u00e5 rutebilen (fra Else).<br \/>\n<img loading=\"lazy\" src=\"http:\/\/tveitosida.no\/wp-content\/uploads\/gamle_folder\/gruppebilder\/VenterrutebilElse.jpg\" width=\"600\" height=\"459\" border=\"0\" \/><\/p>\n<p>Firkl\u00f8ver. Else Denker opp til venstre.<br \/>\n<img loading=\"lazy\" src=\"http:\/\/tveitosida.no\/wp-content\/uploads\/gamle_folder\/gruppebilder\/FirkloverElse.jpg\" width=\"350\" height=\"505\" border=\"0\" \/><\/p>\n<p>Kristian p\u00e5 Tveito.<br \/>\n<img loading=\"lazy\" src=\"http:\/\/tveitosida.no\/wp-content\/uploads\/gamle_folder\/gruppebilder\/Kristianmvenniners.jpg\" width=\"600\" height=\"403\" border=\"0\" \/><\/p>\n<p>Magnus (s\u00f8nn av Elias og Aslaug Tvedt) p\u00e5 Tveito.<br \/>\n<img loading=\"lazy\" src=\"http:\/\/tveitosida.no\/wp-content\/uploads\/gamle_folder\/gruppebilder\/TveitoMagnus.jpg\" width=\"350\" height=\"506\" border=\"0\" \/><\/p>\n<p>Heime hj\u00e5 Magnhild og Ole Nesb\u00f8.<br \/>\n<img loading=\"lazy\" src=\"http:\/\/tveitosida.no\/wp-content\/uploads\/gamle_folder\/gruppebilder\/HeimehosMagnhildOle.jpg\" width=\"600\" height=\"394\" border=\"0\" \/><\/p>\n<p>Skulehuset p\u00e5 Kl\u00f8ve.<br \/>\n<img loading=\"lazy\" src=\"http:\/\/tveitosida.no\/wp-content\/uploads\/gamle_folder\/gruppebilder\/Skulehuset.jpg\" width=\"600\" height=\"403\" border=\"0\" \/><\/p>\n<p><img loading=\"lazy\" src=\"http:\/\/tveitosida.no\/wp-content\/uploads\/gamle_folder\/gruppebilder\/Klassebilde.jpg\" width=\"600\" height=\"423\" border=\"0\" \/><\/p>\n<p>Over: Klassebilde ved Kl\u00f8vheim skule kring 1925:<\/p>\n<p>Bakerste rekke fr\u00e5 venstre: Sjur Tvedt, Hans Lid, Harald E. Svindal, Audun \u00d8vretveit, B\u00e5rd Tvedt, Sigurd A. Myhr, Harald Fammestad, Olav Jordal, Edvard Reiker\u00e5s, Magnus O. Svendal.<br \/>\nNeste rekke: Anna A. Fammestad (Olderhaug), Ragna N\u00e6vdal, Ingrid \u00d8vretveit, Johanna Grov, Solveig Reiker\u00e5s, Borghild A.<br \/>\nHeggertveit, Kari Fammestad, Elida Svendal, Magnhild Tvedt, Margit Grov, Normann O. Svendal.<br \/>\nMidtrekke: Olufina Hauge, Margit Fammestad, Borghild O. Tveito, Sofia Kleiven, Gjertrud Jordal, K\u00e5re Jordal, l\u00e6rar Kristian Jordal, Erna Hauge, Jenny M. Lid, Jenny A. Lid, Julia Kleiven.<br \/>\nNest fremste rekke: Gunhild Tvedt, Bergljot N\u00e6vdal, Johanna Eikemo, Maria A. Myhr, Borghild Reiker\u00e5s, Maria O. Svendal, Hj\u00f8rdis Nyg\u00e5rd, Ingrid Heggertveit, Emma A. Myhr, Laura Svendal, Alfhild Hauge, Tea Lid.<br \/>\nFremste rekke: Johannes Grov, Malvin N\u00e6vdal, Malvin Hauge, Ragnvald Lid, Ingvald N\u00e6vdal, Norvald \u00d8vretveit, Reidar Fammestad, Kristian Tvedt, Johannes Tvedt, Ingvald Heggertveit, Ola Fammestad.<\/p>\n<p>Fr\u00e5verande &#8211; etter skule protokollen: Bergitta Nedretveit, Nils Tvedt, Margit og Andrea Myhr, Bjarne Nedretvedt, Harald Hauge, Magnus Lid og Sverre Heggertveit.<\/p>\n<p><img loading=\"lazy\" src=\"http:\/\/tveitosida.no\/wp-content\/uploads\/gamle_folder\/gruppebilder\/GamleskulenKlv.jpg\" width=\"660\" height=\"460\" border=\"0\" \/><\/p>\n<p>Over: Gamleskulen p\u00e5 Kl\u00f8ve.<\/p>\n<p><img loading=\"lazy\" src=\"http:\/\/tveitosida.no\/wp-content\/uploads\/gamle_folder\/gruppebilder\/MagneOveSkulen.jpg\" width=\"600\" height=\"387\" border=\"0\" \/><\/p>\n<p>Over: 6. og 7. klasse, Kl\u00f8vheim skule 1962\/1963. (F\u00f8dsels\u00e5r 1949 og 1950.) Fra venstre:<br \/>\nBakerste rekke: Ingvar Hindenes, Jostein N\u00f8ttveit, Magne Tvedt, Ove Tvedt, \u00d8ystein Myhr, Magne Bj\u00f8rge, Einar Kleiveland<br \/>\nMidterste rekke: Ole Nesb\u00f8 (rektor\/l\u00e6rar), Randi Rise, Inger Tveito, S\u00f8lvi Kleiven, Solfrid Hauge, Turid \u00d8vretveit<br \/>\nFremste rekke: Grete Andvik (B\u00e5rdsen), Jorunn Tvedt, Reidun Marit Birkeland, Rigmor Hindenes, Ingebj\u00f8rg Rambj\u00f8rg.<\/p>\n","protected":false},"excerpt":{"rendered":"<p>Arbeidskamerater til Mons Tvedt (med hatt og flaske) i 1908. I hovden 1928. Tur til Nesb\u00f8 1932 Bilde kanskje tatt p\u00e5 Viken: \u00d8verst fra venstre: Martin Hindenes. Nederst fra venstre: Anders Hauge, Ingvald Kol\u00e5s, Olai Kol\u00e5s, Kristian Kol\u00e5s, Magnus Lid (bror til Ottar) Johannes? Tvedt m\/slips nr 3 oppe fr\u00e5 venstre. Ingvald \u00d8vretveit bak i &hellip; <a href=\"https:\/\/tveitosida.no\/index.php\/gruppebilder\/\" class=\"more-link\">Continue reading <span class=\"screen-reader-text\">Gruppebilder<\/span> <span class=\"meta-nav\">&rarr;<\/span><\/a><\/p>\n","protected":false},"author":1,"featured_media":0,"parent":0,"menu_order":0,"comment_status":"closed","ping_status":"closed","template":"","meta":[],"_links":{"self":[{"href":"https:\/\/tveitosida.no\/index.php\/wp-json\/wp\/v2\/pages\/1380"}],"collection":[{"href":"https:\/\/tveitosida.no\/index.php\/wp-json\/wp\/v2\/pages"}],"about":[{"href":"https:\/\/tveitosida.no\/index.php\/wp-json\/wp\/v2\/types\/page"}],"author":[{"embeddable":true,"href":"https:\/\/tveitosida.no\/index.php\/wp-json\/wp\/v2\/users\/1"}],"replies":[{"embeddable":true,"href":"https:\/\/tveitosida.no\/index.php\/wp-json\/wp\/v2\/comments?post=1380"}],"version-history":[{"count":8,"href":"https:\/\/tveitosida.no\/index.php\/wp-json\/wp\/v2\/pages\/1380\/revisions"}],"predecessor-version":[{"id":3628,"href":"https:\/\/tveitosida.no\/index.php\/wp-json\/wp\/v2\/pages\/1380\/revisions\/3628"}],"wp:attachment":[{"href":"https:\/\/tveitosida.no\/index.php\/wp-json\/wp\/v2\/media?parent=1380"}],"curies":[{"name":"wp","href":"https:\/\/api.w.org\/{rel}","templated":true}]}}