{"id":1378,"date":"2020-10-26T19:02:39","date_gmt":"2020-10-26T19:02:39","guid":{"rendered":"http:\/\/10.40.0.11\/?page_id=1378"},"modified":"2020-11-10T20:11:41","modified_gmt":"2020-11-10T20:11:41","slug":"bestemor-raila","status":"publish","type":"page","link":"https:\/\/tveitosida.no\/index.php\/bestemor-raila\/","title":{"rendered":"Bestemor Raila"},"content":{"rendered":"<p><img loading=\"lazy\" src=\"http:\/\/tveitosida.no\/wp-content\/uploads\/gamle_folder\/gamletveito\/RagnhildT_600.jpg\" width=\"600\" height=\"902\" border=\"0\" \/><\/p>\n<p><i>Skrive av B\u00e5rd Tvedt<\/i><\/p>\n<p>Bestemor var ei god bestemor. Bestemor hadde omsut for oss som var sm\u00e5. Ho var den som s\u00e5g til oss n\u00e5r mor var ute \u00e5 onna med det som h\u00f8yrde garden til. Far var myke ute p\u00e5 arbeid hj\u00e5 andre, han var bygningsmann.<\/p>\n<p>Medan bestemor, Raila (Ragnhild), som hennas namn var nemnd med, vogga p\u00e5 barna n\u00e5r dei var sm\u00e5, kunne ho halda oss eldre med hyggeleg prat, og song ofte for oss. Bestemor minnes sv\u00e6rt godt fr\u00e5 eldre tider, og ho delte ofte med oss det ho minnest. Det kunne vera b\u00e5de alvor og gaman. Ein dag eg sat ved sida av vogga som ho fekk til \u00e5 g\u00e5 med att ho heldt den eine foten over det andre kne, fortalde ho om d\u00e5 min bestefar gjekk p\u00e5 friarf\u00f8ter etter henne p\u00e5 Seljelid. Den gongen var der ikkje slipestein, og dei var avhengige av att smeden tynte lj\u00e5ane til dei. Smeden budde i Hola p\u00e5 Vik. Det kosta no noko \u00e5 f\u00e5 smeden til \u00e5 tynna lj\u00e5en, derfor vart det att dei stundom slo med d\u00e5rleg lj\u00e5, men s\u00e5 kunne dei slipa med bryne. Ein gong min bastefar var der og hjelpte dei Seli med \u00e5 sl\u00e5, var det no ikkje berre for sl\u00e5tten han var der, &#8220;men det var no for andre og&#8221;, fortalde bestemor.<\/p>\n<p>Bestemor van tidleg vakt, men det gjekk seint med det \u00e5 f\u00e5 tru att Jesus sitt verk galdt henne. \u00c5r etter \u00e5r gjekk, men der vart ingen lysning i den sak for henne. Ho bad og bad, las og las, men det var som alt var stengt. I Bestemors tid var det meste av L\u00f8haugen udyrka, og der var tuete. Ein dag bestemor gjekk s\u00f8rom L\u00f8haugen, der er ei lita brekke som me kallar Bringa, det har den heitt i mannsminne, vart nok hjarteverken og lengselen etter fred med Gud sterk. Ho b\u00f8ygde seg ved ei av tuene p\u00e5 den udyrka mark og ropa til Gud om fred i si sjel.&#8221; Den dagen og p\u00e5 den staden rann lyset i hennar sjal,&#8221; det var som ei sol som skein inni hennas hjarta&#8221;, fortalde bestemor. D\u00e5 var bestemor femti \u00e5r. Sidan den dagen hadde bestemor ei sterk forankra tru.<\/p>\n<p>Eg minnes berre bestemor som eldre. Ho og bestefar overl\u00e8t garden til mor og far i 1901. Eg var f\u00f8dd i 1910, s\u00e5 da var bestemor mellom sytti og \u00e5tti \u00e5r. Det som eg ro nemner av det som bestemor sa, har f\u00f8lgt meg alltid sidan i livet. Vi lika oss alltid ute i sm\u00e5stova der hj\u00e5 bestemor, men s\u00e5 skulle ho leggja seg og d\u00e5 m\u00e5tte me no g\u00e5 innatt til mor som var i store stova. Med det same me gjekk om d\u00f8ra sa bestemor: &#8220;Gud velsigne deg&#8221;. Eg kunne ikkje lata d\u00f8ra etter meg f\u00f8r eg hadde h\u00f8yrt dei orda av bestemor. S\u00e5leis bad ho Guds velsignelse nedover oss for tid og \u00e6va.<\/p>\n<p>Familiebilde fr\u00e5 1912. Fr\u00e5 venstre: Mons Tvedt, Johanna (s\u00f8ster til Karolina), Ragnhild, Elias, Karolina, B\u00e5rd, Ola, Ragnvald, Ragnhild\u00a0og Jakob Tvedt. B\u00e5rd Tvedt f.1910, sitter her p\u00e5 fanget til mor si.<br \/>\n<img loading=\"lazy\" src=\"http:\/\/tveitosida.no\/wp-content\/uploads\/gamle_folder\/gamletveito\/Tveito_fam2_600.jpg\" width=\"600\" height=\"430\" border=\"0\" \/><\/p>\n<p>Bilde av huset slik det s\u00e5g ut f\u00f8r p\u00e5bygging i 1919. Det er torvtak, utbygg p\u00e5 begge sider og inngang p\u00e5 framsida med trapp. Personer p\u00e5 bildet fr\u00e5 venstre: Johanna (s\u00f8ster til Karolina), XX (Elias f.1899, Ola f. 1900, Ragnvald f. 1902 eller Johannes f.1904) p\u00e5 hesten, Mons Tvedt, Ragnhild f. 1906, Karolina, XX (B\u00e5rd f. 1910, Magnhild f. 1913, Kristian f. 1915 eller Gunnhild f.1917), Ragnhild\u00a0og Jakob Tvedt.\u00a01911?<br \/>\n<img loading=\"lazy\" src=\"http:\/\/tveitosida.no\/wp-content\/uploads\/tveito_folder\/gamlahuset\/Gamlahuset6F2R.jpg\" width=\"600\" height=\"384\" border=\"0\" \/><\/p>\n<p>Familiebilde fr\u00e5 Tveito ca 1925: Mons Tvedt, Magnhild Nesb\u00f8, Karoline Tvedt, Bestemora Ragnhild, Gunnhild Tjora, Ragnhild Hauge, Kristian Tvedt og ukjent kvinne.<br \/>\n<img loading=\"lazy\" src=\"http:\/\/tveitosida.no\/wp-content\/uploads\/gamle_folder\/gamletveito\/FamilieTveito_ca1925.jpg\" width=\"600\" height=\"511\" border=\"0\" \/><\/p>\n<p>Sitjande bilde fr\u00e5 Tveito ca 1925: Karoline Tvedt, Bestemora Ragnhild, ukjent kvinne, Ragnvald Tvedt, Ragnhild Hauge. Framme: Kristian Tvedt, Gunnhild Tjora, Magnhild Nesb\u00f8.<br \/>\n<img loading=\"lazy\" src=\"http:\/\/tveitosida.no\/wp-content\/uploads\/gamle_folder\/gamletveito\/FamilieTveito_ca1925_3_600.jpg\" width=\"600\" height=\"406\" border=\"0\" \/><\/p>\n<p>Ragnhild Tvedt og Jakob Tvedt.<br \/>\n<img loading=\"lazy\" src=\"http:\/\/tveitosida.no\/wp-content\/uploads\/gamle_folder\/forfedre\/Ragnhild.jpg\" width=\"350\" height=\"441\" border=\"0\" \/><\/p>\n<p><img loading=\"lazy\" src=\"http:\/\/tveitosida.no\/wp-content\/uploads\/gamle_folder\/forfedre\/Jakob.jpg\" width=\"350\" height=\"444\" border=\"0\" \/><br \/>\nJakob Eriksson Nedretvedt f. 1831 d. 1914, g 1860 med Ragnhild Ivarsdatter Seljelid f. 1836, d. 1929.<br \/>\nBarn: Brita, Elias, Ivar, Mons, Martin, Gjertrud, Mons. Tok over garden i 1876.<\/p>\n","protected":false},"excerpt":{"rendered":"<p>Skrive av B\u00e5rd Tvedt Bestemor var ei god bestemor. Bestemor hadde omsut for oss som var sm\u00e5. Ho var den som s\u00e5g til oss n\u00e5r mor var ute \u00e5 onna med det som h\u00f8yrde garden til. Far var myke ute p\u00e5 arbeid hj\u00e5 andre, han var bygningsmann. Medan bestemor, Raila (Ragnhild), som hennas namn var &hellip; <a href=\"https:\/\/tveitosida.no\/index.php\/bestemor-raila\/\" class=\"more-link\">Continue reading <span class=\"screen-reader-text\">Bestemor Raila<\/span> <span class=\"meta-nav\">&rarr;<\/span><\/a><\/p>\n","protected":false},"author":1,"featured_media":0,"parent":0,"menu_order":0,"comment_status":"closed","ping_status":"closed","template":"","meta":[],"_links":{"self":[{"href":"https:\/\/tveitosida.no\/index.php\/wp-json\/wp\/v2\/pages\/1378"}],"collection":[{"href":"https:\/\/tveitosida.no\/index.php\/wp-json\/wp\/v2\/pages"}],"about":[{"href":"https:\/\/tveitosida.no\/index.php\/wp-json\/wp\/v2\/types\/page"}],"author":[{"embeddable":true,"href":"https:\/\/tveitosida.no\/index.php\/wp-json\/wp\/v2\/users\/1"}],"replies":[{"embeddable":true,"href":"https:\/\/tveitosida.no\/index.php\/wp-json\/wp\/v2\/comments?post=1378"}],"version-history":[{"count":9,"href":"https:\/\/tveitosida.no\/index.php\/wp-json\/wp\/v2\/pages\/1378\/revisions"}],"predecessor-version":[{"id":3257,"href":"https:\/\/tveitosida.no\/index.php\/wp-json\/wp\/v2\/pages\/1378\/revisions\/3257"}],"wp:attachment":[{"href":"https:\/\/tveitosida.no\/index.php\/wp-json\/wp\/v2\/media?parent=1378"}],"curies":[{"name":"wp","href":"https:\/\/api.w.org\/{rel}","templated":true}]}}