{"id":1376,"date":"2020-10-26T19:02:11","date_gmt":"2020-10-26T19:02:11","guid":{"rendered":"http:\/\/10.40.0.11\/?page_id=1376"},"modified":"2020-11-22T21:25:00","modified_gmt":"2020-11-22T21:25:00","slug":"aasgard","status":"publish","type":"page","link":"https:\/\/tveitosida.no\/index.php\/aasgard\/","title":{"rendered":"Aasgard"},"content":{"rendered":"<p>G\u00e5rdstunet<br \/>\n<img loading=\"lazy\" src=\"http:\/\/tveitosida.no\/wp-content\/uploads\/gamle_folder\/aasgard\/IMG_1273AaTunet_600.jpg\" width=\"600\" height=\"319\" border=\"0\" \/><\/p>\n<p>Zoomet<br \/>\n<img loading=\"lazy\" src=\"http:\/\/tveitosida.no\/wp-content\/uploads\/gamle_folder\/aasgard\/IMG_1273AaTunet_z_600.jpg\" width=\"600\" height=\"346\" border=\"0\" \/><\/p>\n<p><img loading=\"lazy\" src=\"http:\/\/tveitosida.no\/wp-content\/uploads\/gamle_folder\/aasgard\/Aasgard4.jpg\" width=\"600\" height=\"416\" border=\"0\" \/><\/p>\n<p><img loading=\"lazy\" src=\"http:\/\/tveitosida.no\/wp-content\/uploads\/gamle_folder\/aasgard\/Aasgard6.jpg\" width=\"600\" height=\"283\" border=\"0\" \/><\/p>\n<p><img loading=\"lazy\" src=\"http:\/\/tveitosida.no\/wp-content\/uploads\/gamle_folder\/aasgard\/Aasgard5.jpg\" width=\"600\" height=\"434\" border=\"0\" \/><\/p>\n<p>Anna og Andreas unge<br \/>\n<img loading=\"lazy\" src=\"http:\/\/tveitosida.no\/wp-content\/uploads\/gamle_folder\/aasgard\/IMG_1482AnnaAndreas.jpg\" width=\"355\" height=\"447\" border=\"0\" \/><\/p>\n<p><img loading=\"lazy\" src=\"http:\/\/tveitosida.no\/wp-content\/uploads\/gamle_folder\/aasgard\/AnnaAnd2.jpg\" width=\"312\" height=\"447\" border=\"0\" \/><\/p>\n<p>Anna og Andreas gamle<br \/>\n<img loading=\"lazy\" src=\"http:\/\/tveitosida.no\/wp-content\/uploads\/gamle_folder\/aasgard\/AnnaAndr.jpg\" width=\"350\" height=\"447\" border=\"0\" \/><\/p>\n<p>Andreas Larsen Aasgard (1878-1966) og Anna Ivarsdtr. Veland (1884-1974).<br \/>\n<img loading=\"lazy\" src=\"http:\/\/tveitosida.no\/wp-content\/uploads\/gamle_folder\/aasgard\/AndreasAaP.jpg\" width=\"350\" height=\"463\" border=\"0\" \/><\/p>\n<p><img loading=\"lazy\" src=\"http:\/\/tveitosida.no\/wp-content\/uploads\/gamle_folder\/aasgard\/AnnaAaP.jpg\" width=\"342\" height=\"463\" border=\"0\" \/><\/p>\n<p>Andreas&#8217; slekt<br \/>\n<img loading=\"lazy\" src=\"http:\/\/tveitosida.no\/wp-content\/uploads\/gamle_folder\/aasgard\/AndreasAaSlekt.jpg\" width=\"700\" height=\"641\" border=\"0\" \/><\/p>\n<p><b>Andreas sine foreldre <\/b><span style=\"color: #ff9933;\">(ref. Asbj\u00f8rn):<br \/>\n<\/span>Lars Askeland (1836-1905) og Anna J. Indre Eide<br \/>\n(1844-1904).<\/p>\n<p>Andreas sin bestefar kom fr\u00e5 Ese (Eidsheim) og budde ei tid p\u00e5 Vassel, der sonen Lars vart f\u00f8dd. S\u00e5 kj\u00f8pte dei gard p\u00e5 Askeland (Veland) og budde der 1842-72. Lars budde ei stund &#8220;i Asko&#8221; p\u00e5 Ostereidet, der kona kom fr\u00e5. Andreas var f\u00f8dd der, men halvt\u00e5rsgamal kom han til Asgard der faren kj\u00f8pte bruk 1 i 1880. Mons, eldste broren d\u00f8ydde 17 \u00e5r gamal i 1886. S\u00f8stra, Johanna (Faster) gifta seg i 1891 med Ole Olsen Fjellsk\u00e5lnes p\u00e5 Oster\u00f8y. Han dreiv trevarefabrikk. Han d\u00f8ydde i 1909 (same \u00e5ret som v\u00e5r nest eldste bror vart f\u00f8dd, derfor heitte han Olav. Bestefar i Tr\u00e6o m\u00e5tte venta p\u00e5 oppattkalling til nr. 3 kom, Ivar).<br \/>\nI 1913 gifta ho seg oppatt med Nils Litland, enkemann med 4 born. Han hadde vore ordf\u00f8rar i Hosanger, med i fylkespolitikken og sparebanken.<br \/>\nNils d\u00f8ydde i ??, og faster vart \u00e5leine (faster var barnlaus, men dei hadde fostersonen \u00d8yvind Gudmundsen f.1913), og dei som hadde plikta til \u00e5 sj\u00e5 om henne, svikta. Ho d\u00f8ydde hausten 1959 heime p\u00e5 Asgard, der ho budde den siste tida. (Ho kom om vinteren og budde nokre m\u00e5nader hj\u00e5 Aasmund og Anlaug. N\u00e5r v\u00e5ren kom reiste ho til heimagarden.)<\/p>\n<p><img loading=\"lazy\" src=\"http:\/\/tveitosida.no\/wp-content\/uploads\/gamle_folder\/aasgard\/JubileumiAsko.jpg\" width=\"600\" height=\"397\" border=\"0\" \/><\/p>\n<p>Jubileum i &#8220;Asko&#8221; p\u00e5 Ostereidet, Lars har sikkert gebursdag. (Lars i Asko, Andreas Aasgard sitt s\u00f8skenbarn, (faren Lars var broren til Anna Askeland, mor til Lars, Ingeborg, Malena, Gjertrud.) Han skygger for mor. Lenger bak: Bergit og Lars.<\/p>\n<p>&#8220;Asko&#8221; p\u00e5 Ostereidet: Lars (til h\u00f8gre), kona bak og barna:<br \/>\nNils til venstre, XX,XX, Bernard, Signe med svart kjole.<br \/>\n<img loading=\"lazy\" src=\"http:\/\/tveitosida.no\/wp-content\/uploads\/gamle_folder\/aasgard\/OstereidetAsko_600.jpg\" width=\"600\" height=\"438\" border=\"0\" \/><\/p>\n<p><b>Annas foreldre, Veland <\/b><span style=\"color: #ff9933;\">(ref. Asbj\u00f8rn)<\/span><br \/>\n&#8220;Bestefar i Tr\u00e6o&#8221;, Ivar Nilsen var odelsgut. Slekta hadde m.a. r\u00f8ter<br \/>\ni Evangersokna.<br \/>\n&#8220;Bestemor i Tr\u00e6o&#8221;, Brita Gudmundsdotter H\u00f8lleland hadde vore gift<br \/>\nf\u00f8r og hadde dottera a) Bergitta (1882-19??). Bergitta var gifta seg til S\u00e6terst\u00f8l p\u00e5 Ask\u00f8y. Ho d\u00f8ydde fr\u00e5 1 gut og 3 jenter. Mannen gifta seg oppatt og fekk fleire born. (S\u00f8stera til Ole B\u00e5rdsen p\u00e5 Tveito er gift til fru Normann). Brita d\u00f8ydde av spanskesyken.<\/p>\n<p>b) Anna var eldst i sin flokk, og ho hadde 6 s\u00f8sken etter seg.<br \/>\nc) Gina, g.m, Nils H\u00f8lleland (p\u00e5 Veland), 4 born: Ingeborg, Mons Ivar, Gilbert. Foster guten Tor Berg.<br \/>\nd) Nils (1888-1963) g .m. Tilly, farmari USA, heime her i 1963, etter 56 \u00e5r. Til USA 1906.<br \/>\ne) Johan ( 1891- 1907 (t\u00e6ring?)<br \/>\nf) Magnus (1894- 19??) g. m. Olufina Hindenes, 2 d\u00f8tre. T il USA 1911, heime att 1932-33, og mange gonger etter siste krigen. Olufina d\u00f8ydde hausten 2005, 106 \u00e5r gamal.<br \/>\ng) Nikolai (1896-19??) g.m. Laura Jordal. 6 gutar: Ivar, Lars, Norvald, Johan, Gunnar (1927-29, d\u00f8d av forbrenning), Mons.<br \/>\nh) Mathilde (1898-1961) g .m. Magnus Veland, barnlause. Fosterdotra Ruth.<\/p>\n<p>Gamalt bilde: Bak f. v: Ivar Veland (far 1855-1936), Birgitta, Brita (mor f. p\u00e5 H\u00f8lleland 1854-1918), Anna (Aasgard).<br \/>\nFramme f. v: Gina, Nils<br \/>\n<img loading=\"lazy\" src=\"http:\/\/tveitosida.no\/wp-content\/uploads\/gamle_folder\/aasgard\/Ivar_Brita_Anna.jpg\" width=\"350\" height=\"489\" border=\"0\" \/><\/p>\n<p>Olav, Lars, <a href=\"http:\/\/tveitosida.no\/index.php\/ivar\"> Ivar<\/a> og Mons (liten). I bakgrunnen den store askestuen.<br \/>\n<img loading=\"lazy\" src=\"http:\/\/tveitosida.no\/wp-content\/uploads\/gamle_folder\/aasgard\/OlavLarsIvarMonsLiten_.jpg\" width=\"350\" height=\"524\" border=\"0\" \/><\/p>\n<p>Annas forfedre<br \/>\n<img loading=\"lazy\" src=\"http:\/\/tveitosida.no\/wp-content\/uploads\/gamle_folder\/aasgard\/AnnaAaSlekt.jpg\" width=\"696\" height=\"662\" border=\"0\" \/><\/p>\n<p>Anna Ivarsdatter sin bringeduk: Det er sydd korssting med ullgarn og perler. Korsstingene ligger som en bakgrunn for motivet og er sydd med svart og litt lilla og lysebl\u00e5tt. Perlebroderiet forestiller et liljemotiv. Perlene er i hvitt, melkehvitt, glassklart, r\u00f8dt, bl\u00e5tt, lys gylden og gylden.\u00a0 \u00d8verst sitter et b\u00e5nd.<br \/>\n<img loading=\"lazy\" src=\"http:\/\/tveitosida.no\/wp-content\/uploads\/gamle_folder\/aasgard\/IMG_2650_2_400.jpg\" width=\"400\" height=\"699\" border=\"0\" \/><\/p>\n<p>Gammelt familie bilde med Anna og hennes slekt:<br \/>\nTilla, mor med Asbj\u00f8rn, Olav, Lars, Laura med Lars. Lai Veland, Nils, Gina og Gilbert H\u00f8lleland.<br \/>\nFramme: Ivar Aasgard, Ingeborg, Anna, Ukjend, Ivar Veland, Mons og Ivar H\u00f8lleland<a href=\"http:\/\/tveitosida.no\/wp-content\/uploads\/gamle_folder\/aasgard\/BestAnnasFamilie.jpg\" target=\"_blank\" rel=\"noopener noreferrer\"><br \/>\n<img loading=\"lazy\" src=\"http:\/\/tveitosida.no\/wp-content\/uploads\/gamle_folder\/aasgard\/EldsteFamAas.jpg\" width=\"600\" height=\"421\" border=\"0\" \/><\/a><\/p>\n<p>Ivar Veland<br \/>\n<img loading=\"lazy\" src=\"http:\/\/tveitosida.no\/wp-content\/uploads\/gamle_folder\/aasgard\/IvarVeland.jpg\" width=\"350\" height=\"563\" border=\"0\" \/><\/p>\n<p>Veland ca 1928. Gina og Nils H\u00f8lleland, 4 born: Ingeborg, Mons Ivar, Gilbert. Foster guten Tor Berg.<br \/>\n<img loading=\"lazy\" src=\"http:\/\/tveitosida.no\/wp-content\/uploads\/gamle_folder\/aasgard\/Veland1928ca.jpg\" width=\"600\" height=\"378\" border=\"0\" \/><\/p>\n<p>Gina og Nils H\u00f8lleland, 4 born: Ingeborg, Mons Ivar, Gilbert. Foster guten Tor Berg. Nikolai og Laura Jordal. 6 gutar: I var, Lars, Norvald, Johan, Gunnar\/Mons?.\u00a0 Ivar Veland i midten bak, med Laura t.v. og Gina n\u00e6rast. 1 ukjent dame.<img loading=\"lazy\" src=\"http:\/\/tveitosida.no\/wp-content\/uploads\/gamle_folder\/aasgard\/VelandFam.jpg\" width=\"600\" height=\"415\" border=\"0\" \/><\/p>\n<p>Ivar Veland<img loading=\"lazy\" src=\"http:\/\/tveitosida.no\/wp-content\/uploads\/gamle_folder\/aasgard\/IvarVel.jpg\" width=\"600\" height=\"393\" border=\"0\" \/><\/p>\n<p>Bestefar Ivars 80-\u00e5rsdag i Treo i 1935 (i stol). Fr\u00e5 venstre. Johan, Lars Veland, Mons og Ivar H\u00f8lleland, Olav og far, Ivar Veland, Asbj\u00f8rn, Tella (kvit) og Laura, Gina i mellom, Anna, Mons , Ingeborg, Stor-Andrine i Jupeskogen, kokka. Mor, ukjend, Aasmund framfor. (Trea-gutar). To ukjende hattar bak.<img loading=\"lazy\" src=\"http:\/\/tveitosida.no\/wp-content\/uploads\/gamle_folder\/aasgard\/IvarVeland80.jpg\" width=\"600\" height=\"395\" border=\"0\" \/><\/p>\n<p>Nikolai og Laura Veland feirar s\u00f8lvbryllup i 1944: T.v. Mor med kvithua og Olav. Lai og Laura, Gina. Mons Veland (med briller), Gudrun og Tollef Jordal.<img loading=\"lazy\" src=\"http:\/\/tveitosida.no\/wp-content\/uploads\/gamle_folder\/aasgard\/LauraLaiSolv.jpg\" width=\"600\" height=\"486\" border=\"0\" \/><\/p>\n<p>Olufina og Magnus i USA.<br \/>\n<img loading=\"lazy\" src=\"http:\/\/tveitosida.no\/wp-content\/uploads\/gamle_folder\/aasgard\/OlufinaMagnus.jpg\" width=\"600\" height=\"426\" border=\"0\" \/><\/p>\n<p>P\u00e5 Aasgard<br \/>\nFar, Ingeborg, mor bak Bergit, Aasmund, Olav. Lars, Anna, Mons, Asbj\u00f8rn, Ivar, Johan. Truleg 1032: Ingeborg var &#8220;taus&#8221; den sommaren. Og Johan kasta knebuksa hausten 32.<br \/>\n<img loading=\"lazy\" src=\"http:\/\/tveitosida.no\/wp-content\/uploads\/gamle_folder\/aasgard\/PaAasgard.jpg\" width=\"600\" height=\"426\" border=\"0\" \/><\/p>\n<p>S\u00f8ndag p\u00e5 Krossleite. Bak: Johan, Ingeborg, Anna. Mons H\u00f8lleland. Framme: Ivar H\u00f8lleland og Gilbert H\u00f8lleland, Bergit, Asbj\u00f8rn med koppen.<br \/>\n<img loading=\"lazy\" src=\"http:\/\/tveitosida.no\/wp-content\/uploads\/gamle_folder\/aasgard\/Krossleitet.jpg\" width=\"600\" height=\"463\" border=\"0\" \/><\/p>\n<p>S\u00f8lvbryllup Anna og Andreas 1931.<br \/>\nSitjande: Borghild Svindal, Asbj\u00f8m, Bergit, mor og far med Aasmund, Olav, Ivar, Mons, ukjend gut.<br \/>\nSt\u00e5ande rekke: Johan, Lai, Magnus Veland, Nils H\u00f8lleland, handelsmann Helgesen, jordmor Marie Helgesen, Anna, faster, Helene Nedreis, Hans Fammestad sr, kona bak, to ukjende. Til hogre: Bestefar Veland.<br \/>\nOppe: Tella, I\u00e6rar Svindal, Ingeborg, Ukjend, Laura, Stor-Andrine (kokke), ukjend, Gina.<br \/>\n<img loading=\"lazy\" src=\"http:\/\/tveitosida.no\/wp-content\/uploads\/gamle_folder\/aasgard\/AnAnsolv.jpg\" width=\"600\" height=\"357\" border=\"0\" \/><\/p>\n<p>Ivar og Marta sitt bryllup 1940.<br \/>\n<img loading=\"lazy\" src=\"http:\/\/tveitosida.no\/wp-content\/uploads\/gamle_folder\/aasgard\/IvarsBryllup1940.jpg\" width=\"600\" height=\"461\" border=\"0\" \/><\/p>\n<p>Ivar og Marta med barn.<br \/>\n<img loading=\"lazy\" src=\"http:\/\/tveitosida.no\/wp-content\/uploads\/gamle_folder\/aasgard\/IvarmFam.jpg\" width=\"600\" height=\"461\" border=\"0\" \/><\/p>\n<p>Det gamle skulehuset p\u00e5 Hindenes.<br \/>\n<img loading=\"lazy\" src=\"http:\/\/tveitosida.no\/wp-content\/uploads\/gamle_folder\/aasgard\/Hindenes_skulehus.jpg\" width=\"600\" height=\"398\" border=\"0\" \/><\/p>\n<p>P\u00e5 Aasgard<br \/>\n<img loading=\"lazy\" src=\"http:\/\/tveitosida.no\/wp-content\/uploads\/gamle_folder\/aasgard\/FamAasg.jpg\" width=\"600\" height=\"414\" border=\"0\" \/><\/p>\n<p>Johan, far, Asbj\u00f8rn, mor &#8211; og kuene.<br \/>\n<img loading=\"lazy\" src=\"http:\/\/tveitosida.no\/wp-content\/uploads\/gamle_folder\/aasgard\/MormKuene.jpg\" width=\"600\" height=\"432\" border=\"0\" \/><\/p>\n<p>Johan og Maria gifter seg i 1948.<br \/>\n<img loading=\"lazy\" src=\"http:\/\/tveitosida.no\/wp-content\/uploads\/gamle_folder\/aasgard\/JohanMaria1948_2.jpg\" width=\"600\" height=\"404\" border=\"0\" \/><\/p>\n<p><img loading=\"lazy\" src=\"http:\/\/tveitosida.no\/wp-content\/uploads\/gamle_folder\/aasgard\/JohanMaria1948_3.jpg\" width=\"600\" height=\"413\" border=\"0\" \/><\/p>\n<p>S\u00f8skenbilde. Bak: Aasmund, Johan, Asbj\u00f8rn, Ola, Mons, Ivar. Framme: Anna, Lars, Anna og Andreas, Bergit.<br \/>\n<img loading=\"lazy\" src=\"http:\/\/tveitosida.no\/wp-content\/uploads\/gamle_folder\/aasgard\/AasgardSosk.jpg\" width=\"600\" height=\"453\" border=\"0\" \/><\/p>\n<p>S\u00f8ndag heime. Fremme: Arnt, Asbj\u00f8rg, Arnhild, Roald, Sigmund, Ingfrid. Mor og far.<br \/>\nFr\u00e5 Venstre: Lars, Bergit og Audhild, Ivar, Marta, Ingebj\u00f8rg?, Aasmund, Bergit, Mons og Ingrid, Anna, Johan, Asbj\u00f8rn, Brita og Olav med<br \/>\nMagnar.<br \/>\n<img loading=\"lazy\" src=\"http:\/\/tveitosida.no\/wp-content\/uploads\/gamle_folder\/aasgard\/Familie3.jpg\" width=\"600\" height=\"450\" border=\"0\" \/><\/p>\n<p>Same folka som over.<br \/>\n<img loading=\"lazy\" src=\"http:\/\/tveitosida.no\/wp-content\/uploads\/gamle_folder\/aasgard\/Familie.jpg\" width=\"600\" height=\"336\" border=\"0\" \/><\/p>\n<p>S\u00f8ndag i tunet. Bestemor Anna med deig\/r\u00f8re til kaker. Natronkaker (stompekaker) eller potetkaker.<br \/>\n<img loading=\"lazy\" src=\"http:\/\/tveitosida.no\/wp-content\/uploads\/gamle_folder\/aasgard\/Familie2.jpg\" width=\"600\" height=\"401\" border=\"0\" \/><\/p>\n<p>Arnhild, Ingfrid, Arnt, Asbj\u00f8rg.<br \/>\n<img loading=\"lazy\" src=\"http:\/\/tveitosida.no\/wp-content\/uploads\/gamle_folder\/aasgard\/AnrIngArnAsb.jpg\" width=\"600\" height=\"395\" border=\"0\" \/><\/p>\n<p>Inger og Terje til h\u00f8gre.<br \/>\n<img loading=\"lazy\" src=\"http:\/\/tveitosida.no\/wp-content\/uploads\/gamle_folder\/aasgard\/Diversebarn.jpg\" width=\"600\" height=\"403\" border=\"0\" \/><\/p>\n<p>Inger og Terje til h\u00f8gre.<br \/>\n<img loading=\"lazy\" src=\"http:\/\/tveitosida.no\/wp-content\/uploads\/gamle_folder\/aasgard\/BarnIngerTerje.jpg\" width=\"600\" height=\"363\" border=\"0\" \/><\/p>\n<p>Anlaug og Aasmund til venstre.<br \/>\n<img loading=\"lazy\" src=\"http:\/\/tveitosida.no\/wp-content\/uploads\/gamle_folder\/aasgard\/FamAasgardA.jpg\" width=\"600\" height=\"433\" border=\"0\" \/><\/p>\n<p>Rundt steinbord i hagen.<br \/>\n<img loading=\"lazy\" src=\"http:\/\/tveitosida.no\/wp-content\/uploads\/gamle_folder\/aasgard\/SteinborAa.jpg\" width=\"600\" height=\"312\" border=\"0\" \/><\/p>\n<p>Rotur<br \/>\n<img loading=\"lazy\" src=\"http:\/\/tveitosida.no\/wp-content\/uploads\/gamle_folder\/aasgard\/RoturInbak.jpg\" width=\"600\" height=\"407\" border=\"0\" \/><\/p>\n<p>Andreas og Annas gullbryllup i Aasmunds hus 6. juni 1956. Lars, Mons, Olav, Anna, Ivar, Aasmund, Bergit, Asbj\u00f8rn og Johan (framme).<br \/>\n<img loading=\"lazy\" src=\"http:\/\/tveitosida.no\/wp-content\/uploads\/gamle_folder\/aasgard\/AnAngull2.jpg\" width=\"600\" height=\"490\" border=\"0\" \/><\/p>\n<p>Andreas og Annas gullbryllup i Aasmunds hus 6. juni 1956. Alle gjester.<br \/>\n<img loading=\"lazy\" src=\"http:\/\/tveitosida.no\/wp-content\/uploads\/gamle_folder\/aasgard\/AnAngull.jpg\" width=\"600\" height=\"469\" border=\"0\" \/><\/p>\n<p>Johanna Litland (tante h\u00f8s\u00f8vd) hesjer. S\u00f8ster til Andreas L. Aasgard. d. 1959.<br \/>\n<img loading=\"lazy\" src=\"http:\/\/tveitosida.no\/wp-content\/uploads\/gamle_folder\/aasgard\/AnnaHesja.jpg\" width=\"600\" height=\"428\" border=\"0\" \/><\/p>\n<p>Johan med sl\u00e5maskina. Han reiste rundt ogs\u00e5 p\u00e5 andre g\u00e5rdar.<br \/>\n<img loading=\"lazy\" src=\"http:\/\/tveitosida.no\/wp-content\/uploads\/gamle_folder\/aasgard\/Johanslar.jpg\" width=\"600\" height=\"457\" border=\"0\" \/><\/p>\n<p>Aage styrer taumane. Johan sauebonde. Hesten drar sl\u00e5maskina<br \/>\n<img loading=\"lazy\" src=\"http:\/\/tveitosida.no\/wp-content\/uploads\/gamle_folder\/aasgard\/AgeJohnHest.jpg\" width=\"600\" height=\"381\" border=\"0\" \/><\/p>\n<p><img loading=\"lazy\" src=\"http:\/\/tveitosida.no\/wp-content\/uploads\/gamle_folder\/aasgard\/IngerHest.jpg\" width=\"600\" height=\"393\" border=\"0\" \/><\/p>\n<p>P\u00e5 fabrikken, Anna, Andreas, Anna og Bergit.<br \/>\n<img loading=\"lazy\" src=\"http:\/\/tveitosida.no\/wp-content\/uploads\/gamle_folder\/aasgard\/AnBerViken.jpg\" width=\"600\" height=\"387\" border=\"0\" \/><\/p>\n<p>Diamantbryllup Anna og Andreas.<br \/>\n<img loading=\"lazy\" src=\"http:\/\/tveitosida.no\/wp-content\/uploads\/gamle_folder\/aasgard\/AnnaAndreasA2.jpg\" width=\"600\" height=\"457\" border=\"0\" \/><\/p>\n<p>Anna p\u00e5 garden.<br \/>\n<img loading=\"lazy\" src=\"http:\/\/tveitosida.no\/wp-content\/uploads\/gamle_folder\/aasgard\/AnnaBm.jpg\" width=\"600\" height=\"411\" border=\"0\" \/><\/p>\n<p><img loading=\"lazy\" src=\"http:\/\/tveitosida.no\/wp-content\/uploads\/gamle_folder\/aasgard\/BestemorAnna_.jpg\" width=\"335\" height=\"512\" border=\"0\" \/><\/p>\n<p><img loading=\"lazy\" src=\"http:\/\/tveitosida.no\/wp-content\/uploads\/gamle_folder\/aasgard\/AnnaBestemor_.jpg\" width=\"350\" height=\"512\" border=\"0\" \/><\/p>\n<p>P\u00e5 sengja p\u00e5 R o p a r s h a u g s a m l i n g a i f\u00f8rste etasje ligg eit vakkert \u00e5kl\u00e6 fr\u00e5 \u00c5sgard, Andreastunet, g\u00e5ve fr\u00e5 Anna \u00c5sgard, f\u00f8dd Veland.<br \/>\n<img loading=\"lazy\" src=\"http:\/\/tveitosida.no\/wp-content\/uploads\/gamle_folder\/aasgard\/IMG_4292_rsv.jpg\" width=\"600\" height=\"413\" border=\"0\" \/><\/p>\n<p><img loading=\"lazy\" src=\"http:\/\/tveitosida.no\/wp-content\/uploads\/gamle_folder\/aasgard\/IMG_4688_r.jpg\" width=\"600\" height=\"400\" border=\"0\" \/><\/p>\n<p>Aasgard<br \/>\n<img loading=\"lazy\" src=\"http:\/\/tveitosida.no\/wp-content\/uploads\/gamle_folder\/aasgard\/Aasgard.jpg\" width=\"600\" height=\"297\" border=\"0\" \/><\/p>\n<p>Aasgardnestet med fabrikken og ferja.<br \/>\n<img loading=\"lazy\" src=\"http:\/\/tveitosida.no\/wp-content\/uploads\/gamle_folder\/aasgard\/Aasgard3.jpg\" width=\"600\" height=\"394\" border=\"0\" \/><\/p>\n<p>Eit hendeleg uhell<br \/>\nIda \u00d8vretveit (ei bestemor fr\u00e5 hi sida av fjorden) hadde l\u00e5nt med seg heim eit par barneborn (Inger og Arne). Nokre dagar seinare skulle borna fraktast heimatt. Dei gjekk om heia fra \u00d8vretveit. Ho fekk dei ombord, kobla ferja fri (trudde ho) og gjekk p\u00e5 land og trykte p\u00e5 den gr\u00f8ne\u00a0 knasten. Motoren starta og ferja seig sakte ut fr\u00e5 land. Bestemora sprang til og kasta seg framover, ho datt i sj\u00f8en. Den blomsterte kjolen, med raud bunn, l\u00e5g rundt ho i vatnet. Finsko hadde ho og. Ho fekk tak med handa langs ferja. Mora som venta p\u00e5 borna sine s\u00e5g kva som skjedde. Ho kjekk til Ola p\u00e5 fabrikken, som hjelpte med \u00e5 snu kj\u00f8reretningen tilbake til land. Ho kom seg opp p\u00e5 b\u00e5ten igjen. S\u00e5 reiste dei over igjen.<\/p>\n<p>Vegskilt til Aasgard og Hindenes p\u00e5 Kl\u00f8ve. Like f\u00f8r ferja vart nedlagt i 79.<br \/>\n<img loading=\"lazy\" src=\"http:\/\/tveitosida.no\/wp-content\/uploads\/gamle_folder\/aasgard\/57_2_VegskiltAas.jpg\" width=\"600\" height=\"405\" border=\"0\" \/><\/p>\n<p><img loading=\"lazy\" src=\"http:\/\/tveitosida.no\/wp-content\/uploads\/gamle_folder\/aasgard\/57_3_FerjeAas.jpg\" width=\"600\" height=\"397\" border=\"0\" \/><\/p>\n<p>Aasmund<br \/>\n<img loading=\"lazy\" src=\"http:\/\/tveitosida.no\/wp-content\/uploads\/gamle_folder\/aasgard\/Aasmund2.jpg\" width=\"350\" height=\"481\" border=\"0\" \/><\/p>\n<p><img loading=\"lazy\" src=\"http:\/\/tveitosida.no\/wp-content\/uploads\/gamle_folder\/aasgard\/AasmundN_.jpg\" width=\"320\" height=\"480\" border=\"0\" \/><\/p>\n<p>Aasmund<br \/>\nAasmund i milit\u00e6ret<br \/>\n<img loading=\"lazy\" src=\"http:\/\/tveitosida.no\/wp-content\/uploads\/gamle_folder\/aasgard\/AasmundP.jpg\" width=\"351\" height=\"483\" border=\"0\" \/><\/p>\n<p><img loading=\"lazy\" src=\"http:\/\/tveitosida.no\/wp-content\/uploads\/gamle_folder\/aasgard\/AasmundMil.jpg\" width=\"351\" height=\"483\" border=\"0\" \/><\/p>\n<p>Anlaug og Aasmund<br \/>\n<img loading=\"lazy\" src=\"http:\/\/tveitosida.no\/wp-content\/uploads\/gamle_folder\/aasgard\/AnAasm.jpg\" width=\"600\" height=\"385\" border=\"0\" \/><\/p>\n<p>Aasmund, Anlaug, Ida og Bergit med d\u00f8tre.<br \/>\n<img loading=\"lazy\" src=\"http:\/\/tveitosida.no\/wp-content\/uploads\/gamle_folder\/aasgard\/AaAnIdaBe.jpg\" width=\"600\" height=\"398\" border=\"0\" \/><\/p>\n<p><img loading=\"lazy\" src=\"http:\/\/tveitosida.no\/wp-content\/uploads\/gamle_folder\/aasgard\/AasAnnlHytte.jpg\" width=\"600\" height=\"435\" border=\"0\" \/><\/p>\n<p><img loading=\"lazy\" src=\"http:\/\/tveitosida.no\/wp-content\/uploads\/gamle_folder\/aasgard\/BilAnAasF2.jpg\" width=\"600\" height=\"408\" border=\"0\" \/><\/p>\n<p>Aasmund laga syskrin til Anlaug<br \/>\n<img loading=\"lazy\" src=\"http:\/\/tveitosida.no\/wp-content\/uploads\/gamle_folder\/aasgard\/IMG_1478Syskrin.jpg\" width=\"600\" height=\"394\" border=\"0\" \/><\/p>\n<p>Huset<br \/>\n<img loading=\"lazy\" src=\"http:\/\/tveitosida.no\/wp-content\/uploads\/gamle_folder\/aasgard\/AasgHus.jpg\" width=\"600\" height=\"431\" border=\"0\" \/><\/p>\n<p>Bryllupsbilde Anlaug og Aasmund<br \/>\n<img loading=\"lazy\" src=\"http:\/\/tveitosida.no\/wp-content\/uploads\/gamle_folder\/aasgard\/AnnlAasmSV.jpg\" width=\"350\" height=\"536\" border=\"0\" \/><\/p>\n<p>Anlaug\/Aasmund og Inger<br \/>\n<img loading=\"lazy\" src=\"http:\/\/tveitosida.no\/wp-content\/uploads\/gamle_folder\/aasgard\/AnnlIng.jpg\" width=\"350\" height=\"509\" border=\"0\" \/><\/p>\n<p><img loading=\"lazy\" src=\"http:\/\/tveitosida.no\/wp-content\/uploads\/gamle_folder\/aasgard\/Aasm_Ing.jpg\" width=\"350\" height=\"509\" border=\"0\" \/><\/p>\n<p>Anlaug, Inger og Aasmund<br \/>\n<img loading=\"lazy\" src=\"http:\/\/tveitosida.no\/wp-content\/uploads\/gamle_folder\/aasgard\/AnAaIng.jpg\" width=\"350\" height=\"541\" border=\"0\" \/><\/p>\n<p>Inger<br \/>\n<img loading=\"lazy\" src=\"http:\/\/tveitosida.no\/wp-content\/uploads\/gamle_folder\/aasgard\/Inger.jpg\" width=\"350\" height=\"515\" border=\"0\" \/><\/p>\n<p>Aasmund, Inger, Arne, Astrid og Anlaug.<br \/>\n<img loading=\"lazy\" src=\"http:\/\/tveitosida.no\/wp-content\/uploads\/gamle_folder\/aasgard\/AaAnTreSosk.jpg\" width=\"600\" height=\"440\" border=\"0\" \/><\/p>\n<p>S\u00f8skenbarnsamling. Framme: R\u00f8nnaug, Arne. Neste rad: Asbj\u00f8rg med Aage, Annbj\u00f8rg, \u00c5shild, Inger. Fr\u00e5 toppen: Annbj\u00f8rg, Magnar, Kari, Audhild m\/Astrid, xx m\/xx, Roald, Arnt, Sigmund, Arnhild m\/Bjarne.<img loading=\"lazy\" src=\"http:\/\/tveitosida.no\/wp-content\/uploads\/gamle_folder\/aasgard\/AnAnsolvb.jpg\" width=\"600\" height=\"403\" border=\"0\" \/><\/p>\n<p>Astrid, Arne, Gunnlaug, Inger og Ingvar<img loading=\"lazy\" src=\"http:\/\/tveitosida.no\/wp-content\/uploads\/gamle_folder\/aasgard\/AasgBarn.jpg\" width=\"600\" height=\"500\" border=\"0\" \/><\/p>\n<p>Minne fr\u00e5 leikehytta, Inger sin kopp lysebl\u00e5 med gullbord nede til h\u00f8gre.:<br \/>\n<img loading=\"lazy\" src=\"http:\/\/tveitosida.no\/wp-content\/uploads\/gamle_folder\/aasgard\/IMG_5720Leike.jpg\" width=\"600\" height=\"398\" border=\"0\" \/><\/p>\n<p><img loading=\"lazy\" src=\"http:\/\/tveitosida.no\/wp-content\/uploads\/gamle_folder\/aasgard\/IMG_5718Leike.jpg\" width=\"600\" height=\"456\" border=\"0\" \/><\/p>\n<p><img loading=\"lazy\" src=\"http:\/\/tveitosida.no\/wp-content\/uploads\/gamle_folder\/aasgard\/IMG_5724Leike.jpg\" width=\"600\" height=\"520\" border=\"0\" \/><\/p>\n<p>Anlaug&#8217;s karriere som bussj\u00e5f\u00f8r.<br \/>\n<img loading=\"lazy\" src=\"http:\/\/tveitosida.no\/wp-content\/uploads\/gamle_folder\/aasgard\/Annlaug.jpg\" width=\"600\" height=\"481\" border=\"0\" \/><\/p>\n<p>Aasmund 60 \u00e5r med Anlaug, barn, svigerbarn og barnebarn.<br \/>\n<img loading=\"lazy\" src=\"http:\/\/tveitosida.no\/wp-content\/uploads\/gamle_folder\/aasgard\/Aasmund60.jpg\" width=\"600\" height=\"415\" border=\"0\" \/><\/p>\n<p>Aasmund og Anlaug med s\u00f8sken og svigerinner.<br \/>\nFra venstre bak: Helga, Bergit, Asbj\u00f8rn, Marta, Ivar, Anna, Maria, Johan. Framme: Ingrid, Anlaug, Bergit, Aasmund, Brita, Olav.<br \/>\n<img loading=\"lazy\" src=\"http:\/\/tveitosida.no\/wp-content\/uploads\/gamle_folder\/aasgard\/Aasmund60_2.jpg\" width=\"600\" height=\"457\" border=\"0\" \/><\/p>\n","protected":false},"excerpt":{"rendered":"<p>G\u00e5rdstunet Zoomet Anna og Andreas unge Anna og Andreas gamle Andreas Larsen Aasgard (1878-1966) og Anna Ivarsdtr. Veland (1884-1974). Andreas&#8217; slekt Andreas sine foreldre (ref. Asbj\u00f8rn): Lars Askeland (1836-1905) og Anna J. Indre Eide (1844-1904). Andreas sin bestefar kom fr\u00e5 Ese (Eidsheim) og budde ei tid p\u00e5 Vassel, der sonen Lars vart f\u00f8dd. S\u00e5 kj\u00f8pte &hellip; <a href=\"https:\/\/tveitosida.no\/index.php\/aasgard\/\" class=\"more-link\">Continue reading <span class=\"screen-reader-text\">Aasgard<\/span> <span class=\"meta-nav\">&rarr;<\/span><\/a><\/p>\n","protected":false},"author":1,"featured_media":0,"parent":0,"menu_order":0,"comment_status":"closed","ping_status":"closed","template":"","meta":[],"_links":{"self":[{"href":"https:\/\/tveitosida.no\/index.php\/wp-json\/wp\/v2\/pages\/1376"}],"collection":[{"href":"https:\/\/tveitosida.no\/index.php\/wp-json\/wp\/v2\/pages"}],"about":[{"href":"https:\/\/tveitosida.no\/index.php\/wp-json\/wp\/v2\/types\/page"}],"author":[{"embeddable":true,"href":"https:\/\/tveitosida.no\/index.php\/wp-json\/wp\/v2\/users\/1"}],"replies":[{"embeddable":true,"href":"https:\/\/tveitosida.no\/index.php\/wp-json\/wp\/v2\/comments?post=1376"}],"version-history":[{"count":35,"href":"https:\/\/tveitosida.no\/index.php\/wp-json\/wp\/v2\/pages\/1376\/revisions"}],"predecessor-version":[{"id":3647,"href":"https:\/\/tveitosida.no\/index.php\/wp-json\/wp\/v2\/pages\/1376\/revisions\/3647"}],"wp:attachment":[{"href":"https:\/\/tveitosida.no\/index.php\/wp-json\/wp\/v2\/media?parent=1376"}],"curies":[{"name":"wp","href":"https:\/\/api.w.org\/{rel}","templated":true}]}}