{"id":1374,"date":"2020-10-26T19:01:43","date_gmt":"2020-10-26T19:01:43","guid":{"rendered":"http:\/\/10.40.0.11\/?page_id=1374"},"modified":"2022-06-28T19:25:11","modified_gmt":"2022-06-28T19:25:11","slug":"aarnes","status":"publish","type":"page","link":"https:\/\/tveitosida.no\/index.php\/aarnes\/","title":{"rendered":"Aarnes"},"content":{"rendered":"<p>Nelly og Jenny (mi bestemor).<br \/>\n<img loading=\"lazy\" src=\"http:\/\/tveitosida.no\/wp-content\/uploads\/gamle_folder\/aarnes\/Aarnes2.jpg\" width=\"300\" height=\"429\" border=\"0\"><\/p>\n<p>Jenny.<br \/>\n<img loading=\"lazy\" src=\"http:\/\/tveitosida.no\/wp-content\/uploads\/gamle_folder\/aarnes\/JennyBunadsv.jpg\" width=\"350\" height=\"570\" border=\"0\"><\/p>\n<p>Kiste ho hadde med seg fr\u00e5 heimen.<br \/>\n<img loading=\"lazy\" src=\"http:\/\/tveitosida.no\/wp-content\/uploads\/gamle_folder\/aarnes\/100_5450R.jpg\" width=\"600\" height=\"375\" border=\"0\"><\/p>\n<p>Symaskina hennar.<br \/>\n<img loading=\"lazy\" src=\"http:\/\/tveitosida.no\/wp-content\/uploads\/gamle_folder\/aarnes\/100_5418.jpg\" width=\"600\" height=\"450\" border=\"0\"><\/p>\n<p>Jenny sin rokk.<br \/>\n<img loading=\"lazy\" src=\"http:\/\/tveitosida.no\/wp-content\/uploads\/gamle_folder\/aarnes\/IMG_6736RokkJenn.jpg\" width=\"600\" height=\"478\" border=\"0\"><\/p>\n<p>Jenny&#8217;s foreldre, Matteus og Ninna.<br \/>\n<img loading=\"lazy\" src=\"http:\/\/tveitosida.no\/wp-content\/uploads\/gamle_folder\/aarnes\/LarsNinna2.jpg\" width=\"600\" height=\"415\" border=\"0\"><\/p>\n<p>Ninna Aarnes sine foreldre: Nilla Aarnes (enebarn) gift med Lars Aarnes (Nilsson \u00d8vrebotn).<br \/>\n<img loading=\"lazy\" src=\"http:\/\/tveitosida.no\/wp-content\/uploads\/gamle_folder\/aarnes\/NilleGjertsdatterAarnes.jpg\" width=\"350\" height=\"500\" border=\"0\"><\/p>\n<p><img loading=\"lazy\" src=\"http:\/\/tveitosida.no\/wp-content\/uploads\/gamle_folder\/aarnes\/LarsNilssonOvrebotten.jpg\" width=\"342\" height=\"500\" border=\"0\"><\/p>\n<p>Matteus Aarnes sine foreldre: Gjertrud Vallestad (Gjermundstad, Ellersdalen) og Markus Vallestad<br \/>\n<img loading=\"lazy\" src=\"http:\/\/tveitosida.no\/wp-content\/uploads\/gamle_folder\/aarnes\/MarkusIM_GjertrudSG_V.jpg\" width=\"600\" height=\"414\" border=\"0\"><\/p>\n<p>Familiebilde.<br \/>\n<img loading=\"lazy\" src=\"http:\/\/tveitosida.no\/wp-content\/uploads\/gamle_folder\/aarnes\/AarnesAllesv.jpg\" width=\"600\" height=\"427\" border=\"0\"><\/p>\n<p>Familiebilde f\u00f8r redigering: Nelly, Johannes, Olav, Jenny, Martin og Severina. Sitjande: Matteus og Ninna.<br \/>\n<img loading=\"lazy\" src=\"http:\/\/tveitosida.no\/wp-content\/uploads\/gamle_folder\/aarnes\/AarnesOrigin.jpg\" width=\"600\" height=\"377\" border=\"0\"><\/p>\n<p>Gjertrud, Jennys s\u00f8ster.<br \/>\n<img loading=\"lazy\" src=\"http:\/\/tveitosida.no\/wp-content\/uploads\/gamle_folder\/aarnes\/GjertrudAarnes.jpg\" width=\"350\" height=\"566\" border=\"0\"><\/p>\n<p>Familien: Jenny heilt til h\u00f8gre.<br \/>\n<img loading=\"lazy\" src=\"http:\/\/tveitosida.no\/wp-content\/uploads\/gamle_folder\/aarnes\/Aarnes.jpg\" width=\"600\" height=\"459\" border=\"0\"><\/p>\n<p>Jenny og B\u00e5rd i Balestrand, der ho og B\u00e5rd m\u00f8ttest.<br \/>\n<img loading=\"lazy\" src=\"http:\/\/tveitosida.no\/wp-content\/uploads\/gamle_folder\/aarnes\/Jenn_Ba2.jpg\" width=\"300\" height=\"398\" border=\"0\"><\/p>\n<p><img loading=\"lazy\" src=\"http:\/\/tveitosida.no\/wp-content\/uploads\/gamle_folder\/aarnes\/BardBalestrand_sv.jpg\" width=\"300\" height=\"398\" border=\"0\"><\/p>\n<p>Jenny i Balestrand.<br \/>\n<img loading=\"lazy\" src=\"http:\/\/tveitosida.no\/wp-content\/uploads\/gamle_folder\/aarnes\/JennyBale1933.jpg\" width=\"350\" height=\"500\" border=\"0\"><\/p>\n<p>Balestrand 1933, der Jenny og B\u00e5rd m\u00f8ttest f\u00f8rste gangen.<br \/>\n<img loading=\"lazy\" src=\"http:\/\/tveitosida.no\/wp-content\/uploads\/gamle_folder\/aarnes\/JennyBal1933.jpg\" width=\"600\" height=\"407\" border=\"0\"><\/p>\n<p>Balestrand<br \/>\n<img loading=\"lazy\" src=\"http:\/\/tveitosida.no\/wp-content\/uploads\/gamle_folder\/aarnes\/JennyBalestr1933.jpg\" width=\"600\" height=\"391\" border=\"0\"><\/p>\n<p>P\u00e5 s\u00e6tra i Ese i Balestrand. Jenny til venstre.<br \/>\n<img loading=\"lazy\" src=\"http:\/\/tveitosida.no\/wp-content\/uploads\/gamle_folder\/aarnes\/SetraBale1933f.jpg\" width=\"600\" height=\"350\" border=\"0\"><\/p>\n<p>Bilde Bales\u00e6teren<img loading=\"lazy\" src=\"https:\/\/tveitosida.no\/wp-content\/uploads\/2022\/06\/img_3778-scaled.jpg\" class=\"size-full wp-image-4363\" width=\"2560\" height=\"1649\" srcset=\"https:\/\/tveitosida.no\/wp-content\/uploads\/2022\/06\/img_3778-scaled.jpg 2560w, https:\/\/tveitosida.no\/wp-content\/uploads\/2022\/06\/img_3778-300x193.jpg 300w, https:\/\/tveitosida.no\/wp-content\/uploads\/2022\/06\/img_3778-1024x660.jpg 1024w, https:\/\/tveitosida.no\/wp-content\/uploads\/2022\/06\/img_3778-768x495.jpg 768w, https:\/\/tveitosida.no\/wp-content\/uploads\/2022\/06\/img_3778-1536x989.jpg 1536w, https:\/\/tveitosida.no\/wp-content\/uploads\/2022\/06\/img_3778-2048x1319.jpg 2048w\" sizes=\"(max-width: 2560px) 100vw, 2560px\" \/><\/p>\n<p>Jenny til h\u00f8gre.<br \/>\n<img loading=\"lazy\" src=\"http:\/\/tveitosida.no\/wp-content\/uploads\/gamle_folder\/aarnes\/JennyEseSatra.jpg\" width=\"600\" height=\"430\" border=\"0\"><\/p>\n<p>Bygningsarbeid i Esefjorden i 1933. Fr\u00e5 h\u00f8gre: Mons Hauge, Martin&nbsp; Hauge og B\u00e5rd Tvedt.<br \/>\n<img loading=\"lazy\" src=\"http:\/\/tveitosida.no\/wp-content\/uploads\/gamle_folder\/aarnes\/BygningsarBale1933f.jpg\" width=\"600\" height=\"406\" border=\"0\"><\/p>\n<p>Her er bestefaren min, B\u00e5rd Tvedt som sit, i Aarnes for \u00e5 fri.<br \/>\n<img loading=\"lazy\" src=\"http:\/\/tveitosida.no\/wp-content\/uploads\/gamle_folder\/aarnes\/Aarnes_fri.jpg\" width=\"486\" height=\"330\" border=\"0\"><\/p>\n<p>P\u00e5 s\u00e6tra: Jenny med dei tre eldste borna, Ninni, Birger og John. Mannen p\u00e5 bildet er nok ein slektning.<br \/>\n<img loading=\"lazy\" src=\"http:\/\/tveitosida.no\/wp-content\/uploads\/gamle_folder\/aarnes\/Satreb.jpg\" width=\"600\" height=\"346\" border=\"0\"><\/p>\n<p>Bilde fr\u00e5 sunnfjord. Ninna sit til h\u00f8gre. Bak: Solveig, Leif og Nora.<br \/>\n<img loading=\"lazy\" src=\"http:\/\/tveitosida.no\/wp-content\/uploads\/gamle_folder\/aarnes\/Ninnamm.jpg\" width=\"600\" height=\"507\" border=\"0\"><\/p>\n<p>Begravelsen til Ninna, mor til Jenny.<br \/>\n<img loading=\"lazy\" src=\"http:\/\/tveitosida.no\/wp-content\/uploads\/gamle_folder\/aarnes\/BegravelseNinna.jpg\" width=\"600\" height=\"416\" border=\"0\"><\/p>\n<p>Maleri av tunet Aarnes laga av K E Dahle i 1938.<br \/>\n<img loading=\"lazy\" src=\"http:\/\/tveitosida.no\/wp-content\/uploads\/gamle_folder\/aarnes\/IMG_3888R2_600.jpg\" width=\"600\" height=\"450\" border=\"0\"><\/p>\n<p>Etter bygging av ny l\u00f8e.<br \/>\n<img loading=\"lazy\" src=\"http:\/\/tveitosida.no\/wp-content\/uploads\/gamle_folder\/aarnes\/AarnesLo.jpg\" width=\"600\" height=\"471\" border=\"0\"><\/p>\n<p>Slekt p\u00e5 Vallestad. Bilde tekst: Bestemor p\u00e5 Vallestad?!? Johannes<br \/>\nVallestad m\/frue.<br \/>\n<img loading=\"lazy\" src=\"http:\/\/tveitosida.no\/wp-content\/uploads\/gamle_folder\/aarnes\/BestemorVallestad.jpg\" width=\"600\" height=\"395\" border=\"0\"><\/p>\n<p>Viksdalen mai 2009.<br \/>\n<img loading=\"lazy\" src=\"http:\/\/tveitosida.no\/wp-content\/uploads\/gamle_folder\/aarnes\/IMG_6751.jpg\" width=\"600\" height=\"450\" border=\"0\"><\/p>\n<p><img loading=\"lazy\" src=\"http:\/\/tveitosida.no\/wp-content\/uploads\/gamle_folder\/aarnes\/IMG_6756.jpg\" width=\"600\" height=\"450\" border=\"0\"><\/p>\n<p><img loading=\"lazy\" src=\"http:\/\/tveitosida.no\/wp-content\/uploads\/gamle_folder\/aarnes\/IMG_6737.jpg\" width=\"600\" height=\"450\" border=\"0\"><\/p>\n<p>Tidligere bilde: Jenny ved grava til foreldrene<br \/>\n<img loading=\"lazy\" src=\"http:\/\/tveitosida.no\/wp-content\/uploads\/gamle_folder\/aarnes\/JennyForelGr.jpg\" width=\"600\" height=\"401\" border=\"0\"><\/p>\n<p>Tuften<br \/>\n<img loading=\"lazy\" src=\"http:\/\/tveitosida.no\/wp-content\/uploads\/gamle_folder\/aarnes\/IMG_6761.jpg\" width=\"600\" height=\"450\" border=\"0\"><\/p>\n<p><img loading=\"lazy\" src=\"http:\/\/tveitosida.no\/wp-content\/uploads\/gamle_folder\/aarnes\/IMG_6772.jpg\" width=\"600\" height=\"450\" border=\"0\"><\/p>\n<p>Aarnes<br \/>\n<img loading=\"lazy\" src=\"http:\/\/tveitosida.no\/wp-content\/uploads\/gamle_folder\/aarnes\/IMG_6784.jpg\" width=\"600\" height=\"450\" border=\"0\"><\/p>\n<p><img loading=\"lazy\" src=\"http:\/\/tveitosida.no\/wp-content\/uploads\/gamle_folder\/aarnes\/IMG_6786.jpg\" width=\"600\" height=\"450\" border=\"0\"><\/p>\n<p><img loading=\"lazy\" src=\"http:\/\/tveitosida.no\/wp-content\/uploads\/gamle_folder\/aarnes\/IMG_6788.jpg\" width=\"600\" height=\"450\" border=\"0\"><\/p>\n<p><img loading=\"lazy\" src=\"http:\/\/tveitosida.no\/wp-content\/uploads\/gamle_folder\/aarnes\/IMG_6790.jpg\" width=\"600\" height=\"450\" border=\"0\"><\/p>\n<p><img loading=\"lazy\" src=\"http:\/\/tveitosida.no\/wp-content\/uploads\/gamle_folder\/aarnes\/IMG_6791.jpg\" width=\"600\" height=\"450\" border=\"0\"><\/p>\n<p><img loading=\"lazy\" src=\"http:\/\/tveitosida.no\/wp-content\/uploads\/gamle_folder\/aarnes\/IMG_6792.jpg\" width=\"600\" height=\"450\" border=\"0\"><\/p>\n<p><img loading=\"lazy\" src=\"http:\/\/tveitosida.no\/wp-content\/uploads\/gamle_folder\/aarnes\/IMG_6793.jpg\" width=\"600\" height=\"450\" border=\"0\"><\/p>\n<p><img loading=\"lazy\" src=\"http:\/\/tveitosida.no\/wp-content\/uploads\/gamle_folder\/aarnes\/IMG_6799.jpg\" width=\"600\" height=\"450\" border=\"0\"><\/p>\n<p><img loading=\"lazy\" src=\"http:\/\/tveitosida.no\/wp-content\/uploads\/gamle_folder\/aarnes\/IMG_6800.jpg\" width=\"600\" height=\"450\" border=\"0\"><\/p>\n<p><img loading=\"lazy\" src=\"http:\/\/tveitosida.no\/wp-content\/uploads\/gamle_folder\/aarnes\/IMG_6801.jpg\" width=\"600\" height=\"450\" border=\"0\"><\/p>\n<p><img loading=\"lazy\" src=\"http:\/\/tveitosida.no\/wp-content\/uploads\/gamle_folder\/aarnes\/IMG_6802.jpg\" width=\"600\" height=\"450\" border=\"0\"><\/p>\n<p><img loading=\"lazy\" src=\"http:\/\/tveitosida.no\/wp-content\/uploads\/gamle_folder\/aarnes\/IMG_6804.jpg\" width=\"600\" height=\"450\" border=\"0\"><\/p>\n","protected":false},"excerpt":{"rendered":"<p>Nelly og Jenny (mi bestemor). Jenny. Kiste ho hadde med seg fr\u00e5 heimen. Symaskina hennar. Jenny sin rokk. Jenny&#8217;s foreldre, Matteus og Ninna. Ninna Aarnes sine foreldre: Nilla Aarnes (enebarn) gift med Lars Aarnes (Nilsson \u00d8vrebotn). Matteus Aarnes sine foreldre: Gjertrud Vallestad (Gjermundstad, Ellersdalen) og Markus Vallestad Familiebilde. Familiebilde f\u00f8r redigering: Nelly, Johannes, Olav, Jenny, &hellip; <a href=\"https:\/\/tveitosida.no\/index.php\/aarnes\/\" class=\"more-link\">Continue reading <span class=\"screen-reader-text\">Aarnes<\/span> <span class=\"meta-nav\">&rarr;<\/span><\/a><\/p>\n","protected":false},"author":1,"featured_media":0,"parent":0,"menu_order":0,"comment_status":"closed","ping_status":"closed","template":"","meta":[],"_links":{"self":[{"href":"https:\/\/tveitosida.no\/index.php\/wp-json\/wp\/v2\/pages\/1374"}],"collection":[{"href":"https:\/\/tveitosida.no\/index.php\/wp-json\/wp\/v2\/pages"}],"about":[{"href":"https:\/\/tveitosida.no\/index.php\/wp-json\/wp\/v2\/types\/page"}],"author":[{"embeddable":true,"href":"https:\/\/tveitosida.no\/index.php\/wp-json\/wp\/v2\/users\/1"}],"replies":[{"embeddable":true,"href":"https:\/\/tveitosida.no\/index.php\/wp-json\/wp\/v2\/comments?post=1374"}],"version-history":[{"count":5,"href":"https:\/\/tveitosida.no\/index.php\/wp-json\/wp\/v2\/pages\/1374\/revisions"}],"predecessor-version":[{"id":4364,"href":"https:\/\/tveitosida.no\/index.php\/wp-json\/wp\/v2\/pages\/1374\/revisions\/4364"}],"wp:attachment":[{"href":"https:\/\/tveitosida.no\/index.php\/wp-json\/wp\/v2\/media?parent=1374"}],"curies":[{"name":"wp","href":"https:\/\/api.w.org\/{rel}","templated":true}]}}